{"id":6823,"date":"2024-07-17T13:56:32","date_gmt":"2024-07-17T05:56:32","guid":{"rendered":"https:\/\/zojopackaging.com\/?post_type=product&#038;p=6823"},"modified":"2025-03-24T00:27:48","modified_gmt":"2025-03-23T16:27:48","slug":"custom-printed-paper-gift-bags","status":"publish","type":"product","link":"https:\/\/zojopackaging.com\/de\/product\/custom-printed-paper-gift-bags\/","title":{"rendered":"Lieferant benutzerdefinierte Luxus-Parf\u00fcm Papier-Geschenk-Taschen Hersteller"},"content":{"rendered":"<h1 class=\"auto-hide-last-sibling-br paragraph-u1TS5p paragraph-element br-paragraph-space\">Individuell bedruckte Papiertragetaschen<\/h1>\n<div class=\"auto-hide-last-sibling-br paragraph-u1TS5p paragraph-element br-paragraph-space\">\n<div class=\"auto-hide-last-sibling-br paragraph-u1TS5p paragraph-element br-paragraph-space\">\n<p>Unsere individuell bedruckten Papiertaschen bieten eine ma\u00dfgeschneiderte Verpackungsl\u00f6sung, die Stil, Funktionalit\u00e4t und Markenwerbung miteinander verbindet.<\/p>\n<p>Ben\u00f6tigen Sie ein ma\u00dfgeschneidertes Verpackungsprodukt in einem einzigartigen Stil oder Format? Haben Sie einen Bedarf an gro\u00dfen Mengen? Wir haben eine ganze Abteilung, die sich der Suche und Entwicklung einzigartiger Produkte widmet, die Ihren anspruchsvollen Verpackungsanforderungen genau entsprechen.<\/p>\n<\/div>\n<h2 class=\"auto-hide-last-sibling-br paragraph-u1TS5p paragraph-element br-paragraph-space\">Bestellvorgang<\/h2>\n<div class=\"auto-hide-last-sibling-br paragraph-u1TS5p paragraph-element br-paragraph-space\">Unser erfahrenes Team f\u00fchrt Sie durch den einfachen und nahtlosen Bestellprozess. Wir beginnen damit, Ihre spezifischen Anforderungen und Designvorlieben zu verstehen. Sie k\u00f6nnen Ihr eigenes Design zur Verf\u00fcgung stellen oder mit unseren internen Designexperten zusammenarbeiten, um ein Konzept zu erstellen, das Ihren Vorstellungen entspricht. Sobald das Design genehmigt ist, sorgt unsere effiziente Produktionsst\u00e4tte f\u00fcr die rechtzeitige Auslieferung Ihrer Bestellung, wobei strenge Qualit\u00e4tskontrollen durchgef\u00fchrt werden, um die h\u00f6chsten Standards zu gew\u00e4hrleisten.<\/div>\n<h2 class=\"yikes-custom-woo-tab-title yikes-custom-woo-tab-title-specifications\">Spezifikationen<\/h2>\n<table class=\"table table-striped\">\n<tbody>\n<tr>\n<td>Box-Stil<\/td>\n<td>Umgekehrtes Falzende<\/td>\n<\/tr>\n<tr>\n<td>Wesentliche Merkmale<\/td>\n<td>Friktionsverschluss oben<\/td>\n<\/tr>\n<tr>\n<td>Dimension<\/td>\n<td>L + B &lt;= 20 Zoll; H &lt;= 26 Zoll<\/td>\n<\/tr>\n<tr>\n<td>Mengen<\/td>\n<td>500 &#8211; 500,000<\/td>\n<\/tr>\n<tr>\n<td>Papierbestand<\/td>\n<td>12pt bis 24pt wei\u00dfes Cardstock, 18pt bis 24pt SBS, 18pt bis 24pt Kraft Cardstock, Wellpappmaterial.<\/td>\n<\/tr>\n<tr>\n<td>Farben<\/td>\n<td>Wei\u00df\/Braun Kraft, CMYK, PMS, Sonderfarben (Metallic Silber, Metallic Gold),<\/td>\n<\/tr>\n<tr>\n<td>Fertigstellung<\/td>\n<td>Glanz AQ (Standard), Glanz UV, Matt UV<\/td>\n<\/tr>\n<tr>\n<td>Hochladen von Dateien<\/td>\n<td>Stanzkontur und Design in getrennten Ebenen<\/p>\n<p>PMS-Muster notiert, falls zutreffend<\/td>\n<\/tr>\n<tr>\n<td>Proof<\/td>\n<td>Digital Proof (druckfertige Datei) wird vom Kunden best\u00e4tigt.<\/td>\n<\/tr>\n<tr>\n<td>Turnaround<\/td>\n<td>7-14 Werktage f\u00fcr Druck und Versand, nach der endg\u00fcltigen Genehmigung (KOSTENLOSER Versand)<\/td>\n<\/tr>\n<tr>\n<td>Versand<\/td>\n<td>Flaches Paket<\/td>\n<\/tr>\n<\/tbody>\n<\/table>\n<\/div>","protected":false},"excerpt":{"rendered":"<p>Diese wei\u00dfe Parf\u00fcmverpackung aus Papier verwendet eine matte Folienkaschierung, um eine matte Textur zu erzeugen, und wird mit einem gleichfarbigen Seiden-\/Satinband verschlossen, das den exquisiten Ton des Duftprodukts mit einer minimalistischen \u00c4sthetik hervorhebt.<\/p>","protected":false},"featured_media":6824,"template":"","meta":[],"product_brand":[],"product_cat":[30,417,432,31],"product_tag":[514,285,515],"class_list":{"0":"post-6823","1":"product","2":"type-product","3":"status-publish","4":"has-post-thumbnail","6":"product_cat-by-industry","7":"product_cat-custom-perfume-boxes-by-industry","8":"product_cat-pape-gift-bags","9":"product_cat-paper-box-style","10":"product_tag-custom-perfume-paper-gift-bags","11":"product_tag-paper-gift-bags","12":"product_tag-paper-gift-bags-manufacturers","14":"first","15":"instock","16":"shipping-taxable","17":"product-type-simple"},"_links":{"self":[{"href":"https:\/\/zojopackaging.com\/de\/wp-json\/wp\/v2\/product\/6823","targetHints":{"allow":["GET"]}}],"collection":[{"href":"https:\/\/zojopackaging.com\/de\/wp-json\/wp\/v2\/product"}],"about":[{"href":"https:\/\/zojopackaging.com\/de\/wp-json\/wp\/v2\/types\/product"}],"version-history":[{"count":2,"href":"https:\/\/zojopackaging.com\/de\/wp-json\/wp\/v2\/product\/6823\/revisions"}],"predecessor-version":[{"id":8084,"href":"https:\/\/zojopackaging.com\/de\/wp-json\/wp\/v2\/product\/6823\/revisions\/8084"}],"wp:featuredmedia":[{"embeddable":true,"href":"https:\/\/zojopackaging.com\/de\/wp-json\/wp\/v2\/media\/6824"}],"wp:attachment":[{"href":"https:\/\/zojopackaging.com\/de\/wp-json\/wp\/v2\/media?parent=6823"}],"wp:term":[{"taxonomy":"product_brand","embeddable":true,"href":"https:\/\/zojopackaging.com\/de\/wp-json\/wp\/v2\/product_brand?post=6823"},{"taxonomy":"product_cat","embeddable":true,"href":"https:\/\/zojopackaging.com\/de\/wp-json\/wp\/v2\/product_cat?post=6823"},{"taxonomy":"product_tag","embeddable":true,"href":"https:\/\/zojopackaging.com\/de\/wp-json\/wp\/v2\/product_tag?post=6823"}],"curies":[{"name":"wp","href":"https:\/\/api.w.org\/{rel}","templated":true}]}}