{"id":6831,"date":"2024-07-17T14:18:58","date_gmt":"2024-07-17T06:18:58","guid":{"rendered":"https:\/\/zojopackaging.com\/?post_type=product&#038;p=6831"},"modified":"2025-03-24T00:14:27","modified_gmt":"2025-03-23T16:14:27","slug":"custom-paper-bags","status":"publish","type":"product","link":"https:\/\/zojopackaging.com\/de\/product\/custom-paper-bags\/","title":{"rendered":"Benutzerdefinierte Luxus-Geschenk-Bekleidung Kleidung Papier-Geschenk-Taschen Fabrik"},"content":{"rendered":"<h1 class=\"base Category_tile title\">Benutzerdefinierte Luxus-Geschenk-Bekleidung Kleidung Papier-Geschenk-Taschen Fabrik<\/h1>\n<div class=\"auto-hide-last-sibling-br paragraph-u1TS5p paragraph-element br-paragraph-space\">\n<div class=\"auto-hide-last-sibling-br paragraph-u1TS5p paragraph-element br-paragraph-space\">\n<p>Ganz gleich, ob Sie eine Werbeveranstaltung planen oder L\u00f6sungen f\u00fcr den t\u00e4glichen Gesch\u00e4ftsgebrauch ben\u00f6tigen, es gibt verschiedene M\u00f6glichkeiten, wie individuelle Papiert\u00fcten hilfreich sein k\u00f6nnen.<\/p>\n<h1>Warum individuelle Papiert\u00fcten kaufen?<\/h1>\n<p>Es gibt verschiedene M\u00f6glichkeiten, personalisierte Papiert\u00fcten zu verwenden, je nach den Anforderungen Ihres Unternehmens.<\/p>\n<ul>\n<li>Fachmessen und andere Verkaufs- oder Werbeveranstaltungen<\/li>\n<li>Wenn Sie Werbeartikel verschenken<\/li>\n<li>Gesch\u00e4ftliche Konferenzen und Seminare<\/li>\n<li>Direktes Abgeben von Gegenst\u00e4nden au\u00dferhalb des B\u00fcros<\/li>\n<\/ul>\n<p>Papiert\u00fcten sind Gegenst\u00e4nde, die Ihr Unternehmen auf verschiedene Weise nutzen kann, und sie eignen sich hervorragend zur Steigerung der Markenbekanntheit. Ihre Empf\u00e4nger werden sich Ihrer Marke gegen\u00fcber loyaler f\u00fchlen, da sie glauben, dass Sie sich besonders viel M\u00fche geben. Sprechen Sie Ihr Publikum richtig an, wenn Sie sich mit individuell gestalteten Papiert\u00fcten besonders viel M\u00fche geben.<\/p>\n<h1>Verschiedene Sorten verf\u00fcgbar<\/h1>\n<p>Auf der Suche nach der perfekten Papiert\u00fcte f\u00fcr Ihr Unternehmen haben Sie verschiedene M\u00f6glichkeiten. Einige Optionen, f\u00fcr die Sie sich entscheiden k\u00f6nnen, sind:<\/p>\n<ul>\n<li>Kraftpapier-Taschen: Diese T\u00fcten werden aus 100%-Recyclingpapier hergestellt und sind eine gute Alternative zu herk\u00f6mmlichen Papiert\u00fcten. Es gibt sie in einer Vielzahl von Farben und Gr\u00f6\u00dfen. Sie sind ideal f\u00fcr eine Vielzahl von Zwecken.<\/li>\n<li>Gl\u00e4nzende Papiert\u00fcten: Diese Papiert\u00fcten haben eine gl\u00e4nzende Oberfl\u00e4che. Sie k\u00f6nnen weiter recycelt werden, was f\u00fcr die Suche nach umweltfreundlichen Optionen ideal ist. Diese T\u00fcten sind auch widerstandsf\u00e4higer gegen normale Abnutzung als normale Papiert\u00fcten.<\/li>\n<li>Laminierte Euro-Beutel: Diese laminierten Varianten sind ideal, wenn Sie den traditionellen Papiert\u00fcten ein Luxuselement hinzuf\u00fcgen m\u00f6chten. Sie sind in verschiedenen Farben erh\u00e4ltlich und k\u00f6nnen genau das Image verk\u00f6rpern, das Ihr Unternehmen zeigen m\u00f6chte.<\/li>\n<\/ul>\n<h2>Weiter personalisieren<\/h2>\n<p>Das Tolle an diesen Papiert\u00fcten ist, dass Sie sie nach Ihren gesch\u00e4ftlichen Anforderungen gestalten k\u00f6nnen. Egal, ob Sie Ihr Markenlogo oder eine Nachricht auf die T\u00fcte drucken lassen m\u00f6chten, alles ist m\u00f6glich - je nachdem, welche Papiert\u00fcten-Variante Sie w\u00e4hlen, stehen Ihnen verschiedene Personalisierungsoptionen zur Verf\u00fcgung:<\/p>\n<ul>\n<li>Siebdruck<\/li>\n<li>Folienstempel<\/li>\n<\/ul>\n<h2>Bestellvorgang<\/h2>\n<p>Unser engagiertes Team wird w\u00e4hrend des gesamten Bestellvorgangs eng mit Ihnen zusammenarbeiten. Wir beginnen damit, Ihre Markenvision und Ihre Anforderungen zu verstehen, und unterbreiten Ihnen Designvorschl\u00e4ge und Mustervorlagen. Sobald das Design genehmigt ist, werden die Taschen in unserer effizienten Produktionsst\u00e4tte schnell hergestellt, und unsere zuverl\u00e4ssigen Versandpartner sorgen f\u00fcr eine schnelle Lieferung.<\/p>\n<h2>Lieferzeiten<\/h2>\n<p>Wir wissen, wie wichtig eine p\u00fcnktliche Lieferung ist, um Ihre gesch\u00e4ftlichen Anforderungen zu erf\u00fcllen. Je nach Bestellmenge und Komplexit\u00e4t der Kundenanpassung geben wir Ihnen eine gesch\u00e4tzte Vorlaufzeit an und halten Sie w\u00e4hrend des gesamten Produktions- und Versandprozesses auf dem Laufenden.<\/p>\n<p>Setzen Sie sich noch heute mit uns in Verbindung, um die perfekte Verpackung f\u00fcr Ihr Unternehmen zu entwerfen.<\/p>\n<\/div>\n<\/div>","protected":false},"excerpt":{"rendered":"<p>Diese hochwertige Papiert\u00fcte f\u00fcr Bekleidungsverpackungen verwendet die Hei\u00dfpr\u00e4getechnik, um das Markenlogo oder -muster zu pr\u00e4sentieren, und wird mit einem haltbaren, gedrehten Seilgriff kombiniert, der leichte Luxusdetails in das einfache Design einbezieht.<\/p>","protected":false},"featured_media":6832,"template":"","meta":[],"product_brand":[],"product_cat":[30,414,432,31],"product_tag":[511,512,513],"class_list":{"0":"post-6831","1":"product","2":"type-product","3":"status-publish","4":"has-post-thumbnail","6":"product_cat-by-industry","7":"product_cat-custom-apparel-boxes","8":"product_cat-pape-gift-bags","9":"product_cat-paper-box-style","10":"product_tag-apparel-paper-gift-bags","11":"product_tag-garment-paper-gift-bags","12":"product_tag-paper-gift-bags-factory","14":"first","15":"instock","16":"shipping-taxable","17":"product-type-simple"},"_links":{"self":[{"href":"https:\/\/zojopackaging.com\/de\/wp-json\/wp\/v2\/product\/6831","targetHints":{"allow":["GET"]}}],"collection":[{"href":"https:\/\/zojopackaging.com\/de\/wp-json\/wp\/v2\/product"}],"about":[{"href":"https:\/\/zojopackaging.com\/de\/wp-json\/wp\/v2\/types\/product"}],"version-history":[{"count":2,"href":"https:\/\/zojopackaging.com\/de\/wp-json\/wp\/v2\/product\/6831\/revisions"}],"predecessor-version":[{"id":8083,"href":"https:\/\/zojopackaging.com\/de\/wp-json\/wp\/v2\/product\/6831\/revisions\/8083"}],"wp:featuredmedia":[{"embeddable":true,"href":"https:\/\/zojopackaging.com\/de\/wp-json\/wp\/v2\/media\/6832"}],"wp:attachment":[{"href":"https:\/\/zojopackaging.com\/de\/wp-json\/wp\/v2\/media?parent=6831"}],"wp:term":[{"taxonomy":"product_brand","embeddable":true,"href":"https:\/\/zojopackaging.com\/de\/wp-json\/wp\/v2\/product_brand?post=6831"},{"taxonomy":"product_cat","embeddable":true,"href":"https:\/\/zojopackaging.com\/de\/wp-json\/wp\/v2\/product_cat?post=6831"},{"taxonomy":"product_tag","embeddable":true,"href":"https:\/\/zojopackaging.com\/de\/wp-json\/wp\/v2\/product_tag?post=6831"}],"curies":[{"name":"wp","href":"https:\/\/api.w.org\/{rel}","templated":true}]}}