{"id":6838,"date":"2024-07-17T14:36:28","date_gmt":"2024-07-17T06:36:28","guid":{"rendered":"https:\/\/zojopackaging.com\/?post_type=product&#038;p=6838"},"modified":"2025-03-24T00:00:20","modified_gmt":"2025-03-23T16:00:20","slug":"custom-luxury-paper-shopping-bags","status":"publish","type":"product","link":"https:\/\/zojopackaging.com\/de\/product\/custom-luxury-paper-shopping-bags\/","title":{"rendered":"Benutzerdefinierte Design umweltfreundliche Schmuck Papier Geschenk Taschen Gro\u00dfhandel"},"content":{"rendered":"<h1 class=\"base Category_tile title\">Individuelle Luxus-Einkaufstaschen aus Papier<\/h1>\n<h2 style=\"font-weight: 500;\"><strong>Attraktiver, pr\u00e4ziser und g\u00fcnstiger Massendruck<\/strong><\/h2>\n<p style=\"font-weight: 400;\">Wenn es um das Bedrucken unserer hochwertigen Einkaufstaschen geht, nutzt My Box Packaging modernste Offset-, Sieb- und Digitaldrucktechniken, um attraktive und genaue Farbdesigns einschlie\u00dflich Markennamen und Logos mit eing\u00e4ngigem, einzigartigem Designdruck zu liefern. Wir verwenden auch qualitativ hochwertige und langlebige Farben, die einen hohen Kontrast und scharfe, detaillierte Druckdesigns bieten und die Effizienz unserer Gesch\u00e4ftskan\u00e4le bieten billigste Bulk-Shopping-Taschen Druck in der Branche. Unsere qualifizierte Druckexperten bieten auch kostenlose Design-Hilfe, und wenn best\u00e4tigt, bieten wir auch kostenlose Vorlagen, um sicherzustellen, dass Sie genau die gedruckten Designs erhalten Sie f\u00fcr Ihre Einkaufstaschen Produkte wollen.<\/p>\n<h3 style=\"font-weight: 500;\"><strong>Hochwertige Anpassungen und luxuri\u00f6se Oberfl\u00e4chenbeschichtungsoptionen<\/strong><\/h3>\n<p style=\"font-weight: 400;\">Wenn es darum geht, Ihren Einzelhandelskunden das ultimative, luxuri\u00f6se Einkaufserlebnis zu bieten, dann wollen Sie auch, dass alles entsprechend aussieht und sich auch so anf\u00fchlt. Der luxuri\u00f6se Einkaufstaschen-Druckservice von My Box Packaging bietet Ihnen genau das. Lassen Sie Ihre Einkaufstaschen mit einer Folienpr\u00e4gung in jeder gew\u00fcnschten gl\u00e4nzenden Farbe, einem erhabenen Druck, der den Unterschied ausmacht, einer Pr\u00e4gung oder einem Pr\u00e4gedruck f\u00fcr den gew\u00fcnschten einzigartigen Look und einem mehrfarbigen, pr\u00e4zisen Logo-, Markennamen- oder Designdruck versehen, um Ihre Einzelhandelsprodukte so effizient wie m\u00f6glich zu erg\u00e4nzen. Dar\u00fcber hinaus bieten wir viele verschiedene Oberfl\u00e4chenbeschichtungen an, darunter gl\u00e4nzende, matte, Spot-UV- oder Soft-Touch-Optionen. Bieten Sie Ihren Kunden genau die Erg\u00e4nzungen, die sie brauchen, um ein positives Bild Ihrer Marke und Ihrer Produkte zu entwickeln und Ihren Umsatz langfristig zu steigern.<\/p>\n<h2>Bestellvorgang<\/h2>\n<p>Unser Expertenteam f\u00fchrt Sie durch den nahtlosen Bestellprozess. Wir beginnen damit, Ihre Markenanforderungen und Designvorlieben zu verstehen. Anschlie\u00dfend stellen wir Ihnen detaillierte Modelle und Muster zur Verf\u00fcgung, bevor wir mit der Produktion beginnen.<\/p>\n<h2 class=\"yikes-custom-woo-tab-title yikes-custom-woo-tab-title-specifications\">Spezifikationen<\/h2>\n<table class=\"table table-striped\">\n<tbody>\n<tr>\n<td>Box-Stil<\/td>\n<td>Umgekehrtes Falzende<\/td>\n<\/tr>\n<tr>\n<td>Wesentliche Merkmale<\/td>\n<td>Friktionsverschluss oben<\/td>\n<\/tr>\n<tr>\n<td>Dimension<\/td>\n<td>L + B &lt;= 20 Zoll; H &lt;= 26 Zoll<\/td>\n<\/tr>\n<tr>\n<td>Mengen<\/td>\n<td>500 &#8211; 500,000<\/td>\n<\/tr>\n<tr>\n<td>Papierbestand<\/td>\n<td>12pt bis 24pt wei\u00dfes Cardstock, 18pt bis 24pt SBS, 18pt bis 24pt Kraft Cardstock, Wellpappmaterial.<\/td>\n<\/tr>\n<tr>\n<td>Farben<\/td>\n<td>Wei\u00df\/Braun Kraft, CMYK, PMS, Sonderfarben (Metallic Silber, Metallic Gold),<\/td>\n<\/tr>\n<tr>\n<td>Fertigstellung<\/td>\n<td>Glanz AQ (Standard), Glanz UV, Matt UV<\/td>\n<\/tr>\n<tr>\n<td>Hochladen von Dateien<\/td>\n<td>Stanzkontur und Design in getrennten Ebenen<\/p>\n<p>PMS-Muster notiert, falls zutreffend<\/td>\n<\/tr>\n<tr>\n<td>Proof<\/td>\n<td>Digital Proof (druckfertige Datei) wird vom Kunden best\u00e4tigt.<\/td>\n<\/tr>\n<tr>\n<td>Turnaround<\/td>\n<td>7-14 Werktage f\u00fcr Druck und Versand, nach der endg\u00fcltigen Genehmigung (KOSTENLOSER Versand)<\/td>\n<\/tr>\n<tr>\n<td>Versand<\/td>\n<td>Flaches Paket<\/td>\n<\/tr>\n<\/tbody>\n<\/table>\n<div class=\"auto-hide-last-sibling-br paragraph-u1TS5p paragraph-element br-paragraph-space\">\n<div class=\"auto-hide-last-sibling-br paragraph-u1TS5p paragraph-element br-paragraph-space\">\n<p>&nbsp;<\/p>\n<\/div>\n<\/div>","protected":false},"excerpt":{"rendered":"<p>Diese Schmuckpapier-Geschenktaschen verwenden hochwertige Papiertaschen mit exquisitem Banddesign, kombiniert mit handwerklichem Relief, um dreidimensionale Muster zu schaffen, die die leichte, luxuri\u00f6se Textur hervorheben. Es unterst\u00fctzt unbegrenzte Anpassungsdienste und kann die Gr\u00f6\u00dfe, das Reliefmuster, die Farbe des Bandes und die Verpackungsstruktur flexibel anpassen und passt sich perfekt an verschiedene Schmuckprodukte wie Ringe und Halsketten an.<\/p>","protected":false},"featured_media":6840,"template":"","meta":[],"product_brand":[],"product_cat":[30,415,432,31],"product_tag":[509,508,510],"class_list":{"0":"post-6838","1":"product","2":"type-product","3":"status-publish","4":"has-post-thumbnail","6":"product_cat-by-industry","7":"product_cat-custom-jewelry-boxes-by-industry","8":"product_cat-pape-gift-bags","9":"product_cat-paper-box-style","10":"product_tag-custom-paper-gift-bags","11":"product_tag-jewelry-paper-gift-bags","12":"product_tag-paper-gift-bags-wholesale","14":"first","15":"instock","16":"shipping-taxable","17":"product-type-simple"},"_links":{"self":[{"href":"https:\/\/zojopackaging.com\/de\/wp-json\/wp\/v2\/product\/6838","targetHints":{"allow":["GET"]}}],"collection":[{"href":"https:\/\/zojopackaging.com\/de\/wp-json\/wp\/v2\/product"}],"about":[{"href":"https:\/\/zojopackaging.com\/de\/wp-json\/wp\/v2\/types\/product"}],"version-history":[{"count":2,"href":"https:\/\/zojopackaging.com\/de\/wp-json\/wp\/v2\/product\/6838\/revisions"}],"predecessor-version":[{"id":8081,"href":"https:\/\/zojopackaging.com\/de\/wp-json\/wp\/v2\/product\/6838\/revisions\/8081"}],"wp:featuredmedia":[{"embeddable":true,"href":"https:\/\/zojopackaging.com\/de\/wp-json\/wp\/v2\/media\/6840"}],"wp:attachment":[{"href":"https:\/\/zojopackaging.com\/de\/wp-json\/wp\/v2\/media?parent=6838"}],"wp:term":[{"taxonomy":"product_brand","embeddable":true,"href":"https:\/\/zojopackaging.com\/de\/wp-json\/wp\/v2\/product_brand?post=6838"},{"taxonomy":"product_cat","embeddable":true,"href":"https:\/\/zojopackaging.com\/de\/wp-json\/wp\/v2\/product_cat?post=6838"},{"taxonomy":"product_tag","embeddable":true,"href":"https:\/\/zojopackaging.com\/de\/wp-json\/wp\/v2\/product_tag?post=6838"}],"curies":[{"name":"wp","href":"https:\/\/api.w.org\/{rel}","templated":true}]}}