{"id":6845,"date":"2024-07-17T14:51:40","date_gmt":"2024-07-17T06:51:40","guid":{"rendered":"https:\/\/zojopackaging.com\/?post_type=product&#038;p=6845"},"modified":"2025-03-23T23:44:03","modified_gmt":"2025-03-23T15:44:03","slug":"wholesale-customized-paper-bag","status":"publish","type":"product","link":"https:\/\/zojopackaging.com\/de\/product\/wholesale-customized-paper-bag\/","title":{"rendered":"Werbeartikel hohe Qualit\u00e4t Papier Kosmetik Geschenk-Taschen Gro\u00dfhandel"},"content":{"rendered":"<h1>Werbeartikel hohe Qualit\u00e4t Papier Kosmetik Geschenk-Taschen Gro\u00dfhandel<\/h1>\n<p>Unsere hochwertigen Kosmetik-Geschenktaschen aus Papier sind die ideale Wahl f\u00fcr Unternehmen, die hochwertige, kosteng\u00fcnstige und personalisierte Verpackungsl\u00f6sungen in gro\u00dfen Mengen suchen.<\/p>\n<p>Sie werden aus hochwertigem Papier hergestellt und sind stark genug, um eine Vielzahl von Gegenst\u00e4nden zu halten und dabei ihre Form und Integrit\u00e4t zu bewahren.<\/p>\n<p>Sie k\u00f6nnen aus einer breiten Palette von Gr\u00f6\u00dfen, Formen und Stilen w\u00e4hlen, um eine perfekte Passform f\u00fcr Ihre Produkte zu gew\u00e4hrleisten.<\/p>\n<h2>Bestellvorgang<\/h2>\n<p>Wir kennen die besonderen Anforderungen von Unternehmen und bem\u00fchen uns, den Prozess reibungslos und effizient zu gestalten. Teilen Sie uns Ihre individuellen W\u00fcnsche, Mengenanforderungen und den gew\u00fcnschten Liefertermin mit, und wir k\u00fcmmern uns um den Rest.<\/p>\n<h2>Lieferfrist<\/h2>\n<p>Wir haben zuverl\u00e4ssige Logistikpartnerschaften aufgebaut, um eine prompte und sichere Lieferung Ihrer ma\u00dfgeschneiderten Papiert\u00fcten f\u00fcr den Gro\u00dfhandel zu gew\u00e4hrleisten. Abh\u00e4ngig von der Gr\u00f6\u00dfe Ihrer Bestellung und der Komplexit\u00e4t der Produktion geben wir Ihnen eine genaue Vorlaufzeit an und halten Sie \u00fcber den Fortschritt Ihrer Lieferung auf dem Laufenden.<\/p>\n<table width=\"1153\">\n<tbody>\n<tr>\n<td width=\"373\">Abmessungen<\/td>\n<td width=\"373\">Alle kundenspezifischen Gr\u00f6\u00dfen und Formen<\/td>\n<\/tr>\n<tr>\n<td width=\"373\">Drucken<\/td>\n<td width=\"373\">CMYK, PMS, Kein Druck<\/td>\n<\/tr>\n<tr>\n<td width=\"373\">Papierbestand<\/td>\n<td width=\"373\">10pt bis 28pt (60lb bis 400lb) Umweltfreundliches Kraftpapier, E-Welle Wellpappe, Buxkarton, Karton<\/td>\n<\/tr>\n<tr>\n<td width=\"373\">Mengen<\/td>\n<td width=\"373\">500- 500,000<\/td>\n<\/tr>\n<tr>\n<td width=\"373\">Beschichtung<\/td>\n<td width=\"373\">Gl\u00e4nzend, Matt, Spot UV<\/td>\n<\/tr>\n<tr>\n<td width=\"373\">Standard-Prozess<\/td>\n<td width=\"373\">Stanzen, Kleben, Ritzen, Perforieren<\/td>\n<\/tr>\n<tr>\n<td width=\"373\">Optionen<\/td>\n<td width=\"373\">Individueller Fensterausschnitt, Gold-\/Silberfolierung, Pr\u00e4gung, erhabene Tinte, PVC-Blatt.<\/td>\n<\/tr>\n<tr>\n<td width=\"373\">Proof<\/td>\n<td width=\"373\">Flachansicht, 3D Mock-up, Physische Bemusterung (auf Anfrage)<\/td>\n<\/tr>\n<tr>\n<td width=\"373\">Umschlagzeit<\/td>\n<td width=\"373\">7-14 Arbeitstage, Eilauftrag<\/td>\n<\/tr>\n<tr>\n<td width=\"373\">MOQ<\/td>\n<td width=\"373\">500<\/td>\n<\/tr>\n<tr>\n<td width=\"373\">Probezeit<\/td>\n<td width=\"373\">3-5 Tage<\/td>\n<\/tr>\n<tr>\n<td width=\"373\">Zahlungsfrist<\/td>\n<td width=\"373\">T\/T, Western Union, Paypal, 30% Anzahlung und 70% Restbetrag vor Versand.<\/td>\n<\/tr>\n<\/tbody>\n<\/table>\n<p>Entscheiden Sie sich f\u00fcr unsere individuell gestalteten Papiert\u00fcten f\u00fcr den Gro\u00dfhandel, um ein Zeichen auf dem Markt zu setzen und Ihren Verpackungsbedarf zu rationalisieren. Kontaktieren Sie uns noch heute, um eine erfolgreiche Partnerschaft zu beginnen.<\/p>\n<div class=\"auto-hide-last-sibling-br paragraph-u1TS5p paragraph-element br-paragraph-space\">\n<div class=\"auto-hide-last-sibling-br paragraph-u1TS5p paragraph-element br-paragraph-space\">\n<p>&nbsp;<\/p>\n<\/div>\n<\/div>","protected":false},"excerpt":{"rendered":"<p>Luxus-Papier-Geschenk-Taschen Einkaufstaschen Gro\u00dfhandel mit Seilgriff und Gold hei\u00dfe Folie Pr\u00e4gung Logo<\/p>","protected":false},"featured_media":6858,"template":"","meta":[],"product_brand":[],"product_cat":[30,390,432,31],"product_tag":[505,506,507],"class_list":{"0":"post-6845","1":"product","2":"type-product","3":"status-publish","4":"has-post-thumbnail","6":"product_cat-by-industry","7":"product_cat-custom-cosmetics-boxes","8":"product_cat-pape-gift-bags","9":"product_cat-paper-box-style","10":"product_tag-cosmetics-gift-bags-wholesale","11":"product_tag-high-quality-gift-bags","12":"product_tag-promotional-gift-bags","14":"first","15":"instock","16":"shipping-taxable","17":"product-type-simple"},"_links":{"self":[{"href":"https:\/\/zojopackaging.com\/de\/wp-json\/wp\/v2\/product\/6845","targetHints":{"allow":["GET"]}}],"collection":[{"href":"https:\/\/zojopackaging.com\/de\/wp-json\/wp\/v2\/product"}],"about":[{"href":"https:\/\/zojopackaging.com\/de\/wp-json\/wp\/v2\/types\/product"}],"version-history":[{"count":2,"href":"https:\/\/zojopackaging.com\/de\/wp-json\/wp\/v2\/product\/6845\/revisions"}],"predecessor-version":[{"id":8080,"href":"https:\/\/zojopackaging.com\/de\/wp-json\/wp\/v2\/product\/6845\/revisions\/8080"}],"wp:featuredmedia":[{"embeddable":true,"href":"https:\/\/zojopackaging.com\/de\/wp-json\/wp\/v2\/media\/6858"}],"wp:attachment":[{"href":"https:\/\/zojopackaging.com\/de\/wp-json\/wp\/v2\/media?parent=6845"}],"wp:term":[{"taxonomy":"product_brand","embeddable":true,"href":"https:\/\/zojopackaging.com\/de\/wp-json\/wp\/v2\/product_brand?post=6845"},{"taxonomy":"product_cat","embeddable":true,"href":"https:\/\/zojopackaging.com\/de\/wp-json\/wp\/v2\/product_cat?post=6845"},{"taxonomy":"product_tag","embeddable":true,"href":"https:\/\/zojopackaging.com\/de\/wp-json\/wp\/v2\/product_tag?post=6845"}],"curies":[{"name":"wp","href":"https:\/\/api.w.org\/{rel}","templated":true}]}}