{"id":6908,"date":"2024-07-19T10:13:11","date_gmt":"2024-07-19T02:13:11","guid":{"rendered":"https:\/\/zojopackaging.com\/?post_type=product&#038;p=6908"},"modified":"2025-03-23T23:27:25","modified_gmt":"2025-03-23T15:27:25","slug":"custom-cardboard-gift-perfume-box","status":"publish","type":"product","link":"https:\/\/zojopackaging.com\/de\/product\/custom-cardboard-gift-perfume-box\/","title":{"rendered":"Benutzerdefinierte bedruckte Parf\u00fcm Duft Verpackung Boxen Gro\u00dfhandel"},"content":{"rendered":"<h1>Benutzerdefinierte bedruckte Parf\u00fcm Duft Verpackung Boxen Gro\u00dfhandel<\/h1>\n<p>Alle Arten von Gr\u00f6\u00dfen und Formen f\u00fcr Ihre kreativen Ideen und spezifischen Parf\u00fcmprodukte. Verwenden Sie Parf\u00fcmschachteln aus Karton, um Ihre Markenidentit\u00e4t zu st\u00e4rken.<\/p>\n<h1>Starre Kartonagen Hersteller in China<\/h1>\n<p>Mit mehr als 13 Jahren Erfahrung in der Herstellung von Kartonagen hat Hongyi viele entscheidende Meilensteine erlebt, die uns als Unternehmen definiert haben. Heute sind wir einer der f\u00fchrenden Hersteller und Lieferanten von Parf\u00fcmkartons, starren Kartons, Geschenkkartons und Kosmetikboxen.<\/p>\n<p>Wir \u00fcbernehmen das Design, den Druck und die Produktion von Gro\u00dfhandelskartons mit einer Mindestbestellmenge von 3.000 St\u00fcck. Unsere qualifizierten Handwerker arbeiten seit jeher eng mit den Kunden zusammen und stellen sicher, dass wir nur hochwertige und ma\u00dfgeschneiderte Luxusparf\u00fcmschachteln herstellen.<\/p>\n<h1>Warum sollten Sie Kartonagen f\u00fcr Ihre Marke anpassen?<\/h1>\n<p>Warum ist es so wichtig, einen ma\u00dfgeschneiderten, festen Karton f\u00fcr Ihre Marke zu haben? Hier sind die Gr\u00fcnde daf\u00fcr:<\/p>\n<p><strong>Sie sch\u00fctzt Ihr Produkt wirklich.<\/strong><br \/>\nDa es keine Einheitsgr\u00f6\u00dfe gibt, ist es wichtig, den Wert einer individuell gestalteten Schachtel zu kennen. Die ideale Schachtelgr\u00f6\u00dfe f\u00fcr Ihr Produkt ist Ihre erste Verteidigungslinie, um Ihre Produkte, wie Parf\u00fcm und Kosmetika, zu sch\u00fctzen.<\/p>\n<p><strong>Das wird neue Kunden anlocken.<\/strong><br \/>\nEin ma\u00dfgefertigter Karton kann neue Kunden anlocken, denn sie werden das Design und die Struktur als einzigartig empfinden, als ob er nur f\u00fcr Ihre Marke hergestellt worden w\u00e4re.<\/p>\n<p><strong>Es kann das Image Ihrer Marke st\u00e4rken.<\/strong><br \/>\nKunden finden individuell bedruckte Kartons trendy, und sie k\u00f6nnen Ihre Marke zu einem unverwechselbaren Nutzen machen. Denken Sie daran, dass die Verbraucher dieser Art von visuellem Erscheinungsbild vertrauen und sich darauf verlassen, dass es einen bleibenden Eindruck von der Marke hinterl\u00e4sst.<\/p>\n<h1>Spezifikationen<\/h1>\n<table style=\"border-collapse: collapse; width: 759.02pt;\" border=\"0\" width=\"1012\" cellspacing=\"0\" cellpadding=\"0\">\n<tbody>\n<tr style=\"height: 16.50pt;\">\n<td class=\"et3\" style=\"height: 16.50pt; width: 379.50pt;\" width=\"506\" height=\"22\">Abmessungen<\/td>\n<td class=\"et3\" style=\"width: 379.50pt;\" width=\"506\">Alle kundenspezifischen Gr\u00f6\u00dfen und Formen<\/td>\n<\/tr>\n<tr style=\"height: 16.50pt;\">\n<td class=\"et3\" style=\"height: 16.50pt;\" height=\"22\">Min.Menge<\/td>\n<td class=\"et3\">500 St\u00fcck<\/td>\n<\/tr>\n<tr style=\"height: 16.50pt;\">\n<td class=\"et3\" style=\"height: 16.50pt;\" height=\"22\">Drucken<\/td>\n<td class=\"et3\">Cmyk, pms, kein Druck<\/td>\n<\/tr>\n<tr style=\"height: 16.50pt;\">\n<td class=\"et3\" style=\"height: 16.50pt;\" height=\"22\">Option Material<\/td>\n<td class=\"et3\">Wei\u00dfes Kartonpapier, gestrichenes Papier, Kunstdruckpapier, Kraftpapier, Elfenbeinkarton, Duplexkarton, Spezialpapier, usw.<\/td>\n<\/tr>\n<tr style=\"height: 17.25pt;\">\n<td class=\"et3\" style=\"height: 17.25pt;\" height=\"23\">Oberfl\u00e4chenveredelung<\/td>\n<td class=\"et4\" style=\"width: 379.50pt;\" width=\"506\">Matt\/Glanz-Laminierung, Spot-UV-Pr\u00e4gung, Pr\u00e4gung, Folienpr\u00e4gung usw.<\/td>\n<\/tr>\n<tr style=\"height: 17.25pt;\">\n<td class=\"et4\" style=\"height: 17.25pt; width: 379.50pt;\" width=\"506\" height=\"23\">Industrie Verwendung<\/td>\n<td class=\"et4\" style=\"width: 379.50pt;\" width=\"506\">Kosmetika, Parf\u00fcm, Bekleidung, Schmuck, Tabak, Lebensmittel, Geschenkartikel und Waren des t\u00e4glichen Bedarfs,<\/td>\n<\/tr>\n<tr style=\"height: 34.50pt;\">\n<td class=\"et4\" style=\"height: 34.50pt; width: 379.50pt;\" width=\"506\" height=\"46\">Qualit\u00e4tskontrolle<\/td>\n<td class=\"et4\" style=\"width: 379.50pt;\" width=\"506\">Fortschrittliche Ausr\u00fcstung und ein erfahrenes QC-Team \u00fcberpr\u00fcfen Material, Halbfertig- und Fertigprodukte streng in jedem Schritt, bevor<\/td>\n<\/tr>\n<tr style=\"height: 34.50pt;\">\n<td class=\"et4\" style=\"height: 34.50pt; width: 379.50pt;\" width=\"506\" height=\"46\">Preis<\/td>\n<td class=\"et4\" style=\"width: 379.50pt;\" width=\"506\">Der Endpreis wird auf Ihr Produkt und die von Ihnen ben\u00f6tigte Menge zugeschnitten<\/td>\n<\/tr>\n<tr style=\"height: 16.50pt;\">\n<td class=\"et3\" style=\"height: 16.50pt;\" height=\"22\">Bearbeitungszeit<\/td>\n<td class=\"et3\">7-14 Werktage, Eile<\/td>\n<\/tr>\n<tr style=\"height: 16.50pt;\">\n<td class=\"et3\" style=\"height: 16.50pt;\" height=\"22\">Papierbestand<\/td>\n<td class=\"et3\">10pt bis 28pt (60lb bis 400lb) umweltfreundliches Kraftpapier, E-Welle, Buxkarton, Cardstock<\/td>\n<\/tr>\n<tr style=\"height: 16.50pt;\">\n<td class=\"et3\" style=\"height: 16.50pt;\" height=\"22\">Proof<\/td>\n<td class=\"et3\">Flache Ansicht, 3d-Mock-up, physische Bemusterung (auf Anfrage)<\/td>\n<\/tr>\n<\/tbody>\n<\/table>\n<div class=\"widget block block-static-block\">\n<div class=\"landing-page-section option-bottom\">\n<div class=\"custom-materials-tabs-content container container-adjustment\">\n<div class=\"custom-materials-tab-content active\">\n<div class=\"widget block block-static-block\">\n<div class=\"options-items\">\n<div class=\"flex-grid-row-option\">\n<div class=\"flex-grid-item-option\">\n<div class=\"material-box\">\n<div class=\"material-des\">\n<p>&nbsp;<\/p>\n<\/div>\n<p>&nbsp;<\/p>\n<\/div>\n<\/div>\n<\/div>\n<\/div>\n<p><!---end of option item--><\/p>\n<\/div>\n<\/div>\n<\/div>\n<\/div>\n<\/div>","protected":false},"excerpt":{"rendered":"<p>Wir k\u00f6nnen die meisten Premium-und qualitativ hochwertige Boxen f\u00fcr Parf\u00fcm Duft Verpackung Boxen aus China Gro\u00dfhandel. wir k\u00f6nnen endlose benutzerdefinierte bedruckte Verpackung Boxen und kostenlose Probe.<\/p>","protected":false},"featured_media":6915,"template":"","meta":[],"product_brand":[],"product_cat":[30,417,425,31],"product_tag":[498,503,504],"class_list":{"0":"post-6908","1":"product","2":"type-product","3":"status-publish","4":"has-post-thumbnail","6":"product_cat-by-industry","7":"product_cat-custom-perfume-boxes-by-industry","8":"product_cat-lid-and-base-gift-box","9":"product_cat-paper-box-style","10":"product_tag-custom-perfume-packaging","11":"product_tag-fragrance-packaging-boxes","12":"product_tag-perfume-fragrance-packaging-wholesale","14":"first","15":"instock","16":"shipping-taxable","17":"product-type-grouped"},"_links":{"self":[{"href":"https:\/\/zojopackaging.com\/de\/wp-json\/wp\/v2\/product\/6908","targetHints":{"allow":["GET"]}}],"collection":[{"href":"https:\/\/zojopackaging.com\/de\/wp-json\/wp\/v2\/product"}],"about":[{"href":"https:\/\/zojopackaging.com\/de\/wp-json\/wp\/v2\/types\/product"}],"version-history":[{"count":2,"href":"https:\/\/zojopackaging.com\/de\/wp-json\/wp\/v2\/product\/6908\/revisions"}],"predecessor-version":[{"id":8078,"href":"https:\/\/zojopackaging.com\/de\/wp-json\/wp\/v2\/product\/6908\/revisions\/8078"}],"wp:featuredmedia":[{"embeddable":true,"href":"https:\/\/zojopackaging.com\/de\/wp-json\/wp\/v2\/media\/6915"}],"wp:attachment":[{"href":"https:\/\/zojopackaging.com\/de\/wp-json\/wp\/v2\/media?parent=6908"}],"wp:term":[{"taxonomy":"product_brand","embeddable":true,"href":"https:\/\/zojopackaging.com\/de\/wp-json\/wp\/v2\/product_brand?post=6908"},{"taxonomy":"product_cat","embeddable":true,"href":"https:\/\/zojopackaging.com\/de\/wp-json\/wp\/v2\/product_cat?post=6908"},{"taxonomy":"product_tag","embeddable":true,"href":"https:\/\/zojopackaging.com\/de\/wp-json\/wp\/v2\/product_tag?post=6908"}],"curies":[{"name":"wp","href":"https:\/\/api.w.org\/{rel}","templated":true}]}}