{"id":7184,"date":"2024-08-07T10:51:09","date_gmt":"2024-08-07T02:51:09","guid":{"rendered":"https:\/\/zojopackaging.com\/?post_type=product&#038;p=7184"},"modified":"2025-03-23T18:35:48","modified_gmt":"2025-03-23T10:35:48","slug":"custom-pizza-boxes","status":"publish","type":"product","link":"https:\/\/zojopackaging.com\/de\/product\/custom-pizza-boxes\/","title":{"rendered":"Top Qualit\u00e4t individuell bedruckte Pizza Box Gro\u00dfhandel liefert"},"content":{"rendered":"<h1>Top Qualit\u00e4t individuell bedruckte Pizza Box Gro\u00dfhandel liefert<\/h1>\n<p>Wir sind ein kundenspezifischer Hersteller mit jahrelanger Erfahrung und einer Verpflichtung zu Qualit\u00e4t. Unsere hochmodernen Anlagen und fortschrittlichen Herstellungsverfahren gew\u00e4hrleisten, dass jeder von uns produzierte Pizzakarton den h\u00f6chsten Standards entspricht.<\/p>\n<p>Unser Team von Fachleuten arbeitet w\u00e4hrend des gesamten Prozesses eng mit Ihnen zusammen. Vom ersten Designkonzept bis zur endg\u00fcltigen Produktion achten wir auf jedes Detail, um sicherzustellen, dass die Pizzakartons nicht nur Ihre Pizzen sch\u00fctzen, sondern auch Ihr Markenimage verbessern.<\/p>\n<p>Wir bieten eine breite Palette von Materialien und Druckoptionen, um Pizzakartons zu gestalten, die sowohl funktional als auch optisch ansprechend sind. Sie k\u00f6nnen aus umweltfreundlichen Materialien w\u00e4hlen, um Ihr Engagement f\u00fcr die Umwelt zu zeigen, oder spezielle Beschichtungen f\u00fcr zus\u00e4tzliche Haltbarkeit w\u00e4hlen.<\/p>\n<p>Mit unserer effizienten Lieferkette und unserem zuverl\u00e4ssigen Lieferservice k\u00f6nnen Sie sich darauf verlassen, dass Ihr Gesch\u00e4ft reibungslos l\u00e4uft.<\/p>\n<h1><strong>Spezifikation<\/strong><\/h1>\n<div class=\"widget block block-static-block\">\n<div class=\"landing-page-section option-bottom\">\n<div class=\"custom-materials-tabs-content container container-adjustment\">\n<div class=\"custom-materials-tab-content active\">\n<div class=\"widget block block-static-block\">\n<div class=\"options-items\">\n<div class=\"flex-grid-row-option\">\n<div class=\"flex-grid-item-option\">\n<div class=\"material-box\">\n<div class=\"material-des\">\n<table width=\"1070\">\n<tbody>\n<tr>\n<td width=\"373\">Abmessungen<\/td>\n<td width=\"373\">Alle kundenspezifischen Gr\u00f6\u00dfen und Formen<\/td>\n<\/tr>\n<tr>\n<td width=\"373\">MOQ<\/td>\n<td width=\"373\">500St\u00fcck<\/td>\n<\/tr>\n<tr>\n<td width=\"373\">Probezeit<\/td>\n<td width=\"373\">\u00a03-5 Tage<\/td>\n<\/tr>\n<tr>\n<td width=\"373\">Standardverfahren<\/td>\n<td width=\"373\">Stanzen, Kleben, Rillen, Perforieren<\/td>\n<\/tr>\n<tr>\n<td width=\"373\">Drucken<\/td>\n<td width=\"373\">Cmyk, pms, kein Druck<\/td>\n<\/tr>\n<tr>\n<td width=\"373\">Option Material<\/td>\n<td width=\"373\">Wei\u00dfes Kartonpapier, gestrichenes Papier, Kunstdruckpapier, Kraftpapier, Elfenbeinkarton, Duplexkarton, Spezialpapier, usw.<\/td>\n<\/tr>\n<tr>\n<td width=\"373\">Oberfl\u00e4chenveredelung<\/td>\n<td width=\"373\">Matt\/Glanz-Laminierung, Spot-UV-Pr\u00e4gung, Pr\u00e4gung, Folienpr\u00e4gung usw.<\/td>\n<\/tr>\n<tr>\n<td width=\"373\">Industrie Verwendung<\/td>\n<td width=\"373\">Kosmetika, Parf\u00fcm, Bekleidung, Schmuck, Tabak, Lebensmittel, Geschenkartikel und Waren des t\u00e4glichen Bedarfs,<\/td>\n<\/tr>\n<tr>\n<td width=\"373\">Qualit\u00e4tskontrolle<\/td>\n<td width=\"373\">Fortschrittliche Ausr\u00fcstung und ein erfahrenes QC-Team \u00fcberpr\u00fcfen Material, Halbfertig- und Fertigprodukte streng in jedem Schritt, bevor<\/td>\n<\/tr>\n<tr>\n<td width=\"373\">Preis<\/td>\n<td width=\"373\">Der Endpreis wird auf Ihr Produkt und die von Ihnen ben\u00f6tigte Menge zugeschnitten<\/td>\n<\/tr>\n<tr>\n<td width=\"373\">Bearbeitungszeit<\/td>\n<td width=\"373\">7-14 Werktage, Eile<\/td>\n<\/tr>\n<tr>\n<td width=\"373\">Papierbestand<\/td>\n<td width=\"373\">10pt bis 28pt (60lb bis 400lb) umweltfreundliches Kraftpapier, E-Welle, Buxkarton, Cardstock<\/td>\n<\/tr>\n<tr>\n<td width=\"373\">Format der Druckvorlage<\/td>\n<td width=\"373\">JPG, PDF, AI, CDR, EPS, GIF....<\/td>\n<\/tr>\n<tr>\n<td width=\"373\">Zubeh\u00f6r<\/td>\n<td width=\"373\">Magnet, Farbband, EVA-Form, Kunststoffschale, Schwamm, PVC\/PET\/PP-Fenster,...<\/td>\n<\/tr>\n<tr>\n<td width=\"373\">Zahlungsfrist<\/td>\n<td width=\"373\">T\/T, Western Union, Paypal, 30% Anzahlung und 70% Restbetrag vor Versand.<\/td>\n<\/tr>\n<\/tbody>\n<\/table>\n<\/div>\n<\/div>\n<\/div>\n<\/div>\n<\/div>\n<\/div>\n<\/div>\n<\/div>\n<\/div>\n<\/div>","protected":false},"excerpt":{"rendered":"<p>Gro\u00dfhandel individuell bedruckte Pizzakartons. H\u00f6chste Qualit\u00e4t, langlebige Materialien und bester Druck. Niedrige Mindestmengen verf\u00fcgbar. Entwerfen Sie Ihre perfekte Box heute!<\/p>","protected":false},"featured_media":7181,"template":"","meta":[],"product_brand":[],"product_cat":[30,422,430],"product_tag":[496,495,497],"class_list":{"0":"post-7184","1":"product","2":"type-product","3":"status-publish","4":"has-post-thumbnail","6":"product_cat-by-industry","7":"product_cat-custom-gourmet-boxes-by-industry","8":"product_cat-folding-cartons","9":"product_tag-custom-printed-pizza-box","10":"product_tag-pizza-box-wholesale","11":"product_tag-top-quality-pizza-box","13":"first","14":"instock","15":"shipping-taxable","16":"product-type-simple"},"_links":{"self":[{"href":"https:\/\/zojopackaging.com\/de\/wp-json\/wp\/v2\/product\/7184","targetHints":{"allow":["GET"]}}],"collection":[{"href":"https:\/\/zojopackaging.com\/de\/wp-json\/wp\/v2\/product"}],"about":[{"href":"https:\/\/zojopackaging.com\/de\/wp-json\/wp\/v2\/types\/product"}],"version-history":[{"count":2,"href":"https:\/\/zojopackaging.com\/de\/wp-json\/wp\/v2\/product\/7184\/revisions"}],"predecessor-version":[{"id":8073,"href":"https:\/\/zojopackaging.com\/de\/wp-json\/wp\/v2\/product\/7184\/revisions\/8073"}],"wp:featuredmedia":[{"embeddable":true,"href":"https:\/\/zojopackaging.com\/de\/wp-json\/wp\/v2\/media\/7181"}],"wp:attachment":[{"href":"https:\/\/zojopackaging.com\/de\/wp-json\/wp\/v2\/media?parent=7184"}],"wp:term":[{"taxonomy":"product_brand","embeddable":true,"href":"https:\/\/zojopackaging.com\/de\/wp-json\/wp\/v2\/product_brand?post=7184"},{"taxonomy":"product_cat","embeddable":true,"href":"https:\/\/zojopackaging.com\/de\/wp-json\/wp\/v2\/product_cat?post=7184"},{"taxonomy":"product_tag","embeddable":true,"href":"https:\/\/zojopackaging.com\/de\/wp-json\/wp\/v2\/product_tag?post=7184"}],"curies":[{"name":"wp","href":"https:\/\/api.w.org\/{rel}","templated":true}]}}