{"id":7195,"date":"2024-08-09T09:08:27","date_gmt":"2024-08-09T01:08:27","guid":{"rendered":"https:\/\/zojopackaging.com\/?post_type=product&#038;p=7195"},"modified":"2025-03-23T18:24:33","modified_gmt":"2025-03-23T10:24:33","slug":"custom-premium-rose-gift-box","status":"publish","type":"product","link":"https:\/\/zojopackaging.com\/de\/product\/custom-premium-rose-gift-box\/","title":{"rendered":"Luxuri\u00f6se benutzerdefinierte Blume Schmuck Geschenk Verpackung Box Gro\u00dfhandel"},"content":{"rendered":"<h2 dir=\"ltr\">Praktische Geschenkboxen - Geschenkverpackungen auf der n\u00e4chsten Stufe<\/h2>\n<p dir=\"ltr\">In unserer Verpackung Boxen, wir sind spezialisiert auf die Bereitstellung Gro\u00dfhandel benutzerdefinierte bequem Geschenk-Boxen zu g\u00fcnstigen Gro\u00dfhandelspreisen. Wir haben eine vielf\u00e4ltige Sammlung von benutzerdefinierten Geschenk-Boxen einschlie\u00dflich B\u00e4ckerei-Boxen, CBD-Boxen, und viele mehr. Sie haben den Luxus, aus einer solchen erstaunlichen Vielfalt an hochwertigen Verpackungskisten zu w\u00e4hlen. Wir sorgen daf\u00fcr, dass Sie mit Ihren Geschenken bei Ihren Kunden und Liebsten einen Eindruck hinterlassen. Wir k\u00f6nnen perfekt auf Ihre Anforderungen zugeschnittene praktische Geschenkboxen herstellen. Erkunden Sie unsere Kollektion an praktischen Geschenkboxen und w\u00e4hlen Sie Ihren gew\u00fcnschten Stil, Ihr Design und Ihre Farbe!<\/p>\n<h2 dir=\"ltr\">Exklusive Arten von praktischen Geschenkverpackungen bei unseren Verpackungsboxen<\/h2>\n<p dir=\"ltr\">Wir von Zojoprint Packaging Boxes haben eine gro\u00dfartige Kollektion an individuellen Geschenkboxen. St\u00f6bern Sie in unserer Auswahl, und sie nimmt kein Ende. Wir haben ein exklusives Angebot an praktischen Geschenkboxen mit Deckel, individuellen Geschenkboxen mit Fenster und vielem mehr. Und was noch wichtiger ist: An Ideen mangelt es uns nie. Sprechen Sie mit unseren Experten und bestimmen Sie Ihre Anforderungen, damit sie Ihnen individuelle Geschenkverpackungen anbieten k\u00f6nnen.<\/p>\n<h2 dir=\"ltr\">Umweltfreundliche, langlebige, individuell gestaltete und praktische Geschenkboxen!<\/h2>\n<p dir=\"ltr\">Unsere ma\u00dfgeschneiderten praktischen Geschenkverpackungen sind sehr umweltfreundlich. Wir verwenden hochwertige Materialien f\u00fcr die Herstellung Ihrer\u00a0<a href=\"https:\/\/www.instantcustomboxes.com\/custom-gift-boxes\/\" target=\"_blank\" rel=\"noopener\"><strong>personalisierte Geschenkboxen<\/strong><\/a>\u00a0um ihre Haltbarkeit zu gew\u00e4hrleisten. Au\u00dferdem stellen wir umweltfreundliche Verpackungskartons her, damit Ihre Artikel sicher verpackt sind. Und bei der Qualit\u00e4t gibt es keine Kompromisse!<\/p>\n<h2 dir=\"ltr\">Kostenloser Grafikdesign-Support<\/h2>\n<p dir=\"ltr\">Wir verwenden die neuesten Grafikdesign-Techniken, um individuell bedruckte, praktische Geschenkverpackungen herzustellen! Wir haben die besten Maschinen und erfahrene Designer, um perfekte Designs f\u00fcr Ihre individuellen Geschenkverpackungen zu erstellen. Das Wichtigste: Wir bieten Ihnen kostenlose Unterst\u00fctzung beim Grafikdesign und halten uns dabei an Ihre Designvorgaben.<\/p>\n<h2 dir=\"ltr\">Wir begr\u00fc\u00dfen Ihre individuellen Ideen f\u00fcr praktische Geschenkverpackungen<\/h2>\n<p dir=\"ltr\">Wir h\u00f6ren auf unsere Kunden! Ja, bei Zojoprint Packaging Boxes erf\u00fcllen wir gerne Ihre individuellen Verpackungsanforderungen. Sie k\u00f6nnen Ihre Spezifikationen festlegen oder Ideen f\u00fcr Design und Stil vorschlagen. Unsere Fachleute k\u00f6nnen Ihnen perfekt angepasste, praktische Geschenkboxen f\u00fcr Ihre Verpackungsanforderungen anbieten.<\/p>\n<h2 dir=\"ltr\">Gro\u00dfhandel Praktische Geschenkboxen bei 50% Rabatt<\/h2>\n<p dir=\"ltr\">Es fallen keine Stempel- und Plattengeb\u00fchren an! Sie erhalten Ihre praktischen Gro\u00dfhandels-Geschenkboxen zu erm\u00e4\u00dfigten Preisen. Unsere Preise sind nicht nur die niedrigsten auf dem Markt, sondern wir bieten auch Rabatte. Der Kauf unserer benutzerdefinierten Geschenk-Boxen in loser Sch\u00fcttung wird Sie mit einem\u00a0<strong>massiver Rabatt auf 50%<\/strong>.<\/p>\n<h2 dir=\"ltr\">Kostenloser Versand im Eiltempo!<\/h2>\n<p dir=\"ltr\">Bei Zojoprint Packaging Boxes machen wir zwei entscheidende Versprechen, wenn es um den Versand geht. Erstens garantieren wir einen kostenlosen Versand, und wir halten unser Versprechen ein.  Zweitens sorgen wir f\u00fcr einen schnellen Versand, damit Sie Ihre praktischen Geschenkboxen schnell und ohne unn\u00f6tige Verz\u00f6gerung an Ihre Adressen geliefert bekommen!<\/p>\n<h2 dir=\"ltr\">Wie k\u00f6nnen Sie uns kontaktieren?<\/h2>\n<p dir=\"ltr\">Also, lassen Sie uns die Dinge in Gang bringen. Rufen Sie uns an unter +<a href=\"tel:+86%200755%2027398291\"><span class=\"elementor-icon-list-text\">86 15017910372<\/span><\/a> oder senden Sie uns eine E-Mail an\u00a0 <a href=\"mailto:info@zojoprint.com\"><span class=\"elementor-icon-list-text\">info@zojoprint.com <\/span><\/a>oder vickio@zojoprint.com, um Ihre Bestellung aufzugeben. Dar\u00fcber hinaus k\u00f6nnen Sie sich f\u00fcr Informationen oder Fragen an unsere Experten wenden. Wir haben ein offenes Ohr f\u00fcr Ihre Bed\u00fcrfnisse!<\/p>\n<h2 class=\"yikes-custom-woo-tab-title yikes-custom-woo-tab-title-specifications\">Spezifikationen<\/h2>\n<table border=\"0\" width=\"1012\" cellspacing=\"0\" cellpadding=\"0\">\n<tbody>\n<tr>\n<td class=\"et3\" width=\"506\" height=\"22\">Abmessungen<\/td>\n<td class=\"et3\" width=\"506\">Alle kundenspezifischen Gr\u00f6\u00dfen und Formen<\/td>\n<\/tr>\n<tr>\n<td class=\"et3\" height=\"22\">Min.Menge<\/td>\n<td class=\"et3\">500 Boxen (Hardproof-Musteroption verf\u00fcgbar)<\/td>\n<\/tr>\n<tr>\n<td class=\"et3\" height=\"22\">Standardverfahren<\/td>\n<td class=\"et3\">Stanzen, Kleben, Rillen, Perforieren<\/td>\n<\/tr>\n<tr>\n<td class=\"et3\" height=\"22\">Drucken<\/td>\n<td class=\"et3\">Cmyk, pms, kein Druck<\/td>\n<\/tr>\n<tr>\n<td class=\"et3\" height=\"22\">Option Material<\/td>\n<td class=\"et3\">Wei\u00dfes Kartonpapier, gestrichenes Papier, Kunstdruckpapier, Kraftpapier, Elfenbeinkarton, Duplexkarton, Spezialpapier, usw.<\/td>\n<\/tr>\n<tr>\n<td class=\"et3\" height=\"23\">Oberfl\u00e4chenveredelung<\/td>\n<td class=\"et4\" width=\"506\">Matt\/Glanz-Laminierung, Spot-UV-Pr\u00e4gung, Pr\u00e4gung, Folienpr\u00e4gung usw.<\/td>\n<\/tr>\n<tr>\n<td class=\"et4\" width=\"506\" height=\"23\">Industrie Verwendung<\/td>\n<td class=\"et4\" width=\"506\">Kosmetika, Parf\u00fcm, Bekleidung, Schmuck, Tabak, Lebensmittel, Geschenkartikel und Waren des t\u00e4glichen Bedarfs,<\/td>\n<\/tr>\n<tr>\n<td class=\"et4\" width=\"506\" height=\"46\">Qualit\u00e4tskontrolle<\/td>\n<td class=\"et4\" width=\"506\">Fortschrittliche Ausr\u00fcstung und ein erfahrenes QC-Team \u00fcberpr\u00fcfen Material, Halbfertig- und Fertigprodukte streng in jedem Schritt, bevor<\/td>\n<\/tr>\n<tr>\n<td class=\"et4\" width=\"506\" height=\"46\">Preis<\/td>\n<td class=\"et4\" width=\"506\">Der Endpreis wird auf Ihr Produkt und die von Ihnen ben\u00f6tigte Menge zugeschnitten<\/td>\n<\/tr>\n<tr>\n<td class=\"et3\" height=\"22\">Bearbeitungszeit<\/td>\n<td class=\"et3\">7-14 Werktage, Eile<\/td>\n<\/tr>\n<tr>\n<td class=\"et3\" height=\"22\">Papierbestand<\/td>\n<td class=\"et3\">10pt bis 28pt (60lb bis 400lb) umweltfreundliches Kraftpapier, E-Welle, Buxkarton, Cardstock<\/td>\n<\/tr>\n<tr>\n<td class=\"et3\" height=\"22\">Proof<\/td>\n<td class=\"et3\">Flache Ansicht, 3d-Mock-up, physische Bemusterung (auf Anfrage)<\/td>\n<\/tr>\n<\/tbody>\n<\/table>","protected":false},"excerpt":{"rendered":"<p>Kundenspezifische Schmuckschatulle, mattschwarzes Spezialpapier, feine Textur. Direkte Lieferung aus China Fabrik, kostenloses Angebot \/ Probe \/ Design Inspektion, schnelle Probe Lieferung in 3 Tagen!<\/p>","protected":false},"featured_media":7196,"template":"","meta":[],"product_brand":[],"product_cat":[30,415,31,426],"product_tag":[492,493,494],"class_list":{"0":"post-7195","1":"product","2":"type-product","3":"status-publish","4":"has-post-thumbnail","6":"product_cat-by-industry","7":"product_cat-custom-jewelry-boxes-by-industry","8":"product_cat-paper-box-style","9":"product_cat-paper-drawer-boxes","10":"product_tag-flower-jewelry-packaging-box","11":"product_tag-jewelry-gift-packaging","12":"product_tag-jewelry-packaging-wholesale","14":"first","15":"instock","16":"shipping-taxable","17":"product-type-simple"},"_links":{"self":[{"href":"https:\/\/zojopackaging.com\/de\/wp-json\/wp\/v2\/product\/7195","targetHints":{"allow":["GET"]}}],"collection":[{"href":"https:\/\/zojopackaging.com\/de\/wp-json\/wp\/v2\/product"}],"about":[{"href":"https:\/\/zojopackaging.com\/de\/wp-json\/wp\/v2\/types\/product"}],"version-history":[{"count":3,"href":"https:\/\/zojopackaging.com\/de\/wp-json\/wp\/v2\/product\/7195\/revisions"}],"predecessor-version":[{"id":8071,"href":"https:\/\/zojopackaging.com\/de\/wp-json\/wp\/v2\/product\/7195\/revisions\/8071"}],"wp:featuredmedia":[{"embeddable":true,"href":"https:\/\/zojopackaging.com\/de\/wp-json\/wp\/v2\/media\/7196"}],"wp:attachment":[{"href":"https:\/\/zojopackaging.com\/de\/wp-json\/wp\/v2\/media?parent=7195"}],"wp:term":[{"taxonomy":"product_brand","embeddable":true,"href":"https:\/\/zojopackaging.com\/de\/wp-json\/wp\/v2\/product_brand?post=7195"},{"taxonomy":"product_cat","embeddable":true,"href":"https:\/\/zojopackaging.com\/de\/wp-json\/wp\/v2\/product_cat?post=7195"},{"taxonomy":"product_tag","embeddable":true,"href":"https:\/\/zojopackaging.com\/de\/wp-json\/wp\/v2\/product_tag?post=7195"}],"curies":[{"name":"wp","href":"https:\/\/api.w.org\/{rel}","templated":true}]}}