{"id":7268,"date":"2024-08-17T11:16:19","date_gmt":"2024-08-17T03:16:19","guid":{"rendered":"https:\/\/zojopackaging.com\/?post_type=product&#038;p=7268"},"modified":"2025-03-23T17:52:49","modified_gmt":"2025-03-23T09:52:49","slug":"custom-underwear-paper-boxes","status":"publish","type":"product","link":"https:\/\/zojopackaging.com\/de\/product\/custom-underwear-paper-boxes\/","title":{"rendered":"Benutzerdefinierte bedruckte Unterw\u00e4sche Panty Verpackung Boxen Gro\u00dfhandel"},"content":{"rendered":"<h1>Benutzerdefinierte bedruckte Unterw\u00e4sche Panty Verpackung Boxen Gro\u00dfhandel<\/h1>\n<p>Individuell bedruckte Unterw\u00e4sche-Verpackungsschachteln f\u00fcr den Gro\u00dfhandel bieten eine einzigartige und personalisierte M\u00f6glichkeit, Unterw\u00e4sche als Geschenk zu pr\u00e4sentieren. Diese Schachteln k\u00f6nnen mit einer Vielzahl von Designs, Farben und Verarbeitungen an die Vorlieben des Empf\u00e4ngers oder den Anlass angepasst werden. Ganz gleich, ob Sie Unterw\u00e4sche zum Geburtstag, zum Valentinstag oder einfach nur als \u00dcberraschung verschenken m\u00f6chten, diese Boxen verleihen dem Geschenk eine besondere Note und machen es noch unvergesslicher. Die Boxen sind aus strapazierf\u00e4higem Material hergestellt, das die Unterw\u00e4sche sch\u00fctzt und sie in ihrem besten Zustand h\u00e4lt. Mit individuellen Unterw\u00e4sche-Geschenkboxen k\u00f6nnen Sie ein praktisches und bequemes Geschenk machen und gleichzeitig eine pers\u00f6nliche und stilvolle Note hinzuf\u00fcgen.<\/p>\n<ul class=\"product-descript fn-clear\">\n<li><strong>Hauptmaterial<\/strong>1-2mm Pappe, elfenbeinfarbener Karton, wei\u00dfer Karton mit grauem Boden + Kunstdruckpapier, komplexes Umweltschutzpapier, Kraftpapier, holzfreies Papier, Spezialpapier<\/li>\n<li><strong>Gr\u00f6\u00dfe<\/strong>:Entsprechend den spezifischen Anforderungen der Kunden.<\/li>\n<li><strong>Drucken<\/strong>: Pantone-Farben und der \u00fcbliche 4-Farben-Prozess (CMYK) oder 1C 100% Farbdeckung+Logo<\/li>\n<li><strong>Kunstwerk<\/strong>: vom Kunden entworfene Kunstwerke sind willkommen, wir k\u00f6nnen auch Kunstwerke entwerfen, die Ihren Kommentaren folgen<\/li>\n<li><strong>Logo\/Grafikformat<\/strong>: 300DPI; PDF, AI, Corel Draw, etc<\/li>\n<li><strong>Oberfl\u00e4chenentsorgung<\/strong>Glanzlaminierung, Mattlaminierung, Lack, Teilglasur, UV-Beschichtung, Bronzierung, Pr\u00e4gung, Spot UV<\/li>\n<li>Verpackung in Wellkarton mit Trockenmittel, Gewichtskontrolle unter 20 kg, oder kundenspezifisch<\/li>\n<li>Verwendet f\u00fcr Unterw\u00e4sche, Bikini-Outfit, PVC-Kost\u00fcme, BHs und H\u00f6schen, sexy Clubwear, Bustiers und Korsetts, Socken, Handschuhe, Schals, Krawatten...<\/li>\n<li><strong>Normale kleine Bestellmenge<\/strong>2000 St\u00fcck pro Stil\/Gr\u00f6\u00dfe\/Kunstwerk. (Konsultierbar)<\/li>\n<li><strong>Vorlaufzeit<\/strong>Musterzeit: 10 Tage und Produktzeit: 15-25 Tage nach der Best\u00e4tigung, basierend auf Ihrer Menge<\/li>\n<\/ul>\n<p>Das obige Produkt ist ein Gruppenprodukt aus\u00a0<strong>Unterw\u00e4sche-Geschenkboxen<\/strong>.<\/p>\n<p>Wir k\u00f6nnen verschiedene starre Geschenkboxen f\u00fcr Unterw\u00e4sche herstellen.<\/p>\n<p>Auch OEM-Dienstleistungen k\u00f6nnen angeboten werden, um die Bed\u00fcrfnisse der verschiedenen Kunden zu erf\u00fcllen.<\/p>\n<p>Wenn Sie weitere Unterst\u00fctzung ben\u00f6tigen, k\u00f6nnen Sie sich gerne an uns wenden.<\/p>\n<p>&nbsp;<\/p>","protected":false},"excerpt":{"rendered":"<p>Direkte Anpassung durch chinesische Hersteller, mehrere Gr\u00f6\u00dfen f\u00fcr alle Arten von Kleidung, hohe Kostenleistung, kostenlose Muster und Design-Services.<\/p>","protected":false},"featured_media":7514,"template":"","meta":[],"product_brand":[],"product_cat":[30,414,430],"product_tag":[490,491,489],"class_list":{"0":"post-7268","1":"product","2":"type-product","3":"status-publish","4":"has-post-thumbnail","6":"product_cat-by-industry","7":"product_cat-custom-apparel-boxes","8":"product_cat-folding-cartons","9":"product_tag-custom-underwear-panty-packaging","10":"product_tag-underwear-packaging-wholesale","11":"product_tag-underwear-panty-packaging","13":"first","14":"instock","15":"shipping-taxable","16":"product-type-simple"},"_links":{"self":[{"href":"https:\/\/zojopackaging.com\/de\/wp-json\/wp\/v2\/product\/7268","targetHints":{"allow":["GET"]}}],"collection":[{"href":"https:\/\/zojopackaging.com\/de\/wp-json\/wp\/v2\/product"}],"about":[{"href":"https:\/\/zojopackaging.com\/de\/wp-json\/wp\/v2\/types\/product"}],"version-history":[{"count":3,"href":"https:\/\/zojopackaging.com\/de\/wp-json\/wp\/v2\/product\/7268\/revisions"}],"predecessor-version":[{"id":8069,"href":"https:\/\/zojopackaging.com\/de\/wp-json\/wp\/v2\/product\/7268\/revisions\/8069"}],"wp:featuredmedia":[{"embeddable":true,"href":"https:\/\/zojopackaging.com\/de\/wp-json\/wp\/v2\/media\/7514"}],"wp:attachment":[{"href":"https:\/\/zojopackaging.com\/de\/wp-json\/wp\/v2\/media?parent=7268"}],"wp:term":[{"taxonomy":"product_brand","embeddable":true,"href":"https:\/\/zojopackaging.com\/de\/wp-json\/wp\/v2\/product_brand?post=7268"},{"taxonomy":"product_cat","embeddable":true,"href":"https:\/\/zojopackaging.com\/de\/wp-json\/wp\/v2\/product_cat?post=7268"},{"taxonomy":"product_tag","embeddable":true,"href":"https:\/\/zojopackaging.com\/de\/wp-json\/wp\/v2\/product_tag?post=7268"}],"curies":[{"name":"wp","href":"https:\/\/api.w.org\/{rel}","templated":true}]}}