{"id":7376,"date":"2024-08-23T10:53:32","date_gmt":"2024-08-23T02:53:32","guid":{"rendered":"https:\/\/zojopackaging.com\/?post_type=product&#038;p=7376"},"modified":"2025-03-24T18:42:09","modified_gmt":"2025-03-24T10:42:09","slug":"custom-cbd-tincture-boxes","status":"publish","type":"product","link":"https:\/\/zojopackaging.com\/de\/product\/custom-cbd-tincture-boxes\/","title":{"rendered":"Individuell bedruckte Cannabis-CBD-Verpackungen Lagerhaus"},"content":{"rendered":"<h1>Individuell bedruckte Cannabis-CBD-Verpackungen Lagerhaus<\/h1>\n<p>Custom CBD Tincture Boxen gelten als eine der vielseitigsten Verpackungsl\u00f6sungen in der Cannabisindustrie. Aufgrund ihres extrem wirksamen Schutzes sind sie in der Lage, die Produktqualit\u00e4t zu erhalten und zu sch\u00fctzen. Neben dem Schutz sind sie auch in zahlreichen Formen und Designs erh\u00e4ltlich, die die Pr\u00e4sentation Ihrer Produkte verbessern k\u00f6nnen.<\/p>\n<h3>Erfahrung in der Herstellung von Dienstleistungen mit <a href=\"https:\/\/zojopackaging.com\/de\/produkt-kategorie\/custom-e-cigarette-box\/\">Kundenspezifische CBD-Tinktur-Boxen<\/a><\/h3>\n<p>Damit Ihre Produktverpackungen ins Auge fallen und Ihr Logo, Ihre Markenfarben und Designelemente die Kaufentscheidungen der Verbraucher beeinflussen, k\u00f6nnen Ihre individuellen Schachteln so gestaltet werden, dass sie im Regal hervorstechen und die Aufmerksamkeit auf sich ziehen und so die Markenbekanntheit und -treue steigern.<\/p>\n<h3><strong>Individuelle CBD-Tinktur-Boxen mit einzigartigen Aufdrucken und Designs<\/strong><\/h3>\n<p>Das bedeutet <a href=\"https:\/\/zojoprint.en.alibaba.com\/productgrouplist-941131925\/Child_Resistant_Packaging_Box.html\" target=\"_blank\" rel=\"noopener\">CBD-Verpackung<\/a> helfen den Herstellern von CBD-Produkten beim sicheren Versand ihrer Waren an die Kunden. Wir verwenden bei der Herstellung dieser CBD-Tinktur-Boxen hochwertiges Verpackungsmaterial, das die Sicherheit der darin verpackten medizinischen Produkte garantiert. Sie k\u00f6nnen uns bitten, die erforderlichen Angaben (Inhaltsstoffe, Mindesthaltbarkeitsdatum, Anwendungshinweise usw.) mit Ihrem Markennamen oder Logo auf die Schachteln zu drucken, um Ihren Namen auf dem Markt bekannt zu machen. Solche individuell bedruckten CBD-Tinktur-Verpackungen k\u00f6nnen eine neu eingef\u00fchrte CBD-Marke bei potenziellen K\u00e4ufern bekannt machen.<\/p>\n<h3><strong>G\u00fcnstige personalisierte CBD-Boxen im Gro\u00dfhandel<\/strong><\/h3>\n<p>Ma\u00dfgeschneiderte CBD-Tinkturschachteln gelten in der Cannabisbranche als erschwingliche und personalisierte Verpackungsl\u00f6sung. Die Verpackung erm\u00f6glicht es H\u00e4ndlern, einzigartige Verpackungsboxen entsprechend dem Markenimage und den Produkteigenschaften, einschlie\u00dflich Gr\u00f6\u00dfe, Form, Farbe und Material usw., zu gestalten. Sie sch\u00fctzen nicht nur das Produkt, sondern verbessern auch das Markenimage und die Marktattraktivit\u00e4t. Ma\u00dfgeschneiderte CBD-Tinkturschachteln f\u00fcr den Gro\u00dfhandel k\u00f6nnen die St\u00fcckkosten senken.<\/p>\n<h3>Best Crafts W\u00e4hlen Sie f\u00fcr benutzerdefinierte CBD-Tinktur-Boxen<\/h3>\n<p>Silber-\/Goldfolien, Spot-UV, Wasserlacke, matte\/gl\u00e4nzende Laminierung, Fensterscheiben, Stanzungen und vieles mehr. Sie brauchen unseren Designern nur Ihr gew\u00fcnschtes Design mitzuteilen oder sie zu bitten, Ihnen kostenlos eine einzigartige Idee zu unterbreiten. Wir berechnen keine zus\u00e4tzlichen Kosten f\u00fcr diese Zusatzleistungen, wenn Sie diese in Anspruch nehmen m\u00f6chten.<\/p>\n<p>M\u00f6chten Sie ein kostenloses, individuelles Angebot? Chatten Sie jetzt mit uns. Sie k\u00f6nnen uns auch \u00fcber die angegebene E-Mail-ID oder Telefonnummer kontaktieren. Genie\u00dfen Sie unsere hochwertigen Dienstleistungen und Rabatte auf einen Gro\u00dfhandel Kauf ohne Versand frei \u00fcber USA &amp; Kanada.<\/p>\n<div class=\"product-specification-details sp-details-sec active full spec-title-details\">\n<h1><strong>Spezifikation<\/strong><\/h1>\n<div class=\"widget block block-static-block\">\n<div class=\"landing-page-section option-bottom\">\n<div class=\"custom-materials-tabs-content container container-adjustment\">\n<div class=\"custom-materials-tab-content active\">\n<div class=\"widget block block-static-block\">\n<div class=\"options-items\">\n<div class=\"flex-grid-row-option\">\n<div class=\"flex-grid-item-option\">\n<div class=\"material-box\">\n<div class=\"material-des\">\n<table width=\"1070\">\n<tbody>\n<tr>\n<td width=\"373\">Abmessungen<\/td>\n<td width=\"373\">Alle kundenspezifischen Gr\u00f6\u00dfen und Formen<\/td>\n<\/tr>\n<tr>\n<td width=\"373\">MOQ<\/td>\n<td width=\"373\">500 St\u00fcck (zur \u00dcberpr\u00fcfung der Qualit\u00e4t von Mustern)<\/td>\n<\/tr>\n<tr>\n<td width=\"373\">Probezeit<\/td>\n<td width=\"373\">3-5 Arbeitstage<\/td>\n<\/tr>\n<tr>\n<td width=\"373\">Standardverfahren<\/td>\n<td width=\"373\">Stanzen, Kleben, Rillen, Perforieren<\/td>\n<\/tr>\n<tr>\n<td width=\"373\">Drucken<\/td>\n<td width=\"373\">Cmyk, pms, kein Druck<\/td>\n<\/tr>\n<tr>\n<td width=\"373\">Option Material<\/td>\n<td width=\"373\">Wei\u00dfes Kartonpapier, gestrichenes Papier, Kunstdruckpapier, Kraftpapier, Elfenbeinkarton, Duplexkarton, Spezialpapier, usw.<\/td>\n<\/tr>\n<tr>\n<td width=\"373\">Oberfl\u00e4chenveredelung<\/td>\n<td width=\"373\">Matt\/Glanz-Laminierung, Spot-UV-Pr\u00e4gung, Pr\u00e4gung, Folienpr\u00e4gung usw.<\/td>\n<\/tr>\n<tr>\n<td width=\"373\">Industrie Verwendung<\/td>\n<td width=\"373\">Kosmetika, Parf\u00fcm, Bekleidung, Schmuck, Tabak, Lebensmittel, Geschenkartikel und Waren des t\u00e4glichen Bedarfs,<\/td>\n<\/tr>\n<tr>\n<td width=\"373\">Qualit\u00e4tskontrolle<\/td>\n<td width=\"373\">Fortschrittliche Ausr\u00fcstung und ein erfahrenes QC-Team \u00fcberpr\u00fcfen Material, Halbfertig- und Fertigprodukte streng in jedem Schritt, bevor<\/td>\n<\/tr>\n<tr>\n<td width=\"373\">Preis<\/td>\n<td width=\"373\">Der Endpreis wird auf Ihr Produkt und die von Ihnen ben\u00f6tigte Menge zugeschnitten<\/td>\n<\/tr>\n<tr>\n<td width=\"373\">Bearbeitungszeit<\/td>\n<td width=\"373\">7-14 Arbeitstage<\/td>\n<\/tr>\n<tr>\n<td width=\"373\">Papierbestand<\/td>\n<td width=\"373\">10pt bis 28pt (60lb bis 400lb) umweltfreundliches Kraftpapier, E-Welle, Buxkarton, Cardstock<\/td>\n<\/tr>\n<tr>\n<td width=\"373\">Format der Druckvorlage<\/td>\n<td width=\"373\">JPG, PDF, AI, CDR, EPS, GIF....<\/td>\n<\/tr>\n<tr>\n<td width=\"373\">Zubeh\u00f6r<\/td>\n<td width=\"373\">Magnet, Farbband, EVA-Form, Kunststoffschale, Schwamm, PVC\/PET\/PP-Fenster,...<\/td>\n<\/tr>\n<tr>\n<td width=\"373\">Zahlungsfrist<\/td>\n<td width=\"373\">T\/T, Western Union, Paypal, 30% Anzahlung und 70% Restbetrag vor Versand.<\/td>\n<\/tr>\n<\/tbody>\n<\/table>\n<\/div>\n<\/div>\n<\/div>\n<\/div>\n<\/div>\n<\/div>\n<\/div>\n<\/div>\n<\/div>\n<\/div>\n<\/div>","protected":false},"excerpt":{"rendered":"<ul>\n<li>MOQ: 500 St\u00fcck<\/li>\n<li>Lieferzeit:7-14 Arbeitstage, Eilauftrag<\/li>\n<li>Ma\u00dfgeschneidert in den Abmessungen (Durchmesser x H\u00f6he)<\/li>\n<li>Kundenspezifischer Druck<\/li>\n<li>Umweltfreundlich, recycelbar und plastikfrei<\/li>\n<li>Preis\uff1aDer Endpreis wird auf Ihr Produkt und die von Ihnen ben\u00f6tigte Menge zugeschnitten<\/li>\n<\/ul>","protected":false},"featured_media":7382,"template":"","meta":[],"product_brand":[],"product_cat":[31,30,420,430],"product_tag":[587,588,589],"class_list":{"0":"post-7376","1":"product","2":"type-product","3":"status-publish","4":"has-post-thumbnail","6":"product_cat-paper-box-style","7":"product_cat-by-industry","8":"product_cat-custom-cannabis-boxes","9":"product_cat-folding-cartons","10":"product_tag-cannabis-cbd-packaging","11":"product_tag-cbd-packaging-warehouse","12":"product_tag-custom-cannabis-packaging","14":"first","15":"instock","16":"shipping-taxable","17":"product-type-simple"},"_links":{"self":[{"href":"https:\/\/zojopackaging.com\/de\/wp-json\/wp\/v2\/product\/7376","targetHints":{"allow":["GET"]}}],"collection":[{"href":"https:\/\/zojopackaging.com\/de\/wp-json\/wp\/v2\/product"}],"about":[{"href":"https:\/\/zojopackaging.com\/de\/wp-json\/wp\/v2\/types\/product"}],"version-history":[{"count":3,"href":"https:\/\/zojopackaging.com\/de\/wp-json\/wp\/v2\/product\/7376\/revisions"}],"predecessor-version":[{"id":8117,"href":"https:\/\/zojopackaging.com\/de\/wp-json\/wp\/v2\/product\/7376\/revisions\/8117"}],"wp:featuredmedia":[{"embeddable":true,"href":"https:\/\/zojopackaging.com\/de\/wp-json\/wp\/v2\/media\/7382"}],"wp:attachment":[{"href":"https:\/\/zojopackaging.com\/de\/wp-json\/wp\/v2\/media?parent=7376"}],"wp:term":[{"taxonomy":"product_brand","embeddable":true,"href":"https:\/\/zojopackaging.com\/de\/wp-json\/wp\/v2\/product_brand?post=7376"},{"taxonomy":"product_cat","embeddable":true,"href":"https:\/\/zojopackaging.com\/de\/wp-json\/wp\/v2\/product_cat?post=7376"},{"taxonomy":"product_tag","embeddable":true,"href":"https:\/\/zojopackaging.com\/de\/wp-json\/wp\/v2\/product_tag?post=7376"}],"curies":[{"name":"wp","href":"https:\/\/api.w.org\/{rel}","templated":true}]}}