{"id":7867,"date":"2025-03-22T15:47:43","date_gmt":"2025-03-22T07:47:43","guid":{"rendered":"https:\/\/zojopackaging.com\/?post_type=product&#038;p=7867"},"modified":"2025-03-22T21:54:12","modified_gmt":"2025-03-22T13:54:12","slug":"custom-mini-perfume-packaging-box-from-china-wholesale","status":"publish","type":"product","link":"https:\/\/zojopackaging.com\/de\/product\/custom-mini-perfume-packaging-box-from-china-wholesale\/","title":{"rendered":"Benutzerdefinierte Mini Parf\u00fcm Verpackung Box aus China Gro\u00dfhandel"},"content":{"rendered":"<p>1. Unbegrenzte Anpassung, wie Sie es w\u00fcnschen:<\/p>\n<p>Gr\u00f6\u00dfenanpassung: Wir sind uns bewusst, dass Parf\u00fcmproben verschiedener Marken und Serien unterschiedliche Gr\u00f6\u00dfen haben. Daher bieten wir unbegrenzte Gr\u00f6\u00dfenoptionen an. Egal, ob es sich um eine Standardgr\u00f6\u00dfe oder spezielle Spezifikationen handelt, wir k\u00f6nnen Ihre Bed\u00fcrfnisse genau erf\u00fcllen und sicherstellen, dass die Parf\u00fcmproben perfekt passen.<br \/>\nFormanpassung: Neben den \u00fcblichen quadratischen und rechteckigen Formen unterst\u00fctzen wir auch eine Vielzahl von Formanpassungen wie Papierr\u00f6hren und Sonderformen, um Ihre Verpackung kreativer und individueller zu gestalten. Wenn Sie ein einzigartiges Designkonzept haben, teilen Sie es uns bitte mit und wir werden unser Bestes tun, um es f\u00fcr Sie zu realisieren.<br \/>\nFarbanpassung: Vom CMYK+1C-Kartendruck bis zur CMYK-Anpassung bieten wir eine F\u00fclle von Farboptionen, um sicherzustellen, dass Ihre Verpackungsfarbe perfekt mit der Marke VI \u00fcbereinstimmt und ein einheitliches Markenimage vermittelt.<br \/>\nDesign-Anpassung: Sie k\u00f6nnen uns Ihren Designentwurf zur Verf\u00fcgung stellen oder unser professionelles Designteam damit beauftragen, ihn f\u00fcr Sie anzupassen. Wir entwerfen ein einzigartiges Verpackungsdesign, das auf Ihrer Markenpositionierung, Ihren Produkteigenschaften und Ihrer Zielgruppe basiert, um den Markenwert zu steigern.<\/p>\n<p>2. Spezielles Papiermaterial, au\u00dfergew\u00f6hnlicher Touch:<\/p>\n<p>Vielf\u00e4ltige Wahlm\u00f6glichkeiten: Wir w\u00e4hlen eine Vielzahl von Spezialpapieren aus, einschlie\u00dflich, aber nicht beschr\u00e4nkt auf:<br \/>\nTaktiles Papier: Die Oberfl\u00e4che ist zart und glatt, die Haptik ist warm und angenehm und vermittelt eine hochwertige und luxuri\u00f6se Textur.<br \/>\nKunstdruckpapier: Reichhaltige Textur und leuchtende Farben, die der Verpackung eine einzigartige k\u00fcnstlerische Atmosph\u00e4re verleihen.<br \/>\nPerlglanzpapier: Die Oberfl\u00e4che gl\u00e4nzt mit einem edlen und eleganten Perlmuttglanz, der die Vorz\u00fcglichkeit und Pracht des Produkts hervorhebt.<br \/>\nUmweltfreundliches, recyceltes Papier: Gr\u00fcn und umweltfreundlich, nachhaltige Entwicklung, die den Sinn der Marke f\u00fcr soziale Verantwortung widerspiegelt.<br \/>\nKundenspezifische Merkmale: Sie k\u00f6nnen je nach Bedarf verschiedene Spezialpapiere w\u00e4hlen und spezielle Behandlungen wie Pr\u00e4gungen, Reliefs usw. durchf\u00fchren, um die Struktur und den visuellen Effekt der Verpackung weiter zu verbessern.<br \/>\nQualit\u00e4tsgarantie: Wir verwenden ausschlie\u00dflich hochwertiges Spezialpapier, um eine gute Bedruckbarkeit und Haltbarkeit zu gew\u00e4hrleisten, Ihre Produkte zu sch\u00fctzen und die Lebensdauer der Verpackung zu verl\u00e4ngern.<\/p>\n<p>3. Hei\u00dfpr\u00e4getechnik, der letzte Schliff:<\/p>\n<p>Exquisite Handwerkskunst: Wir verwenden eine fortschrittliche Hei\u00dfpr\u00e4getechnik, um die Metallfolie auf die Oberfl\u00e4che der Verpackung zu pr\u00e4gen, was einen funkelnden Effekt ergibt und den Luxus und die Qualit\u00e4t der Verpackung erh\u00f6ht.<br \/>\nMehrere Optionen: Wir bieten eine Vielzahl von Hei\u00dfpr\u00e4ge-Farboptionen, einschlie\u00dflich, aber nicht beschr\u00e4nkt auf:<br \/>\nGold: Klassisch und edel, symbolisiert Reichtum und Ehre.<br \/>\nSilber: Schlicht und modisch, unterstreicht ein Gef\u00fchl von Modernit\u00e4t und Technologie.<br \/>\nRos\u00e9gold: Sanft und romantisch, vermittelt die Zartheit und Eleganz der Frau.<br \/>\nLaser-Gold: Schillernd, auffallend und erh\u00f6ht den Wiedererkennungswert von Produkten.<br \/>\nDetailbearbeitung: Wir k\u00f6nnen feine Hei\u00dfpr\u00e4gungen nach Ihrem Entwurf durchf\u00fchren, wie z. B. Linienhei\u00dfpr\u00e4gung, Musterhei\u00dfpr\u00e4gung, Texthei\u00dfpr\u00e4gung usw., um Ihr Markenlogo und Designelemente hervorzuheben und Ihr Markenimage zu verbessern.<\/p>\n<p>4. EVA-Futter, sichere Pflege:<\/p>\n<p>Kundenspezifische Stanzung: Wir verwenden Pr\u00e4zisionsstanztechnik, um die exklusive EVA-Auskleidung entsprechend der Gr\u00f6\u00dfe und Form Ihrer Parf\u00fcmprobe anzupassen, um sicherzustellen, dass das Produkt fest platziert ist und Sch\u00fctteln und Reibung vermieden werden.<br \/>\nMehrere Dichten: Wir bieten EVA-Materialoptionen mit unterschiedlichen Dichten an, um den Schutzbedarf verschiedener Produkte zu erf\u00fcllen. EVA mit hoher Dichte hat eine bessere D\u00e4mpfungsleistung und eignet sich f\u00fcr empfindliche Produkte; EVA mit niedriger Dichte ist weicher und eignet sich f\u00fcr leichte Produkte.<br \/>\nFarbauswahl: Wir bieten eine Vielzahl von EVA-Materialfarben zur Auswahl, so dass die Farben des Innenfutters und des Au\u00dfenkartons koordiniert und einheitlich sind und die Gesamt\u00e4sthetik der Verpackung verbessert wird.<br \/>\nUmweltschutz und Sicherheit: Die von uns verwendeten EVA-Materialien entsprechen den Umweltschutzstandards, sind ungiftig und geruchlos, sicher und zuverl\u00e4ssig.<\/p>\n<p>5. Magnetischer Verschluss Design, elegante Erfahrung:<\/p>\n<p>Bequemes \u00d6ffnen und Schlie\u00dfen: Der magnetische Verschlussschalter erm\u00f6glicht es dem Benutzer, die Verpackung ohne Anstrengung zu \u00f6ffnen und zu schlie\u00dfen, was die Benutzererfahrung verbessert.<br \/>\nSicher und stabil: Die magnetische Kraft ist moderat, um sicherzustellen, dass die Verpackungsbox fest verschlossen ist und das Produkt nicht versehentlich herunterf\u00e4llt.<br \/>\nVerstecktes Design: Der Magnet ist in der Verpackungsschachtel versteckt, und das Aussehen ist einfach und sch\u00f6n, was das Gesamtdesign nicht beeintr\u00e4chtigt.<\/p>\n<p>6. Chinesische Fabrik, Qualit\u00e4tssicherung, p\u00fcnktliche Lieferung:<\/p>\n<p>Erfahren: Wir verf\u00fcgen \u00fcber langj\u00e4hrige Erfahrung in der Verpackungsproduktion, beherrschen fortschrittliche Produktionstechnologien und -verfahren und gew\u00e4hrleisten eine stabile und zuverl\u00e4ssige Produktqualit\u00e4t.<br \/>\nStrenge Qualit\u00e4tskontrolle: Wir haben ein umfassendes Qualit\u00e4tskontrollsystem eingerichtet. Von der Beschaffung des Rohmaterials bis zum Versand des fertigen Produkts wird jedes Glied streng gepr\u00fcft, um sicherzustellen, dass das Produkt Ihren Anforderungen entspricht.<br \/>\nAusreichende Produktionskapazit\u00e4t: Wir verf\u00fcgen \u00fcber ausreichende Produktionskapazit\u00e4ten, um Ihren Bedarf an Massenproduktion zu decken und eine p\u00fcnktliche Lieferung zu gew\u00e4hrleisten.<br \/>\nBequeme Kommunikation: Als chinesische Fabrik k\u00f6nnen wir bequemer und effizienter mit Ihnen kommunizieren, schnell auf Ihre Bed\u00fcrfnisse reagieren und professionelle L\u00f6sungen anbieten.<\/p>\n<p>7. Anwendbare Szenarien:<\/p>\n<p>Markenwerbung: Verwenden Sie Parf\u00fcmproben als Geschenke, kombinieren Sie sie mit individuellen Magnetboxen, verbessern Sie das Markenimage und ziehen Sie potenzielle Kunden an.<br \/>\nEinf\u00fchrung eines neuen Produkts: Legen Sie Parf\u00fcmproben in exquisite Magnetboxen als Probepackung f\u00fcr neue Produkteinf\u00fchrungen, um die Verbraucher zum Kauf zu bewegen.<br \/>\nWeihnachtsgeschenke: Kombinieren Sie Parf\u00fcmproben mit Magnetboxen zu Geschenksets und verschenken Sie sie an Verwandte und Freunde, um Ihre Gef\u00fchle auszudr\u00fccken.<br \/>\nHochwertiger Einzelhandel: Pr\u00e4sentieren Sie Parf\u00fcmproben in ma\u00dfgeschneiderten Magnetboxen, um den Wert der Produkte zu steigern und hochwertige Kunden anzuziehen.<\/p>\n<p>Unsere Vorteile:<\/p>\n<p>Professionelle Anpassung: Wir konzentrieren uns auf ma\u00dfgeschneiderte Verpackungen und bieten Ihnen individuelle L\u00f6sungen entsprechend Ihren Anforderungen.<br \/>\nAusgezeichnete Qualit\u00e4t: Wir kontrollieren streng jeden Produktionsschritt, um sicherzustellen, dass die Produktqualit\u00e4t Ihren Erwartungen entspricht.<br \/>\nAngemessener Preis: Wir bieten wettbewerbsf\u00e4hige Preise, die es Ihnen erm\u00f6glichen, Kosten zu sparen und gleichzeitig hochwertige Produkte zu genie\u00dfen.<br \/>\nDurchdachter Service: Unser professionelles Team bietet Ihnen einen umfassenden Service, vom Entwurf bis zur Produktion, um Ihnen die beste L\u00f6sung zu bieten.<\/p>","protected":false},"excerpt":{"rendered":"<p>Magnetische Parf\u00fcmprobebox, Spezialpapier mit Goldpr\u00e4gung, luxuri\u00f6se Textur. EVA-Futter f\u00fcr stabilen Schutz, unterst\u00fctzt unbegrenzte Anpassung, die Schaffung eines einzigartigen Dufterlebnis.<\/p>","protected":false},"featured_media":7880,"template":"","meta":[],"product_brand":[],"product_cat":[31,30,417,424],"product_tag":[222,437,350],"class_list":{"0":"post-7867","1":"product","2":"type-product","3":"status-publish","4":"has-post-thumbnail","6":"product_cat-paper-box-style","7":"product_cat-by-industry","8":"product_cat-custom-perfume-boxes-by-industry","9":"product_cat-magnetic-closure-boxes","10":"product_tag-custom-packaging-box","11":"product_tag-mini-perfume-wholesale","12":"product_tag-perfume-packaging-box","14":"first","15":"instock","16":"shipping-taxable","17":"product-type-simple"},"_links":{"self":[{"href":"https:\/\/zojopackaging.com\/de\/wp-json\/wp\/v2\/product\/7867","targetHints":{"allow":["GET"]}}],"collection":[{"href":"https:\/\/zojopackaging.com\/de\/wp-json\/wp\/v2\/product"}],"about":[{"href":"https:\/\/zojopackaging.com\/de\/wp-json\/wp\/v2\/types\/product"}],"version-history":[{"count":2,"href":"https:\/\/zojopackaging.com\/de\/wp-json\/wp\/v2\/product\/7867\/revisions"}],"predecessor-version":[{"id":7978,"href":"https:\/\/zojopackaging.com\/de\/wp-json\/wp\/v2\/product\/7867\/revisions\/7978"}],"wp:featuredmedia":[{"embeddable":true,"href":"https:\/\/zojopackaging.com\/de\/wp-json\/wp\/v2\/media\/7880"}],"wp:attachment":[{"href":"https:\/\/zojopackaging.com\/de\/wp-json\/wp\/v2\/media?parent=7867"}],"wp:term":[{"taxonomy":"product_brand","embeddable":true,"href":"https:\/\/zojopackaging.com\/de\/wp-json\/wp\/v2\/product_brand?post=7867"},{"taxonomy":"product_cat","embeddable":true,"href":"https:\/\/zojopackaging.com\/de\/wp-json\/wp\/v2\/product_cat?post=7867"},{"taxonomy":"product_tag","embeddable":true,"href":"https:\/\/zojopackaging.com\/de\/wp-json\/wp\/v2\/product_tag?post=7867"}],"curies":[{"name":"wp","href":"https:\/\/api.w.org\/{rel}","templated":true}]}}