{"id":7887,"date":"2025-03-22T16:36:30","date_gmt":"2025-03-22T08:36:30","guid":{"rendered":"https:\/\/zojopackaging.com\/?post_type=product&#038;p=7887"},"modified":"2025-03-22T21:50:19","modified_gmt":"2025-03-22T13:50:19","slug":"luxury-10ml-perfume-set-gift-box-form-china-manufacaturer","status":"publish","type":"product","link":"https:\/\/zojopackaging.com\/de\/product\/luxury-10ml-perfume-set-gift-box-form-china-manufacaturer\/","title":{"rendered":"Luxus 10ml Parf\u00fcmset Geschenkbox aus China Manufacaturer"},"content":{"rendered":"<p>Unbegrenzte Anpassungsm\u00f6glichkeiten, die die Pers\u00f6nlichkeit unterstreichen: Wir sind uns bewusst, dass jede Marke ihre eigene, einzigartige Pers\u00f6nlichkeit und Geschichte hat. Daher bieten wir unbegrenzte Anpassungsm\u00f6glichkeiten, von Gr\u00f6\u00dfe, Form, Farbe bis hin zu Muster und Handwerkskunst - alles kann nach Ihren W\u00fcnschen personalisiert werden, um sicherzustellen, dass Ihre Verpackung und Ihr Markenimage perfekt aufeinander abgestimmt sind.<br \/>\nC2S beschichtetes Kunstdruckpapier, leuchtende Farben: Wir verwenden hochwertiges beschichtetes C2S-Kunstdruckpapier mit glatter, gl\u00e4nzender Oberfl\u00e4che und ausgezeichnetem Druckeffekt, das Ihr Designkonzept perfekt in Szene setzt. In Kombination mit der CMYK-Drucktechnologie ist die Farbwiedergabe hoch, das Bild ist klar und zart, was Ihre Verpackung visuell eindrucksvoller macht.<br \/>\nEVA-Futter, perfekte Pflege: Wir verwenden ein hochwertiges EVA-Futter, das weich und elastisch ist und Ihre Parf\u00fcmproben effektiv sch\u00fctzen sowie Kollisionen und Reibung w\u00e4hrend des Transports verhindern kann. Die Form der Auskleidung kann entsprechend der Gr\u00f6\u00dfe Ihres Produkts angepasst werden, um eine perfekte Passform und stabile Platzierung zu gew\u00e4hrleisten.<br \/>\nChinesische Fabrik, Qualit\u00e4tssicherung: Wir verf\u00fcgen \u00fcber eine erfahrene chinesische Fabrik, die mit fortschrittlichen Produktionsanlagen und -technologien ausgestattet ist, und kontrollieren jeden Produktionsschritt streng, um eine stabile und zuverl\u00e4ssige Produktqualit\u00e4t zu gew\u00e4hrleisten. Von der Beschaffung des Rohmaterials bis zur Kontrolle des fertigen Produkts streben wir nach Spitzenleistungen und bieten Ihnen vertrauensw\u00fcrdige und hochwertige Produkte.<br \/>\nP\u00fcnktliche Lieferung, effiziente Zusammenarbeit: Wir sind uns der Bedeutung des Faktors Zeit f\u00fcr den Markt durchaus bewusst. Deshalb versprechen wir, p\u00fcnktlich zu liefern, damit Ihre Produkte wie geplant auf den Markt kommen und die Marktchancen nutzen k\u00f6nnen. Unser effizienter Produktionsprozess und unser professionelles Logistikteam bieten Ihnen einen sicheren und bequemen Lieferservice.<br \/>\n3D Mockup-Effekt, was Sie sehen, ist was Sie bekommen: Wir bieten einen 3D-Mockup-Service an, damit Sie sich vor der Produktion ein Bild vom endg\u00fcltigen Aussehen der Verpackung machen k\u00f6nnen. Sie k\u00f6nnen sorgf\u00e4ltig aus allen Blickwinkeln beobachten und nach Bedarf anpassen, um sicherzustellen, dass die Verpackungsbox perfekt Ihren Erwartungen entspricht.<br \/>\nFSC-zertifiziert, eine umweltfreundliche Wahl: Das von uns verwendete Papier ist FSC-zertifiziert, was bedeutet, dass unsere Produkte aus nachhaltig bewirtschafteten W\u00e4ldern stammen und die Umweltstandards erf\u00fcllen. Wenn Sie sich f\u00fcr unsere Produkte entscheiden, verbessern Sie nicht nur Ihr Markenimage, sondern tragen auch zum Schutz der Erde bei.<\/p>\n<p>Einzelheiten zum Produkt:<\/p>\n<p>Material: hochwertiges gestrichenes C2S-Kunstdruckpapier<br \/>\nDrucken: CMYK-Druck<br \/>\nInnenfutter: Individuelles EVA-Futter<br \/>\nVerfahren: Optionale Hei\u00dfpr\u00e4gung, Spot-UV, Laminierung und andere Oberfl\u00e4chenbehandlungsverfahren<br \/>\nZertifizierung: FSC-zertifiziert<\/p>\n<p>Merkmale:<br \/>\nMagnetischer Verschluss zum \u00d6ffnen und Schlie\u00dfen, bequem und sch\u00f6n<br \/>\nStabile Struktur, starker Schutz<br \/>\nGr\u00f6\u00dfe, Form, Farbe und Muster anpassbar<br \/>\nUnterst\u00fctzung des 3D-Mockup-Effekts<\/p>\n<p>Anwendbare Szenarien:<\/p>\n<p>Neue Produkteinf\u00fchrung einer Parf\u00fcmmarke<br \/>\nParf\u00fcm-Geschenkset<br \/>\nWerbung f\u00fcr Parf\u00fcmproben<br \/>\nHochwertige Einzelhandelsverpackungen f\u00fcr Parf\u00fcm<\/p>\n<p>Gr\u00fcnde, uns zu w\u00e4hlen:<\/p>\n<p>Professioneller Anpassungsservice: Wir verf\u00fcgen \u00fcber ein professionelles Design- und Produktionsteam, das Ihnen vom Design bis zur Produktion eine breite Palette an kundenspezifischen Dienstleistungen bieten kann, ohne dass Sie sich Sorgen machen m\u00fcssen.<br \/>\nAusgezeichnete Qualit\u00e4tssicherung: Wir kontrollieren jeden Produktionsschritt streng, um eine stabile und zuverl\u00e4ssige Produktqualit\u00e4t zu gew\u00e4hrleisten, so dass Sie das Produkt bedenkenlos verwenden k\u00f6nnen.<br \/>\nUmweltfreundlich und nachhaltig: Wir verwenden FSC-zertifiziertes Papier, unterst\u00fctzen eine nachhaltige Forstwirtschaft und tragen zum Schutz der Erde bei.<br \/>\nEffiziente und p\u00fcnktliche Lieferung: Wir verf\u00fcgen \u00fcber einen effizienten Produktionsprozess und ein professionelles Logistikteam, um sicherzustellen, dass Ihre Bestellung p\u00fcnktlich geliefert werden kann.<br \/>\nKonkurrenzf\u00e4higer Preis: Wir verf\u00fcgen \u00fcber ein komplettes Lieferkettensystem und ein Kostenkontrollsystem, das Ihnen wettbewerbsf\u00e4hige Preise und eine h\u00f6here Kostenleistung bieten kann.<\/p>","protected":false},"excerpt":{"rendered":"<p>Magnetische Parf\u00fcmprobebox, beschichtetes Papier CMYK-Druck, unbegrenzte Anpassung, mit EVA-Futter. Exquisit und sicher, erstellen Sie Ihren eigenen Duft Stil<\/p>","protected":false},"featured_media":7888,"template":"","meta":[],"product_brand":[],"product_cat":[31,30,417,424],"product_tag":[438,333,439],"class_list":{"0":"post-7887","1":"product","2":"type-product","3":"status-publish","4":"has-post-thumbnail","6":"product_cat-paper-box-style","7":"product_cat-by-industry","8":"product_cat-custom-perfume-boxes-by-industry","9":"product_cat-magnetic-closure-boxes","10":"product_tag-10ml-perfume-set-gift-box","11":"product_tag-luxury-perfume-box","12":"product_tag-perfume-box-manufacaturer","14":"first","15":"instock","16":"shipping-taxable","17":"product-type-simple"},"_links":{"self":[{"href":"https:\/\/zojopackaging.com\/de\/wp-json\/wp\/v2\/product\/7887","targetHints":{"allow":["GET"]}}],"collection":[{"href":"https:\/\/zojopackaging.com\/de\/wp-json\/wp\/v2\/product"}],"about":[{"href":"https:\/\/zojopackaging.com\/de\/wp-json\/wp\/v2\/types\/product"}],"version-history":[{"count":2,"href":"https:\/\/zojopackaging.com\/de\/wp-json\/wp\/v2\/product\/7887\/revisions"}],"predecessor-version":[{"id":7977,"href":"https:\/\/zojopackaging.com\/de\/wp-json\/wp\/v2\/product\/7887\/revisions\/7977"}],"wp:featuredmedia":[{"embeddable":true,"href":"https:\/\/zojopackaging.com\/de\/wp-json\/wp\/v2\/media\/7888"}],"wp:attachment":[{"href":"https:\/\/zojopackaging.com\/de\/wp-json\/wp\/v2\/media?parent=7887"}],"wp:term":[{"taxonomy":"product_brand","embeddable":true,"href":"https:\/\/zojopackaging.com\/de\/wp-json\/wp\/v2\/product_brand?post=7887"},{"taxonomy":"product_cat","embeddable":true,"href":"https:\/\/zojopackaging.com\/de\/wp-json\/wp\/v2\/product_cat?post=7887"},{"taxonomy":"product_tag","embeddable":true,"href":"https:\/\/zojopackaging.com\/de\/wp-json\/wp\/v2\/product_tag?post=7887"}],"curies":[{"name":"wp","href":"https:\/\/api.w.org\/{rel}","templated":true}]}}