{"id":7895,"date":"2025-03-22T16:55:29","date_gmt":"2025-03-22T08:55:29","guid":{"rendered":"https:\/\/zojopackaging.com\/?post_type=product&#038;p=7895"},"modified":"2025-03-22T21:46:34","modified_gmt":"2025-03-22T13:46:34","slug":"custom-cosmetic-collapsible-rigid-gift-boxes-from-wholesale","status":"publish","type":"product","link":"https:\/\/zojopackaging.com\/de\/product\/custom-cosmetic-collapsible-rigid-gift-boxes-from-wholesale\/","title":{"rendered":"Benutzerdefinierte kosmetische faltbare starre Geschenkboxen aus dem Gro\u00dfhandel"},"content":{"rendered":"<p>Unbegrenzte M\u00f6glichkeiten, nach Belieben angepasst: Wir bieten unbegrenzte Anpassungsm\u00f6glichkeiten: Gr\u00f6\u00dfe, Form, Farbe, Muster - alles kann nach Ihren W\u00fcnschen personalisiert werden. Ob einfach und modisch oder luxuri\u00f6s und elegant, wir k\u00f6nnen eine einzigartige Verpackung f\u00fcr Sie entwerfen, die perfekt zu Ihrem Markenimage passt.<br \/>\nC2S beschichtetes Kunstdruckpapier, leuchtende Farben: Wir verwenden hochwertiges gestrichenes C2S-Kunstdruckpapier mit einer glatten und feinen Oberfl\u00e4che und einem hervorragenden Druckeffekt. In Kombination mit der CMYK-Drucktechnologie ist die Farbwiedergabe hoch und das Bild ist klar und lebendig, wodurch Ihre Verpackungen visuell eindrucksvoller werden und die Aufmerksamkeit der Verbraucher effektiv auf sich ziehen.<\/p>\n<p>Zusammenklappbare Geschenkboxen, die Platz sparen: Die faltbaren Geschenkboxen sind clever konzipiert und bieten nach dem Entfalten reichlich Platz f\u00fcr verschiedene Kosmetika. Nach dem Zusammenfalten ist sie klein, leicht zu transportieren und zu lagern und spart effektiv Kosten.<br \/>\nKostenlose Muster, sichere Erfahrung: Damit Sie sich ein besseres Bild von unserer Produktqualit\u00e4t und unserem Service machen k\u00f6nnen, bieten wir Ihnen kostenlose Muster an. Sie k\u00f6nnen unsere Materialien, Handwerkskunst und Design pers\u00f6nlich erleben, um sicherzustellen, dass die Verpackungsbox perfekt Ihren Erwartungen entspricht.<br \/>\nChinesische Lieferanten, Kostenvorteile: Wir sind ein professioneller chinesischer Lieferant mit einem kompletten Produktions- und Lieferkettensystem, das Ihnen wettbewerbsf\u00e4hige Preise bieten kann, so dass Sie Kosten sparen und gleichzeitig qualitativ hochwertige Produkte genie\u00dfen k\u00f6nnen.<br \/>\nStrenge Qualit\u00e4tskontrolle, Qualit\u00e4tssicherung: Wir haben ein umfassendes Qualit\u00e4tskontrollsystem eingerichtet. Von der Rohstoffbeschaffung bis zur Inspektion des fertigen Produkts wird jedes Glied streng kontrolliert, um eine stabile und zuverl\u00e4ssige Produktqualit\u00e4t zu gew\u00e4hrleisten, so dass Sie es mit Vertrauen verwenden k\u00f6nnen.<br \/>\nP\u00fcnktliche Lieferung, effiziente Zusammenarbeit: Wir sind uns der Bedeutung des Faktors Zeit durchaus bewusst. Daher versprechen wir, p\u00fcnktlich zu liefern, damit Ihr Auftrag rechtzeitig fertiggestellt werden kann und Ihr Verkaufsplan nicht verz\u00f6gert wird.<br \/>\n3D-Mockup-Effekt, Vorschau auf die Zukunft: Wir bieten Ihnen einen 3D-Mockup-Effekt an, damit Sie sich vor der Produktion ein genaues Bild vom endg\u00fcltigen Aussehen der Verpackung machen k\u00f6nnen. Sie k\u00f6nnen sorgf\u00e4ltig aus allen Blickwinkeln beobachten und Anpassungen vornehmen, um sicherzustellen, dass die Verpackungsbox perfekt Ihren Erwartungen entspricht.<br \/>\nFSC-Zertifikat, umweltfreundliche Wahl: Das von uns verwendete Papier ist FSC-zertifiziert, was bedeutet, dass unsere Produkte aus nachhaltig bewirtschafteten W\u00e4ldern stammen und Umweltstandards erf\u00fcllen. Wenn Sie sich f\u00fcr unsere Produkte entscheiden, k\u00f6nnen Sie nicht nur Ihr Markenimage verbessern, sondern auch zum Schutz der Erde beitragen.<\/p>\n<p>Einzelheiten zum Produkt:<\/p>\n<p>Material: Hochwertiges gestrichenes C2S-Kunstdruckpapier<br \/>\nDrucken: CMYK-Druck<br \/>\nStruktur: Zusammenklappbare Geschenkboxen<br \/>\nVerfahren: Optionale Hei\u00dfpr\u00e4gung, Spot-UV, Laminierung und andere Veredelungsverfahren<br \/>\nZertifizierung: FSC-Zertifizierung<\/p>\n<p>Merkmale:<br \/>\nZusammenklappbar, platzsparend<br \/>\nStabile Struktur, hohe Tragf\u00e4higkeit<br \/>\nGr\u00f6\u00dfe, Form, Farbe und Muster anpassbar<br \/>\nUnterst\u00fctzung des 3D-Mockup-Effekts<\/p>\n<p>Anwendbare Szenarien:<\/p>\n<p>Kosmetische Geschenkverpackungen<br \/>\nKosmetikset-Verpackung<br \/>\nKosmetische Werbeverpackungen<br \/>\nKosmetische Einzelhandelsverpackungen<\/p>\n<p>Gr\u00fcnde, uns zu w\u00e4hlen:<\/p>\n<p>Professioneller Anpassungsservice: Wir verf\u00fcgen \u00fcber ein professionelles Design- und Produktionsteam, das Ihnen vom Design bis zur Produktion eine breite Palette an kundenspezifischen Dienstleistungen bieten kann, ohne dass Sie sich Sorgen machen m\u00fcssen.<br \/>\nAusgezeichnete Qualit\u00e4tssicherung: Wir kontrollieren streng jeden Produktionsschritt, um eine stabile und zuverl\u00e4ssige Produktqualit\u00e4t zu gew\u00e4hrleisten, so dass Sie es mit Vertrauen verwenden k\u00f6nnen.<br \/>\nUmweltfreundlich und nachhaltig: Wir verwenden FSC-zertifiziertes Papier, unterst\u00fctzen eine nachhaltige Forstwirtschaft und tragen zum Schutz der Erde bei.<br \/>\nEffiziente und p\u00fcnktliche Lieferung: Wir verf\u00fcgen \u00fcber einen effizienten Produktionsprozess und ein professionelles Logistikteam, um sicherzustellen, dass Ihre Bestellung p\u00fcnktlich geliefert werden kann.<br \/>\nKonkurrenzf\u00e4hige Preise: Wir verf\u00fcgen \u00fcber ein komplettes Lieferkettensystem und ein Kostenkontrollsystem, das Ihnen wettbewerbsf\u00e4hige Preise und eine h\u00f6here Kostenleistung bieten kann.<\/p>","protected":false},"excerpt":{"rendered":"<p>Ma\u00dfgeschneiderte Kosmetikfaltschachteln, beschichtetes Papier, CMYK-Druck, leuchtende Farben, unbegrenzte kundenspezifische Gr\u00f6\u00dfen und Designs, kreieren Sie Ihr eigenes Markenimage!<\/p>","protected":false},"featured_media":7896,"template":"","meta":[],"product_brand":[],"product_cat":[31,30,427,390],"product_tag":[440,441,278],"class_list":{"0":"post-7895","1":"product","2":"type-product","3":"status-publish","4":"has-post-thumbnail","6":"product_cat-paper-box-style","7":"product_cat-by-industry","8":"product_cat-collapsible-gift-boxes","9":"product_cat-custom-cosmetics-boxes","10":"product_tag-cosmetic-collapsible-rigid-gift-boxes","11":"product_tag-cosmetic-gift-boxes-wholesale","12":"product_tag-custom-cosmetic-boxes","14":"first","15":"instock","16":"shipping-taxable","17":"product-type-simple"},"_links":{"self":[{"href":"https:\/\/zojopackaging.com\/de\/wp-json\/wp\/v2\/product\/7895","targetHints":{"allow":["GET"]}}],"collection":[{"href":"https:\/\/zojopackaging.com\/de\/wp-json\/wp\/v2\/product"}],"about":[{"href":"https:\/\/zojopackaging.com\/de\/wp-json\/wp\/v2\/types\/product"}],"version-history":[{"count":2,"href":"https:\/\/zojopackaging.com\/de\/wp-json\/wp\/v2\/product\/7895\/revisions"}],"predecessor-version":[{"id":7976,"href":"https:\/\/zojopackaging.com\/de\/wp-json\/wp\/v2\/product\/7895\/revisions\/7976"}],"wp:featuredmedia":[{"embeddable":true,"href":"https:\/\/zojopackaging.com\/de\/wp-json\/wp\/v2\/media\/7896"}],"wp:attachment":[{"href":"https:\/\/zojopackaging.com\/de\/wp-json\/wp\/v2\/media?parent=7895"}],"wp:term":[{"taxonomy":"product_brand","embeddable":true,"href":"https:\/\/zojopackaging.com\/de\/wp-json\/wp\/v2\/product_brand?post=7895"},{"taxonomy":"product_cat","embeddable":true,"href":"https:\/\/zojopackaging.com\/de\/wp-json\/wp\/v2\/product_cat?post=7895"},{"taxonomy":"product_tag","embeddable":true,"href":"https:\/\/zojopackaging.com\/de\/wp-json\/wp\/v2\/product_tag?post=7895"}],"curies":[{"name":"wp","href":"https:\/\/api.w.org\/{rel}","templated":true}]}}