{"id":7903,"date":"2025-03-22T17:07:06","date_gmt":"2025-03-22T09:07:06","guid":{"rendered":"https:\/\/zojopackaging.com\/?post_type=product&#038;p=7903"},"modified":"2025-03-22T21:41:45","modified_gmt":"2025-03-22T13:41:45","slug":"custom-essential-oil-packaging-boxes-wholesale-in-china","status":"publish","type":"product","link":"https:\/\/zojopackaging.com\/de\/product\/custom-essential-oil-packaging-boxes-wholesale-in-china\/","title":{"rendered":"Benutzerdefinierte \u00e4therisches \u00d6l Verpackung Boxen Gro\u00dfhandel in China"},"content":{"rendered":"<p>Gestalten Sie Ihre Box nach Ihren W\u00fcnschen: Wir bieten eine breite Palette an ma\u00dfgeschneiderten Schachteloptionen an, darunter Deckel- und Bodenschachteln, Klappschachteln, Papierschachteln f\u00fcr Schubladen, Schachteln mit Magnetverschluss usw., um Ihre Anforderungen an verschiedene Stile und Funktionen zu erf\u00fcllen. Wenn Sie ein einzigartiges Designkonzept haben, k\u00f6nnen wir es auch f\u00fcr Sie ma\u00dfschneidern und einen einzigartigen Schachteltyp kreieren.<br \/>\nSpeziell f\u00fcr Kosmetika entwickelt: Unsere Verpackungen werden speziell f\u00fcr Kosmetika entwickelt, wobei die Eigenschaften des Produkts und die Nutzungsgewohnheiten der Verbraucher voll ber\u00fccksichtigt werden. Ob es sich um Lippenstift, Foundation, Lidschatten oder Hautpflegeprodukte handelt, wir k\u00f6nnen Ihnen perfekte Verpackungsl\u00f6sungen anbieten, die das Produkt sch\u00fctzen und seinen Wert steigern.<br \/>\nUnbegrenzte M\u00f6glichkeiten, unbegrenzte Anpassungen: Wir bieten Ihnen wirklich unbegrenzte Anpassungsm\u00f6glichkeiten: Gr\u00f6\u00dfe, Farbe, Muster, Material - alles kann nach Ihren W\u00fcnschen personalisiert werden. Sie k\u00f6nnen Ihrer Kreativit\u00e4t freien Lauf lassen und eine einzigartige Markenverpackung kreieren.<br \/>\nPappmaterial, leuchtende Farben: Wir verwenden hochwertiges Kartonmaterial mit einer glatten und feinen Oberfl\u00e4che und einem hervorragenden Druckeffekt. In Kombination mit der CMYK-Drucktechnologie ist die Farbwiedergabe hoch und das Bild klar und lebendig, wodurch Ihre Verpackungen eine gr\u00f6\u00dfere visuelle Wirkung haben und die Aufmerksamkeit der Verbraucher effektiv auf sich ziehen.<br \/>\nGoldhei\u00dfpr\u00e4gefolientechnik, luxuri\u00f6se Verzierung: Wir verwenden die exquisite Gold-Hei\u00dfpr\u00e4gefolientechnologie, um Metallfolie auf die Oberfl\u00e4che der Verpackung zu pr\u00e4gen, die einen schillernden Glanz und Textur aufweist. Goldhei\u00dfpr\u00e4gefolie kann auf Logos, Text, Muster usw. aufgebracht werden, was die Qualit\u00e4t und den Luxus der Verpackung sofort erh\u00f6ht und Ihr Produkt attraktiver macht.<br \/>\nKostenlose Muster, pers\u00f6nliche Erfahrung: Damit Sie sich ein besseres Bild von unserer Produktqualit\u00e4t und Handwerkskunst machen k\u00f6nnen, bieten wir Ihnen einen kostenlosen Musterservice. Sie k\u00f6nnen sich pers\u00f6nlich von unseren Materialien, der Verarbeitung und dem Design \u00fcberzeugen, um sicherzustellen, dass der Verpackungskarton Ihre Erwartungen perfekt erf\u00fcllt.<br \/>\nChina source factory, Preisvorteil: Wir sind die Quelle Fabrik in China, mit einem kompletten Produktionssystem und Supply-Chain-System, das Sie mit sehr wettbewerbsf\u00e4higen Preisen bieten kann, so dass Sie Kosten sparen, w\u00e4hrend Sie qualitativ hochwertige Produkte genie\u00dfen.<br \/>\nStrenge Qualit\u00e4tskontrolle, Exzellenz: Wir haben ein strenges Qualit\u00e4tskontrollsystem eingef\u00fchrt. Von der Beschaffung des Rohmaterials bis zur Inspektion des fertigen Produkts wird jedes Glied streng kontrolliert, um sicherzustellen, dass die Produktqualit\u00e4t stabil und zuverl\u00e4ssig ist, so dass Sie es mit Vertrauen verwenden k\u00f6nnen.<br \/>\nP\u00fcnktliche Lieferung, effizient und schnell: Wir sind uns der Bedeutung der Zeit bewusst. Deshalb versprechen wir, p\u00fcnktlich zu liefern, damit Ihr Auftrag rechtzeitig fertiggestellt werden kann und Ihr Verkaufsplan nicht verz\u00f6gert wird.<br \/>\n3D-Mockup-Effekt, Vorschau auf die Zukunft: Wir bieten Ihnen einen 3D-Mockup-Effekt an, damit Sie sich vor der Produktion ein genaues Bild vom endg\u00fcltigen Aussehen der Verpackung machen k\u00f6nnen. Sie k\u00f6nnen sorgf\u00e4ltig aus allen Blickwinkeln beobachten und Anpassungen vornehmen, um sicherzustellen, dass die Verpackungsbox perfekt Ihren Erwartungen entspricht.<br \/>\nFSC- und ISO-Zertifizierung, Engagement f\u00fcr Umweltschutz und Qualit\u00e4t: Unsere Produkte haben das FSC-Zertifikat und die ISO-Zertifizierung erhalten, die unser Engagement f\u00fcr den Umweltschutz und die soziale Verantwortung sowie die strengen Anforderungen an die Produktqualit\u00e4t und das Managementsystem belegen.<br \/>\nVollautomatische Produktion, effizient und stabil: Wir verwenden vollautomatische Produktionsanlagen, um einen effizienten und stabilen Produktionsprozess zu erreichen, die Produktionseffizienz und Produktqualit\u00e4t erheblich zu verbessern und sicherzustellen, dass Ihre Bestellung schnell und mit hoher Qualit\u00e4t ausgef\u00fchrt werden kann.<\/p>\n<p>Produktspezifikationen:<\/p>\n<p>Material: hochwertiger Karton<br \/>\nDrucken: CMYK-Druck<br \/>\nVerfahren: optional Gold-Hei\u00dfpr\u00e4gefolie, Spot-UV, Laminierung, Pr\u00e4gung und andere Veredelungsverfahren<br \/>\nZertifizierung: FSC-Zertifizierung, ISO-Zertifizierung<br \/>\nMerkmale:<br \/>\nEine Vielzahl von benutzerdefinierten Boxentypen ist verf\u00fcgbar<br \/>\nSpeziell f\u00fcr Kosmetika entwickelt<br \/>\nGoldhei\u00dfpr\u00e4gefolientechnologie zur Verbesserung der Textur<br \/>\nVollautomatische Produktion, effizient und stabil<br \/>\nUnterst\u00fctzung des 3D-Mockup-Effekts<\/p>\n<p>Anwendbare Szenarien:<\/p>\n<p>Hochwertige Kosmetik-Geschenkverpackungen<br \/>\nKosmetikset-Verpackung<br \/>\nEinf\u00fchrung neuer kosmetischer Produkte<br \/>\nKosmetische Einzelhandelsverpackungen<\/p>\n<p>Gr\u00fcnde, uns zu w\u00e4hlen:<\/p>\n<p>Professioneller Anpassungsservice: Wir verf\u00fcgen \u00fcber ein professionelles Design- und Produktionsteam, das Ihnen vom Design bis zur Produktion eine breite Palette an kundenspezifischen Dienstleistungen bieten kann, ohne dass Sie sich Sorgen machen m\u00fcssen.<br \/>\nAusgezeichnete Qualit\u00e4tssicherung: Wir kontrollieren streng jeden Produktionsschritt, um sicherzustellen, dass die Produktqualit\u00e4t stabil und zuverl\u00e4ssig ist, so dass Sie es mit Vertrauen verwenden k\u00f6nnen.<br \/>\nOffensichtlicher Preisvorteil: Wir sind die Quelle Fabrik und k\u00f6nnen Sie mit dem wettbewerbsf\u00e4higsten Preis, so dass Sie eine h\u00f6here Kosten Leistung zu erhalten.<br \/>\nEffiziente und p\u00fcnktliche Lieferung: Wir verf\u00fcgen \u00fcber einen effizienten Produktionsprozess und ein professionelles Logistikteam, um sicherzustellen, dass Ihre Bestellung p\u00fcnktlich geliefert werden kann.<br \/>\nUmweltfreundlich und nachhaltig: Wir verwenden FSC-zertifiziertes Papier, um eine nachhaltige Forstwirtschaft zu unterst\u00fctzen und zum Schutz der Erde beizutragen.<\/p>\n<p>Kontaktieren Sie uns jetzt, um ein kostenloses Muster anzufordern und Ihre exklusive Kosmetikverpackung individuell zu gestalten!<\/p>","protected":false},"excerpt":{"rendered":"<p>Gestalten Sie Kosmetikboxen, wie Sie wollen! Beschichtetes Papier Hei\u00dfpr\u00e4getechnik, zeigt Luxus. Eine Vielzahl von Schachteltypen sind verf\u00fcgbar, um exklusive Markenverpackungen zu erstellen<\/p>","protected":false},"featured_media":7905,"template":"","meta":[],"product_brand":[],"product_cat":[31,30,390,424],"product_tag":[442,444,443],"class_list":{"0":"post-7903","1":"product","2":"type-product","3":"status-publish","4":"has-post-thumbnail","6":"product_cat-paper-box-style","7":"product_cat-by-industry","8":"product_cat-custom-cosmetics-boxes","9":"product_cat-magnetic-closure-boxes","10":"product_tag-custom-essential-oil-boxes","11":"product_tag-custom-essential-oil-boxes-wholesale","12":"product_tag-essential-oil-packaging-boxes","14":"first","15":"instock","16":"shipping-taxable","17":"product-type-simple"},"_links":{"self":[{"href":"https:\/\/zojopackaging.com\/de\/wp-json\/wp\/v2\/product\/7903","targetHints":{"allow":["GET"]}}],"collection":[{"href":"https:\/\/zojopackaging.com\/de\/wp-json\/wp\/v2\/product"}],"about":[{"href":"https:\/\/zojopackaging.com\/de\/wp-json\/wp\/v2\/types\/product"}],"version-history":[{"count":2,"href":"https:\/\/zojopackaging.com\/de\/wp-json\/wp\/v2\/product\/7903\/revisions"}],"predecessor-version":[{"id":7975,"href":"https:\/\/zojopackaging.com\/de\/wp-json\/wp\/v2\/product\/7903\/revisions\/7975"}],"wp:featuredmedia":[{"embeddable":true,"href":"https:\/\/zojopackaging.com\/de\/wp-json\/wp\/v2\/media\/7905"}],"wp:attachment":[{"href":"https:\/\/zojopackaging.com\/de\/wp-json\/wp\/v2\/media?parent=7903"}],"wp:term":[{"taxonomy":"product_brand","embeddable":true,"href":"https:\/\/zojopackaging.com\/de\/wp-json\/wp\/v2\/product_brand?post=7903"},{"taxonomy":"product_cat","embeddable":true,"href":"https:\/\/zojopackaging.com\/de\/wp-json\/wp\/v2\/product_cat?post=7903"},{"taxonomy":"product_tag","embeddable":true,"href":"https:\/\/zojopackaging.com\/de\/wp-json\/wp\/v2\/product_tag?post=7903"}],"curies":[{"name":"wp","href":"https:\/\/api.w.org\/{rel}","templated":true}]}}