{"id":7914,"date":"2025-03-22T17:20:50","date_gmt":"2025-03-22T09:20:50","guid":{"rendered":"https:\/\/zojopackaging.com\/?post_type=product&#038;p=7914"},"modified":"2025-03-22T17:34:52","modified_gmt":"2025-03-22T09:34:52","slug":"luxury-perfume-packaging-gift-boxes-from-china-supplier","status":"publish","type":"product","link":"https:\/\/zojopackaging.com\/de\/product\/luxury-perfume-packaging-gift-boxes-from-china-supplier\/","title":{"rendered":"Luxus Parf\u00fcm Verpackung Geschenk-Boxen aus China Lieferant"},"content":{"rendered":"<p>Gestalten Sie Ihre Box nach Ihren W\u00fcnschen: Wir bieten eine gro\u00dfe Auswahl an ma\u00dfgeschneiderten Boxen an, darunter Deckelboxen, Klappschalenboxen, Schubladenboxen, buchf\u00f6rmige Boxen usw., um Ihre Anforderungen an verschiedene Stile und Funktionen zu erf\u00fcllen. Wenn Sie ein einzigartiges Designkonzept haben, k\u00f6nnen wir es auch f\u00fcr Sie anpassen und einen einzigartigen Schachteltyp kreieren.<br \/>\nSpeziell f\u00fcr Kosmetika entwickelt: Unsere Verpackungen werden speziell f\u00fcr Kosmetika entwickelt, wobei die Eigenschaften des Produkts und die Nutzungsgewohnheiten der Verbraucher voll ber\u00fccksichtigt werden. Ob es sich um Lippenstift, Foundation, Lidschatten oder Hautpflegeprodukte handelt, wir k\u00f6nnen Ihnen perfekte Verpackungsl\u00f6sungen anbieten, die das Produkt sch\u00fctzen und seinen Wert steigern.<br \/>\nUnbegrenzte M\u00f6glichkeiten, unbegrenzte Anpassungen: Wir bieten Ihnen wirklich unbegrenzte Anpassungsm\u00f6glichkeiten: Gr\u00f6\u00dfe, Farbe, Muster, Material - alles kann nach Ihren W\u00fcnschen personalisiert werden. Sie k\u00f6nnen Ihrer Kreativit\u00e4t freien Lauf lassen und eine einzigartige Markenverpackung kreieren.<br \/>\nBeschichtetes Papiermaterial, leuchtende Farben: Wir verwenden hochwertiges beschichtetes Papier mit einer glatten und empfindlichen Oberfl\u00e4che und einem hervorragenden Druckeffekt. In Kombination mit der CMYK-Drucktechnologie ist die Farbwiedergabe hoch und das Bild klar und lebendig, wodurch Ihre Verpackungen eine gr\u00f6\u00dfere visuelle Wirkung haben und die Aufmerksamkeit der Verbraucher effektiv auf sich ziehen.<br \/>\nHei\u00dfpr\u00e4getechnik, luxuri\u00f6se Versch\u00f6nerung: Wir verwenden eine exquisite Hei\u00dfpr\u00e4getechnik, um Metallfolie auf die Oberfl\u00e4che der Verpackung zu pr\u00e4gen, die einen schillernden Glanz und Textur aufweist. Hei\u00dfpr\u00e4gung kann auf Logos, Text, Muster usw. angewendet werden, was die Qualit\u00e4t und den Luxus der Verpackung sofort erh\u00f6ht und Ihr Produkt attraktiver macht.<br \/>\nKostenlose Muster, pers\u00f6nliche Erfahrung: Damit Sie sich ein besseres Bild von unserer Produktqualit\u00e4t und Handwerkskunst machen k\u00f6nnen, bieten wir Ihnen kostenlose Muster an. Sie k\u00f6nnen sich pers\u00f6nlich von unseren Materialien, unserer Handwerkskunst und unserem Design \u00fcberzeugen, um sicherzustellen, dass der Verpackungskarton Ihre Erwartungen perfekt erf\u00fcllt.<br \/>\nChina source factory, Preisvorteil: Wir sind die Quelle Fabrik in China, mit einem kompletten Produktionssystem und Supply-Chain-System, das Sie mit sehr wettbewerbsf\u00e4higen Preisen bieten kann, so dass Sie Kosten sparen, w\u00e4hrend Sie qualitativ hochwertige Produkte genie\u00dfen.<br \/>\nStrenge Qualit\u00e4tskontrolle, Exzellenz: Wir haben ein strenges Qualit\u00e4tskontrollsystem eingef\u00fchrt. Von der Beschaffung des Rohmaterials bis zur Inspektion des fertigen Produkts wird jedes Glied streng kontrolliert, um sicherzustellen, dass die Produktqualit\u00e4t stabil und zuverl\u00e4ssig ist, so dass Sie es mit Vertrauen verwenden k\u00f6nnen.<br \/>\nP\u00fcnktliche Lieferung, effizient und schnell: Wir sind uns der Bedeutung der Zeit bewusst. Deshalb versprechen wir, p\u00fcnktlich zu liefern, damit Ihr Auftrag rechtzeitig fertiggestellt werden kann und Ihr Verkaufsplan nicht verz\u00f6gert wird.<br \/>\n3D-Effektdarstellung, Vorschau auf die Zukunft: Wir bieten einen 3D-Effekt-Display-Service an, damit Sie den endg\u00fcltigen Effekt der Verpackungsschachtel vor der Produktion deutlich sehen k\u00f6nnen. Sie k\u00f6nnen sorgf\u00e4ltig aus allen Blickwinkeln beobachten und bei Bedarf Anpassungen vornehmen, um sicherzustellen, dass die Verpackungsbox perfekt Ihren Erwartungen entspricht.<br \/>\nDoppelte FSC- und ISO-Zertifizierung, Engagement f\u00fcr Umweltschutz und Qualit\u00e4t: Unsere Produkte haben das FSC-Zertifikat und die ISO-Zertifizierung erhalten, die unser Engagement f\u00fcr den Umweltschutz und die soziale Verantwortung sowie die strengen Anforderungen an die Produktqualit\u00e4t und das Managementsystem belegen.<br \/>\nVollautomatische Produktion, effizient und stabil: Wir verwenden vollautomatische Produktionsanlagen, um einen effizienten und stabilen Produktionsprozess zu erreichen, die Produktionseffizienz und Produktqualit\u00e4t erheblich zu verbessern und sicherzustellen, dass Ihre Bestellung schnell und mit hoher Qualit\u00e4t ausgef\u00fchrt werden kann.<\/p>\n<p>Produktspezifikationen:<\/p>\n<p>Material: hochwertiges beschichtetes Papier<br \/>\nDruck: CMYK-Vierfarbendruck<br \/>\nVerfahren: optionale Hei\u00dfpr\u00e4gung, UV, Laminierung, Pr\u00e4gung und andere Oberfl\u00e4chenbehandlungsverfahren<br \/>\nZertifizierung: FSC-Zertifizierung, ISO-Zertifizierung<br \/>\nMerkmale:<br \/>\nEine Vielzahl von benutzerdefinierten Boxentypen ist verf\u00fcgbar<br \/>\nSpeziell f\u00fcr Kosmetika entwickelt<br \/>\nHei\u00dfpr\u00e4getechnik zur Verbesserung der Textur<br \/>\nVollautomatische Produktion, effizient und stabil<br \/>\nUnterst\u00fctzt 3D-Effektanzeige<\/p>\n<p>Anwendbare Szenarien:<\/p>\n<p>Hochwertige Kosmetik-Geschenkverpackungen<br \/>\nKosmetikset-Verpackung<br \/>\nEinf\u00fchrung neuer kosmetischer Produkte<br \/>\nKosmetische Einzelhandelsverpackungen<\/p>\n<p>Gr\u00fcnde, uns zu w\u00e4hlen:<\/p>\n<p>Professioneller Anpassungsservice: Wir verf\u00fcgen \u00fcber ein professionelles Design- und Produktionsteam, das Ihnen vom Design bis zur Produktion eine breite Palette an kundenspezifischen Dienstleistungen bieten kann, ohne dass Sie sich Sorgen machen m\u00fcssen.<br \/>\nAusgezeichnete Qualit\u00e4tssicherung: Wir kontrollieren streng jeden Produktionsschritt, um sicherzustellen, dass die Produktqualit\u00e4t stabil und zuverl\u00e4ssig ist, so dass Sie es mit Vertrauen verwenden k\u00f6nnen.<br \/>\nOffensichtlicher Preisvorteil: Wir sind die Quelle Fabrik und k\u00f6nnen Sie mit dem wettbewerbsf\u00e4higsten Preis, so dass Sie eine h\u00f6here Kosten Leistung zu erhalten.<br \/>\nEffiziente und p\u00fcnktliche Lieferung: Wir verf\u00fcgen \u00fcber einen effizienten Produktionsprozess und ein professionelles Logistikteam, um sicherzustellen, dass Ihre Bestellung p\u00fcnktlich geliefert werden kann.<br \/>\nUmweltfreundlich und nachhaltig: Wir verwenden FSC-zertifiziertes Papier, um eine nachhaltige Forstwirtschaft zu unterst\u00fctzen und zum Schutz der Erde beizutragen.<\/p>","protected":false},"excerpt":{"rendered":"<p>Parf\u00fcm-Geschenkbox mit oberem und unterem Deckel, beschichtetes Papier mit Goldpr\u00e4getechnik, luxuri\u00f6se Textur, unbegrenzt anpassbare Gr\u00f6\u00dfe und Markenlogo, um exklusive Duftverpackungen zu erstellen.<\/p>","protected":false},"featured_media":7915,"template":"","meta":[],"product_brand":[],"product_cat":[31,30,417,425],"product_tag":[447,445,446],"class_list":{"0":"post-7914","1":"product","2":"type-product","3":"status-publish","4":"has-post-thumbnail","6":"product_cat-paper-box-style","7":"product_cat-by-industry","8":"product_cat-custom-perfume-boxes-by-industry","9":"product_cat-lid-and-base-gift-box","10":"product_tag-luxury-gift-boxes-supplier","11":"product_tag-luxury-perfume-gift-boxes","12":"product_tag-perfume-packaging-gift-boxes","14":"first","15":"instock","16":"shipping-taxable","17":"product-type-simple"},"_links":{"self":[{"href":"https:\/\/zojopackaging.com\/de\/wp-json\/wp\/v2\/product\/7914","targetHints":{"allow":["GET"]}}],"collection":[{"href":"https:\/\/zojopackaging.com\/de\/wp-json\/wp\/v2\/product"}],"about":[{"href":"https:\/\/zojopackaging.com\/de\/wp-json\/wp\/v2\/types\/product"}],"version-history":[{"count":1,"href":"https:\/\/zojopackaging.com\/de\/wp-json\/wp\/v2\/product\/7914\/revisions"}],"predecessor-version":[{"id":7920,"href":"https:\/\/zojopackaging.com\/de\/wp-json\/wp\/v2\/product\/7914\/revisions\/7920"}],"wp:featuredmedia":[{"embeddable":true,"href":"https:\/\/zojopackaging.com\/de\/wp-json\/wp\/v2\/media\/7915"}],"wp:attachment":[{"href":"https:\/\/zojopackaging.com\/de\/wp-json\/wp\/v2\/media?parent=7914"}],"wp:term":[{"taxonomy":"product_brand","embeddable":true,"href":"https:\/\/zojopackaging.com\/de\/wp-json\/wp\/v2\/product_brand?post=7914"},{"taxonomy":"product_cat","embeddable":true,"href":"https:\/\/zojopackaging.com\/de\/wp-json\/wp\/v2\/product_cat?post=7914"},{"taxonomy":"product_tag","embeddable":true,"href":"https:\/\/zojopackaging.com\/de\/wp-json\/wp\/v2\/product_tag?post=7914"}],"curies":[{"name":"wp","href":"https:\/\/api.w.org\/{rel}","templated":true}]}}