{"id":7921,"date":"2025-03-22T17:35:04","date_gmt":"2025-03-22T09:35:04","guid":{"rendered":"https:\/\/zojopackaging.com\/?post_type=product&#038;p=7921"},"modified":"2025-03-22T21:35:43","modified_gmt":"2025-03-22T13:35:43","slug":"gourmet-premium-chocolate-gift-boxes-from-china-manufactur","status":"publish","type":"product","link":"https:\/\/zojopackaging.com\/de\/product\/gourmet-premium-chocolate-gift-boxes-from-china-manufactur\/","title":{"rendered":"Gourmet Premium-Schokoladen-Geschenkboxen aus China Manufactur"},"content":{"rendered":"<p>Klassische Magnetverschlussboxen, praktisch und elegant: Die Magnetverschlussbox hat ein klassisches und stimmungsvolles Design, l\u00e4sst sich leicht \u00f6ffnen und schlie\u00dfen und verleiht Ihren Schokoladenprodukten einen eleganten Hauch von Ritual.<br \/>\nS\u00fc\u00dfer Schutz, exklusiv f\u00fcr Schokolade: Unsere Verpackungen sind speziell f\u00fcr Schokolade konzipiert, wobei die Empfindlichkeit von Schokolade gegen\u00fcber Temperatur, Feuchtigkeit und Licht voll ber\u00fccksichtigt wird. Die Materialauswahl und die strukturelle Gestaltung sind so konzipiert, dass sie den besten Schutz f\u00fcr Ihre Schokolade bieten und ihren k\u00f6stlichen Geschmack gew\u00e4hrleisten.<br \/>\nBewegen Sie sich wie Sie wollen, unbegrenzte Anpassung: Wir bieten Ihnen einen wirklich unbegrenzten Anpassungsservice, und alles, von der Gr\u00f6\u00dfe \u00fcber die Form und Farbe bis hin zum Muster, kann nach Ihren W\u00fcnschen personalisiert werden. Sie k\u00f6nnen Ihrer Kreativit\u00e4t freien Lauf lassen und eine einzigartige, markenexklusive Verpackung kreieren.<br \/>\nWundersch\u00f6ne Pr\u00e4sentation, Material aus Karton: Wir verwenden hochwertiges Kartonmaterial mit einer glatten und zarten Oberfl\u00e4che und einem hervorragenden Druckeffekt. In Kombination mit der CMYK-Drucktechnologie ist die Farbwiedergabe hoch und das Bild klar und lebendig, wodurch Ihre Verpackungen visuell eindrucksvoller werden und die Aufmerksamkeit der Verbraucher effektiv auf sich ziehen.<br \/>\nSicher und hygienisch, Kunststoffauskleidung: Wir verwenden eine lebensmittelechte Kunststoffauskleidung, die sicher und hygienisch, ungiftig und geruchsneutral ist, direkt mit der Schokolade in Ber\u00fchrung kommt, Verunreinigungen vermeidet und die Lebensmittelsicherheit gew\u00e4hrleistet. Die Form der Auskleidung kann entsprechend der Form der Schokolade angepasst werden, um sicherzustellen, dass die Schokolade fest sitzt und nicht leicht besch\u00e4digt wird.<br \/>\nKostenlose Muster, pers\u00f6nliche Erfahrung: Damit Sie sich ein besseres Bild von unserer Produktqualit\u00e4t und Handwerkskunst machen k\u00f6nnen, bieten wir Ihnen kostenlose Muster an. Sie k\u00f6nnen sich pers\u00f6nlich von unseren Materialien, unserer Handwerkskunst und unserem Design \u00fcberzeugen, um sicherzustellen, dass der Verpackungskarton Ihre Erwartungen perfekt erf\u00fcllt.<br \/>\nChina Quelle Fabrik, niedrigsten Preis: Wir sind die Quelle Fabrik in China, mit einem kompletten Produktionssystem und Supply-Chain-System, das Sie mit dem niedrigsten Preis bieten kann, so dass Sie Kosten sparen und genie\u00dfen Sie qualitativ hochwertige Produkte.<br \/>\nStrenge Qualit\u00e4tskontrolle, Exzellenz: Wir haben ein strenges Qualit\u00e4tskontrollsystem eingef\u00fchrt. Von der Beschaffung des Rohmaterials bis zur Inspektion des fertigen Produkts wird jedes Glied streng kontrolliert, um sicherzustellen, dass die Produktqualit\u00e4t stabil und zuverl\u00e4ssig ist, so dass Sie es mit Vertrauen verwenden k\u00f6nnen.<br \/>\n3D-Mockup-Effekt, Vorschau auf die Zukunft: Wir bieten einen 3D-Mockup-Effekt an, so dass Sie sich das endg\u00fcltige Aussehen der Verpackung vor der Produktion genau ansehen k\u00f6nnen. Sie k\u00f6nnen sorgf\u00e4ltig aus allen Blickwinkeln beobachten und nach Bedarf anpassen, um sicherzustellen, dass die Verpackungsbox perfekt Ihren Erwartungen entspricht.<br \/>\nFSC- und ISO-Zertifizierung, Umweltschutz und Qualit\u00e4tsverpflichtung: Unsere Produkte haben das FSC-Zertifikat und die ISO-Zertifizierung erhalten, die unser Engagement f\u00fcr den Umweltschutz und die soziale Verantwortung sowie die strengen Anforderungen an die Produktqualit\u00e4t und das Managementsystem belegen.<br \/>\nVollautomatische Produktion, effizient und stabil: Wir verwenden vollautomatische Produktionsanlagen, um einen effizienten und stabilen Produktionsprozess zu erreichen, der die Produktionseffizienz und die Produktqualit\u00e4t erheblich verbessert und sicherstellt, dass Ihre Bestellung schnell und mit hoher Qualit\u00e4t ausgef\u00fchrt werden kann.<br \/>\nSchnelle Musterlieferung in 3 Tagen, effiziente Reaktion: Wir versprechen eine schnelle Lieferung von Mustern innerhalb von 3 Tagen, so dass Sie den Entwurfsplan schnell best\u00e4tigen, den Produktionszyklus verk\u00fcrzen und die Marktchance nutzen k\u00f6nnen.<br \/>\nKostenloses Design, professionelle Beratung: Wir bieten einen kostenlosen Design-Service an, und professionelle Designer werden f\u00fcr Sie ma\u00dfgeschneiderte Verpackungsl\u00f6sungen entwerfen. Sie k\u00f6nnen uns Ihre Ideen und Bed\u00fcrfnisse mitteilen, und wir werden Ihnen mit professioneller Beratung und Vorschl\u00e4gen helfen, eine einzigartige Markenverpackung zu entwerfen.<\/p>\n<p>Produktspezifikationen:<\/p>\n<p>Material: hochwertiger Karton<br \/>\nDrucken: CMYK-Druck<br \/>\nSchachtelart: Schachtel mit Magnetverschluss<br \/>\nZertifizierung: FSC-Zertifizierung, ISO-Zertifizierung<br \/>\nMerkmale:<br \/>\nMagnetischer Verschluss, praktisch und elegant<br \/>\nLebensmittelgeeignete Kunststoffauskleidung, sicher und hygienisch<br \/>\nMarkenanpassung, exklusiver Stil<br \/>\nVollautomatische Produktion, effizient und stabil<br \/>\n3 Tage schnelle Probe, effiziente Reaktion<br \/>\nKostenloser Entwurfsservice<br \/>\nUnterst\u00fctzt 3D-Effektanzeige<\/p>\n<p>Anwendbare Szenarien:<\/p>\n<p>Hochwertige Schokolade als Geschenkverpackung<br \/>\nWerbung f\u00fcr die Marke Schokolade<br \/>\nVerpackung f\u00fcr Weihnachtsgeschenke aus Schokolade<br \/>\nEinzelhandelsverpackungen f\u00fcr Schokolade<\/p>\n<p>Gr\u00fcnde, uns zu w\u00e4hlen:<\/p>\n<p>Professioneller Anpassungsservice: Wir verf\u00fcgen \u00fcber ein professionelles Design- und Produktionsteam, das Ihnen vom Design bis zur Produktion eine breite Palette an kundenspezifischen Dienstleistungen bieten kann, ohne dass Sie sich Sorgen machen m\u00fcssen.<br \/>\nAusgezeichnete Qualit\u00e4tssicherung: Wir kontrollieren streng jeden Produktionsschritt, um eine stabile und zuverl\u00e4ssige Produktqualit\u00e4t zu gew\u00e4hrleisten, so dass Sie es mit Vertrauen verwenden k\u00f6nnen.<br \/>\nOffensichtlicher Preisvorteil: Wir sind die Quellfabrik und k\u00f6nnen Ihnen den wettbewerbsf\u00e4higsten Preis bieten, so dass Sie eine h\u00f6here Kostenleistung erhalten k\u00f6nnen.<br \/>\nEffiziente und p\u00fcnktliche Lieferung: Wir verf\u00fcgen \u00fcber einen effizienten Produktionsprozess und ein professionelles Logistikteam, um sicherzustellen, dass Ihre Bestellung p\u00fcnktlich geliefert werden kann.<br \/>\nSchnelles Muster in 3 Tagen: Wir versprechen, innerhalb von 3 Tagen Muster zu produzieren, damit Sie den Entwurf schnell best\u00e4tigen k\u00f6nnen.<br \/>\nKostenloser Design-Service: Wir bieten einen kostenlosen Design-Service und ma\u00dfgeschneiderte Verpackungsl\u00f6sungen f\u00fcr Sie.<br \/>\nUmweltfreundlich und nachhaltig: Wir verwenden FSC-zertifiziertes Papier, unterst\u00fctzen eine nachhaltige Forstwirtschaft und tragen zum Schutz der Erde bei.<\/p>","protected":false},"excerpt":{"rendered":"<p>Kundenspezifische Magnetschachtel f\u00fcr Schokolade, bedruckt auf beschichtetem Papier, ausgekleidet mit Kunststoffschale, sicher und hygienisch. Unbegrenzte Anpassung von Gr\u00f6\u00dfe und Markenlogo, um exklusive s\u00fc\u00dfe Verpackungen zu erstellen<\/p>","protected":false},"featured_media":7922,"template":"","meta":[],"product_brand":[],"product_cat":[31,30,422,424],"product_tag":[450,448,449],"class_list":{"0":"post-7921","1":"product","2":"type-product","3":"status-publish","4":"has-post-thumbnail","6":"product_cat-paper-box-style","7":"product_cat-by-industry","8":"product_cat-custom-gourmet-boxes-by-industry","9":"product_cat-magnetic-closure-boxes","10":"product_tag-chocolate-gift-boxes-manufactur","11":"product_tag-gourmet-chocolate-gift-boxes","12":"product_tag-premium-chocolate-gift-boxes","14":"first","15":"instock","16":"shipping-taxable","17":"product-type-simple"},"_links":{"self":[{"href":"https:\/\/zojopackaging.com\/de\/wp-json\/wp\/v2\/product\/7921","targetHints":{"allow":["GET"]}}],"collection":[{"href":"https:\/\/zojopackaging.com\/de\/wp-json\/wp\/v2\/product"}],"about":[{"href":"https:\/\/zojopackaging.com\/de\/wp-json\/wp\/v2\/types\/product"}],"version-history":[{"count":2,"href":"https:\/\/zojopackaging.com\/de\/wp-json\/wp\/v2\/product\/7921\/revisions"}],"predecessor-version":[{"id":7974,"href":"https:\/\/zojopackaging.com\/de\/wp-json\/wp\/v2\/product\/7921\/revisions\/7974"}],"wp:featuredmedia":[{"embeddable":true,"href":"https:\/\/zojopackaging.com\/de\/wp-json\/wp\/v2\/media\/7922"}],"wp:attachment":[{"href":"https:\/\/zojopackaging.com\/de\/wp-json\/wp\/v2\/media?parent=7921"}],"wp:term":[{"taxonomy":"product_brand","embeddable":true,"href":"https:\/\/zojopackaging.com\/de\/wp-json\/wp\/v2\/product_brand?post=7921"},{"taxonomy":"product_cat","embeddable":true,"href":"https:\/\/zojopackaging.com\/de\/wp-json\/wp\/v2\/product_cat?post=7921"},{"taxonomy":"product_tag","embeddable":true,"href":"https:\/\/zojopackaging.com\/de\/wp-json\/wp\/v2\/product_tag?post=7921"}],"curies":[{"name":"wp","href":"https:\/\/api.w.org\/{rel}","templated":true}]}}