{"id":7929,"date":"2025-03-22T17:53:26","date_gmt":"2025-03-22T09:53:26","guid":{"rendered":"https:\/\/zojopackaging.com\/?post_type=product&#038;p=7929"},"modified":"2025-03-22T21:30:37","modified_gmt":"2025-03-22T13:30:37","slug":"high-quality-custom-printed-essential-oil-boxes-distributors","status":"publish","type":"product","link":"https:\/\/zojopackaging.com\/de\/product\/high-quality-custom-printed-essential-oil-boxes-distributors\/","title":{"rendered":"Hochwertige, individuell bedruckte Boxen f\u00fcr \u00e4therische \u00d6le Vertriebsh\u00e4ndler"},"content":{"rendered":"<p>Klassische Wahl, Deckel und Boden: Der Deckel und der Boden haben eine stabile Struktur, lassen sich leicht \u00f6ffnen und schlie\u00dfen und sind klassisch und elegant. Es ist die ideale Wahl f\u00fcr hochwertige Verpackungen f\u00fcr \u00e4therische \u00d6le zur Hautpflege. Das Gef\u00fchl des Rituals beim \u00d6ffnen l\u00e4sst die Verbraucher das ultimative Streben der Marke nach Details sp\u00fcren.<\/p>\n<p>Exklusiv f\u00fcr \u00e4therische \u00d6le, volle Pflege: Unsere Verpackungen wurden speziell f\u00fcr \u00e4therische \u00d6le zur Hautpflege entwickelt, wobei die Empfindlichkeit der \u00e4therischen \u00d6le gegen\u00fcber Licht, Temperatur und Luft voll ber\u00fccksichtigt wurde. Sowohl die Auswahl der Materialien als auch die Konstruktion sind darauf ausgelegt, Ihre \u00e4therischen \u00d6le bestm\u00f6glich zu sch\u00fctzen, damit ihre Wirkstoffe nicht beeintr\u00e4chtigt werden.<br \/>\nUnbegrenzte M\u00f6glichkeiten, unbegrenzte Anpassungen: Wir bieten Ihnen wirklich unbegrenzte Anpassungsm\u00f6glichkeiten: Gr\u00f6\u00dfe, Form, Farbe, Muster - alles kann nach Ihren W\u00fcnschen personalisiert werden. Sie k\u00f6nnen Ihrer Kreativit\u00e4t freien Lauf lassen und eine einzigartige, markenexklusive Verpackung kreieren.<br \/>\nLuxuri\u00f6se Haptik, spezielles Papiermaterial: Wir verwenden eine Vielzahl von Spezialpapieren, wie z. B. taktiles Papier, Perlpapier, Kunstdruckpapier usw., mit reichhaltigen Texturen und feinen Strukturen, die dem Verpackungskarton ein einzigartiges visuelles und haptisches Erlebnis verleihen und die High-End-Positionierung der Marke unterstreichen.<br \/>\nLebendige Farben, CMYK-Druck: Wir verwenden eine fortschrittliche CMYK-Drucktechnologie mit hoher Farbwiedergabe und klaren und lebendigen Bildern, die Ihr Designkonzept perfekt darstellen und Ihre Verpackung attraktiver machen k\u00f6nnen.<br \/>\nKostenlose Muster, pers\u00f6nliche Erfahrung: Damit Sie sich ein besseres Bild von unserer Produktqualit\u00e4t und unserem Service machen k\u00f6nnen, bieten wir Ihnen einen kostenlosen Musterservice. Sie k\u00f6nnen unsere Materialien, unsere Handwerkskunst und unser Design pers\u00f6nlich erleben, um sicherzustellen, dass der Verpackungskarton Ihre Erwartungen perfekt erf\u00fcllt.<br \/>\nChina source supplier, niedrigster Preis: Wir sind ein chinesischer Lieferant mit einem kompletten Produktions- und Lieferkettensystem, das Ihnen den niedrigsten Preis bietet, so dass Sie hochwertige Produkte genie\u00dfen und gleichzeitig Kosten sparen k\u00f6nnen.<br \/>\nStrenge Qualit\u00e4tskontrolle, Exzellenz: Wir haben ein strenges Qualit\u00e4tskontrollsystem eingef\u00fchrt. Von der Beschaffung des Rohmaterials bis zur Inspektion des fertigen Produkts wird jedes Glied streng kontrolliert, um eine stabile und zuverl\u00e4ssige Produktqualit\u00e4t zu gew\u00e4hrleisten, so dass Sie es mit Vertrauen verwenden k\u00f6nnen.<br \/>\nFSC- und ISO-Zertifizierung, Umweltschutz und Qualit\u00e4tsverpflichtung: Unsere Produkte haben das FSC-Zertifikat und die ISO-Zertifizierung erhalten, die unser Engagement f\u00fcr den Umweltschutz und die soziale Verantwortung sowie die strengen Anforderungen an die Produktqualit\u00e4t und das Managementsystem belegen.<br \/>\nKostenloses Design, professionelle Beratung: Wir bieten einen kostenlosen Design-Service an, und professionelle Designer werden f\u00fcr Sie ma\u00dfgeschneiderte Verpackungsl\u00f6sungen entwerfen. Sie k\u00f6nnen uns Ihre Ideen und Bed\u00fcrfnisse mitteilen, und wir werden Ihnen mit professioneller Beratung und Vorschl\u00e4gen helfen, eine einzigartige Markenverpackung zu entwerfen.<br \/>\nExperte f\u00fcr Verpackungsl\u00f6sungen: Wir stellen nicht nur Verpackungskartons her, sondern zeichnen uns auch durch unsere Vorschl\u00e4ge f\u00fcr Verpackungsl\u00f6sungen aus. Auf der Grundlage eines tiefen Verst\u00e4ndnisses der Hautpflegebranche und der Produkte mit \u00e4therischen \u00d6len k\u00f6nnen wir Ihren Produkten eine ganze Reihe von Verpackungsl\u00f6sungen anbieten, von der Materialauswahl \u00fcber das strukturelle Design bis hin zur Prozessabstimmung, um den Gesamtwert des Produkts zu steigern.<\/p>\n<p>Produktspezifikationen:<\/p>\n<p>Material: Eine Vielzahl von Spezialpapieren ist verf\u00fcgbar<br \/>\nDruck: CMYK-Vierfarbendruck<br \/>\nSchachtel-Typ: Schachtel mit oberem und unterem Deckel<br \/>\nZertifizierung: FSC-Zertifizierung, ISO-Zertifizierung<br \/>\nMerkmale:<br \/>\nOber- und Unterdeckeldesign, klassische Atmosph\u00e4re<br \/>\nEine Vielzahl von Spezialpapieren ist erh\u00e4ltlich, luxuri\u00f6se Textur<br \/>\nMarkenanpassung, exklusiver Stil<br \/>\nKostenloser Entwurfsservice wird angeboten<br \/>\nGut im Verpacken von L\u00f6sungsvorschl\u00e4gen<\/p>\n<p>Anwendbare Szenarien:<\/p>\n<p>Hochwertige Hautpflege \u00e4therisches \u00d6l Geschenk-Box Verpackung<br \/>\nF\u00f6rderung des Markenimages f\u00fcr \u00e4therische \u00d6le<br \/>\nVerpackungen f\u00fcr \u00e4therische \u00d6le als Weihnachtsgeschenk<br \/>\nEinzelhandelsverpackungen f\u00fcr \u00e4therische \u00d6le<\/p>\n<p>Gr\u00fcnde, uns zu w\u00e4hlen:<\/p>\n<p>Professioneller Anpassungsservice: Wir verf\u00fcgen \u00fcber ein professionelles Design- und Produktionsteam, das Ihnen vom Design bis zur Produktion alle Dienstleistungen rund um die Personalisierung anbieten kann.<br \/>\nAusgezeichnete Qualit\u00e4tssicherung: Wir kontrollieren jeden Produktionsschritt streng, um eine stabile und zuverl\u00e4ssige Produktqualit\u00e4t zu gew\u00e4hrleisten, so dass Sie das Produkt bedenkenlos verwenden k\u00f6nnen.<br \/>\nOffensichtlicher Preisvorteil: Wir sind der Quelllieferant und k\u00f6nnen Ihnen den wettbewerbsf\u00e4higsten Preis bieten, so dass Sie eine h\u00f6here Kostenleistung erhalten.<br \/>\nKostenloser Design-Service: Wir bieten einen kostenlosen Design-Service und ma\u00dfgeschneiderte Verpackungsl\u00f6sungen f\u00fcr Sie.<br \/>\nExperte f\u00fcr Verpackungsl\u00f6sungen: Wir kennen uns mit Vorschl\u00e4gen f\u00fcr Verpackungsl\u00f6sungen aus und bieten eine breite Palette von Verpackungsl\u00f6sungen f\u00fcr Ihre Produkte.<br \/>\nUmweltfreundlich und nachhaltig: Wir verwenden FSC-zertifiziertes Papier, unterst\u00fctzen eine nachhaltige Forstwirtschaft und tragen zum Schutz der Erde bei.<\/p>","protected":false},"excerpt":{"rendered":"<p>Verpackung f\u00fcr \u00e4therische \u00d6le f\u00fcr die Hautpflege mit Deckel, Spezialpapier mit CMYK-Druck, zarte Textur. Unbegrenzte benutzerdefinierte Gr\u00f6\u00dfen und Designs zu schaffen exklusive Marke High-End-Verpackung<\/p>","protected":false},"featured_media":7933,"template":"","meta":[],"product_brand":[],"product_cat":[31,30,390,425],"product_tag":[452,453,451],"class_list":{"0":"post-7929","1":"product","2":"type-product","3":"status-publish","4":"has-post-thumbnail","6":"product_cat-paper-box-style","7":"product_cat-by-industry","8":"product_cat-custom-cosmetics-boxes","9":"product_cat-lid-and-base-gift-box","10":"product_tag-custom-printed-essential-oil-boxes","11":"product_tag-essential-oil-boxes-distributors","12":"product_tag-high-quality-essential-oil-boxes","14":"first","15":"instock","16":"shipping-taxable","17":"product-type-simple"},"_links":{"self":[{"href":"https:\/\/zojopackaging.com\/de\/wp-json\/wp\/v2\/product\/7929","targetHints":{"allow":["GET"]}}],"collection":[{"href":"https:\/\/zojopackaging.com\/de\/wp-json\/wp\/v2\/product"}],"about":[{"href":"https:\/\/zojopackaging.com\/de\/wp-json\/wp\/v2\/types\/product"}],"version-history":[{"count":2,"href":"https:\/\/zojopackaging.com\/de\/wp-json\/wp\/v2\/product\/7929\/revisions"}],"predecessor-version":[{"id":7973,"href":"https:\/\/zojopackaging.com\/de\/wp-json\/wp\/v2\/product\/7929\/revisions\/7973"}],"wp:featuredmedia":[{"embeddable":true,"href":"https:\/\/zojopackaging.com\/de\/wp-json\/wp\/v2\/media\/7933"}],"wp:attachment":[{"href":"https:\/\/zojopackaging.com\/de\/wp-json\/wp\/v2\/media?parent=7929"}],"wp:term":[{"taxonomy":"product_brand","embeddable":true,"href":"https:\/\/zojopackaging.com\/de\/wp-json\/wp\/v2\/product_brand?post=7929"},{"taxonomy":"product_cat","embeddable":true,"href":"https:\/\/zojopackaging.com\/de\/wp-json\/wp\/v2\/product_cat?post=7929"},{"taxonomy":"product_tag","embeddable":true,"href":"https:\/\/zojopackaging.com\/de\/wp-json\/wp\/v2\/product_tag?post=7929"}],"curies":[{"name":"wp","href":"https:\/\/api.w.org\/{rel}","templated":true}]}}