{"id":7937,"date":"2025-03-22T18:06:03","date_gmt":"2025-03-22T10:06:03","guid":{"rendered":"https:\/\/zojopackaging.com\/?post_type=product&#038;p=7937"},"modified":"2025-03-22T21:27:23","modified_gmt":"2025-03-22T13:27:23","slug":"customized-logo-hair-straightener-packaging-boxes-wholesale","status":"publish","type":"product","link":"https:\/\/zojopackaging.com\/de\/product\/customized-logo-hair-straightener-packaging-boxes-wholesale\/","title":{"rendered":"Kundenspezifisches Logo Haargl\u00e4tter Verpackung Boxen Gro\u00dfhandel"},"content":{"rendered":"<p>Klassischer Magnetverschluss zum Ansaugen, praktisch und elegant: Die Magnetverschluss-Saugdose hat ein klassisches und stimmungsvolles Design und l\u00e4sst sich leicht \u00f6ffnen und schlie\u00dfen. Sie verleiht Ihren Haargl\u00e4ttungsprodukten ein elegantes Gef\u00fchl von Ritual und verbessert die Benutzererfahrung.<\/p>\n<p>Exklusive Personalisierung, volle Sorgfalt: Unsere Verpackungskartons werden speziell f\u00fcr Haargl\u00e4tter entwickelt, wobei die Form, die Gr\u00f6\u00dfe und der Schutzbedarf des Produkts voll ber\u00fccksichtigt werden. Die innere Struktur kann entsprechend Ihrem Produkt angepasst werden, um sicherzustellen, dass der Haargl\u00e4tter fest platziert ist und Kollisionen und Reibung w\u00e4hrend des Transports zu vermeiden.<\/p>\n<p>Unbegrenzte M\u00f6glichkeiten, unbegrenzte Anpassungen: Wir bieten Ihnen wirklich unbegrenzte Anpassungsm\u00f6glichkeiten. Von der Gr\u00f6\u00dfe \u00fcber die Form und Farbe bis hin zum Muster kann alles nach Ihren W\u00fcnschen gestaltet werden. Sie k\u00f6nnen Ihrer Kreativit\u00e4t freien Lauf lassen und eine einzigartige, markenexklusive Verpackung kreieren.<\/p>\n<p>Wundersch\u00f6ne Pr\u00e4sentation, Material aus Karton: Wir verwenden hochwertiges Kartonmaterial mit einer glatten und zarten Oberfl\u00e4che und einem hervorragenden Druckeffekt. In Kombination mit der CMYK-Drucktechnologie ist die Farbwiedergabe hoch und das Bild klar und lebendig, wodurch Ihre Verpackungen visuell eindrucksvoller werden und die Aufmerksamkeit der Verbraucher effektiv auf sich ziehen.<\/p>\n<p>Kostenlose Muster, pers\u00f6nliche Erfahrung: Damit Sie sich ein besseres Bild von unserer Produktqualit\u00e4t und unserem Service machen k\u00f6nnen, stellen wir Ihnen kostenlose Muster zur Verf\u00fcgung. Sie k\u00f6nnen sich pers\u00f6nlich von unseren Materialien, der Verarbeitung und dem Design \u00fcberzeugen, um sicherzustellen, dass der Verpackungskarton perfekt Ihren Erwartungen entspricht.<\/p>\n<p>China Quelle Lieferant, niedrigster Preis: Wir sind China Quelle Lieferant, mit einem kompletten Produktionssystem und Supply-Chain-System, das Sie mit dem niedrigsten Preis bieten kann, so dass Sie Kosten sparen k\u00f6nnen, w\u00e4hrend Sie qualitativ hochwertige Produkte genie\u00dfen.<\/p>\n<p>Strenge Qualit\u00e4tskontrolle, Exzellenz: Wir haben ein strenges Qualit\u00e4tskontrollsystem eingef\u00fchrt, von der Rohstoffbeschaffung bis zur Inspektion des fertigen Produkts wird jedes Glied streng kontrolliert, um eine stabile und zuverl\u00e4ssige Produktqualit\u00e4t zu gew\u00e4hrleisten, so dass Sie es mit Vertrauen verwenden k\u00f6nnen.<\/p>\n<p>FSC- und ISO-Zertifizierung, Umweltschutz und Qualit\u00e4tsverpflichtung: Unsere Produkte haben das FSC-Zertifikat und die ISO-Zertifizierung erhalten, die unser Engagement f\u00fcr den Umweltschutz und die soziale Verantwortung sowie die strengen Anforderungen an die Produktqualit\u00e4t und das Managementsystem belegen.<\/p>\n<p>Kostenloses Design, professionelle Beratung: Wir bieten einen kostenlosen Design-Service an, und professionelle Designer werden f\u00fcr Sie ma\u00dfgeschneiderte Verpackungsl\u00f6sungen entwerfen. Sie k\u00f6nnen uns Ihre Ideen und Bed\u00fcrfnisse mitteilen, und wir werden Ihnen mit professioneller Beratung und Vorschl\u00e4gen helfen, eine einzigartige Markenverpackung zu entwerfen.<\/p>\n<p>Kostenloses Angebot innerhalb von 10 Minuten: Wir versprechen, Ihnen innerhalb von 10 Minuten nach Erhalt Ihrer Anfrage ein kostenloses Angebot zu unterbreiten, damit Sie die Kosten schnell verstehen und eine effiziente Entscheidung treffen k\u00f6nnen.<\/p>\n<p>Schnellste Lieferung: Wir verf\u00fcgen \u00fcber einen effizienten Produktionsprozess und ein professionelles Logistikteam, das Ihnen die schnellste Lieferung gew\u00e4hrleisten kann, so dass Ihre Bestellung rechtzeitig fertiggestellt werden kann, ohne Ihren Verkaufsplan zu beeintr\u00e4chtigen.<br \/>\n24\/7 online: Wir bieten einen 24\/7-Online-Kundendienst, um Ihre Fragen jederzeit zu beantworten und Ihnen zeitnahen und professionellen Support zu bieten.<\/p>\n<p>Produktspezifikationen:<\/p>\n<p>Material: hochwertiger Karton<br \/>\nDrucken: CMYK-Druck<br \/>\nSchachtelart: Schachtel mit Magnetverschluss<br \/>\nZertifizierung: FSC-Zertifizierung, ISO-Zertifizierung<br \/>\nMerkmale:<br \/>\nMagnetischer Verschluss, praktisch und elegant<br \/>\nSpeziell f\u00fcr Haargl\u00e4tter entwickelt, starker Schutz<br \/>\nMarkenanpassung, exklusiver Stil<br \/>\nKostenloses Angebot innerhalb von 10 Minuten, schnelle Reaktion<br \/>\nKostenloser Entwurfsservice<br \/>\nSchnellste Lieferung f\u00fcr Ihren dringenden Bedarf<br \/>\n7\/24 Stunden Online-Service<\/p>\n<p>Anwendbare Szenarien:<\/p>\n<p>Hochwertige Haargl\u00e4tter-Geschenkbox-Verpackung<br \/>\nF\u00f6rderung des Markenimages von Haargl\u00e4ttungsger\u00e4ten<br \/>\nEinzelhandelsverpackungen von Haargl\u00e4ttungsmitteln<br \/>\nWerbeverpackungen f\u00fcr Haargl\u00e4tteisen<\/p>\n<p>Gr\u00fcnde, uns zu w\u00e4hlen:<\/p>\n<p>Professioneller Anpassungsservice: Wir verf\u00fcgen \u00fcber ein professionelles Design- und Produktionsteam, das Ihnen vom Design bis zur Produktion alle Dienstleistungen rund um die Personalisierung anbieten kann.<br \/>\nAusgezeichnete Qualit\u00e4tssicherung: Wir kontrollieren streng jeden Produktionsschritt, um eine stabile und zuverl\u00e4ssige Produktqualit\u00e4t zu gew\u00e4hrleisten, so dass Sie es mit Vertrauen verwenden k\u00f6nnen.<br \/>\nOffensichtlicher Preisvorteil: Wir sind der Quelllieferant und k\u00f6nnen Ihnen den wettbewerbsf\u00e4higsten Preis bieten, so dass Sie eine h\u00f6here Kostenleistung erhalten.<br \/>\nEffiziente und p\u00fcnktliche Lieferung: Wir verf\u00fcgen \u00fcber einen effizienten Produktionsprozess und ein professionelles Logistikteam, um sicherzustellen, dass Ihre Bestellung p\u00fcnktlich geliefert werden kann.<br \/>\nKostenloser Design-Service: Wir bieten einen kostenlosen Design-Service, um Verpackungsl\u00f6sungen f\u00fcr Sie zu entwerfen.<br \/>\nSchnelle Reaktion: Wir bieten kostenlose Kostenvoranschl\u00e4ge innerhalb von 10 Minuten und einen 24\/7-Online-Kundendienst, so dass Sie jederzeit und \u00fcberall Unterst\u00fctzung erhalten.<br \/>\nUmweltfreundlich und nachhaltig: Wir verwenden FSC-zertifiziertes Papier, unterst\u00fctzen eine nachhaltige Forstwirtschaft und tragen zum Schutz der Erde bei.<\/p>","protected":false},"excerpt":{"rendered":"<p>Kundenspezifische magnetische Box f\u00fcr Haargl\u00e4tter, beschichtetes Papier CMYK-Druck, helle Farben. Unbegrenzte Anpassung von Gr\u00f6\u00dfe und Design, erstellen Sie exklusive Markenverpackung, um Ihre Produkte zu sch\u00fctzen!<\/p>","protected":false},"featured_media":7942,"template":"","meta":[],"product_brand":[],"product_cat":[31,30,413,424],"product_tag":[454,456,455],"class_list":{"0":"post-7937","1":"product","2":"type-product","3":"status-publish","4":"has-post-thumbnail","6":"product_cat-paper-box-style","7":"product_cat-by-industry","8":"product_cat-consumer-electronics-boxes","9":"product_cat-magnetic-closure-boxes","10":"product_tag-customized-hair-straightener-packaging-boxes","11":"product_tag-hair-straightener-boxes","12":"product_tag-hair-straightener-packaging-boxes-wholesale","14":"first","15":"instock","16":"shipping-taxable","17":"product-type-simple"},"_links":{"self":[{"href":"https:\/\/zojopackaging.com\/de\/wp-json\/wp\/v2\/product\/7937","targetHints":{"allow":["GET"]}}],"collection":[{"href":"https:\/\/zojopackaging.com\/de\/wp-json\/wp\/v2\/product"}],"about":[{"href":"https:\/\/zojopackaging.com\/de\/wp-json\/wp\/v2\/types\/product"}],"version-history":[{"count":2,"href":"https:\/\/zojopackaging.com\/de\/wp-json\/wp\/v2\/product\/7937\/revisions"}],"predecessor-version":[{"id":7972,"href":"https:\/\/zojopackaging.com\/de\/wp-json\/wp\/v2\/product\/7937\/revisions\/7972"}],"wp:featuredmedia":[{"embeddable":true,"href":"https:\/\/zojopackaging.com\/de\/wp-json\/wp\/v2\/media\/7942"}],"wp:attachment":[{"href":"https:\/\/zojopackaging.com\/de\/wp-json\/wp\/v2\/media?parent=7937"}],"wp:term":[{"taxonomy":"product_brand","embeddable":true,"href":"https:\/\/zojopackaging.com\/de\/wp-json\/wp\/v2\/product_brand?post=7937"},{"taxonomy":"product_cat","embeddable":true,"href":"https:\/\/zojopackaging.com\/de\/wp-json\/wp\/v2\/product_cat?post=7937"},{"taxonomy":"product_tag","embeddable":true,"href":"https:\/\/zojopackaging.com\/de\/wp-json\/wp\/v2\/product_tag?post=7937"}],"curies":[{"name":"wp","href":"https:\/\/api.w.org\/{rel}","templated":true}]}}