{"id":7946,"date":"2025-03-22T18:19:55","date_gmt":"2025-03-22T10:19:55","guid":{"rendered":"https:\/\/zojopackaging.com\/?post_type=product&#038;p=7946"},"modified":"2025-03-22T21:21:54","modified_gmt":"2025-03-22T13:21:54","slug":"featured-custom-wine-spirits-packaging-gift-box-wholesale","status":"publish","type":"product","link":"https:\/\/zojopackaging.com\/de\/product\/featured-custom-wine-spirits-packaging-gift-box-wholesale\/","title":{"rendered":"Featured benutzerdefinierte Wein Spirituosen Verpackung Geschenk-Box Gro\u00dfhandel"},"content":{"rendered":"<p>Klassische Magnetverschlussboxen, edle Erfahrung: Die Magnetverschlussbox hat ein klassisches und elegantes Design und ist leicht zu \u00f6ffnen und zu schlie\u00dfen, was Ihren Weinprodukten ein edles Gef\u00fchl von Ritual verleiht und das Benutzererlebnis verbessert. Das \"Klick\"-Ger\u00e4usch des Magnetverschlusses symbolisiert den Beginn einer wunderbaren Verkostungsreise.<\/p>\n<p>Exklusiv f\u00fcr edle Weine, ma\u00dfgeschneidert: Unsere Verpackungskisten sind f\u00fcr verschiedene Weinsorten wie Wein, Spirituosen und Rotwein konzipiert, wobei die Form, Gr\u00f6\u00dfe und der Schutzbedarf der verschiedenen Weinflaschen ber\u00fccksichtigt werden. Die innere Struktur kann an Ihr Produkt angepasst werden, um sicherzustellen, dass die Weinflasche fest platziert ist, um Kollisionen und Reibung w\u00e4hrend des Transports zu vermeiden.<\/p>\n<p>Unbegrenzte M\u00f6glichkeiten, unbegrenzte Anpassungen: Wir bieten wirklich unbegrenzte Anpassungsm\u00f6glichkeiten, und alles kann nach Ihren W\u00fcnschen in Bezug auf Gr\u00f6\u00dfe, Form, Farbe und Muster personalisiert werden. Sie k\u00f6nnen Ihrer Kreativit\u00e4t freien Lauf lassen, um eine einzigartige, markenexklusive Verpackung zu schaffen und Ihre Markenpers\u00f6nlichkeit zu unterstreichen.<\/p>\n<p>Wundersch\u00f6ne Pr\u00e4sentation, C2S beschichtetes Kunstdruckpapier: Wir verwenden hochwertiges gestrichenes C2S-Kunstdruckpapier mit einer glatten und zarten Oberfl\u00e4che und einem hervorragenden Druckeffekt. In Kombination mit der CMYK-Drucktechnologie ist die Farbwiedergabe hoch und das Bild ist klar und lebendig, wodurch Ihre Verpackungen visuell eindrucksvoller werden und die Aufmerksamkeit der Verbraucher effektiv auf sich ziehen.<\/p>\n<p>Luxuri\u00f6se Verzierung, Silber-Hei\u00dfpr\u00e4gefolientechnik: Wir verwenden die exquisite Silber-Hei\u00dfpr\u00e4gefolientechnologie, um Silbermetallfolie auf die Oberfl\u00e4che der Verpackung zu pr\u00e4gen, die einen schillernden Glanz und Textur aufweist. Silberne Hei\u00dfpr\u00e4gefolie kann auf Markenlogos, Produktnamen, dekorative Muster usw. aufgebracht werden, was die Qualit\u00e4t und den Luxus der Verpackung sofort steigert und den Adel der Marke hervorhebt.<\/p>\n<p>Kostenlose Muster, pers\u00f6nliche Erfahrung: Um Ihnen ein besseres Verst\u00e4ndnis f\u00fcr die Qualit\u00e4t unserer Produkte und Dienstleistungen zu vermitteln, bieten wir Ihnen kostenlose Muster an. Sie k\u00f6nnen sich pers\u00f6nlich von unseren Materialien, der Verarbeitung und dem Design \u00fcberzeugen, um sicherzustellen, dass die Verpackungsbox Ihre Erwartungen perfekt erf\u00fcllt.<\/p>\n<p>China Quelle Lieferant, niedrigster Preis: Wir sind ein Quelllieferant in China mit einem kompletten Produktions- und Lieferkettensystem, das Ihnen den niedrigsten Preis bieten kann, so dass Sie Kosten sparen und gleichzeitig in den Genuss hochwertiger Produkte kommen.<\/p>\n<p>Strenge Qualit\u00e4tskontrolle, Exzellenz: Wir haben ein strenges Qualit\u00e4tskontrollsystem eingef\u00fchrt. Von der Beschaffung des Rohmaterials bis zur Inspektion des fertigen Produkts wird jedes Glied streng kontrolliert, um sicherzustellen, dass die Produktqualit\u00e4t stabil und zuverl\u00e4ssig ist, so dass Sie es mit Vertrauen verwenden k\u00f6nnen.<\/p>\n<p>FSC- und ISO-Zertifizierung, Umweltschutz und Qualit\u00e4tsverpflichtung: Unsere Produkte haben das FSC-Zertifikat und die ISO-Zertifizierung erhalten, die unser Engagement f\u00fcr den Umweltschutz und die soziale Verantwortung sowie die strengen Anforderungen an die Produktqualit\u00e4t und das Managementsystem belegen.<\/p>\n<p>Kostenloses Design, professionelle Beratung: Wir bieten einen kostenlosen Design-Service an, und professionelle Designer werden f\u00fcr Sie ma\u00dfgeschneiderte Verpackungsl\u00f6sungen entwerfen. Sie k\u00f6nnen uns Ihre Ideen und Bed\u00fcrfnisse mitteilen, und wir werden Ihnen mit professioneller Beratung und Vorschl\u00e4gen helfen, eine einzigartige Markenverpackung zu entwerfen.<\/p>\n<p>Kostenloses Angebot innerhalb von 10 Minuten: Wir versprechen, Ihnen innerhalb von 10 Minuten nach Erhalt Ihrer Anfrage ein kostenloses Angebot zu unterbreiten, damit Sie die Kosten schnell verstehen und eine effiziente Entscheidung treffen k\u00f6nnen.<br \/>\nSchnellste Lieferung: Wir verf\u00fcgen \u00fcber einen effizienten Produktionsprozess und ein professionelles Logistikteam, das Ihnen die schnellste Lieferung gew\u00e4hrleisten kann, so dass Ihre Bestellung rechtzeitig fertiggestellt werden kann, ohne Ihren Verkaufsplan zu beeintr\u00e4chtigen.<\/p>\n<p>Schnelle Bemusterung in 2 Tagen, nutzen Sie die Marktchance: Expedited Sampling dauert nur 2 Tage, so dass Sie schnell physische Proben erhalten und die Produkteinf\u00fchrung beschleunigen k\u00f6nnen.<\/p>\n<p>Produktspezifikationen:<\/p>\n<p>Material: hochwertiger Karton<br \/>\nDruck: CMYK-Vierfarbendruck<br \/>\nTechnik: silberne Hei\u00dfpr\u00e4gefolie<br \/>\nSchachtelart: Schachtel mit Magnetverschluss<br \/>\nZertifizierung: FSC-Zertifizierung, ISO-Zertifizierung<br \/>\nMerkmale:<br \/>\nMagnetverschluss-Design, edel und elegant<br \/>\nEntwickelt f\u00fcr Wein, starker Schutz<br \/>\nSilberne Hei\u00dfpr\u00e4gefolientechnik, luxuri\u00f6se Textur<br \/>\nMarkenanpassung, exklusiver Stil<br \/>\nKostenloses Angebot innerhalb von 10 Minuten, schnelle Reaktion<br \/>\nKostenloser Entwurfsservice<br \/>\nSchnellste Lieferung f\u00fcr Ihren dringenden Bedarf<br \/>\n2-Tage-Fastenprobe<\/p>\n<p>Anwendbare Szenarien:<\/p>\n<p>Hochwertige Geschenkverpackung f\u00fcr Wein<br \/>\nF\u00f6rderung eines starken Markenimages f\u00fcr Spirituosen<br \/>\nRotwein, ausl\u00e4ndischer Wein, Wei\u00dfwein und andere alkoholische Erzeugnisse - Einzelhandelsverpackungen<br \/>\nWeihnachtsgeschenk Weinverpackung<\/p>\n<p>Gr\u00fcnde, uns zu w\u00e4hlen:<\/p>\n<p>Professioneller Anpassungsservice: Wir verf\u00fcgen \u00fcber ein professionelles Design- und Produktionsteam, das Ihnen vom Design bis zur Produktion eine breite Palette an kundenspezifischen Dienstleistungen bieten kann, ohne dass Sie sich Sorgen machen m\u00fcssen.<br \/>\nAusgezeichnete Qualit\u00e4tssicherung: Wir kontrollieren streng jeden Produktionsschritt, um eine stabile und zuverl\u00e4ssige Produktqualit\u00e4t zu gew\u00e4hrleisten, so dass Sie es mit Vertrauen verwenden k\u00f6nnen.<br \/>\nOffensichtlicher Preisvorteil: Wir sind der Quelllieferant und k\u00f6nnen Ihnen den wettbewerbsf\u00e4higsten Preis bieten, so dass Sie eine h\u00f6here Kostenleistung erhalten.<br \/>\nEffiziente und p\u00fcnktliche Lieferung: Wir verf\u00fcgen \u00fcber einen effizienten Produktionsprozess und ein professionelles Logistikteam, um sicherzustellen, dass Ihre Bestellung p\u00fcnktlich geliefert werden kann.<br \/>\nKostenloser Design-Service: Wir bieten einen kostenlosen Design-Service und ma\u00dfgeschneiderte Verpackungsl\u00f6sungen f\u00fcr Sie.<br \/>\nSchnelle Reaktion: Wir bieten kostenlose Angebote innerhalb von 10 Minuten und schnelle Muster innerhalb von 2 Tagen, damit Sie einen effizienten und bequemen Service genie\u00dfen k\u00f6nnen.<br \/>\nUmweltfreundlich und nachhaltig: Wir verwenden FSC-zertifiziertes Papier, unterst\u00fctzen eine nachhaltige Forstwirtschaft und tragen zum Schutz der Erde bei.<\/p>","protected":false},"excerpt":{"rendered":"<p>Kundenspezifische Wein magnetische Geschenk-Box, beschichtetes Papier hei\u00dfen Silber-Technologie, luxuri\u00f6se Textur. Unbegrenzte benutzerdefinierte Gr\u00f6\u00dfen und Designs, geeignet f\u00fcr Wein, Spirituosen, Rotwein, usw., um exklusive Markenverpackungen zu schaffen!<\/p>","protected":false},"featured_media":7950,"template":"","meta":[],"product_brand":[],"product_cat":[31,30,419,424],"product_tag":[459,457,458],"class_list":{"0":"post-7946","1":"product","2":"type-product","3":"status-publish","4":"has-post-thumbnail","6":"product_cat-paper-box-style","7":"product_cat-by-industry","8":"product_cat-custom-wines-spirits-boxes","9":"product_cat-magnetic-closure-boxes","10":"product_tag-custom-wine-spirits-box-wholesale","11":"product_tag-featured-custom-wine-spirits-box","12":"product_tag-wine-spirits-packaging-gift-box","14":"first","15":"instock","16":"shipping-taxable","17":"product-type-simple"},"_links":{"self":[{"href":"https:\/\/zojopackaging.com\/de\/wp-json\/wp\/v2\/product\/7946","targetHints":{"allow":["GET"]}}],"collection":[{"href":"https:\/\/zojopackaging.com\/de\/wp-json\/wp\/v2\/product"}],"about":[{"href":"https:\/\/zojopackaging.com\/de\/wp-json\/wp\/v2\/types\/product"}],"version-history":[{"count":3,"href":"https:\/\/zojopackaging.com\/de\/wp-json\/wp\/v2\/product\/7946\/revisions"}],"predecessor-version":[{"id":7971,"href":"https:\/\/zojopackaging.com\/de\/wp-json\/wp\/v2\/product\/7946\/revisions\/7971"}],"wp:featuredmedia":[{"embeddable":true,"href":"https:\/\/zojopackaging.com\/de\/wp-json\/wp\/v2\/media\/7950"}],"wp:attachment":[{"href":"https:\/\/zojopackaging.com\/de\/wp-json\/wp\/v2\/media?parent=7946"}],"wp:term":[{"taxonomy":"product_brand","embeddable":true,"href":"https:\/\/zojopackaging.com\/de\/wp-json\/wp\/v2\/product_brand?post=7946"},{"taxonomy":"product_cat","embeddable":true,"href":"https:\/\/zojopackaging.com\/de\/wp-json\/wp\/v2\/product_cat?post=7946"},{"taxonomy":"product_tag","embeddable":true,"href":"https:\/\/zojopackaging.com\/de\/wp-json\/wp\/v2\/product_tag?post=7946"}],"curies":[{"name":"wp","href":"https:\/\/api.w.org\/{rel}","templated":true}]}}