{"id":7954,"date":"2025-03-22T18:30:43","date_gmt":"2025-03-22T10:30:43","guid":{"rendered":"https:\/\/zojopackaging.com\/?post_type=product&#038;p=7954"},"modified":"2025-03-22T21:02:22","modified_gmt":"2025-03-22T13:02:22","slug":"custom-cosmetic-skincare-shipping-mailer-boxes-wholesale","status":"publish","type":"product","link":"https:\/\/zojopackaging.com\/de\/product\/custom-cosmetic-skincare-shipping-mailer-boxes-wholesale\/","title":{"rendered":"Benutzerdefinierte Kosmetik Hautpflege Versand Mailer Boxen Gro\u00dfhandel"},"content":{"rendered":"<p>Robust und langlebig, Mailer Box Struktur: Der Versandkarton besteht aus Wellpappe, mit einer stabilen Struktur, Druck- und Sto\u00dffestigkeit, die Kosmetika, Hautpflegeprodukte, \u00e4therische \u00d6le, Cremes und andere Produkte effektiv vor Quetschungen, Kollisionen und Sch\u00e4den w\u00e4hrend des Transports sch\u00fctzen kann.<\/p>\n<p>Ma\u00dfgeschneidert und vielseitig einsetzbar: Unsere Versandkartons sind f\u00fcr Kosmetika, Hautpflegeprodukte, \u00e4therische \u00d6le, Cremes und andere Produkte konzipiert und k\u00f6nnen stufenlos an die Gr\u00f6\u00dfe und Form Ihrer Produkte angepasst werden, um sicherzustellen, dass die Produkte fest platziert sind und nicht wackeln oder reiben.<\/p>\n<p>Exklusive, personalisierte Anpassung der Marke: Wir bieten Dienstleistungen zur individuellen Gestaltung von Marken an. Sie k\u00f6nnen Ihr Markenlogo, Ihren Slogan, Ihre Produktinformationen usw. auf den Verpackungskarton drucken, um eine einzigartige, markenexklusive Verpackung zu schaffen und den Wiedererkennungswert der Marke zu erh\u00f6hen.<\/p>\n<p>Umweltfreundliches Material, Wellpappe: Wir verwenden hochwertige Wellpappe, die umweltfreundlich und recycelbar ist und dem Konzept der nachhaltigen Entwicklung entspricht. Wellpappe hat gute D\u00e4mpfungseigenschaften, kann St\u00f6\u00dfe effektiv absorbieren und Ihre Produkte sch\u00fctzen.<\/p>\n<p>Kostenlose Muster, pers\u00f6nliche Erfahrung: Damit Sie sich ein besseres Bild von unserer Produktqualit\u00e4t und unserem Service machen k\u00f6nnen, stellen wir Ihnen kostenlose Muster zur Verf\u00fcgung. Sie k\u00f6nnen sich pers\u00f6nlich von unseren Materialien, der Verarbeitung und dem Design \u00fcberzeugen, um sicherzustellen, dass der Verpackungskarton perfekt Ihren Erwartungen entspricht.<\/p>\n<p>China Quelle Lieferant, niedrigster Preis: Wir sind China Quelle Lieferant, mit einem kompletten Produktionssystem und Supply-Chain-System, das Sie mit dem niedrigsten Preis bieten kann, so dass Sie Kosten sparen k\u00f6nnen, w\u00e4hrend Sie qualitativ hochwertige Produkte genie\u00dfen.<\/p>\n<p>Strenge Qualit\u00e4tskontrolle, Exzellenz: Wir haben ein strenges Qualit\u00e4tskontrollsystem eingef\u00fchrt, von der Rohstoffbeschaffung bis zur Inspektion des fertigen Produkts wird jedes Glied streng kontrolliert, um eine stabile und zuverl\u00e4ssige Produktqualit\u00e4t zu gew\u00e4hrleisten, so dass Sie es mit Vertrauen verwenden k\u00f6nnen.<\/p>\n<p>FSC- und ISO-Zertifizierung, Umweltschutz und Qualit\u00e4tsverpflichtung: Unsere Produkte haben das FSC-Zertifikat und die ISO-Zertifizierung erhalten, die unser Engagement f\u00fcr den Umweltschutz und die soziale Verantwortung sowie die strengen Anforderungen an die Produktqualit\u00e4t und das Managementsystem belegen.<\/p>\n<p>Kostenloses Design, professionelle Beratung: Wir bieten einen kostenlosen Design-Service an, und professionelle Designer werden f\u00fcr Sie ma\u00dfgeschneiderte Verpackungsl\u00f6sungen entwerfen. Sie k\u00f6nnen uns Ihre Ideen und Bed\u00fcrfnisse mitteilen, und wir werden Ihnen mit professioneller Beratung und Vorschl\u00e4gen helfen, eine einzigartige Markenverpackung zu entwerfen.<\/p>\n<p>Schnellste Lieferung, effiziente Reaktion: Wir verf\u00fcgen \u00fcber einen effizienten Produktionsprozess und ein professionelles Logistikteam, das Ihnen die schnellste Lieferung gew\u00e4hrleisten kann, so dass Ihre Bestellung rechtzeitig fertiggestellt werden kann, ohne Ihren Verkaufsplan zu beeintr\u00e4chtigen.<\/p>\n<p>2 Tage schnelle Musterproduktion, nutzen Sie die Marktchance: Wir versprechen, Muster schnell in 2 Tagen zu produzieren, so dass Sie den Entwurfsplan schnell best\u00e4tigen, den Produktionszyklus verk\u00fcrzen und die Marktchance ergreifen k\u00f6nnen.<\/p>\n<p>Nationale Zustellung, bequem und sorgenfrei: Wir bieten einen nationalen Lieferservice. Ganz gleich, wo Sie sich befinden, wir k\u00f6nnen Ihre Produkte sicher zustellen, damit Sie bequem und sorgenfrei einkaufen k\u00f6nnen.<\/p>\n<p>Produktspezifikationen:<\/p>\n<p>Material: hochwertige Wellpappe<br \/>\nDrucken: Anpassbar<br \/>\nKartontyp: Flugzeugkarton<br \/>\nZertifizierung: FSC-Zertifizierung, ISO-Zertifizierung<\/p>\n<p>Merkmale:<br \/>\nVersandkartonstruktur, robust und langlebig<br \/>\nSpeziell f\u00fcr Kosmetika und Hautpflegeprodukte entwickelt<br \/>\nMarkenanpassung, exklusiver Stil<br \/>\nKostenloser Entwurfsservice wird angeboten<br \/>\n2 Tage schnelle Musterproduktion<br \/>\nNationale Zustellung<\/p>\n<p>Anwendbare Szenarien:<\/p>\n<p>Transportverpackungen f\u00fcr Kosmetika im elektronischen Handel<br \/>\nHautpflegeprodukte Online-Verkaufsverpackungen<br \/>\nTransportschutz von \u00e4therischen \u00d6len, Cremes und anderen Produkten<br \/>\nF\u00f6rderung des Markenimages<\/p>\n<p>Gr\u00fcnde, uns zu w\u00e4hlen:<\/p>\n<p>Professioneller Anpassungsservice: Wir verf\u00fcgen \u00fcber ein professionelles Design- und Produktionsteam, das Ihnen vom Design bis zur Produktion eine breite Palette an kundenspezifischen Dienstleistungen bieten kann, ohne dass Sie sich Sorgen machen m\u00fcssen.<br \/>\nAusgezeichnete Qualit\u00e4tssicherung: Wir kontrollieren jeden Produktionsschritt streng, um eine stabile und zuverl\u00e4ssige Produktqualit\u00e4t zu gew\u00e4hrleisten, so dass Sie das Produkt bedenkenlos verwenden k\u00f6nnen.<br \/>\nOffensichtlicher Preisvorteil: Wir sind der Quelllieferant und k\u00f6nnen Ihnen den wettbewerbsf\u00e4higsten Preis bieten, so dass Sie eine h\u00f6here Kostenleistung erhalten.<br \/>\nEffiziente und p\u00fcnktliche Lieferung: Wir verf\u00fcgen \u00fcber einen effizienten Produktionsprozess und ein professionelles Logistikteam, um sicherzustellen, dass Ihre Bestellung p\u00fcnktlich geliefert werden kann.<br \/>\nKostenloser Design-Service: Wir bieten einen kostenlosen Design-Service und ma\u00dfgeschneiderte Verpackungsl\u00f6sungen f\u00fcr Sie.<br \/>\nSchnelle Reaktion: Wir versprechen, schnell Muster zu produzieren und landesweit innerhalb von 2 Tagen zu liefern, so dass Sie einen effizienten und bequemen Service erleben k\u00f6nnen.<br \/>\nUmweltfreundlich und nachhaltig: Wir verwenden FSC-zertifiziertes Papier, unterst\u00fctzen eine nachhaltige Forstwirtschaft und tragen zum Schutz der Erde bei.<\/p>","protected":false},"excerpt":{"rendered":"<p>Ma\u00dfgeschneiderte Kosmetik-\/Hautpflege-Flugzeugboxen aus Wellpappe, sicher und sto\u00dffest. Unbegrenzte Anpassung von Gr\u00f6\u00dfen und Markenlogos, geeignet f\u00fcr \u00e4therische \u00d6le und Cremes, um exklusive Markentransportverpackungen zu erstellen.<\/p>","protected":false},"featured_media":7956,"template":"","meta":[],"product_brand":[],"product_cat":[31,30,390,433],"product_tag":[462,460,461],"class_list":{"0":"post-7954","1":"product","2":"type-product","3":"status-publish","4":"has-post-thumbnail","6":"product_cat-paper-box-style","7":"product_cat-by-industry","8":"product_cat-custom-cosmetics-boxes","9":"product_cat-shipping-mailer-boxes","10":"product_tag-cosmetic-skincare-boxes-wholesale","11":"product_tag-custom-cosmetic-shipping-boxes","12":"product_tag-skincare-mailer-boxes","14":"first","15":"instock","16":"shipping-taxable","17":"product-type-simple"},"_links":{"self":[{"href":"https:\/\/zojopackaging.com\/de\/wp-json\/wp\/v2\/product\/7954","targetHints":{"allow":["GET"]}}],"collection":[{"href":"https:\/\/zojopackaging.com\/de\/wp-json\/wp\/v2\/product"}],"about":[{"href":"https:\/\/zojopackaging.com\/de\/wp-json\/wp\/v2\/types\/product"}],"version-history":[{"count":2,"href":"https:\/\/zojopackaging.com\/de\/wp-json\/wp\/v2\/product\/7954\/revisions"}],"predecessor-version":[{"id":7969,"href":"https:\/\/zojopackaging.com\/de\/wp-json\/wp\/v2\/product\/7954\/revisions\/7969"}],"wp:featuredmedia":[{"embeddable":true,"href":"https:\/\/zojopackaging.com\/de\/wp-json\/wp\/v2\/media\/7956"}],"wp:attachment":[{"href":"https:\/\/zojopackaging.com\/de\/wp-json\/wp\/v2\/media?parent=7954"}],"wp:term":[{"taxonomy":"product_brand","embeddable":true,"href":"https:\/\/zojopackaging.com\/de\/wp-json\/wp\/v2\/product_brand?post=7954"},{"taxonomy":"product_cat","embeddable":true,"href":"https:\/\/zojopackaging.com\/de\/wp-json\/wp\/v2\/product_cat?post=7954"},{"taxonomy":"product_tag","embeddable":true,"href":"https:\/\/zojopackaging.com\/de\/wp-json\/wp\/v2\/product_tag?post=7954"}],"curies":[{"name":"wp","href":"https:\/\/api.w.org\/{rel}","templated":true}]}}