{"id":7981,"date":"2025-03-23T09:24:28","date_gmt":"2025-03-23T01:24:28","guid":{"rendered":"https:\/\/zojopackaging.com\/?post_type=product&#038;p=7981"},"modified":"2025-03-23T11:24:09","modified_gmt":"2025-03-23T03:24:09","slug":"premium-custom-rigid-candle-gift-packaging-box-manufacturer","status":"publish","type":"product","link":"https:\/\/zojopackaging.com\/de\/product\/premium-custom-rigid-candle-gift-packaging-box-manufacturer\/","title":{"rendered":"Premium benutzerdefinierte starre Kerze Geschenk Verpackung Box Hersteller"},"content":{"rendered":"<h2 id=\"-customized-solution-for-high-end-lid-candle-packaging-box-chinese-quality-global-trust-\"><strong>Ma\u00dfgeschneiderte L\u00f6sung f\u00fcr Deckel und Boden der Kerzenverpackung - Chinesische Qualit\u00e4t, weltweites Vertrauen<\/strong><\/h2>\n<h3 id=\"1-product-core-professional-lid-box\">1. Produktkern: professionelle Deckel- und Bodenbox<\/h3>\n<p>Die f\u00fcr die Kerzenindustrie konzipierte Deckel- und Bodenschachtel wird aus hochfestem beschichtetem Papier (250-400g) hergestellt, wobei auf elegante Textur und Haltbarkeit geachtet wird. Oberfl\u00e4chenveredelungen wie Schafsfellmuster und Touch-Folie sind optional und setzen das Markenlogo und das k\u00fcnstlerische Design perfekt in Szene. <a href=\"https:\/\/zojopackaging.com\/de\/produkt\/custom-printing-luxury-candle-packaging-gift-boxes-wholesale\/\">https:\/\/zojoprint.en.alibaba.com\/<\/a><\/p>\n<h3 id=\"2-unlimited-customization-empowering-brand-uniqueness\">2. Unbegrenzte Anpassbarkeit, die die Einzigartigkeit der Marke st\u00e4rkt<\/h3>\n<ul>\n<li><strong>Sch\u00f6pferische Freiheit<\/strong>: Von der Gr\u00f6\u00dfe \u00fcber die Struktur bis hin zum Druckeffekt (UV-\/Hei\u00dfpr\u00e4gung\/Pr\u00e4gung) unterst\u00fctzt es eine tiefgreifende Personalisierung des Designs;<\/li>\n<li><strong>Technische Garantie<\/strong>: Ausgestattet mit fortschrittlichen Ger\u00e4ten wie einer Sechsfarbenmaschine von Heidelberg und einem UV-Drucker, um eine hochpr\u00e4zise Restaurierung von komplexen Mustern zu erreichen; <a href=\"https:\/\/zojopackaging.com\/de\/produkt\/custom-printing-luxury-candle-packaging-gift-boxes-wholesale\/\">https:\/\/zojopackaging.com\/<\/a><\/li>\n<li><strong>Vermerk in der Zertifizierung<\/strong>: FSC-Forstzertifizierung (umweltfreundlich und r\u00fcckverfolgbar) und ISO-Qualit\u00e4tsmanagementsystem, um die Einhaltung der Exportvorschriften zu gew\u00e4hrleisten.<\/li>\n<\/ul>\n<h3 id=\"3-one-stop-export-service-competitive\">3. One-Stop-Export-Service, wettbewerbsf\u00e4hig<\/h3>\n<p>Als Exporteur hochwertiger Verpackungen in China bieten wir: \u2705\u00a0<strong>Start zum Nulltarif<\/strong>: kostenloser Entwurf + 3D-Proofing + sofortiger Kostenvoranschlag, wodurch die Schwelle zur Zusammenarbeit gesenkt wird; \u2705\u00a0<strong>Transparentes Preissystem<\/strong>Gro\u00dfproduktion senkt die Kosten, und der Preis \u00e4hnlicher Produkte ist 15%-20% niedriger als der Markt; \u2705\u00a0<strong>Vollst\u00e4ndige Qualit\u00e4tskontrolle der Links<\/strong>Von der Rohstoffpr\u00fcfung bis zur Probenahme des Endprodukts wird die Fehlerquote streng auf &lt;0,3% kontrolliert; \u2705\u00a0<strong>Effiziente Lieferung<\/strong>7-12 Tage extrem schneller Versand, unterst\u00fctzt DDP\/DDU globale Logistik. <a href=\"https:\/\/zojopackaging.com\/de\/\">zojopackaging.com<\/a><\/p>\n<hr \/>\n<h3 id=\"4-why-choose-us-\">4. Warum uns w\u00e4hlen?<\/h3>\n<ul>\n<li><strong>Industrie-Benchmark-Fall<\/strong>: Bereitstellung von Verpackungen f\u00fcr mehr als 50 Parf\u00fcmmarken in der ganzen Welt, darunter\u00a0<strong>Dongguan Tinbo Verpackung<\/strong>die beliebten Metalldosen und die dazu passenden Papierschachteln;<\/li>\n<li><strong>Risiko - Versuch und Irrtum - Garantie<\/strong>: Kostenlose Lieferung von Warenmustern, Unterst\u00fctzung bei Kleinserienbestellungen (Mindestbestellmenge 500 St\u00fcck);<\/li>\n<li><strong>Dienstleistung mit Mehrwert<\/strong>: Optimierungsvorschl\u00e4ge f\u00fcr die Verpackungsstruktur helfen Ihnen, die Transportverluste zu reduzieren.<\/li>\n<\/ul>","protected":false},"excerpt":{"rendered":"<p>Kerzenschachtel mit Deckel und Boden, 157g C2S gestrichenes Kunstdruckpapier + 1200g grauer Hartkarton, CMYK-Druck + matte Laminierung, unbegrenzte Individualisierung. China Quelle Fabrik, Qualit\u00e4tssicherung.<\/p>","protected":false},"featured_media":7983,"template":"","meta":[],"product_brand":[],"product_cat":[31,30,416,425],"product_tag":[465,464,463],"class_list":{"0":"post-7981","1":"product","2":"type-product","3":"status-publish","4":"has-post-thumbnail","6":"product_cat-paper-box-style","7":"product_cat-by-industry","8":"product_cat-custom-candle-boxes","9":"product_cat-lid-and-base-gift-box","10":"product_tag-candle-gift-packaging-box-manufacturer","11":"product_tag-custom-rigid-candle-gift-packaging-box","12":"product_tag-premium-rigid-candle-gift-box","14":"first","15":"instock","16":"shipping-taxable","17":"product-type-simple"},"_links":{"self":[{"href":"https:\/\/zojopackaging.com\/de\/wp-json\/wp\/v2\/product\/7981","targetHints":{"allow":["GET"]}}],"collection":[{"href":"https:\/\/zojopackaging.com\/de\/wp-json\/wp\/v2\/product"}],"about":[{"href":"https:\/\/zojopackaging.com\/de\/wp-json\/wp\/v2\/types\/product"}],"version-history":[{"count":2,"href":"https:\/\/zojopackaging.com\/de\/wp-json\/wp\/v2\/product\/7981\/revisions"}],"predecessor-version":[{"id":8016,"href":"https:\/\/zojopackaging.com\/de\/wp-json\/wp\/v2\/product\/7981\/revisions\/8016"}],"wp:featuredmedia":[{"embeddable":true,"href":"https:\/\/zojopackaging.com\/de\/wp-json\/wp\/v2\/media\/7983"}],"wp:attachment":[{"href":"https:\/\/zojopackaging.com\/de\/wp-json\/wp\/v2\/media?parent=7981"}],"wp:term":[{"taxonomy":"product_brand","embeddable":true,"href":"https:\/\/zojopackaging.com\/de\/wp-json\/wp\/v2\/product_brand?post=7981"},{"taxonomy":"product_cat","embeddable":true,"href":"https:\/\/zojopackaging.com\/de\/wp-json\/wp\/v2\/product_cat?post=7981"},{"taxonomy":"product_tag","embeddable":true,"href":"https:\/\/zojopackaging.com\/de\/wp-json\/wp\/v2\/product_tag?post=7981"}],"curies":[{"name":"wp","href":"https:\/\/api.w.org\/{rel}","templated":true}]}}