{"id":7989,"date":"2025-03-23T09:59:02","date_gmt":"2025-03-23T01:59:02","guid":{"rendered":"https:\/\/zojopackaging.com\/?post_type=product&#038;p=7989"},"modified":"2025-03-23T10:28:33","modified_gmt":"2025-03-23T02:28:33","slug":"luxury-premium-chocolate-gift-boxes-from-china-distributor","status":"publish","type":"product","link":"https:\/\/zojopackaging.com\/de\/product\/luxury-premium-chocolate-gift-boxes-from-china-distributor\/","title":{"rendered":"Luxuri\u00f6se Premium-Schokoladen-Geschenkboxen von China Distributor"},"content":{"rendered":"<h2 id=\"-chocolate-box-with-lid-and-top-cover-unlimited-customization-of-high-end-packaging-solutions-\"><strong>Pralinenschachtel mit Deckel und Bodenabdeckung - unbegrenzte Individualisierung von High-End-Verpackungsl\u00f6sungen<\/strong><\/h2>\n<p><strong>1. Produkt\u00fcbersicht<\/strong>\u00a0Die Deckelschachtel ist ein klassisches High-End-Verpackungsdesign mit einer oberen und unteren Deckelstruktur. Sie ist leicht zu \u00f6ffnen und zu schlie\u00dfen und hat eine starke Versiegelung. Sie ist perfekt geeignet f\u00fcr Produkte wie\u00a0<strong>Schokolade<\/strong>S\u00fc\u00dfigkeiten und Luxusg\u00fcter. Sein elegantes Aussehen und seine Funktionalit\u00e4t k\u00f6nnen der Marke einen einzigartigen Wert verleihen und das Unboxing-Erlebnis der Verbraucher verbessern.<\/p>\n<p><strong>2. Zentrale Vorteile<\/strong><\/p>\n<ul>\n<li><strong>Ausgezeichnetes Material<\/strong>: Hergestellt aus hochwertigem\u00a0<strong>beschichtetes Papiermaterial<\/strong>Es hat eine glatte und empfindliche Oberfl\u00e4che und eine extrem hohe Farbwiedergabe. Es kann komplexe Muster oder Hei\u00dfpr\u00e4getechnik drucken, um die High-End-Textur der Marke zu zeigen.<\/li>\n<li><strong>Unbegrenzte Anpassungsm\u00f6glichkeiten<\/strong>: Unterst\u00fctzt die vollst\u00e4ndige Anpassung von Gr\u00f6\u00dfe, Form, Druck und Futterstruktur, um den individuellen Bed\u00fcrfnissen der Marke gerecht zu werden.\u00a0<a href=\"https:\/\/zojoprint.en.alibaba.com\" target=\"_blank\" rel=\"noopener\">F\u00fcr Kooperationsf\u00e4lle wenden Sie sich bitte an den ODM-Dienst von <\/a><a href=\"https:\/\/zojoprint.en.alibaba.com\/?spm=a2700.29482153.0.0.f2a871d2PoWaDJ\" target=\"_blank\" rel=\"noopener\">\u00dcberblick \u00fcber das Unternehmen - Shenzhen Zojoprint Co, Ltd.<\/a>.<\/li>\n<li><strong>Umweltzertifizierung<\/strong>: Bestanden\u00a0<strong>FSC-Waldzertifizierung<\/strong>\u00a0Gew\u00e4hrleistung einer nachhaltigen Papierquelle; erhalten\u00a0<strong>Zertifizierung des Qualit\u00e4tsmanagementsystems nach ISO<\/strong>\u00a0um die Einhaltung der Vorschriften f\u00fcr den gesamten Produktionsprozess zu gew\u00e4hrleisten.<\/li>\n<\/ul>\n<p><strong>3. Service-Highlights<\/strong><\/p>\n<ul>\n<li><strong>Vorteile von Chinas Quellenlieferanten<\/strong>: Als direkter Hersteller eliminieren wir den Zwischenh\u00e4ndler, bieten die\u00a0<strong>g\u00fcnstigster Preis<\/strong>\u00a0(Einsparung von 30%+ Kosten im Vergleich zu importierten Verpackungen), und schnelle Reaktion auf die Nachfrage.\u00a0<a href=\"https:\/\/zojoprint.en.alibaba.com\/\" target=\"_blank\" rel=\"noopener\">Siehe https:\/\/zojoprint.en.alibaba.com\/ <\/a>\u00a0f\u00fcr ma\u00dfgeschneiderte Dienstleistungen aus einer Hand.<\/li>\n<li><strong>Strenge Qualit\u00e4tskontrolle<\/strong>: Ein dreistufiges Qualit\u00e4tskontrollverfahren - Rohstoffscreening, Halbfertigproduktpr\u00fcfung und vollst\u00e4ndige Fertigproduktpr\u00fcfung - stellt sicher, dass die Versandqualifikationsrate &gt;99% ist.<\/li>\n<li><strong>Schnelle Lieferung<\/strong>:\u00a0<strong>Muster sind innerhalb von 3 Tagen verf\u00fcgbar<\/strong>und eine kostenlose Musteranwendung wird unterst\u00fctzt, um Kunden zu helfen, effiziente Entscheidungen zu treffen.\u00a0<a href=\"https:\/\/zojoprint.en.alibaba.com\/\" target=\"_blank\" rel=\"noopener\">https:\/\/zojoprint.en.alibaba.com\/ <\/a>.<\/li>\n<\/ul>\n<p><strong>4. Anwendungsszenarien<\/strong><\/p>\n<ul>\n<li>Geschenkschachteln aus Schokolade (z. B. mit Hochzeits- und Urlaubsmotiven)<\/li>\n<li>Hochwertige Lebensmittel (Tr\u00fcffel, Kekse, etc.)<\/li>\n<li>Kosmetika und Luxusg\u00fcter (Parf\u00fcm, Schmuck usw.)\u00a0<em>(Inspiration durch die verschiedenen Verpackungen von <a href=\"https:\/\/zojopackaging.com\/de\/\">https:\/\/zojopackaging.com\/<\/a>)<\/em><\/li>\n<\/ul>\n<hr \/>\n<p><strong>5. Warum uns w\u00e4hlen?<\/strong><\/p>\n<ul>\n<li><strong>Transparente Preise<\/strong>: Der Kostenvoranschlag umfasst den gesamten Entwurfs-, Korrektur- und Produktionsprozess, ohne versteckte Kosten.<\/li>\n<li><strong>Hochwertige Dienstleistungen<\/strong>: Exklusive 1-on-1-Berater, umfassende Unterst\u00fctzung von der Bedarfsanalyse bis zur Logistikverfolgung.<\/li>\n<li><strong>Batch-Garantie<\/strong>: Unterst\u00fctzung von Probeauftr\u00e4gen in kleinen Chargen bis hin zur Massenproduktion in Millionenh\u00f6he, flexible Erf\u00fcllung der Markenanforderungen.<\/li>\n<\/ul>\n<p><strong>Werden Sie jetzt aktiv!\u00a0<\/strong>\u2b07\ufe0f\u00a0<a href=\"https:\/\/zojopackaging.com\/de\/contact-us\/\"><strong>Kontakt<\/strong><\/a>\u00a0um kostenlose Muster und exklusive Angebote zu erhalten und Ihre Reise zur Aufwertung Ihrer Markenverpackung zu beginnen! \ud83d\udce6\u2728<\/p>","protected":false},"excerpt":{"rendered":"<p>Schokoladenschachtel mit Deckel und Boden, ma\u00dfgeschneidert von der Quellfabrik! Beschichtetes Papier + CMYK-Druck, unbegrenzte Gr\u00f6\u00dfe und Design, erstellen Sie exklusive Verpackung<\/p>","protected":false},"featured_media":7990,"template":"","meta":[],"product_brand":[],"product_cat":[31,30,422,425],"product_tag":[467,466,449],"class_list":{"0":"post-7989","1":"product","2":"type-product","3":"status-publish","4":"has-post-thumbnail","6":"product_cat-paper-box-style","7":"product_cat-by-industry","8":"product_cat-custom-gourmet-boxes-by-industry","9":"product_cat-lid-and-base-gift-box","10":"product_tag-chocolate-boxes-distributor","11":"product_tag-luxury-chocolate-gift-boxes","12":"product_tag-premium-chocolate-gift-boxes","14":"first","15":"instock","16":"shipping-taxable","17":"product-type-simple"},"_links":{"self":[{"href":"https:\/\/zojopackaging.com\/de\/wp-json\/wp\/v2\/product\/7989","targetHints":{"allow":["GET"]}}],"collection":[{"href":"https:\/\/zojopackaging.com\/de\/wp-json\/wp\/v2\/product"}],"about":[{"href":"https:\/\/zojopackaging.com\/de\/wp-json\/wp\/v2\/types\/product"}],"version-history":[{"count":1,"href":"https:\/\/zojopackaging.com\/de\/wp-json\/wp\/v2\/product\/7989\/revisions"}],"predecessor-version":[{"id":7996,"href":"https:\/\/zojopackaging.com\/de\/wp-json\/wp\/v2\/product\/7989\/revisions\/7996"}],"wp:featuredmedia":[{"embeddable":true,"href":"https:\/\/zojopackaging.com\/de\/wp-json\/wp\/v2\/media\/7990"}],"wp:attachment":[{"href":"https:\/\/zojopackaging.com\/de\/wp-json\/wp\/v2\/media?parent=7989"}],"wp:term":[{"taxonomy":"product_brand","embeddable":true,"href":"https:\/\/zojopackaging.com\/de\/wp-json\/wp\/v2\/product_brand?post=7989"},{"taxonomy":"product_cat","embeddable":true,"href":"https:\/\/zojopackaging.com\/de\/wp-json\/wp\/v2\/product_cat?post=7989"},{"taxonomy":"product_tag","embeddable":true,"href":"https:\/\/zojopackaging.com\/de\/wp-json\/wp\/v2\/product_tag?post=7989"}],"curies":[{"name":"wp","href":"https:\/\/api.w.org\/{rel}","templated":true}]}}