{"id":8006,"date":"2025-03-23T10:48:38","date_gmt":"2025-03-23T02:48:38","guid":{"rendered":"https:\/\/zojopackaging.com\/?post_type=product&#038;p=8006"},"modified":"2025-03-23T11:16:01","modified_gmt":"2025-03-23T03:16:01","slug":"high-quality-custom-hat-packaging-boxes-wholesale-branding","status":"publish","type":"product","link":"https:\/\/zojopackaging.com\/de\/product\/high-quality-custom-hat-packaging-boxes-wholesale-branding\/","title":{"rendered":"Hohe Qualit\u00e4t benutzerdefinierte Hut Verpackung Boxen Gro\u00dfhandel Branding"},"content":{"rendered":"<h2 id=\"-core-advantages-of-the-product-\"><strong>Die wichtigsten Vorteile des Produkts<\/strong><\/h2>\n<ol>\n<li><strong>Box mit Magnetverschluss und tragbarem Griff<\/strong><\/li>\n<li>Der Deckel hat eine eingebaute Magnetfolie, die sich leise und leichtg\u00e4ngig \u00f6ffnen und schlie\u00dfen l\u00e4sst, und ist mit einem festen Griff ausgestattet. Er ist geeignet f\u00fcr\u00a0<strong>H\u00fcte, Kleidung<\/strong>\u00a0und andere leichte Luxusprodukte, die sowohl sch\u00f6n als auch leicht zu tragen sind.<\/li>\n<li>Geeignet f\u00fcr Online- und Offline-Einzelhandelsszenarien, um das Gef\u00fchl der Produktqualit\u00e4t zu verbessern.<\/li>\n<li><strong>Unbegrenzte Anpassungsm\u00f6glichkeiten<\/strong><\/li>\n<li><strong>Gr\u00f6\u00dfe, Form, Druckverfahren<\/strong>\u00a0Freie Wahl, Unterst\u00fctzung von Hei\u00dfpr\u00e4gung\/UV\/Pr\u00e4gung und anderen Verfahren zur Erf\u00fcllung der individuellen Anforderungen der Marke.<\/li>\n<li>Aus beschichtetem Papier, mit matter\/gl\u00e4nzender Folie auf der Oberfl\u00e4che, hat es eine zarte Textur und ist verschlei\u00dffest und pr\u00e4sentiert perfekt das Design der Marke VI.<\/li>\n<li><strong>Autorisierte Zertifizierung garantiert Qualit\u00e4t<\/strong><\/li>\n<li>Mit\u00a0<strong>FSC-Waldzertifizierung<\/strong>\u00a0und\u00a0<strong>Zertifizierung des Qualit\u00e4tsmanagementsystems nach ISO<\/strong>Die Materialien sind umweltfreundlich und recycelbar, und der Produktionsprozess folgt streng den globalen Standards.<\/li>\n<li>Von den Rohstoffen bis zum fertigen Produkt,\u00a0<strong>100% vollst\u00e4ndige Pr\u00fcfung<\/strong> um sicherzustellen, dass in jeder Verbindung keine Fehler auftreten.<\/li>\n<\/ol>\n<h2 id=\"-service-commitment-\"><strong>Serviceverpflichtung<\/strong><\/h2>\n<ul>\n<li><strong>Kostenloser Kostenvoranschlag und Entwurf<\/strong>: Das exklusive Designteam liefert 3D-Renderings und reagiert schnell auf \u00c4nderungsw\u00fcnsche.<\/li>\n<li><strong>Der wettbewerbsf\u00e4higste Preis<\/strong>: Durch die Unterst\u00fctzung der Gro\u00dfproduktion und der lokalen Lieferkette ist das Angebot transparent und es gibt keine versteckten Kosten.<\/li>\n<li><strong>Kostenlose Probenerfahrung<\/strong>: Pr\u00fcfen Sie zun\u00e4chst die Qualit\u00e4t und geben Sie dann die Auftr\u00e4ge in Losen auf, um das Risiko der Zusammenarbeit zu verringern.<\/li>\n<li><strong>Blitzlieferung<\/strong>: Regul\u00e4re Bestellungen werden innerhalb von\u00a0<strong>15 Tage<\/strong>und Eilbestellungen werden innerhalb von 7 Tagen geliefert und unterst\u00fctzen die globale Logistik \uff08<a href=\"https:\/\/zojopackaging.com\/de\/\">https:\/\/zojopackaging.com\/<\/a>).<\/li>\n<\/ul>\n<p><strong>Werden Sie jetzt aktiv und beginnen Sie mit der Zusammenarbeit!\u00a0<\/strong>\ud83d\udce9\u00a0<strong>Ihren Bedarf anmelden<\/strong>\u00a0\u2192\u00a0<strong>Erhalten Sie exklusive L\u00f6sungen und kostenlose Muster<\/strong>\u00a0\u2192\u00a0<strong>Massenproduktion nach Qualit\u00e4tspr\u00fcfung<\/strong> \u26a0\ufe0f, dem die Welt vertraut -- Wir haben erfolgreich Verpackungsl\u00f6sungen f\u00fcr viele internationale Marken geliefert und freuen uns darauf, Ihr langfristiger Partner zu werden!<\/p>\n<hr \/>\n<p><strong>Warum sollten Sie uns w\u00e4hlen?\u00a0<\/strong>\u2705\u00a0<strong>Reiche Exporterfahrung<\/strong>: Exportiert in mehr als 30 L\u00e4nder, darunter Europa, Amerika, Japan und S\u00fcdkorea, vertraut mit den Verpackungsstandards der verschiedenen L\u00e4nder. \u2705\u00a0<strong>Technik + Service mit doppelter Garantie<\/strong>: 20-k\u00f6pfiges Designteam + vollautomatische Produktionslinie, Effizienz und Kreativit\u00e4t. \u2705\u00a0<strong>Engagement f\u00fcr die Umwelt<\/strong>: Verwenden Sie erneuerbare Papiermaterialien, um Marken bei der Umsetzung von Zielen der nachhaltigen Entwicklung zu unterst\u00fctzen.<\/p>","protected":false},"excerpt":{"rendered":"<p>Geschenkbox mit Magnetverschluss und Griff, geeignet f\u00fcr H\u00fcte\/Kleidung, C2S beschichtetes Kunstdruckpapier unterst\u00fctzt unbegrenzte Anpassung, ISO\/SGS zertifizierter chinesischer Exporteur<\/p>","protected":false},"featured_media":8007,"template":"","meta":[],"product_brand":[],"product_cat":[31,30,427,414],"product_tag":[471,472,473],"class_list":{"0":"post-8006","1":"product","2":"type-product","3":"status-publish","4":"has-post-thumbnail","6":"product_cat-paper-box-style","7":"product_cat-by-industry","8":"product_cat-collapsible-gift-boxes","9":"product_cat-custom-apparel-boxes","10":"product_tag-custom-hat-packaging","11":"product_tag-hat-packaging-boxes","12":"product_tag-hat-packaging-wholesale","14":"first","15":"instock","16":"shipping-taxable","17":"product-type-simple"},"_links":{"self":[{"href":"https:\/\/zojopackaging.com\/de\/wp-json\/wp\/v2\/product\/8006","targetHints":{"allow":["GET"]}}],"collection":[{"href":"https:\/\/zojopackaging.com\/de\/wp-json\/wp\/v2\/product"}],"about":[{"href":"https:\/\/zojopackaging.com\/de\/wp-json\/wp\/v2\/types\/product"}],"version-history":[{"count":1,"href":"https:\/\/zojopackaging.com\/de\/wp-json\/wp\/v2\/product\/8006\/revisions"}],"predecessor-version":[{"id":8013,"href":"https:\/\/zojopackaging.com\/de\/wp-json\/wp\/v2\/product\/8006\/revisions\/8013"}],"wp:featuredmedia":[{"embeddable":true,"href":"https:\/\/zojopackaging.com\/de\/wp-json\/wp\/v2\/media\/8007"}],"wp:attachment":[{"href":"https:\/\/zojopackaging.com\/de\/wp-json\/wp\/v2\/media?parent=8006"}],"wp:term":[{"taxonomy":"product_brand","embeddable":true,"href":"https:\/\/zojopackaging.com\/de\/wp-json\/wp\/v2\/product_brand?post=8006"},{"taxonomy":"product_cat","embeddable":true,"href":"https:\/\/zojopackaging.com\/de\/wp-json\/wp\/v2\/product_cat?post=8006"},{"taxonomy":"product_tag","embeddable":true,"href":"https:\/\/zojopackaging.com\/de\/wp-json\/wp\/v2\/product_tag?post=8006"}],"curies":[{"name":"wp","href":"https:\/\/api.w.org\/{rel}","templated":true}]}}