{"id":8017,"date":"2025-03-23T11:29:24","date_gmt":"2025-03-23T03:29:24","guid":{"rendered":"https:\/\/zojopackaging.com\/?post_type=product&#038;p=8017"},"modified":"2025-03-23T16:53:44","modified_gmt":"2025-03-23T08:53:44","slug":"exquisite-unique-gourmet-gift-packaging-boxes-wholesaler","status":"publish","type":"product","link":"https:\/\/zojopackaging.com\/de\/product\/exquisite-unique-gourmet-gift-packaging-boxes-wholesaler\/","title":{"rendered":"Exquisite einzigartige Gourmet-Geschenkverpackungen Gro\u00dfh\u00e4ndler"},"content":{"rendered":"<h3 id=\"manufacturer-s-description-of-custom-clothing-packaging-boxes-in-china\">Beschreibung des Herstellers von Verpackungskartons f\u00fcr Kleidung in China<\/h3>\n<h4 id=\"1-magnetic-double-layer-pull-out-box-product-presentation-and-experience-upgrade\">1. Magnetische, doppellagige Ausziehbox: Produktpr\u00e4sentation und Erlebnisaufwertung<\/h4>\n<p>Chinesische Hersteller haben auf innovative Weise die\u00a0<strong>magnetische Doppelschicht-Ausziehbox<\/strong>\u00a0auf dem Gebiet der hochwertigen Bekleidungsverpackungen, die die Wirkung der Produktpr\u00e4sentation durch eine mehrschichtige Struktur verbessern. Zum Beispiel wird die eingebettete magnetische Vorrichtung verwendet, um einen ger\u00e4uschlosen Verschluss und eine pr\u00e4zise Adsorption zu erreichen. Die obere Schicht kann das Hauptkleidungsst\u00fcck ausstellen, w\u00e4hrend die untere Schicht Zubeh\u00f6r oder Anleitungen aufbewahren kann, um der Forderung der Marke nach einem \"rituellen Unboxing-Sinn\" gerecht zu werden. Die Schubladenbox von Guangzhou Kelda Packaging ist mit rutschfesten Kartenschlitzen ausgestattet, die sich f\u00fcr die unabh\u00e4ngige Aufbewahrung von d\u00fcnnen Accessoires wie Schals und Krawatten eignen. Gleichzeitig verleiht die magnetische \u00d6ffnungs- und Schlie\u00dfmethode der Verpackungsbox einen Hauch von Luxus. Diese Art von Design verbessert nicht nur die Produktqualit\u00e4t, sondern st\u00e4rkt auch das Bewusstsein der Verbraucher f\u00fcr die Handwerkskunst der Marke durch interaktive Erfahrungen.<\/p>\n<h4 id=\"2-natural-color-printing-emotional-visual-expression\">2. Nat\u00fcrlicher Farbdruck: emotionaler visueller Ausdruck<\/h4>\n<p>Hersteller verwenden\u00a0<strong>nat\u00fcrliche Farben mit niedriger S\u00e4ttigung<\/strong>\u00a0um eine differenzierte Verpackungs\u00e4sthetik zu schaffen. Die Geschenkschachtel der Yiwu Xianchuang Packaging Factory im INS-Stil mit Farbverlauf simuliert die Ver\u00e4nderungen des nat\u00fcrlichen Lichts mit Farben wie Dunstblau und Mintgr\u00fcn und bildet eine weiche, diffuse Reflexion mit einer matten Laminiertechnologie, die dem Streben der st\u00e4dtischen Verbrauchergruppe nach \"stressreduziertem Einkaufen\" entspricht. Die von Zhejiang Wenzhou Aoyin Packaging auf den Markt gebrachte Fensterschachtel aus transparentem Kraftpapier beh\u00e4lt die nat\u00fcrliche Textur des urspr\u00fcnglichen Zellstoffpapiers bei und l\u00e4sst das Markenlogo durch das partielle Hot-Through-Verfahren hervortreten, was nicht nur das Konzept des Umweltschutzes vermittelt, sondern auch eine visuelle Atmosph\u00e4re der R\u00fcckkehr zur Natur schafft. Studien haben gezeigt, dass solche Designs das Gef\u00fchl der Freude der Verbraucher beim Auspacken um 32% steigern k\u00f6nnen.<\/p>\n<h4 id=\"3-diversified-accessories-system-brand-value-extension\">3. Diversifiziertes Zubeh\u00f6rsystem: Erweiterung des Markenwerts<\/h4>\n<p>Chinesische Fabriken liefern\u00a0<strong>modulare zubeh\u00f6r-anpassungsdienste<\/strong>\u00a0um Marken beim Aufbau einer dreidimensionalen Produktmatrix zu unterst\u00fctzen:<\/p>\n<ul>\n<li><strong>Funktionelles Zubeh\u00f6r<\/strong>Die Genauigkeit der Feuchtigkeitskontrolle erreicht \u00b13%RH und eignet sich f\u00fcr hochwertige Stoffe wie Kaschmir und Seide;<\/li>\n<li><strong>Intelligentes interaktives Zubeh\u00f6r<\/strong>: Verkn\u00fcpfung mit der APP der Marke, um die F\u00e4lschungssicherheit zu gew\u00e4hrleisten und Bekleidungsvorschl\u00e4ge zu unterbreiten;<\/li>\n<li><strong>Dekoration des Szenarios<\/strong>: Mit abnehmbaren Satinb\u00e4ndern erf\u00fcllt sie die Anforderungen an einen flexiblen Wechsel zwischen limitierten Editionen f\u00fcr den Urlaub und allt\u00e4glichen Styles.<\/li>\n<\/ul>\n<h4 id=\"4-full-size-customization-system-precise-adaptation-of-product-form\">4. Full-Size Customization System: pr\u00e4zise Anpassung der Produktform<\/h4>\n<p>Dank der millimetergenauen Produktionstechnologie kann die chinesische Lieferkette den Bedarf an einer fl\u00e4chendeckenden Versorgung von\u00a0<strong>5cm\u00d75cm bis 120cm\u00d780cm<\/strong>. Durch die dynamische Anpassung der Faltlinie kann eine einzige Charge mit gemischten Kleidungsst\u00fccken unterschiedlicher Dicke wie Daunenjacken und Hochzeitskleidern kompatibel sein. Durch die Vorpr\u00e4gung Design, kann der Transport-Modus und Display-Modus schnell umgeschaltet werden, sparen 40% von Speicherplatz.<\/p>\n<h4 id=\"5-box-type-and-brand-visual-fusion-design\">5. Kartontyp und visuelles Fusionsdesign der Marke<\/h4>\n<p>Der Hersteller hat eine L\u00f6sungsbibliothek erstellt, die Folgendes enth\u00e4lt\u00a0<strong>15+ Kernkastenarten<\/strong>:<\/p>\n<ol>\n<li><strong>Magnetischer Saugkasten im Buchformat<\/strong>: Nachahmung der Form eines gebundenen Buchr\u00fcckens, mit eingebetteten Markengeschichten;<\/li>\n<li><strong>Variable obere und untere Abdeckung<\/strong>: unterst\u00fctzt die Technologie des R\u00fcckw\u00e4rtsdrucks, so dass das LOGO bei verschiedenen \u00d6ffnungs- und Schlie\u00dfungswinkeln dynamische visuelle Effekte zeigt;<\/li>\n<li><strong>Magnetische Saug-Flip-Box<\/strong>: Mit einer Kombination aus Spezialpapier und Metallverschl\u00fcssen wird eine dreidimensionale Darstellung der Marke VI System erreicht.<\/li>\n<\/ol>\n<h4 id=\"vi-unlimited-customization-service-ecosystem\">VI. Unbegrenztes \u00d6kosystem von Anpassungsdiensten<\/h4>\n<p>Chinesische Fabriken durchbrechen die traditionellen Barrieren der Individualisierung durch\u00a0<strong>digitales flexibles Produktionssystem<\/strong>:<\/p>\n<ul>\n<li>Dongguan Yuhong Packaging verwendet eine doppelseitige Farbdrucktechnologie, unterst\u00fctzt 500 Kartons pro Charge und verursacht keine Kosten f\u00fcr den Austausch von Mustern;<\/li>\n<li>Shenzhen Shunhuang Paper Products setzt ein schimmelfreies Produktionsmodell ein und realisiert die personalisierte Anpassung \"eine Schachtel, ein Bild\" mit der HP Indigo-Digitaldruckmaschine;<\/li>\n<li>Die Hersteller in Zhejiang bieten einen umfassenden Service von der 3D-Modellierung bis zum physischen Proofing, fertigen einfarbige wei\u00dfe Muster innerhalb von 8 Stunden und liefern gef\u00e4rbte Fertigprodukte innerhalb von 24 Stunden.<\/li>\n<\/ul>\n<h4 id=\"vii-factory-direct-service-and-quality-assurance\">VII. Werksdirektservice und Qualit\u00e4tssicherung<\/h4>\n<p>Chinas f\u00fchrende Verpackungsunternehmen setzen die\u00a0<strong>\"Drei Freiheiten und eine Garantie\" Politik<\/strong>:<\/p>\n<ul>\n<li><strong>Freie Gestaltung<\/strong>: Guangzhou Hainabaichuan Packaging bietet visuelle Markendiagnose, kombiniert mit Big-Data-Analyse, um Verpackungsstrategien zu entwickeln;<\/li>\n<li><strong>Kostenlose Proben<\/strong>: Yiwu Lelang Packaging unterst\u00fctzt die Lieferung von Mustern innerhalb von 48 Stunden weltweit und verwendet dabei die gleichen Materialien wie das Originalwerk;<\/li>\n<li><strong>Verpflichtung zur Qualit\u00e4t<\/strong>: ISO9001-Qualit\u00e4tszertifizierung, 12-monatige Garantie und eine Transportschadenquote von weniger als 0,5%.<\/li>\n<\/ul>","protected":false},"excerpt":{"rendered":"<p>Das gestrichene C2S-Kunstdruckpapier kann stufenlos angepasst werden, unterst\u00fctzt spezielle Druck-\/Hei\u00dfpr\u00e4geverfahren, erf\u00fcllt die Anforderungen an lebensmittelechte Siegel und wird seit 20 Jahren direkt von der Ursprungsfabrik geliefert.<\/p>","protected":false},"featured_media":8018,"template":"","meta":[],"product_brand":[],"product_cat":[31,30,422,424],"product_tag":[474,476,475],"class_list":{"0":"post-8017","1":"product","2":"type-product","3":"status-publish","4":"has-post-thumbnail","6":"product_cat-paper-box-style","7":"product_cat-by-industry","8":"product_cat-custom-gourmet-boxes-by-industry","9":"product_cat-magnetic-closure-boxes","10":"product_tag-exquisite-gourmet-packaging","11":"product_tag-gourmet-boxes-wholesaler","12":"product_tag-unique-gourmet-packaging","14":"first","15":"instock","16":"shipping-taxable","17":"product-type-simple"},"_links":{"self":[{"href":"https:\/\/zojopackaging.com\/de\/wp-json\/wp\/v2\/product\/8017","targetHints":{"allow":["GET"]}}],"collection":[{"href":"https:\/\/zojopackaging.com\/de\/wp-json\/wp\/v2\/product"}],"about":[{"href":"https:\/\/zojopackaging.com\/de\/wp-json\/wp\/v2\/types\/product"}],"version-history":[{"count":2,"href":"https:\/\/zojopackaging.com\/de\/wp-json\/wp\/v2\/product\/8017\/revisions"}],"predecessor-version":[{"id":8063,"href":"https:\/\/zojopackaging.com\/de\/wp-json\/wp\/v2\/product\/8017\/revisions\/8063"}],"wp:featuredmedia":[{"embeddable":true,"href":"https:\/\/zojopackaging.com\/de\/wp-json\/wp\/v2\/media\/8018"}],"wp:attachment":[{"href":"https:\/\/zojopackaging.com\/de\/wp-json\/wp\/v2\/media?parent=8017"}],"wp:term":[{"taxonomy":"product_brand","embeddable":true,"href":"https:\/\/zojopackaging.com\/de\/wp-json\/wp\/v2\/product_brand?post=8017"},{"taxonomy":"product_cat","embeddable":true,"href":"https:\/\/zojopackaging.com\/de\/wp-json\/wp\/v2\/product_cat?post=8017"},{"taxonomy":"product_tag","embeddable":true,"href":"https:\/\/zojopackaging.com\/de\/wp-json\/wp\/v2\/product_tag?post=8017"}],"curies":[{"name":"wp","href":"https:\/\/api.w.org\/{rel}","templated":true}]}}