{"id":8027,"date":"2025-03-23T11:47:13","date_gmt":"2025-03-23T03:47:13","guid":{"rendered":"https:\/\/zojopackaging.com\/?post_type=product&#038;p=8027"},"modified":"2025-03-23T16:34:14","modified_gmt":"2025-03-23T08:34:14","slug":"custom-clothing-packaging-apparel-boxes-china-manufacturer","status":"publish","type":"product","link":"https:\/\/zojopackaging.com\/de\/product\/custom-clothing-packaging-apparel-boxes-china-manufacturer\/","title":{"rendered":"Benutzerdefinierte Kleidung Verpackung Kleidung Boxen China Hersteller"},"content":{"rendered":"<h3 id=\"customized-clothing-packaging-box-chinese-manufacturer-description\">Ma\u00dfgeschneiderte Kleidung Verpackung Box chinesischen Hersteller Beschreibung<\/h3>\n<h4 id=\"1-double-sided-color-printing-professional-visual-shaping\">1. Beidseitiger Farbdruck: professionelle visuelle Gestaltung<\/h4>\n<p>Chinesische Hersteller verwenden h\u00e4ufig\u00a0<strong>beidseitige Farbdrucktechnik<\/strong>\u00a0bei der individuellen Gestaltung von Bekleidungsverpackungen, bei der Markenlogos, Muster oder Farbverl\u00e4ufe durch hochpr\u00e4zise Drucktechnik dargestellt werden. Dies verbessert nicht nur den Wiedererkennungswert des Produkts, sondern st\u00e4rkt auch die visuelle Einheit der Marke durch Farb\u00fcberlagerung. Der doppelseitige Druck in Kombination mit der matten\/gl\u00e4nzenden Laminierungstechnologie verleiht dem Verpackungskarton unter verschiedenen Lichtverh\u00e4ltnissen eine zarte Textur und erf\u00fcllt die doppelten Anforderungen hochwertiger Bekleidungsmarken an Professionalit\u00e4t und Raffinesse.<\/p>\n<h4 id=\"2-macron-color-system-emotional-design-language\">2. Macron-Farbsystem: emotionale Designsprache<\/h4>\n<p>Im Einklang mit dem Trend zu einem j\u00fcngeren Verbrauch integrieren die Hersteller\u00a0<strong>weiches Macron-Farbsystem<\/strong>\u00a0in das Verpackungsdesign. Ein Beispiel: Die Qixi-Geschenkbox im INS-Stil mit Farbverlauf verwendet niedrig ges\u00e4ttigtes Puderblau, helles Violett und andere T\u00f6ne, um einen vertr\u00e4umten visuellen Effekt zu erzeugen, der den Anforderungen von Damenbekleidungsmarken f\u00fcr emotionale Konsumszenen entspricht. Durch ma\u00dfgeschneiderte Farbabstimmungsdienste wird das Macron-Farbsystem mit dem VI-System der Marke kombiniert, das nicht nur einen entspannten und angenehmen Markenton vermittelt, sondern auch das Gef\u00fchl des Benutzers f\u00fcr Rituale beim Auspacken durch Farbpsychologie verst\u00e4rkt.<\/p>\n<h4 id=\"3-magnetic-box-structure-high-end-interactive-experience-upgrade\">3. Magnetische Box Struktur: High-End interaktive Erfahrung Upgrade<\/h4>\n<p><strong>Magnetisches \u00d6ffnen und Schlie\u00dfen<\/strong>\u00a0ist zu einer der wichtigsten Technologien geworden, um den Wert der Verpackung zu steigern. Die faltbare Magnet-Geschenkbox verwendet eingebettete Magnetschnallen, um einen ger\u00e4uschlosen Verschluss zu erreichen. Die pr\u00e4zise Adsorptionskraft gew\u00e4hrleistet nicht nur die Transportsicherheit, sondern bietet auch ein hochwertiges taktiles Feedback durch das d\u00e4mpfende Gef\u00fchl beim \u00d6ffnen und Schlie\u00dfen. Die magnetische Klappbox kombiniert Metallschnallen und spezielle Papiermaterialien, um das Verst\u00e4ndnis der Benutzer f\u00fcr das handwerkliche Niveau der Marke durch ein interaktives Design zu verbessern, das sich mit einer Ber\u00fchrung \u00f6ffnen l\u00e4sst. Diese Art von Design eignet sich besonders f\u00fcr Produktlinien wie leichte Luxuskleidung und Ma\u00dfanz\u00fcge, die den Sinn f\u00fcr Rituale unterstreichen sollen.<\/p>\n<h4 id=\"4-high-strength-material-safety-and-environmental-protection-are-equally-important\">4. Hochfestes Material: Sicherheit und Umweltschutz sind gleicherma\u00dfen wichtig<\/h4>\n<p>Die Hersteller verwenden im Allgemeinen eine Verbundstruktur aus\u00a0<strong>1200 GSM Graukarton + 157 GSM gestrichenes Papier<\/strong>. Die originale farbige Kraftpapierschachtel hat eine Tragf\u00e4higkeit von \u226550kg durch die Graupappe, die effektiv der Logistikextrusion widerstehen kann. Die Geschenkschachtel mit Deckel und Boden ist mit einer umweltfreundlichen Beschichtung auf Wasserbasis auf der Oberfl\u00e4che des beschichteten Papiers versehen, die nicht nur die Farbs\u00e4ttigung des Drucks sicherstellt, sondern auch der EU-REACH-Norm entspricht, wobei Haltbarkeit und Nachhaltigkeit ber\u00fccksichtigt werden. Durch diese Materialkombination liegt die Bruchrate der Verpackungsbox im Falltest unter 0,3% und damit weit \u00fcber dem Branchendurchschnitt.<\/p>\n<h4 id=\"5-full-size-customization-accurately-adapt-to-product-form\">5. Anpassung in voller Gr\u00f6\u00dfe: Genaue Anpassung an die Produktform<\/h4>\n<p>Chinas Lieferkette bietet\u00a0<strong>Millimetergenaue Gr\u00f6\u00dfenanpassung<\/strong>\u00a0Dienstleistungen. Zum Beispiel: seine Kleidung Verpackung Box unterst\u00fctzt Full-Size-Abdeckung von 5cm\u00d75cm bis 120cm\u00d780cm, und der Fehler von speziellen Spezifikationen ist innerhalb \u00b10,5mm kontrolliert. F\u00fcr unregelm\u00e4\u00dfige Kleidung (wie Hochzeitskleider und Daunenjacken) erm\u00f6glicht die verstellbare Schachtelstruktur eine dynamische Anpassung der Schachteltiefe durch das Design der Faltlinie, und eine einzige Charge kann mit 3-5 verschiedenen Dicken von Kleidung gemischten Bed\u00fcrfnissen kompatibel sein.<\/p>\n<h4 id=\"vi-multiple-box-type-system-brand-differentiation-carrier\">6. System mit mehreren Boxen: Markendifferenzierungstr\u00e4ger<\/h4>\n<p>Die Hersteller haben eine L\u00f6sungsbibliothek aufgebaut, die mehr als 10 g\u00e4ngige Boxentypen abdeckt:<\/p>\n<ol>\n<li><strong>Schubladenbox<\/strong>: Geeignet f\u00fcr die mehrschichtige Aufbewahrung von Accessoires wie Schals und Krawatten, mit rutschfesten Kartenf\u00e4chern im Inneren;<\/li>\n<li><strong>Magnetischer Saugkasten im Buchformat<\/strong>: Nachahmung des Designs eines Hardcover-Buchr\u00fcckens, geeignet f\u00fcr Storytelling-Verpackungen von Designermarken;<\/li>\n<li><strong>Austauschbare Flugzeugbox<\/strong>: Das Vorpressen dient der schnellen Umstellung des Kartontyps zwischen Transport- und Ausstellungsmodus.<\/li>\n<\/ol>\n<h4 id=\"vii-functional-inner-tray-product-protection-is-upgraded\">7. Funktionales Innenfach: Der Produktschutz wird verbessert<\/h4>\n<p>Entwicklung spezieller Innenschalensysteme f\u00fcr verschiedene Bekleidungskategorien:<\/p>\n<ul>\n<li><strong>Feuchtigkeitsdichtes Futter<\/strong>: Es wird lebensmittelechter PE-beschichteter Vliesstoff verwendet, und die Genauigkeit der Feuchtigkeitskontrolle erreicht \u00b13%RH, was f\u00fcr empfindliche Stoffe wie Kaschmir und Seide geeignet ist;<\/li>\n<li><strong>Abnehmbare Halterung<\/strong>: Der dreidimensionale B\u00fcgel aus PP-Material erm\u00f6glicht die faltenfreie h\u00e4ngende Aufbewahrung von Anz\u00fcgen und Kleidern;<\/li>\n<li><strong>Innenschale mit intelligentem Sensor<\/strong>: Eingebetteter RFID-Chip, der mit der APP der Marke verkn\u00fcpft ist, um die F\u00e4lschungssicherheit zu gew\u00e4hrleisten und Bekleidungsempfehlungen zu geben.<\/li>\n<\/ul>","protected":false},"excerpt":{"rendered":"<p>Die Magnetverschluss-Kleiderbox ist f\u00fcr alle Arten von Kleidung geeignet. Sie besteht aus C2S-beschichtetem Kunstdruckpapier und unterst\u00fctzt unbegrenzte kundenspezifische Designs. Sie wird in chinesischen Fabriken mit Qualit\u00e4tskontrolle hergestellt.<\/p>","protected":false},"featured_media":8030,"template":"","meta":[],"product_brand":[],"product_cat":[31,30,414,424],"product_tag":[478,479,477],"class_list":{"0":"post-8027","1":"product","2":"type-product","3":"status-publish","4":"has-post-thumbnail","6":"product_cat-paper-box-style","7":"product_cat-by-industry","8":"product_cat-custom-apparel-boxes","9":"product_cat-magnetic-closure-boxes","10":"product_tag-apparel-boxes-manufacturer","11":"product_tag-apparel-packaging-china","12":"product_tag-custom-clothing-packaging","14":"first","15":"instock","16":"shipping-taxable","17":"product-type-simple"},"_links":{"self":[{"href":"https:\/\/zojopackaging.com\/de\/wp-json\/wp\/v2\/product\/8027","targetHints":{"allow":["GET"]}}],"collection":[{"href":"https:\/\/zojopackaging.com\/de\/wp-json\/wp\/v2\/product"}],"about":[{"href":"https:\/\/zojopackaging.com\/de\/wp-json\/wp\/v2\/types\/product"}],"version-history":[{"count":3,"href":"https:\/\/zojopackaging.com\/de\/wp-json\/wp\/v2\/product\/8027\/revisions"}],"predecessor-version":[{"id":8062,"href":"https:\/\/zojopackaging.com\/de\/wp-json\/wp\/v2\/product\/8027\/revisions\/8062"}],"wp:featuredmedia":[{"embeddable":true,"href":"https:\/\/zojopackaging.com\/de\/wp-json\/wp\/v2\/media\/8030"}],"wp:attachment":[{"href":"https:\/\/zojopackaging.com\/de\/wp-json\/wp\/v2\/media?parent=8027"}],"wp:term":[{"taxonomy":"product_brand","embeddable":true,"href":"https:\/\/zojopackaging.com\/de\/wp-json\/wp\/v2\/product_brand?post=8027"},{"taxonomy":"product_cat","embeddable":true,"href":"https:\/\/zojopackaging.com\/de\/wp-json\/wp\/v2\/product_cat?post=8027"},{"taxonomy":"product_tag","embeddable":true,"href":"https:\/\/zojopackaging.com\/de\/wp-json\/wp\/v2\/product_tag?post=8027"}],"curies":[{"name":"wp","href":"https:\/\/api.w.org\/{rel}","templated":true}]}}