{"id":8035,"date":"2025-03-23T12:14:07","date_gmt":"2025-03-23T04:14:07","guid":{"rendered":"https:\/\/zojopackaging.com\/?post_type=product&#038;p=8035"},"modified":"2025-03-23T16:14:54","modified_gmt":"2025-03-23T08:14:54","slug":"luxury-design-apparel-shirts-clothes-bikini-boxes-wholesale","status":"publish","type":"product","link":"https:\/\/zojopackaging.com\/de\/product\/luxury-design-apparel-shirts-clothes-bikini-boxes-wholesale\/","title":{"rendered":"Luxus Design Bekleidung Hemden Kleidung Bikini Boxen Gro\u00dfhandel"},"content":{"rendered":"<h2 id=\"-fsc-environmentally-friendly-foldable-magnetic-window-packaging-box-special-solution-for-high-end-clothing-shirts-bikinis-wholesale-\"><strong>FSC umweltfreundliche faltbare magnetische Fensterverpackungsbox<\/strong><\/h2>\n<h3 id=\"-material-and-environmental-certification-the-unity-of-quality-and-responsibility-\"><strong>1. Material- und Umweltzertifizierung: die Einheit von Qualit\u00e4t und Verantwortung<\/strong><\/h3>\n<ol>\n<li><strong>1200GSM Graupappe + 157GSM FSC gestrichenes Papier<\/strong><\/li>\n<li><strong>Graupappe mit hoher Dichte<\/strong>Tragf\u00e4higkeit von 3 kg, Druck- und Verformungsfestigkeit, ideal f\u00fcr den Transportschutz von gro\u00dfen Kleidungsst\u00fccken (z. B. M\u00e4nteln und Kleidern).<\/li>\n<li><strong>FSC-umweltfreundlich gestrichenes Papier<\/strong>: matte\/gl\u00e4nzende Folie auf der Oberfl\u00e4che, wasser- und \u00f6lbest\u00e4ndig, EU-REACH-Zertifizierung erhalten, 100% recycelbar und abbaubar, erf\u00fcllt die Anforderungen der nachhaltigen Entwicklung globaler Marken.<\/li>\n<\/ol>\n<h3 id=\"-box-design-minimalist-and-practical-cost-reduction-and-efficiency-improvement-\"><strong>2. Box-Design: minimalistisch und praktisch, Kostensenkung und Effizienzsteigerung<\/strong><\/h3>\n<ol>\n<li><strong>Faltbare buchf\u00f6rmige Box + Magnetschalter<\/strong><\/li>\n<li>Die Dicke nach dem Falten betr\u00e4gt nur 2,5 cm, das Transportvolumen reduziert sich um 70% und die Frachtkosten um 50%; der Magnetverschluss l\u00e4sst sich leise und sanft \u00f6ffnen und schlie\u00dfen und verformt sich auch nach wiederholtem Gebrauch nicht.<\/li>\n<li><strong>Transparentes Fenster (PVC\/PET optional)<\/strong>: Die Position und Form des Fensters kann auf Wunsch angepasst werden, und die Details der Kleidung (wie Bikini-Stil, Hemdenstoff) k\u00f6nnen intuitiv angezeigt werden, wodurch die Kundenberatungsrate um 30%+ reduziert wird.<\/li>\n<li><strong>Minimal-Oberfl\u00e4chen-Technologie<\/strong><\/li>\n<li>Kein komplizierter Druck, nur mit umweltfreundlicher matter Folie\/heller Folie \u00fcberzogen, zarte Ber\u00fchrung und Anti-Fingerabdruck-Kratzer, angepasst an das Designkonzept \"weniger ist mehr\" von Luxusg\u00fctern, Reduzierung der Verarbeitungskosten um 15%.<\/li>\n<\/ol>\n<h3 id=\"-customized-service-flexible-adaptation-to-all-categories-of-clothing-\"><strong>3. Ma\u00dfgeschneiderter Service: flexible Anpassung an alle Bekleidungskategorien<\/strong><\/h3>\n<ol>\n<li><strong>Frei definierte Gr\u00f6\u00dfe: <\/strong>Unterst\u00fctzt die volldimensionale Anpassung der Box in L\u00e4nge, Breite und H\u00f6he (5-80 cm), und das Futter kann mit EVA-Rillen, Beflockungsklammern oder Aufh\u00e4ngeschnallen ausgestattet werden, um leicht verformbare Teile wie Hemdkragen und Bikinitr\u00e4ger pr\u00e4zise zu fixieren.<\/li>\n<li><strong>Schnellantwort-Link<\/strong>\u00a0<strong>10-min\u00fctiges intelligentes Angebot<\/strong>: Geben Sie die Gr\u00f6\u00dfen-\/Fensteranforderungen online ein, und das KI-System generiert Angebote und 3D-Renderings in Echtzeit ohne manuelle \u00dcberpr\u00fcfung.<\/li>\n<li><strong>3-Tage-Qualit\u00e4tspr\u00fcfung nach Muster<\/strong>: Das Proofing umfasst einen SGS-Materialtestbericht, unterst\u00fctzt 5 Detail\u00e4nderungen und gew\u00e4hrleistet eine fehlerfreie Massenproduktion.<\/li>\n<\/ol>\n<h3 id=\"-global-delivery-guarantee-efficient-access-to-end-customers-\"><strong>4. Globale Liefergarantie: effizienter Zugang zu den Endkunden<\/strong><\/h3>\n<ol>\n<li><strong><strong>5-7 Arbeitstage globale Expresslieferung<\/strong><\/strong>Zusammenarbeit mit Logistikriesen wie DHL und FedEx, 5 Tage in die USA\/Europa, 3 Tage nach S\u00fcdostasien, und Unterst\u00fctzung der direkten Lieferung aus Amazon FBA-Lagern.<\/li>\n<li><strong><strong>Kostenvorteil bei Chargenbestellung<\/strong><\/strong>Mindestbestellmenge von 1.000 St\u00fcck, St\u00fcckpreis bereits ab\u00a0<strong>$0,89\/St\u00fcck<\/strong> (einschlie\u00dflich globaler T\u00fcr-zu-T\u00fcr-Logistik), unterst\u00fctzt MOQ 500 St\u00fcck Probeauftrag.<\/li>\n<\/ol>\n<h3 id=\"-application-scenarios-and-benefits-\"><strong>5. Anwendungsszenarien und Vorteile<\/strong><\/h3>\n<p>\u2705\u00a0<strong>Hochwertige Bekleidungsmarken<\/strong>: Die Schaufenstergestaltung erh\u00f6ht die Attraktivit\u00e4t der Auslage, und die matte Folientextur verst\u00e4rkt den Markenton.<br \/>\n\u2705\u00a0<strong>Grenz\u00fcberschreitender elektronischer Handel<\/strong>: Die flache Verpackung verringert die Schadensquote in der Logistik, und die Lieferzeit von 5-7 Tagen beschleunigt den Lagerumschlag.<br \/>\n\u2705\u00a0<strong>Individuelle Gestaltung von Geschenkboxen f\u00fcr Feiertage<\/strong>: Die magnetische Saugdose eignet sich f\u00fcr die limitierte Auflage zu Weihnachten\/Valentinstag und kann als Aufbewahrungsbox wiederverwendet werden, um die Haftf\u00e4higkeit der Kunden zu erh\u00f6hen.<\/p>\n<p><strong>Prozess der Zusammenarbeit<\/strong><\/p>\n<ol>\n<li><strong>Online-Entwurf<\/strong> \u21922.\u00a0<strong>10-Minuten-Kurs<\/strong>\u00a0\u2192 3.\u00a0<strong>3-Tage-Probenbest\u00e4tigung<\/strong>\u00a0\u2192 4.\u00a0<strong>Massenproduktion<\/strong>\u00a0\u2192 5.\u00a0<strong>Globale Zustellung<\/strong><\/li>\n<\/ol>\n<p><strong>Warum sollten Sie uns w\u00e4hlen?<\/strong><\/p>\n<ul>\n<li><strong>China Quelle Fabrik<\/strong>: ISO\/FSC-Zertifizierung, t\u00e4gliche Produktion von mehr als 200.000 Standardkartons, 72-Stunden-Notdienst f\u00fcr Bestellungen.<\/li>\n<li><strong>Keine versteckten Kosten<\/strong>: Das Angebot umfasst Schimmelpilz- und Logistikgeb\u00fchren und unterst\u00fctzt die Abrechnung in RMB\/USD.<\/li>\n<\/ul>","protected":false},"excerpt":{"rendered":"<p>Magnetverschluss faltbare Kleidung Box, geeignet f\u00fcr High-End-Kleidung Lagerung, beschichtetes Papier umweltfreundliches Material, unterst\u00fctzt unbegrenzte Gr\u00f6\u00dfe Design Anpassung. Chinesische Fabrik 20 Minuten Angebot, 3 Tage Probe<\/p>","protected":false},"featured_media":8036,"template":"","meta":[],"product_brand":[],"product_cat":[31,30,414,424],"product_tag":[480,482,481],"class_list":{"0":"post-8035","1":"product","2":"type-product","3":"status-publish","4":"has-post-thumbnail","6":"product_cat-paper-box-style","7":"product_cat-by-industry","8":"product_cat-custom-apparel-boxes","9":"product_cat-magnetic-closure-boxes","10":"product_tag-apparel-boxes","11":"product_tag-bikini-boxes-wholesale","12":"product_tag-luxury-clothes-boxes","14":"first","15":"instock","16":"shipping-taxable","17":"product-type-simple"},"_links":{"self":[{"href":"https:\/\/zojopackaging.com\/de\/wp-json\/wp\/v2\/product\/8035","targetHints":{"allow":["GET"]}}],"collection":[{"href":"https:\/\/zojopackaging.com\/de\/wp-json\/wp\/v2\/product"}],"about":[{"href":"https:\/\/zojopackaging.com\/de\/wp-json\/wp\/v2\/types\/product"}],"version-history":[{"count":3,"href":"https:\/\/zojopackaging.com\/de\/wp-json\/wp\/v2\/product\/8035\/revisions"}],"predecessor-version":[{"id":8060,"href":"https:\/\/zojopackaging.com\/de\/wp-json\/wp\/v2\/product\/8035\/revisions\/8060"}],"wp:featuredmedia":[{"embeddable":true,"href":"https:\/\/zojopackaging.com\/de\/wp-json\/wp\/v2\/media\/8036"}],"wp:attachment":[{"href":"https:\/\/zojopackaging.com\/de\/wp-json\/wp\/v2\/media?parent=8035"}],"wp:term":[{"taxonomy":"product_brand","embeddable":true,"href":"https:\/\/zojopackaging.com\/de\/wp-json\/wp\/v2\/product_brand?post=8035"},{"taxonomy":"product_cat","embeddable":true,"href":"https:\/\/zojopackaging.com\/de\/wp-json\/wp\/v2\/product_cat?post=8035"},{"taxonomy":"product_tag","embeddable":true,"href":"https:\/\/zojopackaging.com\/de\/wp-json\/wp\/v2\/product_tag?post=8035"}],"curies":[{"name":"wp","href":"https:\/\/api.w.org\/{rel}","templated":true}]}}