{"id":8044,"date":"2025-03-23T13:26:13","date_gmt":"2025-03-23T05:26:13","guid":{"rendered":"https:\/\/zojopackaging.com\/?post_type=product&#038;p=8044"},"modified":"2025-03-23T16:13:21","modified_gmt":"2025-03-23T08:13:21","slug":"custom-high-quality-pen-packaging-box-factory-wholesale","status":"publish","type":"product","link":"https:\/\/zojopackaging.com\/de\/product\/custom-high-quality-pen-packaging-box-factory-wholesale\/","title":{"rendered":"Benutzerdefinierte hohe Qualit\u00e4t Stift Verpackung Box Fabrik Gro\u00dfhandel"},"content":{"rendered":"<h3 id=\"customized-high-quality-pen-packaging-factory-wholesale-instructions\">Ma\u00dfgeschneiderte hochwertige Stift Verpackung Fabrik Gro\u00dfhandel Anweisungen<\/h3>\n<h4 id=\"1-minimalist-design-and-environmental-sustainability\">1. Minimalistisches Design und \u00f6kologische Nachhaltigkeit<\/h4>\n<p>Das Kernkonzept einer hochwertigen, kundenspezifischen Stiftverpackung ist die Integration von\u00a0<strong>minimalistisches Design<\/strong>\u00a0und\u00a0<strong>Umweltvertr\u00e4glichkeit<\/strong>. Die Verwendung von abbaubaren Materialien (wie PLA, umweltfreundliches Papier) und Leichtbautechnologie kann nicht nur die Ressourcenverschwendung verringern, sondern auch die Transportkosten senken. Die Verwendung von 300 Gramm wei\u00dfer Graupappe oder recyceltem Zellstoff beispielsweise entspricht nicht nur den Anforderungen des modernen Verbrauchers an den Umweltschutz, sondern verbessert auch die Kosteneffizienz durch eine Vereinfachung des strukturellen Aufbaus (z. B. Verringerung \u00fcberfl\u00fcssiger Verkleidungen).<\/p>\n<h4 id=\"2-classic-color-matching-white-and-gray\">2. Klassische Farbkombination: Wei\u00df und Grau<\/h4>\n<p>Das wei\u00df-graue Farbschema ist ein\u00a0<strong>klassisch und szenarien\u00fcbergreifend<\/strong>\u00a0Wahl. Wei\u00df symbolisiert Reinheit und Einfachheit, und Grau steht f\u00fcr Stabilit\u00e4t und High-End-Gef\u00fchl. Die Kombination der beiden kann f\u00fcr Gesch\u00e4ftsgeschenke, Briefpapier f\u00fcr Studenten und andere Szenen verwendet werden. Zum Beispiel ist die obere und untere Abdeckung Box-Typ mit einem matten grauen Boden und einem wei\u00dfen Hei\u00dfpr\u00e4gung LOGO, die nicht nur die Markenbekanntheit zu verbessern, sondern auch vermitteln eine Low-Key-und luxuri\u00f6se Marke Ton abgestimmt.<\/p>\n<h4 id=\"3-diversified-box-customization\">3. Vielf\u00e4ltige Anpassung der Box<\/h4>\n<p>Das Werk unterst\u00fctzt\u00a0<strong>mehrere Kastenformen<\/strong>, einschlie\u00dflich:<\/p>\n<ul>\n<li><strong>Schachteln mit Deckel oben und unten<\/strong>: geeignet f\u00fcr hochwertige Schreibger\u00e4te, die das Gef\u00fchl des \u00d6ffnens einer Schachtel verst\u00e4rken;<\/li>\n<li><strong>Ausziehbare Boxen<\/strong>: Praktisch f\u00fcr die Anzeige mehrerer Stifts\u00e4tze, um den Anzeigeeffekt zu verbessern;<\/li>\n<li><strong>Magnetische Flip-Top-Saugdosen<\/strong>: Kombiniert mit einem magnetischen Schlie\u00dfmechanismus, der das \u00d6ffnen und Schlie\u00dfen vereinfacht;<\/li>\n<li><strong>Schachteln in Sonderform<\/strong>: z.B. zylindrische oder sechseckige Schachteln, um den Bed\u00fcrfnissen kreativer Marken gerecht zu werden. Durch ein differenziertes Schachteldesign k\u00f6nnen Markenerinnerungspunkte verst\u00e4rkt werden.<\/li>\n<\/ul>\n<h4 id=\"4-magnetic-suction-closing-mechanism\">4. Magnetischer Saugverschlussmechanismus<\/h4>\n<p><strong>Magnetischer Verschluss<\/strong>\u00a0bietet nicht nur ein bequemes Nutzungserlebnis, sondern f\u00f6rdert auch die Interaktion mit dem Verbraucher durch das \"Klick\"-Ger\u00e4usch der magnetischen Haftung. Die Verwendung von eingebetteten Neodym-Eisen-Bor-Magneten, die gut versteckt sind und eine stabile Adsorptionskraft haben, eignet sich beispielsweise f\u00fcr Flip-Top-Boxen oder Split-Box-Strukturen. Diese Konstruktion wird h\u00e4ufig bei Verpackungen f\u00fcr Sch\u00f6nheitsinstrumente verwendet, um die Verlustquote beim \u00d6ffnen und Schlie\u00dfen zu verringern.<\/p>\n<h4 id=\"5-material-selection-and-value-enhancement\">5. Materialauswahl und Wertsteigerung<\/h4>\n<p>Die Fabrik liefert\u00a0<strong>verschiedene Materialien<\/strong>\u00a0Anpassung:<\/p>\n<ul>\n<li><strong>Papier<\/strong>: wei\u00dfer Karton, graues Kartonpapier, geeignet f\u00fcr den minimalistischen Gesch\u00e4ftsstil;<\/li>\n<li><strong>Kunststoff<\/strong>: PP, PETG transparente Box, Display-Stift K\u00f6rper Design;<\/li>\n<li><strong>Zusammengesetztes Material<\/strong>: beflocktes EVA-Futter + harte Schale, die sowohl den Schutz als auch den Tastsinn ber\u00fccksichtigt;<\/li>\n<li><strong>Schutz der Umwelt<\/strong>: Biologisch abbaubares PLA-Material, im Einklang mit dem gr\u00fcnen Markenimage.<\/li>\n<\/ul>\n<h4 id=\"6-inner-tray-customization-and-protection-function\">6. Innere Fach Anpassung und Schutz-Funktion<\/h4>\n<p><strong>Individuelles Innenfach<\/strong>\u00a0ist der Schl\u00fcssel zum Schutz und zur Anzeige:<\/p>\n<ul>\n<li><strong>EVA-Schaum<\/strong>: der Stiftform entsprechend geformt, sto\u00dffest und druckbest\u00e4ndig;<\/li>\n<li><strong>Beflocktes Futter<\/strong>: Veredelungseffekt, geeignet f\u00fcr hochwertige Geschenke;<\/li>\n<li><strong>Abnehmbares Lagenkonzept<\/strong>: Praktisch f\u00fcr die Klassifizierung und Aufbewahrung von mehreren Stiften.<\/li>\n<\/ul>\n<h4 id=\"vii-advantages-of-the-source-factory\">VII. Vorteile der Quellenfabrik<\/h4>\n<p>Als\u00a0<strong>Quellenwerk<\/strong>bieten wir die folgenden Dienstleistungen an:<\/p>\n<ul>\n<li><strong>Kostenloser Korrekturabzug und Entwurf<\/strong>Unterst\u00fctzung von LOGO-Hei\u00dfpr\u00e4gung, Siebdruck und anderen Verfahren;<\/li>\n<li><strong>\u00dcberpr\u00fcfbare Qualit\u00e4t<\/strong>: Umfassende Qualit\u00e4tskontrolle von der Beschaffung der Rohstoffe bis zur Auslieferung der fertigen Produkte;<\/li>\n<li><strong>Schnelle Antwort<\/strong>: Die Personalisierung wird innerhalb von 7-15 Arbeitstagen abgeschlossen.<\/li>\n<\/ul>\n<h4 id=\"viii-fully-automatic-production-and-delivery-guarantee\">VIII. Vollautomatische Produktion und Liefergarantie<\/h4>\n<p>Die Fabrik ist ausgestattet mit\u00a0<strong>vollautomatische Produktionslinien<\/strong>, einschlie\u00dflich:<\/p>\n<ul>\n<li><strong>CNC-Stanzmaschine<\/strong>Genauigkeitsfehler \u22640,2 mm;<\/li>\n<li><strong>Hochgeschwindigkeits-Spritzgie\u00dfmaschine<\/strong>Die t\u00e4gliche Produktionskapazit\u00e4t liegt bei \u00fcber 1 Million St\u00fcck;<\/li>\n<li><strong>Intelligentes Logistiksystem<\/strong>: automatisches Stapeln und Verpacken, weniger manuelle Eingriffe.<\/li>\n<\/ul>\n<h3 id=\"summary\">Zusammenfassung<\/h3>\n<p>Bei der Anpassung hochwertiger Stiftverpackungen m\u00fcssen Design, Funktion und Effizienz ber\u00fccksichtigt werden. Durch minimalistische Umweltschutzkonzepte, klassische Farbabstimmung, verschiedene Schachteltypen und Magnetverschl\u00fcsse und andere innovative Designs, kombiniert mit der Gro\u00dfproduktion und strengen Qualit\u00e4tskontrolle der Ausgangsfabrik, kann eine Verpackungsl\u00f6sung f\u00fcr die Marke geschaffen werden, die sowohl praktisch als auch sch\u00f6n ist. Von kostenlosen Mustern bis hin zur vollautomatischen Lieferung hilft der One-Stop-Service der Fabrik den Marken, ihre Marktchancen zu nutzen.<\/p>","protected":false},"excerpt":{"rendered":"<p>Durch minimalistische Umweltschutzkonzepte, klassische Farbabstimmung, vielf\u00e4ltige Schachtelarten und Magnetverschl\u00fcsse und andere innovative Designs.<\/p>","protected":false},"featured_media":8047,"template":"","meta":[],"product_brand":[],"product_cat":[31,30,413,424],"product_tag":[487,488,486],"class_list":{"0":"post-8044","1":"product","2":"type-product","3":"status-publish","4":"has-post-thumbnail","6":"product_cat-paper-box-style","7":"product_cat-by-industry","8":"product_cat-consumer-electronics-boxes","9":"product_cat-magnetic-closure-boxes","10":"product_tag-custom-pen-packaging","11":"product_tag-pen-box-wholesale","12":"product_tag-pen-packaging-factory","14":"first","15":"instock","16":"shipping-taxable","17":"product-type-simple"},"_links":{"self":[{"href":"https:\/\/zojopackaging.com\/de\/wp-json\/wp\/v2\/product\/8044","targetHints":{"allow":["GET"]}}],"collection":[{"href":"https:\/\/zojopackaging.com\/de\/wp-json\/wp\/v2\/product"}],"about":[{"href":"https:\/\/zojopackaging.com\/de\/wp-json\/wp\/v2\/types\/product"}],"version-history":[{"count":1,"href":"https:\/\/zojopackaging.com\/de\/wp-json\/wp\/v2\/product\/8044\/revisions"}],"predecessor-version":[{"id":8059,"href":"https:\/\/zojopackaging.com\/de\/wp-json\/wp\/v2\/product\/8044\/revisions\/8059"}],"wp:featuredmedia":[{"embeddable":true,"href":"https:\/\/zojopackaging.com\/de\/wp-json\/wp\/v2\/media\/8047"}],"wp:attachment":[{"href":"https:\/\/zojopackaging.com\/de\/wp-json\/wp\/v2\/media?parent=8044"}],"wp:term":[{"taxonomy":"product_brand","embeddable":true,"href":"https:\/\/zojopackaging.com\/de\/wp-json\/wp\/v2\/product_brand?post=8044"},{"taxonomy":"product_cat","embeddable":true,"href":"https:\/\/zojopackaging.com\/de\/wp-json\/wp\/v2\/product_cat?post=8044"},{"taxonomy":"product_tag","embeddable":true,"href":"https:\/\/zojopackaging.com\/de\/wp-json\/wp\/v2\/product_tag?post=8044"}],"curies":[{"name":"wp","href":"https:\/\/api.w.org\/{rel}","templated":true}]}}