{"id":8050,"date":"2025-03-23T14:37:18","date_gmt":"2025-03-23T06:37:18","guid":{"rendered":"https:\/\/zojopackaging.com\/?post_type=product&#038;p=8050"},"modified":"2025-03-23T14:47:26","modified_gmt":"2025-03-23T06:47:26","slug":"high-quality-low-moq-car-fragrance-packaging-box-gift-package","status":"publish","type":"product","link":"https:\/\/zojopackaging.com\/de\/product\/high-quality-low-moq-car-fragrance-packaging-box-gift-package\/","title":{"rendered":"Hohe Qualit\u00e4t Niedrige MOQ Auto Parf\u00fcm Verpackung Box Geschenk Paket"},"content":{"rendered":"<h2 id=\"high-end-car-perfume-packaging-customization-guide-7-innovations-in-environmental-protection-texture-and-experience\">Leitfaden f\u00fcr die Anpassung von hochwertigen Autoparf\u00fcmverpackungen: 7 Innovationen in Sachen Umweltschutz, Textur und Erlebnis<\/h2>\n<h3 id=\"introduction\">Einf\u00fchrung<\/h3>\n<p>Angetrieben durch den doppelten Antrieb der Konsumsteigerung und des Umweltschutzes durchl\u00e4uft die Autoparf\u00fcmverpackung einen qualitativen Wandel vom \"funktionalen Beh\u00e4lter\" zum \"Markenmedium\". Daten zeigen, dass die Wiederkaufsrate von Autoparf\u00fcmmarken, die nachhaltige Verpackungen verwenden, um 37% gestiegen ist, und Designs mit hohem Unboxing-Erlebnis k\u00f6nnen die Premiumf\u00e4higkeit um 50% erh\u00f6hen. In diesem Artikel werden Branchentrends und Produktionspraktiken kombiniert, um zu analysieren, wie ein Gleichgewicht zwischen Umweltschutz, Funktion und Markenwert durch kundenspezifische Low-MOQ-L\u00f6sungen erreicht werden kann.<\/p>\n<h3 id=\"1-minimalist-design-pioneer-practice-of-sustainable-packaging\">1. Minimalistisches Design: Pionierarbeit f\u00fcr nachhaltige Verpackungen<\/h3>\n<p><strong>Umweltfreundliche Materialinnovation<\/strong><\/p>\n<ul>\n<li><strong>Wiederverwertbares System<\/strong>: Durch die Verwendung von FSC-zertifizierter Wellpappe und recyceltem PET-Kunststoff kann die Recyclingrate von Verpackungskartons 92% erreichen, und die Kohlenstoffemissionen beim Transport k\u00f6nnen um 30% reduziert werden (siehe\u00a0<a href=\"https:\/\/sustainablepackaging.org\/\" target=\"_blank\" rel=\"noopener\">SEA-Standard f\u00fcr nachhaltige Zertifizierung<\/a>).<\/li>\n<li><strong>Abbaubare L\u00f6sung<\/strong>: Innenschale aus einem PLA+PBAT-Gemisch, das sich in 120 Tagen unter industriellen Kompostierungsbedingungen vollst\u00e4ndig zersetzt, wodurch die Verschmutzung durch Mikroplastik vermieden wird.<\/li>\n<li><strong>Reduktionsdesign<\/strong>: Durch die Konstruktion wird das Verpackungsvolumen um 18% komprimiert, und es wird ein leimfreier Steckkarton (z. B. Flugzeugkarton, Hakenbodenkarton) verwendet, um den Materialabfall zu reduzieren.<\/li>\n<\/ul>\n<p><strong>Visueller Minimalismus<\/strong><\/p>\n<ul>\n<li>Nordic Stil solide Farbe Basis mit hei\u00dfen matten Gold LOGO, zeigt einen Sinn f\u00fcr Technologie wie Dyson transparenten Sezierkasten;<\/li>\n<li>Bei der Gestaltung des Teilfensters wird Acryl auf Biobasis verwendet, das nicht nur die Form des Parf\u00fcmflakons zeigt, sondern auch den Verbrauch von Tinte reduziert.<\/li>\n<\/ul>\n<h3 id=\"2-box-matrix-8-major-structures-to-adapt-to-all-scene-needs\">2. Box-Matrix: 8 Hauptstrukturen zur Anpassung an alle Anforderungen der Szene<\/h3>\n<ol>\n<li><strong>Kopf- und Deckelkasten<\/strong>\u00a0(High-End-Linie): 2mm dicke Graupappe mit Touch-Folie \u00fcberzogen, \u00d6ffnungs- und Schlie\u00dfd\u00e4mpfung vergleichbar mit Apple-Produkten, geeignet f\u00fcr Business-Geschenk-Szenen.<\/li>\n<li><strong>Schubladenbox<\/strong>\u00a0(Kollektion): doppellagige Verschachtelung + Magnetbahn, Auszugsfehler &lt;0,3 mm, geeignet f\u00fcr Parf\u00fcmsets in limitierter Auflage.<\/li>\n<li><strong>Buchf\u00f6rmige Schachtel<\/strong>\u00a0(kulturelles IP-Gelenk): seitlich \u00f6ffnende magnetische Struktur + gepr\u00e4gte Hei\u00dfpr\u00e4gung, kann mit AR-Chip eingebettet werden, um die Markengeschichte zu zeigen.<\/li>\n<li><strong>Schachtel in Sonderform<\/strong>\u00a0(junger Markt): Sechseckige Laserbox mit lokaler UV-Lackierung, n\u00e4chtliche reflektierende Erkennung durch 60% erh\u00f6ht.<\/li>\n<li><strong>Modularer Kombinationskasten<\/strong>\u00a0(Mehrflaschenpaket): 3-6 Flaschen k\u00f6nnen durch Schnallen frei kombiniert werden, um die Lagerkosten zu reduzieren.<\/li>\n<\/ol>\n<h3 id=\"3-the-revolution-of-inner-support-4-types-of-materials-protect-product-safety\">3. Die Revolution der inneren Unterst\u00fctzung: 4 Arten von Materialien sch\u00fctzen die Produktsicherheit<\/h3>\n<table>\n<thead>\n<tr>\n<th>Art des Materials<\/th>\n<th>Eigenschaften<\/th>\n<th>Anwendbare Szenarien<\/th>\n<\/tr>\n<\/thead>\n<tbody>\n<tr>\n<td><strong>EVA-Stanzen<\/strong><\/td>\n<td>30D Dichte Polsterung, Sto\u00dffestigkeit \u00fcbertrifft Perle Baumwolle<\/td>\n<td>Transport von Glasflaschen\/Spezialformflaschen<\/td>\n<\/tr>\n<tr>\n<td><strong>Wabenf\u00f6rmiger Zellstoff<\/strong><\/td>\n<td>Lager 8kg\/m\u00b2, anpassbare Pflanzenfaserf\u00e4rbung<\/td>\n<td>Limitierte Auflage zum Thema Umweltschutz<\/td>\n<\/tr>\n<tr>\n<td><strong>Memory-Schaum<\/strong><\/td>\n<td>Adaptive Flaschenk\u00f6rperkurve, \u00d6ffnungsgenauigkeit der Form \u00b10,1 mm<\/td>\n<td>Hochwertige Kristall-Schneideflasche<\/td>\n<\/tr>\n<tr>\n<td><strong>Seidenbezogener Samt<\/strong><\/td>\n<td>300 Mesh-Mikrofaser, kratzfest und verbessert das Gef\u00fchl beim \u00d6ffnen der Box<\/td>\n<td>Luxus-Gemeinschaftsmodell<\/td>\n<\/tr>\n<\/tbody>\n<\/table>\n<h3 id=\"4-brand-imprint-texture-upgrade-of-hot-stamping-process\">4. Markenaufdruck: Texturverbesserung durch Hei\u00dfpr\u00e4geverfahren<\/h3>\n<ul>\n<li><strong>Dreidimensionales Hei\u00dfpr\u00e4gen<\/strong>: Verwenden Sie 0,1 mm ultrad\u00fcnne elektrochemische Aluminiumfolie, um einen 3D-Pr\u00e4geeffekt zu erzielen (z. B. BURBERRY-Hei\u00dfpr\u00e4gung mit Schachbrettmuster);<\/li>\n<li><strong>Farbenfroher Laser<\/strong>: Durch die Nano-Transfer-Technologie kann das LOGO bei Licht einen schillernden Farbverlauf aufweisen;<\/li>\n<li><strong>Taktile UV<\/strong>: Teilweise matte Beschichtung im Siebdruckverfahren, Reiben mit den Fingerspitzen zur Erzeugung einer wildlederartigen Struktur.\u00a0<em>Fall<\/em>: Eine deutsche Autoduftmarke nutzt die Hei\u00dfpr\u00e4getechnik, um den Wiedererkennungswert ihrer Marke um 43% zu steigern.<\/li>\n<\/ul>\n<h3 id=\"5-unboxing-experience-5-major-accessories-to-create-memory-points\">5. Unboxing-Erlebnis: 5 wichtige Zubeh\u00f6rteile zur Schaffung von Speicherpunkten<\/h3>\n<ol>\n<li><strong>Magnetisches Farbband<\/strong>: 6 mm breites Band mit Neodym-Magneten, kann mehrfach verpackt werden und bis zu 2 kg tragen;<\/li>\n<li><strong>\u00d6ko-Duftkarte<\/strong>: Saatgutkarten mit Sojatinte bedruckt, Gie\u00dfkanne Pflanzen wie Lavendel wachsen;<\/li>\n<li><strong>Intelligenter Zugring<\/strong>: NFC-Chip in den Griff eingebettet, scannen Sie direkt auf die Marke Mitgliedschaft Seite;<\/li>\n<li><strong>Klappbarer B\u00fcgel<\/strong>: Der Verpackungskarton wird im Handumdrehen zu einem Autoaufsteller, und die UV-Beschichtung sch\u00fctzt vor dem Vergilben durch Sonnenlicht;<\/li>\n<li><strong>Geruchssiegel<\/strong>: Die Mikrokapseln sind in der Schachtel voreingestellt, und der Zedernholzduft wird freigesetzt, sobald die Schachtel ge\u00f6ffnet wird.<\/li>\n<\/ol>\n<h3 id=\"vi-flexible-customization-3-major-modes-to-solve-the-minimum-order-quantity-dilemma\">6. Flexible Anpassung: 3 Hauptmodi zur L\u00f6sung des Dilemmas der Mindestbestellmenge<\/h3>\n<ol>\n<li><strong>50 St\u00fcck leichte Anpassungen<\/strong>: Digitaldruck + Laserstanzung, 72-Stunden-Lieferung, Unterst\u00fctzung 1 Hauptbild + 3 Box-Typen wechseln;<\/li>\n<li><strong>Dynamisches Preissystem<\/strong>: Verwenden Sie ein gestaffeltes Angebot f\u00fcr weniger als 500 St\u00fcck und reduzieren Sie die Kosten f\u00fcr die \u00d6ffnung der Formen um 30% durch gemeinsam genutzte Formen;<\/li>\n<li><strong>AI-Design-Kollaboration<\/strong>: Laden Sie die Flaschengr\u00f6\u00dfe hoch, um automatisch 3D-Verpackungsl\u00f6sungen mit mehr als 200 Material- und Prozesskombinationen zu erstellen.<\/li>\n<\/ol>\n<h3 id=\"vii-factory-direct-sales-4-fold-guarantee-to-build-a-closed-loop-of-trust\">7. Werksdirektverkauf: 4-fache Garantie zum Aufbau eines geschlossenen Vertrauenskreislaufs<\/h3>\n<ol>\n<li><strong>Versuch und Irrtum zum Nulltarif<\/strong>: 3 wei\u00dfe Muster + 2 Farbmuster werden kostenlos zur Verf\u00fcgung gestellt und unterst\u00fctzen die zerst\u00f6rende Transportpr\u00fcfung;<\/li>\n<li><strong>Transparente Produktion<\/strong>24-Stunden-Live-\u00dcbertragung des Workshops, WeChat-Fortschritts-Push an wichtigen Knotenpunkten;<\/li>\n<li><strong>Verpflichtung zur Qualit\u00e4t<\/strong>21 Qualit\u00e4tskontrollverfahren, Verpflichtung zum vollen Ausgleich von Transportsch\u00e4den &gt;1%;<\/li>\n<li><strong>Gr\u00fcne Finanzen<\/strong>Zugang zur Finanzierungsplattform der Lieferkette, 30% Vorauszahlung kann mit der Produktion beginnen<\/li>\n<\/ol>\n<h3 id=\"conclusion\">Schlussfolgerung<\/h3>\n<p>Wenn Umweltschutz keine Kostenbelastung mehr ist und das Auspacken zu einem Markenritual wird, wird die Verpackung von Autoparf\u00fcms zu einem stillen Verkaufsberater. Von abbaubaren Wabenschalen bis hin zu magnetischen B\u00e4ndern, von farbenfrohen Laser-Hei\u00dfpr\u00e4gungen bis hin zu intelligenter KI-Anpassung - jede Innovation definiert die Wertgrenze von \"Verpackung\" neu. Die Entscheidung f\u00fcr eine Verpackungsl\u00f6sung, die mit der Spitzentechnologie in Einklang steht, ist nicht nur eine gesch\u00e4ftliche Entscheidung, sondern auch ein verantwortungsvolles Engagement f\u00fcr eine nachhaltige Zukunft.<\/p>","protected":false},"excerpt":{"rendered":"<p>Wenn Umweltschutz keine Kostenbelastung mehr ist und das Auspacken zum Markenritual sublimiert wird, wird die Autoparf\u00fcmverpackung zum stillen Verkaufsberater.<\/p>","protected":false},"featured_media":8051,"template":"","meta":[],"product_brand":[],"product_cat":[31,30,417,425],"product_tag":[483,485,484],"class_list":{"0":"post-8050","1":"product","2":"type-product","3":"status-publish","4":"has-post-thumbnail","6":"product_cat-paper-box-style","7":"product_cat-by-industry","8":"product_cat-custom-perfume-boxes-by-industry","9":"product_cat-lid-and-base-gift-box","10":"product_tag-car-fragrance-box","11":"product_tag-fragrance-gift-packaging","12":"product_tag-fragrance-packaging-box","14":"first","15":"instock","16":"shipping-taxable","17":"product-type-simple"},"_links":{"self":[{"href":"https:\/\/zojopackaging.com\/de\/wp-json\/wp\/v2\/product\/8050","targetHints":{"allow":["GET"]}}],"collection":[{"href":"https:\/\/zojopackaging.com\/de\/wp-json\/wp\/v2\/product"}],"about":[{"href":"https:\/\/zojopackaging.com\/de\/wp-json\/wp\/v2\/types\/product"}],"version-history":[{"count":1,"href":"https:\/\/zojopackaging.com\/de\/wp-json\/wp\/v2\/product\/8050\/revisions"}],"predecessor-version":[{"id":8057,"href":"https:\/\/zojopackaging.com\/de\/wp-json\/wp\/v2\/product\/8050\/revisions\/8057"}],"wp:featuredmedia":[{"embeddable":true,"href":"https:\/\/zojopackaging.com\/de\/wp-json\/wp\/v2\/media\/8051"}],"wp:attachment":[{"href":"https:\/\/zojopackaging.com\/de\/wp-json\/wp\/v2\/media?parent=8050"}],"wp:term":[{"taxonomy":"product_brand","embeddable":true,"href":"https:\/\/zojopackaging.com\/de\/wp-json\/wp\/v2\/product_brand?post=8050"},{"taxonomy":"product_cat","embeddable":true,"href":"https:\/\/zojopackaging.com\/de\/wp-json\/wp\/v2\/product_cat?post=8050"},{"taxonomy":"product_tag","embeddable":true,"href":"https:\/\/zojopackaging.com\/de\/wp-json\/wp\/v2\/product_tag?post=8050"}],"curies":[{"name":"wp","href":"https:\/\/api.w.org\/{rel}","templated":true}]}}