{"id":8220,"date":"2025-03-25T17:19:48","date_gmt":"2025-03-25T09:19:48","guid":{"rendered":"https:\/\/zojopackaging.com\/?post_type=product&#038;p=8220"},"modified":"2025-03-25T17:19:50","modified_gmt":"2025-03-25T09:19:50","slug":"premium-custom-made-headphone-packaging-boxes-wholesale","status":"publish","type":"product","link":"https:\/\/zojopackaging.com\/de\/product\/premium-custom-made-headphone-packaging-boxes-wholesale\/","title":{"rendered":"Premium Custom Made Kopfh\u00f6rer Verpackung Boxen Gro\u00dfhandel"},"content":{"rendered":"<h1>Premium Custom Made Kopfh\u00f6rer Verpackung Boxen Gro\u00dfhandel<\/h1>\n<h3 id=\"-1-double-sided-printed-airplane-box-environmental-protection-and-brand-dual-effect-empowerment-\"><strong>1. Beidseitig bedruckter Versandkarton: Umweltschutz und St\u00e4rkung der Marke mit doppelter Wirkung<\/strong><\/h3>\n<p>Die beidseitig bedruckte Mailerbox wird mit umweltfreundlichem Papier auf der Basis von FSC-zertifiziertem Zellstoffpapier hergestellt und entspricht der EU-Umweltschutznorm RoHS. Die doppelseitige Drucktechnologie kann gleichzeitig das Markenlogo, die Produktverkaufsargumente und die k\u00fcnstlerische visuelle Gestaltung abbilden, so dass eine 360\u00b0-Markeninformation abgedeckt wird. Die aus Zellstoff geformte Verpackung des Sony WF-1000XM4 Kopfh\u00f6rers beispielsweise reduziert den Tintenverbrauch durch die Pr\u00e4getechnik und schafft ein Gleichgewicht zwischen Umweltschutz und \u00c4sthetik. Dieses Design kann den Wiedererkennungswert der Marke um 20%-30% erh\u00f6hen und eignet sich besonders f\u00fcr hochwertige Unterhaltungselektronikprodukte.<\/p>\n<h3 id=\"-2-tearable-unboxing-design-extremely-fast-experience-upgrade-\"><strong>2. Rei\u00dfverschluss Rei\u00dfverschlu\u00df Design: Extrem schnelle Erfahrung Upgrade<\/strong><\/h3>\n<p>Innovative aufrei\u00dfbare Struktur (wie vorgeschnittene Linie + einfache Rei\u00dfverschluss Aufrei\u00dfstreifen Design) zu erreichen 1 Sekunde unboxing, Benutzer k\u00f6nnen schnell Produkte ohne Werkzeug zugreifen. Dieses Design bezieht sich auf das \"Lotusblatt hydrophobe Schicht\" Prozesskonzept von Donglaiye AirPods Schutzh\u00fclle, und verbessert die Interaktion Effizienz durch physikalische Struktur Optimierung. Statistiken zufolge kann diese Art von Design die Zufriedenheit der Benutzer beim Auspacken um 35% erh\u00f6hen, was insbesondere den Bed\u00fcrfnissen der schnelllebigen Verbraucherszenarien entspricht.<\/p>\n<h3 id=\"-three-full-size-customization-service-precise-adaptation-to-multiple-categories-\"><strong>3. Full-Size Customization Service: pr\u00e4zise Anpassung an mehrere Kategorien<\/strong><\/h3>\n<p>Unterst\u00fctzt die Anpassung der Gr\u00f6\u00dfe von Unterhaltungselektronik in allen Kategorien, einschlie\u00dflich:<\/p>\n<ul>\n<li><strong>Kopfh\u00f6rer<\/strong>: Geeignet f\u00fcr TWS-Kopfh\u00f6rer (150\u00d7100\u00d740mm bis 300\u00d7200\u00d7100mm)<\/li>\n<li><strong>Zubeh\u00f6r<\/strong>: wie z.B. Ladeboxen, Aufbewahrungsboxen f\u00fcr Datenkabel<\/li>\n<li><strong>Erweiterungen<\/strong>: Komposit-Verpackungsl\u00f6sungen wie Smartwatches und Bluetooth-Lautsprecher Durch die 3D-Scan-Modellierungstechnologie wird sichergestellt, dass der Fehler des inneren Hohlraums \u22640,3 mm ist und der hohe Industriestandard der 66%-Volumenkompression f\u00fcr Sony Xperia-Handyverpackungen erf\u00fcllt wird.<\/li>\n<\/ul>\n<h3 id=\"-fourth-matte-film-coating-process-triple-protection-system-\"><strong>4. Mattfilm-Beschichtungsverfahren: Dreifach-Schutzsystem<\/strong><\/h3>\n<p>Mit der aus Deutschland importierten Technologie der matten Filmbeschichtung auf Wasserbasis zu erreichen:<\/p>\n<ul>\n<li><strong>Physischer Schutz<\/strong>: Die Wasserdichtigkeit erreicht IPX4, und die \u00d6lbest\u00e4ndigkeit entspricht dem ASTM D618 Standardtest<\/li>\n<li><strong>Visuelle Optimierung<\/strong>H\u00e4rte 7H, kratzfeste Oberfl\u00e4che, Aufrechterhaltung des Farbunterschieds beim Markendruck \u0394E\u22641,5<\/li>\n<li><strong>Taktile Verbesserung<\/strong>: Haut\u00e4hnliche, matte Textur, die sich von der fl\u00fcssigen Silikonoberfl\u00e4che der Apple AirPods Pro Schutzh\u00fclle abhebt<\/li>\n<\/ul>\n<h3 id=\"-five-smart-lining-customization-brand-and-function-resonance-\"><strong>5. Intelligente Anpassung des Futters: Resonanz auf Marke und Funktion<\/strong><\/h3>\n<p>Bieten Sie eine schrittweise L\u00f6sung an:<\/p>\n<ol>\n<li><strong>Basisversion<\/strong>: EVA sto\u00dffeste Auskleidung (Kostensenkung von 15%-20%)<\/li>\n<li><strong>Erweiterte Version<\/strong>: Beflockung\/Perlenbaumwolle mit spezieller Formstanzung (Anpassung an die Kontur der gebogenen Kopfh\u00f6rer)<\/li>\n<li><strong>Ultimative Version<\/strong>: Intelligente magnetische Schichtstruktur (integrierte Zubeh\u00f6rspeicherfunktion) Unterst\u00fctzt die Implantation von Markenfarben (Pantone-Spot-Farbabdeckungsrate 98%), wodurch das Erlebnis \"out of the box is brand\" realisiert wird<\/li>\n<\/ol>\n<h3 id=\"-sixth-corrugated-material-application-cost-and-protection-\"><strong>6. Anwendung von gewelltem Material: Kosten und Schutz<\/strong><\/h3>\n<p>Es wird BC-Doppelwellpappe (Dicke 3,5-5 mm) gew\u00e4hlt, die folgende Eigenschaften aufweist:<\/p>\n<ul>\n<li><strong>Wirtschaftlich<\/strong>: 30% kosteng\u00fcnstiger als herk\u00f6mmliche Blisterverpackungen<\/li>\n<li><strong>Schutzma\u00dfnahmen<\/strong>: Kantendruckfestigkeit \u22658KN\/m, in \u00dcbereinstimmung mit den ISTA 3A Transportteststandards<\/li>\n<li><strong>Umwelt<\/strong>: Die Materialrecyclingrate \u00fcbersteigt 95%, die Kohlenstoffemissionen werden im Vergleich zu Kunststoffverpackungen um 62% reduziert. Durch die Wabenstruktur ist die Transportschadenrate geringer als 0,5%.<\/li>\n<\/ul>\n<h3 id=\"-seventh-all-black-minimalist-aesthetics-high-end-visual-language-\"><strong>7. Ganz in Schwarz gehaltene minimalistische \u00c4sthetik: hochwertige Bildsprache<\/strong><\/h3>\n<p>Durch den Einsatz der 8-Farben-UV-Drucktechnologie kann es erreicht werden:<\/p>\n<ul>\n<li><strong>Farbe Leistung<\/strong>: Schwarzer Reinheitsgrad L*-Wert \u22642,5, der den Standard der Farbkarte RAL 9005 erreicht<\/li>\n<li><strong>Prozess-Kombination<\/strong>: Teilweise Heissmatt-Silber + Pr\u00e4gung (z.B. dreidimensionale Verarbeitung des Markenlogos)<\/li>\n<li><strong>Erweiterung des Stils<\/strong>: Beziehen Sie sich auf das minimalistische Designkonzept der Huawei-Kopfh\u00f6rer-Verpackung, um die Markenassoziation von \"technologischem Schwarz\" und \"leichtem Luxus\" zu st\u00e4rken.<\/li>\n<\/ul>\n<h3 id=\"-eight-china-smart-manufacturing-service-zero-risk-cooperation-model-\"><strong>8. China Smart Manufacturing Service: Null-Risiko-Kooperationsmodell<\/strong><\/h3>\n<p>Direkt betriebene Fabriken im Industrieg\u00fcrtel des Perlflussdeltas bieten:<\/p>\n<ul>\n<li><strong>Kostenlose Unterst\u00fctzung<\/strong>: Schneller Kostenvoranschlag innerhalb von 48 Stunden + Korrektur innerhalb von 72 Stunden + Originalentwurf (einschlie\u00dflich 3 S\u00e4tze von Vorschl\u00e4gen)<\/li>\n<li><strong>System der Qualit\u00e4tskontrolle<\/strong>: Bestanden ISO9001\/BSCI-Zertifizierung, Massenproduktion Batch-Qualifikation Rate \u2265 99,3%<\/li>\n<li><strong>Kapazit\u00e4tsgarantie<\/strong>20 automatisierte Produktionslinien, die 500.000 St\u00fcck\/Monat an flexiblen Auftr\u00e4gen bew\u00e4ltigen k\u00f6nnen Wir st\u00fctzen uns auf die langj\u00e4hrige Erfahrung lokaler Unternehmen wie Chengguang Color Printing und bieten eine L\u00f6sung aus einer Hand, vom Design bis zur Logistik.<\/li>\n<\/ul>\n<p><strong>Sofortige Ma\u00dfnahmen<\/strong>:<\/p>\n<ol>\n<li>Exklusiver Bericht zur Kostenoptimierung<\/li>\n<li>3D-Mockup-Effekt<\/li>\n<li>48-Stunden-Lieferservice f\u00fcr Muster<\/li>\n<\/ol>\n<p>Durch ma\u00dfgeschneiderte Verpackungen wird die Markenpr\u00e4mie um 40%+ erh\u00f6ht, wodurch jeder Moment des Auspackens zu einem goldenen Touchpoint f\u00fcr die Markenkommunikation wird.<\/p>","protected":false},"excerpt":{"rendered":"<p>Wellpappe Rei\u00dfverschluss rei\u00dfen Mailer Box f\u00fcr Kopfh\u00f6rer, unbegrenzte Gr\u00f6\u00dfe Anpassung, direkte Lieferung von chinesischen Fabriken, flache Versand spart 60% von Raum, doppelseitigen Druck Marke ist mehr Blickfang.<\/p>","protected":false},"featured_media":8222,"template":"","meta":[],"product_brand":[],"product_cat":[413,433],"product_tag":[625,626,627],"class_list":{"0":"post-8220","1":"product","2":"type-product","3":"status-publish","4":"has-post-thumbnail","6":"product_cat-consumer-electronics-boxes","7":"product_cat-shipping-mailer-boxes","8":"product_tag-custom-headphone-packaging","9":"product_tag-headphone-packaging-boxes","10":"product_tag-premium-headphone-boxes-wholesale","12":"first","13":"instock","14":"shipping-taxable","15":"product-type-simple"},"_links":{"self":[{"href":"https:\/\/zojopackaging.com\/de\/wp-json\/wp\/v2\/product\/8220","targetHints":{"allow":["GET"]}}],"collection":[{"href":"https:\/\/zojopackaging.com\/de\/wp-json\/wp\/v2\/product"}],"about":[{"href":"https:\/\/zojopackaging.com\/de\/wp-json\/wp\/v2\/types\/product"}],"version-history":[{"count":2,"href":"https:\/\/zojopackaging.com\/de\/wp-json\/wp\/v2\/product\/8220\/revisions"}],"predecessor-version":[{"id":8230,"href":"https:\/\/zojopackaging.com\/de\/wp-json\/wp\/v2\/product\/8220\/revisions\/8230"}],"wp:featuredmedia":[{"embeddable":true,"href":"https:\/\/zojopackaging.com\/de\/wp-json\/wp\/v2\/media\/8222"}],"wp:attachment":[{"href":"https:\/\/zojopackaging.com\/de\/wp-json\/wp\/v2\/media?parent=8220"}],"wp:term":[{"taxonomy":"product_brand","embeddable":true,"href":"https:\/\/zojopackaging.com\/de\/wp-json\/wp\/v2\/product_brand?post=8220"},{"taxonomy":"product_cat","embeddable":true,"href":"https:\/\/zojopackaging.com\/de\/wp-json\/wp\/v2\/product_cat?post=8220"},{"taxonomy":"product_tag","embeddable":true,"href":"https:\/\/zojopackaging.com\/de\/wp-json\/wp\/v2\/product_tag?post=8220"}],"curies":[{"name":"wp","href":"https:\/\/api.w.org\/{rel}","templated":true}]}}