{"id":8241,"date":"2025-03-25T17:56:39","date_gmt":"2025-03-25T09:56:39","guid":{"rendered":"https:\/\/zojopackaging.com\/?post_type=product&#038;p=8241"},"modified":"2025-03-25T18:34:06","modified_gmt":"2025-03-25T10:34:06","slug":"premium-aquarius-crystal-healing-stones-gift-set-box-factory","status":"publish","type":"product","link":"https:\/\/zojopackaging.com\/de\/product\/premium-aquarius-crystal-healing-stones-gift-set-box-factory\/","title":{"rendered":"Premium Wassermann Kristall Heilung Steine Geschenk Set Box Fabrik"},"content":{"rendered":"<h2 id=\"-customized-plan-for-aquarius-crystal-healing-stone-gift-set-box\">Individueller Plan f\u00fcr Wassermann Kristall Heilung Stein Geschenk-Set Box<\/h2>\n<h3><strong>1. Magnetverschluss <\/strong><strong>box: einfache \u00c4sthetik und ritueller Sinn<\/strong><\/h3>\n<ul>\n<li><strong>Box mit Magnetverschluss <\/strong>: Das Geh\u00e4use ist mit einem unsichtbaren Magneten ausgestattet, ohne freiliegende Metallteile. Es l\u00e4sst sich sanft und leise \u00f6ffnen und schlie\u00dfen und vermeidet das Verschlei\u00dfproblem herk\u00f6mmlicher Magnetschnallen, wodurch die Qualit\u00e4t der Details hervorgehoben wird.<\/li>\n<li><strong>Bedeutung des Magnetverschlusses<\/strong>: Imitation Hardcover Magnetverschluss-Box, im Einklang mit der Konstellation Eigenschaften des Wassermanns \"Weisheit und Spiritualit\u00e4t\", ist der \u00d6ffnungsvorgang wie das Bl\u00e4ttern in einem Buch, die Verbesserung der rituellen Sinn der Benutzer Erfahrung.<\/li>\n<li><strong>Stabile Materialkombination<\/strong>: 1200 GSM Graukarton + 157 GSM gestrichenes Kunstdruckpapier, druck- und sturzfest, langfristiger Einsatz ohne Verformung, geeignet f\u00fcr die Lagerung und den Transportschutz von wertvollen Kristallen.<\/li>\n<\/ul>\n<h3 id=\"-2-double-sided-high-definition-printing-macaron-healing-color-system-\"><strong>2. Doppelseitiger hochaufl\u00f6sender Druck Makaron Heilung Farbe System<\/strong><\/h3>\n<ul>\n<li><strong>Beidseitiger Hochpr\u00e4zisionsdruck<\/strong>Die Drucktechnik wird auf beiden Seiten verwendet, die Aufl\u00f6sung des Musters erreicht 300 dpi, der Farb\u00fcbergang ist nat\u00fcrlich, und die Aquarius-Elemente wie der Sternenhimmel und der Wasserfluss sind auf der Oberfl\u00e4che der Schachtel sehr lebendig und haben eine starke visuelle Wirkung.<\/li>\n<li><strong>Macaron Farbverlaufsanpassung<\/strong>: Hellblau, helles Violett, Nebelgrau und andere Farben mit geringer S\u00e4ttigung sind die Hauptt\u00f6ne, die sanft die visuelle M\u00fcdigkeit lindern und die Konnotation des Produkts \"Emotionen lindern und Energie reinigen\" vermitteln.<\/li>\n<li><strong>Technologie f\u00fcr matte Oberfl\u00e4chenfolien<\/strong>: Anti-Fingerabdruck, Anti-Kratzer, zarte Ber\u00fchrung, sicherzustellen, dass das gedruckte Muster ist langlebig und klar, ohne Farbunterschied, und das Gef\u00fchl der Qualit\u00e4t verbessert die Marke Premium-Raum.<\/li>\n<\/ul>\n<h3 id=\"-3-deep-customization-service-exclusive-adaptation-from-lining-to-outer-box-\"><strong>3. Deep Customization Service: exklusive Anpassung vom Futter bis zum \u00e4u\u00dferen Karton<\/strong><\/h3>\n<ol>\n<li><strong>Flexible Gestaltung der Auskleidung<\/strong><\/li>\n<li><strong>Festes Futter<\/strong>: EPE-Schwamm oder Flanellrillen zur Anpassung an die Form von Heilsteinen (z. B. Pyramiden, Pendeln und Rohsteinen), wodurch der Verschlei\u00df durch Sch\u00fctteln verringert wird.<\/li>\n<li><strong>Display-Futter<\/strong>: transparente Acrylhalterung + geschichtete Struktur, dreidimensionale Darstellung der Kristallstruktur und des Glanzes, St\u00e4rkung des Verkaufsarguments \"Energievisualisierung\".<\/li>\n<li><strong>Personalisierte Dekoration der Au\u00dfenbox<\/strong><\/li>\n<li><strong>Individuelles Konstellationssymbol<\/strong>: Hei\u00dfpr\u00e4gung\/Hei\u00dfsilberdruck der Karte des Sternbilds Wassermann oder des Amuletts des Sternbildw\u00e4chters, was dem Ganzen eine geheimnisvolle Note verleiht.<\/li>\n<li><strong>Zus\u00e4tzliches Zubeh\u00f6r<\/strong>: kann mit Metall-Lesezeichen und Karten zur Interpretation von Konstellationen versehen werden, um den Mehrwert des Sets zu erh\u00f6hen.<\/li>\n<\/ol>\n<h3 id=\"-fourth-the-core-advantages-of-china-s-source-factory-\"><strong>4. Die Hauptvorteile von Chinas Quellenfabrik<\/strong><\/h3>\n<ul>\n<li><strong>Muster zum Nulltarif<\/strong>: kostenloser 3D-Rendering-Entwurf, Lieferung von Materialmustern, nach Best\u00e4tigung, Produktion, kein Risiko f\u00fcr den Beginn der Zusammenarbeit.<\/li>\n<li><strong>Preissenkung von 40%<\/strong>: Werksdirektlieferung ohne Zwischenpreisunterschied, 500 St\u00fcck Bestellpreis so niedrig wie XX Yuan, Unterst\u00fctzung f\u00fcr flexible Kleinserienbestellung.<\/li>\n<li><strong>15 Tage schnelle Lieferung<\/strong>Eigene Produktionslinie + intelligente Lagerhaltung, Versand von Inlandsbestellungen innerhalb von 7 Tagen, globale Logistikl\u00f6sungen (DHL\/FedEx) optional.<\/li>\n<\/ul>\n<h3 id=\"-highlights-of-commercial-value-\"><strong>H\u00f6hepunkte des kommerziellen Werts<\/strong><\/h3>\n<p>\u2705\u00a0<strong>R\u00fcckkaufsrate erh\u00f6hen<\/strong>: Hochwertige Geschenkboxen regen die Sammelleidenschaft der Verbraucher an und f\u00f6rdern die Marketingstrategie \"Sammelsurium\". \u2705\u00a0<strong>Senkung der After-Sales-Kosten<\/strong>: Druckfester Kasten + kundenspezifische Auskleidung kontrolliert die Transportschadenrate unter 0,5%. \u2705\u00a0<strong>Spaltung der sozialen Kommunikation<\/strong>: Die Macaron-Farbe und das heilende Design verleiten die Nutzer dazu, Fotos zu machen und zu teilen, was die Markenbekanntheit erh\u00f6ht.<\/p>\n<p><strong>Werden Sie jetzt aktiv und erobern Sie den Wassermann-Themenmarkt!\u00a0<\/strong>Geben Sie Ihre Produktgr\u00f6\u00dfe, Ihr Gestaltungskonzept und Ihre Mindestbestellmenge an, und Sie erhalten innerhalb von 24 Stunden kostenlose Gestaltungspl\u00e4ne und Angebote. Mit Quellpreisen und Handwerkskunst, geben Sie Ihren Heilsteinen einen unersetzlichen \"Energiebeh\u00e4lter\"!<\/p>\n<p><strong>Anwendungsszenarien f\u00fcr Landungen<\/strong><\/p>\n<ol>\n<li><strong>Hochwertige Einzelprodukt-Geschenkbox<\/strong>: Gepaart mit einem einzelnen hochenergetischen Heilstein (z. B. Aquamarin, Amethyst), konzentriert er sich auf den Markt f\u00fcr Geburtstags- und Tierkreisgeschenke.<\/li>\n<li><strong>Heilungsset Kombination<\/strong>: Enth\u00e4lt 7 Kristalle mit verschiedenen Funktionen (Chakra-Set), mit einem zus\u00e4tzlichen Benutzerhandbuch, das sich an die Liebhaber von K\u00f6rper, Geist und Seele richtet.<\/li>\n<li><strong>Co-Branding-Artikel der Marke<\/strong>: Kooperieren Sie mit Astrologen und Energiebloggern, um Geschenkboxen in limitierter Auflage auf den Markt zu bringen und den IP-Fan-Effekt zu verst\u00e4rken.<\/li>\n<\/ol>","protected":false},"excerpt":{"rendered":"<p>Doppelseitige hochaufl\u00f6sende Farbe gedruckt magnetischen Verschluss Geschenk-Box, Makaron Heilung Farben angepasst an Kristall Heilung Steine, Fabrik direkte Lieferung unterst\u00fctzt exklusives Design, visuell einfach und reibungslos \u00f6ffnen und schlie\u00dfen!<\/p>","protected":false},"featured_media":8242,"template":"","meta":[],"product_brand":[],"product_cat":[30,423,424],"product_tag":[633,632,631],"class_list":{"0":"post-8241","1":"product","2":"type-product","3":"status-publish","4":"has-post-thumbnail","6":"product_cat-by-industry","7":"product_cat-custom-presentation-boxes-by-industry","8":"product_cat-magnetic-closure-boxes","9":"product_tag-crystal-gift-box-factory","10":"product_tag-crystal-healing-gift-set-box","11":"product_tag-crystal-healing-stones-box","13":"first","14":"instock","15":"shipping-taxable","16":"product-type-simple"},"_links":{"self":[{"href":"https:\/\/zojopackaging.com\/de\/wp-json\/wp\/v2\/product\/8241","targetHints":{"allow":["GET"]}}],"collection":[{"href":"https:\/\/zojopackaging.com\/de\/wp-json\/wp\/v2\/product"}],"about":[{"href":"https:\/\/zojopackaging.com\/de\/wp-json\/wp\/v2\/types\/product"}],"version-history":[{"count":1,"href":"https:\/\/zojopackaging.com\/de\/wp-json\/wp\/v2\/product\/8241\/revisions"}],"predecessor-version":[{"id":8247,"href":"https:\/\/zojopackaging.com\/de\/wp-json\/wp\/v2\/product\/8241\/revisions\/8247"}],"wp:featuredmedia":[{"embeddable":true,"href":"https:\/\/zojopackaging.com\/de\/wp-json\/wp\/v2\/media\/8242"}],"wp:attachment":[{"href":"https:\/\/zojopackaging.com\/de\/wp-json\/wp\/v2\/media?parent=8241"}],"wp:term":[{"taxonomy":"product_brand","embeddable":true,"href":"https:\/\/zojopackaging.com\/de\/wp-json\/wp\/v2\/product_brand?post=8241"},{"taxonomy":"product_cat","embeddable":true,"href":"https:\/\/zojopackaging.com\/de\/wp-json\/wp\/v2\/product_cat?post=8241"},{"taxonomy":"product_tag","embeddable":true,"href":"https:\/\/zojopackaging.com\/de\/wp-json\/wp\/v2\/product_tag?post=8241"}],"curies":[{"name":"wp","href":"https:\/\/api.w.org\/{rel}","templated":true}]}}