{"id":8261,"date":"2025-03-25T19:04:36","date_gmt":"2025-03-25T11:04:36","guid":{"rendered":"https:\/\/zojopackaging.com\/?post_type=product&#038;p=8261"},"modified":"2025-03-25T19:08:32","modified_gmt":"2025-03-25T11:08:32","slug":"custom-printed-quality-pen-packaging-gift-boxes-wholesale","status":"publish","type":"product","link":"https:\/\/zojopackaging.com\/de\/product\/custom-printed-quality-pen-packaging-gift-boxes-wholesale\/","title":{"rendered":"Benutzerdefinierte gedruckt Qualit\u00e4t Stift Verpackung Geschenk-Boxen Gro\u00dfhandel"},"content":{"rendered":"<h2 id=\"-wholesale-instructions-for-customized-gift-boxes-for-high-end-pens-dual-empowerment-of-craftsmanship-and-brand-value-\"><strong>Gro\u00dfhandelsanweisungen f\u00fcr individuelle Geschenkboxen f\u00fcr hochwertige Schreibger\u00e4te<\/strong><\/h2>\n<h3 id=\"-1-environmentally-friendly-and-sturdy-materials-laying-a-high-end-tone-\"><strong>1. Umweltfreundliche und robuste Materialien, die einen High-End-Ton legen<\/strong><\/h3>\n<ul>\n<li><strong>1200 GSM Graukarton + 157 GSM gestrichenes Kunstdruckpapier<\/strong>: Doppeltes Material mit hohem Gewicht sorgt daf\u00fcr, dass der Kistenk\u00f6rper druck- und sturzsicher ist, mit einer Tragf\u00e4higkeit von mehr als 5 kg, wodurch er externen St\u00f6\u00dfen w\u00e4hrend des Transports wirksam widersteht und die Besch\u00e4digung der Ladung verringert.<\/li>\n<li><strong>Umweltzertifizierung<\/strong>: Das Papier ist FSC-zertifiziert, die Tinte entspricht der REACH-Norm der EU, ist recycelbar und abbaubar und steht im Einklang mit der Strategie f\u00fcr nachhaltige Entwicklung des Unternehmens.<\/li>\n<\/ul>\n<h3 id=\"-2-magnetic-book-shaped-box-design-luxury-in-simplicity-\"><strong>2. Magnetverschluss Box Design: Luxus in der Einfachheit<\/strong><\/h3>\n<ul>\n<li><strong>Unsichtbarer Magnetverschluss<\/strong>: Kein freiliegender Magnetverschluss, sanftes und ger\u00e4uschloses \u00d6ffnen und Schlie\u00dfen, Vermeidung des Problems der herk\u00f6mmlichen Magnetschnalle, die sich abnutzt und abf\u00e4llt, und die Lebensdauer wird um mehr als das Dreifache erh\u00f6ht.<\/li>\n<li><strong>Kastenstruktur mit Magnetverschluss<\/strong>: Das \u00d6ffnen der Schachtel ist wie das Durchbl\u00e4ttern eines Buches, was dem Benutzer ein Gef\u00fchl von Ritual vermittelt, und der Schachtelk\u00f6rper kann als Aufbewahrungsbox und Displaybox wiederverwendet werden, um den Expositionszyklus der Marke zu verl\u00e4ngern.<\/li>\n<li><strong>Voller schwarzer, matter Hintergrund<\/strong>: Schwarzer Pantone-Sonderfarbendruck, \u00fcberlagert mit feinen Perlglanzpartikeln, zur\u00fcckhaltend und strukturiert, geeignet f\u00fcr Business, leichten Luxus, Kunst und andere Markent\u00f6ne.<\/li>\n<\/ul>\n<h3 id=\"-three-high-definition-printing-deep-customization-accurate-delivery-of-brand-value-\"><strong>Drittens: Hochaufl\u00f6sender Druck + tiefgreifende Anpassung, pr\u00e4zise Umsetzung des Markenwerts<\/strong><\/h3>\n<ol>\n<li><strong>Doppelnullfarbendifferenzdruck<\/strong><\/li>\n<li>Durch den Einsatz einer 8-Farben-UV-Druckmaschine erreicht die Mustergenauigkeit 300 dpi, die Textzeilen sind klar und ohne Grate, und der Farbverlauf ist nat\u00fcrlich, was die perfekte Darstellung von Details wie dem Markenlogo und der Hei\u00dfpr\u00e4getextur gew\u00e4hrleistet.<\/li>\n<li>Die Oberfl\u00e4che ist mit einer matten Folie\/Taktilfolie \u00fcberzogen, die kratz- und verschlei\u00dffest ist und auch nach l\u00e4ngerem Gebrauch nicht ausbleicht.<\/li>\n<li><strong>Ma\u00dfgeschneiderter Schutz durch EVA-Futter<\/strong><\/li>\n<li><strong>Anti-Schock-Puffer<\/strong>: Hochdichtes EVA-Material (H\u00e4rte 40\u00b0-50\u00b0), geschlitzter, fester Stiftk\u00f6rper, geeignet f\u00fcr mehrere Sets wie F\u00fcllfederhalter, Tintenflaschen, Zertifikate usw., und die Transportbesch\u00e4digungsrate liegt nahe bei Null.<\/li>\n<li><strong>Optische Aufwertung<\/strong>Die Verpackung kann auf Wunsch beflockt oder mit Seide gef\u00fcttert werden, um das Gef\u00fchl von Luxus beim \u00d6ffnen der Schachtel zu verst\u00e4rken, oder mit einer transparenten Acrylklammer versehen werden, um die handwerklichen Details, wie z. B. die geschnitzten Stiftspitzen, hervorzuheben.<\/li>\n<\/ol>\n<h3 id=\"-fourth-direct-supply-from-chinese-factories-0-risk-customized-service-\"><strong>4. Direkte Lieferung von chinesischen Fabriken, 0-Risiko kundenspezifischen Service<\/strong><\/h3>\n<ul>\n<li><strong>Kostenlose Unterst\u00fctzung bei der Gestaltung<\/strong>: Wir bieten 3D-Renderings, physische Probedrucke, unterst\u00fctzen personalisierte L\u00f6sungen wie LOGO-Hei\u00dfpr\u00e4gung, gepr\u00e4gte Textur, Farbabstimmung der B\u00e4nder usw. und gehen 72 Stunden nach Best\u00e4tigung in Produktion.<\/li>\n<li><strong>Preissenkung von 35%<\/strong>: Die Ausgangsfabrik eliminiert den Preisunterschied der Zwischenh\u00e4ndler, und der Bestellpreis von 500 St\u00fcck ist so niedrig wie XX Yuan, und 10.000 St\u00fcck von Bestellungen genie\u00dfen einen gestaffelten Rabatt.<\/li>\n<li><strong>Weltweite Lieferung in 15 Tagen<\/strong>: Inl\u00e4ndische Auftr\u00e4ge werden in 7 Tagen geliefert, unterst\u00fctzen DHL\/FedEx internationale Logistik, und volle Transportversicherung Eskorte.<\/li>\n<\/ul>\n<h3 id=\"-highlights-of-cooperation-value-\"><strong>H\u00f6hepunkte der Zusammenarbeit<\/strong><\/h3>\n<p>\u2705\u00a0<strong>Marke Premium<\/strong>: Hochwertige Verpackungen erh\u00f6hen den St\u00fcckpreis der Stifte um 20%-50%, besonders geeignet f\u00fcr limitierte Auflagen und Co-Branding-Marketing; \u2705\u00a0<strong>Loyalit\u00e4t der Benutzer<\/strong>: Das Gef\u00fchl, die Box zu \u00f6ffnen und das Design wiederzuverwenden, stimuliert das soziale Teilen der Nutzer und bildet eine sekund\u00e4re Verbreitung; \u2705\u00a0<strong>Beherrschbare Kosten<\/strong>: Hochdruckfeste Materialien verringern die Transportverluste, und die Wiederverwendung der EVA-Auskleidung reduziert die Kosten f\u00fcr den Kauf von Zubeh\u00f6r.<\/p>\n<p><strong>Erhalten Sie jetzt exklusive L\u00f6sungen!\u00a0<\/strong>Geben Sie Stiftgr\u00f6\u00dfe, Designstil und Mindestbestellmenge an, und Sie erhalten innerhalb von 24 Stunden kostenlose Renderings und Kostenvoranschl\u00e4ge. Mit der ultimativen Handwerkskunst und Quelle Preis, lassen Sie Ihren Stift erobern die High-End-Markt von der Verpackung!<\/p>\n<p><strong>W\u00e4hlen Sie uns und lassen Sie die Verpackung zu Ihrem stillen Verk\u00e4ufer werden!<\/strong><\/p>","protected":false},"excerpt":{"rendered":"<p>Der magnetische Verschluss Stift Geschenkbox ist aus 1200GSM gary Board umweltfreundliches Material, schwarz High-Definition-Farbe-freien Druck, anpassbare Futter, direkte Lieferung von chinesischen Fabriken, kostenlose Design!<\/p>","protected":false},"featured_media":8255,"template":"","meta":[],"product_brand":[],"product_cat":[30,413,424],"product_tag":[487,634,635],"class_list":{"0":"post-8261","1":"product","2":"type-product","3":"status-publish","4":"has-post-thumbnail","6":"product_cat-by-industry","7":"product_cat-consumer-electronics-boxes","8":"product_cat-magnetic-closure-boxes","9":"product_tag-custom-pen-packaging","10":"product_tag-pen-boxes-wholesale","11":"product_tag-pen-packaging-gift-boxes","13":"first","14":"instock","15":"shipping-taxable","16":"product-type-simple"},"_links":{"self":[{"href":"https:\/\/zojopackaging.com\/de\/wp-json\/wp\/v2\/product\/8261","targetHints":{"allow":["GET"]}}],"collection":[{"href":"https:\/\/zojopackaging.com\/de\/wp-json\/wp\/v2\/product"}],"about":[{"href":"https:\/\/zojopackaging.com\/de\/wp-json\/wp\/v2\/types\/product"}],"version-history":[{"count":1,"href":"https:\/\/zojopackaging.com\/de\/wp-json\/wp\/v2\/product\/8261\/revisions"}],"predecessor-version":[{"id":8262,"href":"https:\/\/zojopackaging.com\/de\/wp-json\/wp\/v2\/product\/8261\/revisions\/8262"}],"wp:featuredmedia":[{"embeddable":true,"href":"https:\/\/zojopackaging.com\/de\/wp-json\/wp\/v2\/media\/8255"}],"wp:attachment":[{"href":"https:\/\/zojopackaging.com\/de\/wp-json\/wp\/v2\/media?parent=8261"}],"wp:term":[{"taxonomy":"product_brand","embeddable":true,"href":"https:\/\/zojopackaging.com\/de\/wp-json\/wp\/v2\/product_brand?post=8261"},{"taxonomy":"product_cat","embeddable":true,"href":"https:\/\/zojopackaging.com\/de\/wp-json\/wp\/v2\/product_cat?post=8261"},{"taxonomy":"product_tag","embeddable":true,"href":"https:\/\/zojopackaging.com\/de\/wp-json\/wp\/v2\/product_tag?post=8261"}],"curies":[{"name":"wp","href":"https:\/\/api.w.org\/{rel}","templated":true}]}}