{"id":8264,"date":"2025-03-25T19:09:07","date_gmt":"2025-03-25T11:09:07","guid":{"rendered":"https:\/\/zojopackaging.com\/?post_type=product&#038;p=8264"},"modified":"2025-03-25T20:35:58","modified_gmt":"2025-03-25T12:35:58","slug":"custom-printed-comb-accessories-packaging-boxes-wholesale","status":"publish","type":"product","link":"https:\/\/zojopackaging.com\/de\/product\/custom-printed-comb-accessories-packaging-boxes-wholesale\/","title":{"rendered":"Benutzerdefinierte gedruckt Kamm Zubeh\u00f6r Verpackung Boxen Gro\u00dfhandel"},"content":{"rendered":"<h2 id=\"-magnetic-book-shaped-healing-comb-packaging-box-customization-plan\">Magnetverschluss Box Heilkamm Verpackung Box Anpassung Plan<\/h2>\n<h3 id=\"-1-high-weight-environmentally-friendly-materials-both-safe-and-textured-\"><strong>1. Hochgewichtige umweltfreundliche Materialien, sowohl sicher als auch strukturiert<\/strong><\/h3>\n<ul>\n<li><strong>1200 GSM Graukarton + 157 GSM gestrichenes Kunstdruckpapier<\/strong>: Kompressions- und verschlei\u00dffest, belastbar bis zu 3 kg, perfekt f\u00fcr K\u00e4mme, Haarschmuck, Beauty-Tools und andere Produktkombinationen.<\/li>\n<li><strong>FSC-zertifiziertes Papier + Tinte auf Wasserbasis<\/strong>: Erf\u00fcllt die EU-Umweltnormen REACH, ist recycelbar und abbaubar und tr\u00e4gt zu einem gr\u00fcnen Markenimage bei.<\/li>\n<\/ul>\n<h3 id=\"-2-magnetic-book-box-design-simple-and-practical-long-term-exposure-\"><strong>2. Magnetverschluss Box Design: einfach und praktisch, langfristige Exposition<\/strong><\/h3>\n<ul>\n<li><strong>Unsichtbarer Magnetverschluss<\/strong>: Keine freiliegenden Metallteile verschlei\u00dfen, sanftes und ger\u00e4uschloses \u00d6ffnen und Schlie\u00dfen, und die Lebensdauer ist 200% l\u00e4nger als bei herk\u00f6mmlichen magnetischen Schnallenboxen.<\/li>\n<li><strong>Mehrere Wiederverwendungsszenarien<\/strong>: Leere Boxen k\u00f6nnen als Schmuckaufbewahrungsboxen und Schreibtischschmuck verwendet werden, um die Erinnerung an die Marke zu st\u00e4rken.<\/li>\n<\/ul>\n<h3 id=\"-three-double-sided-color-printing-macaron-healing-color-system-igniting-the-hearts-of-girls-\"><strong>3. Doppelseitiger Farbdruck + Macaron Heilung Farbsystem, entz\u00fcnden die Herzen der M\u00e4dchen<\/strong><\/h3>\n<ul>\n<li><strong>Beidseitiger hochaufl\u00f6sender UV-Druck<\/strong>: beidseitiger Volldruck von Kirschbl\u00fcten, Wolken und anderen heilenden Mustern, mit einer Aufl\u00f6sung von 300dpi, ohne Farbunterschiede und Unsch\u00e4rfen.<\/li>\n<li><strong>Macaron Farbverlaufsanpassung<\/strong>: T\u00f6ne mit geringer S\u00e4ttigung wie Hellrosa, Hellviolett und Mintgr\u00fcn verringern die visuelle Erm\u00fcdung, sprechen weibliche Kunden im Alter von 18 bis 35 Jahren genau an und passen sich den Kommunikationsbed\u00fcrfnissen in sozialen Medien an.<\/li>\n<\/ul>\n<h3 id=\"-four-eva-lining-deep-customization-protecting-product-safety-\"><strong>4. EVA-Futter + tiefe Anpassung, Schutz der Produktsicherheit<\/strong><\/h3>\n<ol>\n<li><strong>Antiseismische Auskleidungsl\u00f6sung<\/strong><\/li>\n<li><strong>EVA-Rille mit hoher Dichte<\/strong>: 5 mm dicke, pr\u00e4zise Rille, feste Kammz\u00e4hne, Linsen und andere empfindliche Teile, und die Rate der Transportsch\u00e4den geht gegen Null.<\/li>\n<li><strong>Kompatibilit\u00e4t mit mehreren Kategorien<\/strong>: Unterst\u00fctzt das kombinierte Futter Design von Kamm + \u00e4therisches \u00d6l Flasche + Bedienungsanleitung, um den Mehrwert des Sets zu verbessern.<\/li>\n<li><strong>Flexibilit\u00e4t bei der Anpassung des Erscheinungsbildes<\/strong><\/li>\n<li><strong>Hei\u00dfpr\u00e4gung\/Siebdruck LOGO<\/strong>: Das Markenlogo kann sowohl auf der Oberfl\u00e4che der Schachtel als auch auf dem Futter angebracht werden;<\/li>\n<li><strong>Umwandlung von Sonderformk\u00e4sten<\/strong>: Runde, herzf\u00f6rmige und andere spezielle Schachtelformen sind optional, sowie differenzierte Regale.<\/li>\n<\/ol>\n<h3 id=\"-v-direct-supply-from-chinese-factories-0-cost-to-start-cooperation-\"><strong>5. Direkte Lieferung von chinesischen Fabriken, 0 Kosten f\u00fcr den Beginn der Zusammenarbeit<\/strong><\/h3>\n<ul>\n<li><strong>Kostenlose Unterst\u00fctzung bei der Gestaltung<\/strong>: Erstellen Sie 3D-Renderings und physische Probedrucke und gehen Sie innerhalb von 72 Stunden nach Best\u00e4tigung in Produktion;<\/li>\n<li><strong>Niedriger Preis und Transparenz<\/strong>: Der Bestellpreis von 1.000 St\u00fcck ist so niedrig wie XX Yuan, die 40% niedriger als der Marktpreis ist;<\/li>\n<li><strong>Extreme Lieferung<\/strong>: Lieferung in 10-15 Tagen, mit Unterst\u00fctzung von DHL\/FedEx Global Direct Delivery.<\/li>\n<\/ul>\n<h3 id=\"-commercial-value-analysis-\"><strong>Analyse des kommerziellen Werts<\/strong><\/h3>\n<p>\u2705\u00a0<strong>Mehr Premiumfl\u00e4che<\/strong>: Die heilende Verpackung erh\u00f6ht den Kamm-St\u00fcckpreis um 30%-100%, besonders geeignet f\u00fcr mittel- bis hochpreisige Produkte wie Holzk\u00e4mme im chinesischen Stil und tragbare Airbagk\u00e4mme; \u2705\u00a0<strong>Senkung der Betriebskosten<\/strong>: Die Wiederverwendungsrate der EVA-Auskleidung ist so hoch wie 90%, was den Sekund\u00e4reinkauf reduziert; der druckfeste Kastentyp reduziert die Transportkompensation; \u2705\u00a0<strong>Benutzer Spaltwerkzeug<\/strong>: Das Design im Instagram-Stil stimuliert UGC-Inhalte und bringt einen eigenen Kommunikationsverkehr mit sich.<\/p>\n<p><strong>Erhalten Sie jetzt exklusive L\u00f6sungen!\u00a0<\/strong>Senden Sie uns Ihre Anforderungen an Produktgr\u00f6\u00dfe und Design und erhalten Sie innerhalb von 24 Stunden kostenlose Renderings und Angebote. Mit Quellpreisen und extremer Handwerkskunst hebt sich Ihr Kamm von der Verpackung ab!<\/p>","protected":false},"excerpt":{"rendered":"<p>Die doppelseitige, hochaufl\u00f6sende, farbig bedruckte Magnetverschlussbox ist mit Macaron-Heilfarben und anpassbarem Flockfutter gepaart, das mit Kristallheilsteinen kompatibel ist. Sie erm\u00f6glicht eine verlustfreie Anzeige und steigert den Markenwert und das Nutzererlebnis.<\/p>","protected":false},"featured_media":8265,"template":"","meta":[],"product_brand":[],"product_cat":[30,390,424],"product_tag":[637,636,638],"class_list":{"0":"post-8264","1":"product","2":"type-product","3":"status-publish","4":"has-post-thumbnail","6":"product_cat-by-industry","7":"product_cat-custom-cosmetics-boxes","8":"product_cat-magnetic-closure-boxes","9":"product_tag-comb-boxes-wholesale","10":"product_tag-custom-comb-packaging","11":"product_tag-printed-comb-packaging","13":"first","14":"instock","15":"shipping-taxable","16":"product-type-simple"},"_links":{"self":[{"href":"https:\/\/zojopackaging.com\/de\/wp-json\/wp\/v2\/product\/8264","targetHints":{"allow":["GET"]}}],"collection":[{"href":"https:\/\/zojopackaging.com\/de\/wp-json\/wp\/v2\/product"}],"about":[{"href":"https:\/\/zojopackaging.com\/de\/wp-json\/wp\/v2\/types\/product"}],"version-history":[{"count":1,"href":"https:\/\/zojopackaging.com\/de\/wp-json\/wp\/v2\/product\/8264\/revisions"}],"predecessor-version":[{"id":8270,"href":"https:\/\/zojopackaging.com\/de\/wp-json\/wp\/v2\/product\/8264\/revisions\/8270"}],"wp:featuredmedia":[{"embeddable":true,"href":"https:\/\/zojopackaging.com\/de\/wp-json\/wp\/v2\/media\/8265"}],"wp:attachment":[{"href":"https:\/\/zojopackaging.com\/de\/wp-json\/wp\/v2\/media?parent=8264"}],"wp:term":[{"taxonomy":"product_brand","embeddable":true,"href":"https:\/\/zojopackaging.com\/de\/wp-json\/wp\/v2\/product_brand?post=8264"},{"taxonomy":"product_cat","embeddable":true,"href":"https:\/\/zojopackaging.com\/de\/wp-json\/wp\/v2\/product_cat?post=8264"},{"taxonomy":"product_tag","embeddable":true,"href":"https:\/\/zojopackaging.com\/de\/wp-json\/wp\/v2\/product_tag?post=8264"}],"curies":[{"name":"wp","href":"https:\/\/api.w.org\/{rel}","templated":true}]}}