{"id":8271,"date":"2025-03-25T20:36:16","date_gmt":"2025-03-25T12:36:16","guid":{"rendered":"https:\/\/zojopackaging.com\/?post_type=product&#038;p=8271"},"modified":"2025-03-25T21:06:13","modified_gmt":"2025-03-25T13:06:13","slug":"custom-glitter-fake-press-on-nail-packaging-box-wholesale","status":"publish","type":"product","link":"https:\/\/zojopackaging.com\/de\/product\/custom-glitter-fake-press-on-nail-packaging-box-wholesale\/","title":{"rendered":"Benutzerdefinierte Glitter Fake Presse auf Nagel Verpackung Box Gro\u00dfhandel"},"content":{"rendered":"<h2 id=\"-customized-flashing-false-nails-magnetic-book-shaped-packaging-box-wholesale-instructions\">Customized blinkende falsche N\u00e4gel magnetischen Verschluss Verpackung Box Gro\u00dfhandel Anweisungen<\/h2>\n<h3 id=\"-1-military-grade-material-sturdy-and-durable-worry-free-transportation-\"><strong>1. Military-Grade-Material: robust und langlebig, sorgenfreien Transport<\/strong><\/h3>\n<ul>\n<li><strong>1200 GSM Graukarton + 157 GSM gestrichenes Papier<\/strong>: Der Karton kann bis zu 5 kg tragen, und die Druckfestigkeit \u00fcbertrifft die nationale Norm um das Zweifache. Er widersteht effektiv der Transportextrusion und dem Aufprall und eignet sich f\u00fcr die Verpackung schwerer Gegenst\u00e4nde wie falscher Nagels\u00e4tze und Werkzeugs\u00e4tze verschiedener Spezifikationen.<\/li>\n<li><strong>Perlglanzbeschichtetes Papier<\/strong>: Die Oberfl\u00e4che ist mit einer Perlglanzbeschichtung versehen, die unter Lichteinwirkung einen zarten Sterneneffekt erzeugt. Die visuelle Anziehungskraft ist um 60% h\u00f6her als bei herk\u00f6mmlichem Papier, was die Aufmerksamkeit der Verbraucher in den Regalen schnell auf sich ziehen kann.<\/li>\n<\/ul>\n<h3 id=\"-2-magnetic-book-box-design-simple-and-practical-long-term-reuse-\"><strong>2. Magnetischer Verschluss Box Design: einfach und praktisch, langfristige Wiederverwendung<\/strong><\/h3>\n<ul>\n<li><strong>Unsichtbarer Magnetverschluss<\/strong>: Kein freiliegender Magnetverschluss, der Schachteldeckel \u00f6ffnet und schlie\u00dft sich sanft und leise und vermeidet die Falten- und Bruchprobleme herk\u00f6mmlicher Klappschachteln, und die Lebensdauer beim \u00d6ffnen und Schlie\u00dfen betr\u00e4gt mehr als 1.000 Mal.<\/li>\n<li><strong>Multifunktionale Wiederverwendung<\/strong>: Die leere Box kann als Aufbewahrungsbox f\u00fcr Schmuck und Kosmetika verwendet werden, um die Markenpr\u00e4senz und die Kundenbindung zu erh\u00f6hen.<\/li>\n<\/ul>\n<h3 id=\"-three-pink-healing-aesthetics-window-function-design-igniting-the-hearts-of-girls-\"><strong>3. Rosa Heilung \u00c4sthetik + Fenster Funktion Design, entz\u00fcndet die Herzen der M\u00e4dchen<\/strong><\/h3>\n<ol>\n<li><strong>Plan f\u00fcr die visuelle Anpassung<\/strong><\/li>\n<li><strong>Rosa Farbsystem<\/strong>Die Hauptfarben mit geringer S\u00e4ttigung, wie Kirschbl\u00fctenrosa und Taro-Violett, \u00fcberlagert von einer perlmuttartigen Textur mit Farbverlauf, verringern die visuelle Erm\u00fcdung und sprechen weibliche Kunden zwischen 18 und 30 Jahren an.<\/li>\n<li><strong>Band\/Anh\u00e4nger Zusatz<\/strong>Wenn die Box mit gleichfarbigen B\u00e4ndern, Metallketten oder Acrylanh\u00e4ngern kombiniert wird, entsteht beim \u00d6ffnen der Box sofort ein feierlicher Eindruck, und die Rate des Teilens in den sozialen Medien steigt um 45%.<\/li>\n<li><strong>Transparente Fensterstruktur<\/strong><\/li>\n<li><strong>Teilweise Fenster<\/strong>: Die Oberfl\u00e4che der Schachtel ist mit einer hochtransparenten PVC- oder Acrylplatte versehen, um Verkaufsargumente wie k\u00fcnstliche Fingern\u00e4gel und Strassdekorationen intuitiv darzustellen, wobei die Integrit\u00e4t des Schachtelk\u00f6rpers erhalten bleibt.<\/li>\n<li><strong>Speziell geformtes Fensterdesign<\/strong>: unterst\u00fctzt kreative Fensterformen wie Herz- und Sternform, um die Wiedererkennung im Regal zu verbessern.<\/li>\n<\/ol>\n<h3 id=\"-fourth-environmentally-friendly-inner-tray-deep-customization-protect-products-and-the-earth-\"><strong>4. Umweltfreundliche innere Schale + tiefe Anpassung, sch\u00fctzen Produkte und die Erde<\/strong><\/h3>\n<ul>\n<li><strong>Recycelbarer Kunststoff-Innenbeh\u00e4lter<\/strong>: Aus lebensmittelechtem PET\/PP-Material hergestellt, ist jeder falsche Nagel geschlitzt, um ihn zu befestigen, sto\u00dffest und kratzfest, nach der Reinigung wiederverwendbar und 30% weniger Plastik als EVA-Futter.<\/li>\n<li><strong>Flexibles Anpassungsschema<\/strong>: \u2705\u00a0<strong>Kompatibilit\u00e4t mit mehreren Gr\u00f6\u00dfen<\/strong>: Einzelne Nagelauslage, 10-teilige Kombinationsauslage, Werkzeugauslage kann frei zusammengestellt werden; \u2705\u00a0<strong>Markenaufdruck<\/strong>: LOGO oder Pflegeanleitung im Siebdruckverfahren auf der Oberfl\u00e4che der Innenschale, um das professionelle Image der Marke zu st\u00e4rken.<\/li>\n<\/ul>\n<h3 id=\"-five-direct-supply-from-chinese-factories-high-end-customization-for-0-yuan-\"><strong>5. Direkte Lieferung von chinesischen Fabriken, High-End-Anpassung f\u00fcr 0 Yuan<\/strong><\/h3>\n<ul>\n<li><strong>Kostenloser Entwurfsservice<\/strong>: Ein professionelles Team bietet 3D-Renderings, Real-Shot-Proofing, unterst\u00fctzt mehr als 20 Verfahrenskombinationen wie Hei\u00dfpr\u00e4gung, Siebdruck, Aush\u00f6hlung usw. und best\u00e4tigt den Plan innerhalb von 72 Stunden.<\/li>\n<li><strong>Preissenkung von 50%<\/strong>: Der Preis f\u00fcr eine Bestellung von 1.000 St\u00fcck betr\u00e4gt nur XX Yuan, und bei einer Bestellung von 10.000 St\u00fcck werden zus\u00e4tzliche Rabatte gew\u00e4hrt, ohne dass Zwischenh\u00e4ndler den Preis erh\u00f6hen.<\/li>\n<li><strong>15 Tage weltweite Lieferung<\/strong>: Inl\u00e4ndische Bestellungen werden innerhalb von 7 Tagen versandt, unterst\u00fctzen DHL\/FedEx grenz\u00fcberschreitende Logistik, und Schadenersatz.<\/li>\n<\/ul>\n<h3 id=\"-commercial-value-analysis-\"><strong>Analyse des kommerziellen Werts<\/strong><\/h3>\n<p>\u2705\u00a0<strong>Verbesserung des Premiumbereichs<\/strong>: Hochwertige Verpackungen erh\u00f6hen den Kundenst\u00fcckpreis von falschen Nagelsets um 50%-120%, besonders geeignet f\u00fcr limitierte Urlaubsausgaben und IP-Co-Branding-Modelle; \u2705\u00a0<strong>Senkung der Betriebskosten<\/strong>: Druckfeste Box + Kunststoff-Innenschale kontrolliert die Transportverlustrate unter 0,3%; \u2705\u00a0<strong>Spontane Verbreitung durch die Nutzer<\/strong>: Das INS-Design f\u00f6rdert die Spaltung von UGC-Inhalten und sorgt f\u00fcr nat\u00fcrlichen Traffic zu niedrigen Kosten.<\/p>\n<p><strong>Holen Sie sich jetzt den umsatzstarken Plan!\u00a0<\/strong>Senden Sie uns Ihre Produktgr\u00f6\u00dfe und Designanforderungen und erhalten Sie innerhalb von 24 Stunden kostenlose Renderings und Angebote. Mit der ultimativen Kosteneffizienz und Qualit\u00e4t der Quelle, lassen Sie Ihre falschen N\u00e4gel den Markt von der Verpackung aus erobern!<\/p>\n<hr \/>\n<h3 id=\"-technical-parameters-\"><strong>Technische Parameter<\/strong><\/h3>\n<table>\n<thead>\n<tr>\n<th><strong>Projekt<\/strong><\/th>\n<th><strong>Spezifikationen<\/strong><\/th>\n<\/tr>\n<\/thead>\n<tbody>\n<tr>\n<td>Druckverfahren<\/td>\n<td>Perlglanzlackierung + Schmuckfarbendruck \/ UV-Lackierung<\/td>\n<\/tr>\n<tr>\n<td>Material der Fenster<\/td>\n<td>0,5 mm hochtransparentes PVC \/ 2 mm Acrylglas<\/td>\n<\/tr>\n<tr>\n<td>Mindestbestellmenge<\/td>\n<td>1000 St\u00fcck (unterst\u00fctzt 100 Muster)<\/td>\n<\/tr>\n<tr>\n<td>Umweltzertifizierung<\/td>\n<td>FSC, REACH, FDA (lebensmittelechte Innenschale)<\/td>\n<\/tr>\n<tr>\n<td>Anpassungs-Zyklus<\/td>\n<td>5 Tage f\u00fcr Proofing + 10 Tage f\u00fcr Bulk<\/td>\n<\/tr>\n<\/tbody>\n<\/table>","protected":false},"excerpt":{"rendered":"<p>1200GSM Graukarton + 157 C2S beschichtetes Kunstdruckpapier Magnetverschlussbox, unsichtbar magnetisch zu \u00f6ffnen und zu schlie\u00dfen, langlebig und besch\u00e4digungssicher, Perlglanzband hebt die Markentextur hervor, umweltfreundliche Innenschale ist recycelbar, die erste Wahl f\u00fcr leichte Luxusverpackungen.<\/p>","protected":false},"featured_media":8272,"template":"","meta":[],"product_brand":[],"product_cat":[30,390,424],"product_tag":[640,641,639],"class_list":{"0":"post-8271","1":"product","2":"type-product","3":"status-publish","4":"has-post-thumbnail","6":"product_cat-by-industry","7":"product_cat-custom-cosmetics-boxes","8":"product_cat-magnetic-closure-boxes","9":"product_tag-custom-press-on-nail-boxes","10":"product_tag-fake-nails-packaging","11":"product_tag-press-on-nail-packaging","13":"first","14":"instock","15":"shipping-taxable","16":"product-type-simple"},"_links":{"self":[{"href":"https:\/\/zojopackaging.com\/de\/wp-json\/wp\/v2\/product\/8271","targetHints":{"allow":["GET"]}}],"collection":[{"href":"https:\/\/zojopackaging.com\/de\/wp-json\/wp\/v2\/product"}],"about":[{"href":"https:\/\/zojopackaging.com\/de\/wp-json\/wp\/v2\/types\/product"}],"version-history":[{"count":1,"href":"https:\/\/zojopackaging.com\/de\/wp-json\/wp\/v2\/product\/8271\/revisions"}],"predecessor-version":[{"id":8278,"href":"https:\/\/zojopackaging.com\/de\/wp-json\/wp\/v2\/product\/8271\/revisions\/8278"}],"wp:featuredmedia":[{"embeddable":true,"href":"https:\/\/zojopackaging.com\/de\/wp-json\/wp\/v2\/media\/8272"}],"wp:attachment":[{"href":"https:\/\/zojopackaging.com\/de\/wp-json\/wp\/v2\/media?parent=8271"}],"wp:term":[{"taxonomy":"product_brand","embeddable":true,"href":"https:\/\/zojopackaging.com\/de\/wp-json\/wp\/v2\/product_brand?post=8271"},{"taxonomy":"product_cat","embeddable":true,"href":"https:\/\/zojopackaging.com\/de\/wp-json\/wp\/v2\/product_cat?post=8271"},{"taxonomy":"product_tag","embeddable":true,"href":"https:\/\/zojopackaging.com\/de\/wp-json\/wp\/v2\/product_tag?post=8271"}],"curies":[{"name":"wp","href":"https:\/\/api.w.org\/{rel}","templated":true}]}}