{"id":8279,"date":"2025-03-25T21:06:31","date_gmt":"2025-03-25T13:06:31","guid":{"rendered":"https:\/\/zojopackaging.com\/?post_type=product&#038;p=8279"},"modified":"2025-03-25T21:27:58","modified_gmt":"2025-03-25T13:27:58","slug":"custom-luxury-hair-extension-gift-packaging-boxes-wholesale","status":"publish","type":"product","link":"https:\/\/zojopackaging.com\/de\/product\/custom-luxury-hair-extension-gift-packaging-boxes-wholesale\/","title":{"rendered":"Benutzerdefinierte Luxus Haarverl\u00e4ngerung Geschenk Verpackung Boxen Gro\u00dfhandel"},"content":{"rendered":"<h2 id=\"customized-luxury-hair-extension-gift-box-wholesale-instructions\">Customized Luxus Haarverl\u00e4ngerung Geschenk-Box Gro\u00dfhandel Anweisungen<\/h2>\n<h3 id=\"-1-military-grade-material-strong-and-load-bearing-fearless-of-transportation-challenges-\"><strong>1. Material in Milit\u00e4rqualit\u00e4t: stark und belastbar, ohne Angst vor Transportherausforderungen<\/strong><\/h3>\n<ul>\n<li><strong>1200 GSM Graukarton + 157 GSM gestrichenes Kunstdruckpapier<\/strong>\u2705 Der Karton kann bis zu 8 kg tragen, und die Druckfestigkeit \u00fcbertrifft die nationale Norm um das Dreifache, was f\u00fcr gro\u00dfvolumige Produkte wie lange Haarverl\u00e4ngerungssets und schwere Werkzeugsets geeignet ist; \u2705 Die Oberfl\u00e4che ist mit matter Folie\/Glanzfolie bedeckt, die wasserdicht, \u00f6lbest\u00e4ndig und kratzfest ist und Risiken wie Lagerfeuchtigkeit und Logistikspritzern widerstehen kann, wodurch sichergestellt wird, dass der Oberfl\u00e4chendruck des Kartons dauerhaft und neu ist.<\/li>\n<\/ul>\n<hr \/>\n<h3 id=\"-2-magnetic-book-box-design-the-pinnacle-combination-of-visual-aesthetics-and-practicality-\"><strong>2. Das Design der Box mit Magnetverschluss: die beste Kombination aus visueller \u00c4sthetik und Praktikabilit\u00e4t<\/strong><\/h3>\n<ul>\n<li><strong>Unsichtbares Magnetverschluss-System<\/strong>: Eingebettete Magnete vermeiden den Verschlei\u00df und das Entgummierungsproblem herk\u00f6mmlicher Magnetschnallen, und die Lebensdauer beim \u00d6ffnen und Schlie\u00dfen \u00fcbersteigt 5.000 Mal, und es ist leise und reibungslos wie zuvor;<\/li>\n<li><strong>Minimalistisches Erscheinungsbild im Business-Stil<\/strong>: Kein \u00fcberfl\u00fcssiges Zubeh\u00f6r St\u00f6rung, solide Farbe Basis + Hei\u00dfpr\u00e4gung LOGO Design, im Einklang mit dem Low-Key-Luxus-Ton von High-End-Per\u00fccke Marken.<\/li>\n<\/ul>\n<h3 id=\"-three-deep-customization-service-precise-adaptation-from-size-to-inner-tray-\"><strong>3. Tiefgreifender Anpassungsservice: pr\u00e4zise Anpassung von der Gr\u00f6\u00dfe bis zum Innenbeh\u00e4lter<\/strong><\/h3>\n<ol>\n<li><strong>Flexible Anpassung in voller Gr\u00f6\u00dfe<\/strong><\/li>\n<li>Unterst\u00fctzung der Anpassung von Haarverl\u00e4ngerungsboxen mit L\u00e4ngen von 30cm-150cm, mit einschichtigen, doppelt\u00fcrigen und schubladenartigen Strukturen zur freien Auswahl;<\/li>\n<li>Kompatibel mit mehreren Teilen: In den mehrschichtigen Innenf\u00e4chern k\u00f6nnen gleichzeitig Haarverl\u00e4ngerungen, Pflegel\u00f6sungen, Trageutensilien und anderes Zubeh\u00f6r aufbewahrt werden.<\/li>\n<li><strong>Hochwertige Innenschalenl\u00f6sung<\/strong><\/li>\n<li><strong>Anti-Erdbeben-Innenschale aus EPE<\/strong>: 3D geschnitzt pr\u00e4zise Rillen, um die Kr\u00fcmmung der Haarverl\u00e4ngerungen zu fixieren, um Verformungen w\u00e4hrend des Transports zu verhindern;<\/li>\n<li><strong>Flocking Display Tray<\/strong>schwarz\/burgunderfarbenes Samtfutter, um das Gef\u00fchl der Zeremonie beim \u00d6ffnen der Schachtel zu verst\u00e4rken, geeignet f\u00fcr hochwertige Haarverl\u00e4ngerungsprodukte mit einem Preis von \u00fcber 1.000 Yuan.<\/li>\n<li><strong>Technologie zur optischen Aufwertung<\/strong><\/li>\n<li><strong>Hei\u00dfpr\u00e4gung\/Hei\u00dfsilbertechnik<\/strong>: Lokale Hei\u00dfpr\u00e4gung des Markenlogos, der Bandschnalle usw., die unter der Lichtquelle einen subtilen Metallglanz reflektiert;<\/li>\n<li><strong>Upgrade von Bandzubeh\u00f6r<\/strong>: Kann mit einem Seidenband oder einem Metallanh\u00e4nger mit Namensschild kombiniert werden, die Geschenkverpackung regt direkt zum Wiederkauf an.<\/li>\n<\/ol>\n<h3 id=\"-fourth-china-s-smart-manufacturing-strength-extremely-fast-response-and-production-capacity-guarantee-\"><strong>4. Chinas St\u00e4rke im Bereich der intelligenten Fertigung: extrem schnelle Reaktion und garantierte Produktionskapazit\u00e4t<\/strong><\/h3>\n<ul>\n<li><strong>10-min\u00fctiges genaues Angebot<\/strong>: Anforderungen (Gr\u00f6\u00dfe, Verfahren, Menge) online einreichen, KI-System kalkuliert Kosten in Echtzeit, transparente Preise ohne versteckte Geb\u00fchren;<\/li>\n<li><strong>Vollautomatische Produktionslinie<\/strong>: Deutsche Heidelberger Druckmaschine + intelligente Stanzmaschine, t\u00e4gliche Produktionskapazit\u00e4t von 1 Million St\u00fcck, Unterst\u00fctzung von 72-Stunden-Lieferungen f\u00fcr Notauftr\u00e4ge;<\/li>\n<li><strong>Dreifache Qualit\u00e4tspr\u00fcfungsgarantie<\/strong>Eingangsinspektion des Rohmaterials, Stichprobeninspektion des Produktionsprozesses, vollst\u00e4ndige Inspektion der Lieferung des Endprodukts, Kontrolle der Fehlerquote unter 0,1%.<\/li>\n<\/ul>\n<h3 id=\"-v-commercial-value-empowerment-\"><strong>5. Kommerzieller Wert Empowerment<\/strong><\/h3>\n<p>\u2705\u00a0<strong>Erh\u00f6hung der Markenpr\u00e4mie<\/strong>: Luxusverpackungen erh\u00f6hen den durchschnittlichen Kundenpreis von Haarverl\u00e4ngerungsprodukten um 30%-80%, vor allem bei High-End-Produkten wie Schwarz-Gold-Versionen und Promi-Styles; \u2705\u00a0<strong>Senkung der Transportkosten<\/strong>: Druckfeste Box + wasserdichte Beschichtung reduziert die Ladungsbesch\u00e4digungsrate auf 0,5%, wodurch Streitigkeiten nach dem Verkauf reduziert werden; \u2705\u00a0<strong>Benutzer Spontane Verbreitung<\/strong>: Das Gef\u00fchl des Unboxing-Rituals treibt die Ver\u00f6ffentlichung in den sozialen Medien voran und zieht insbesondere Beauty-Blogger und Friseure als KOL f\u00fcr kostenlose Werbung an.<\/p>\n<p><strong>Starten Sie jetzt die High-End-Zusammenarbeit!\u00a0<\/strong>Geben Sie die Gr\u00f6\u00dfe und das Design der Haarverl\u00e4ngerungsprodukte an, und Sie erhalten innerhalb von 10 Minuten ein Angebot + 3D-Rendering. Mit einer millionenschweren Produktionskapazit\u00e4t und milit\u00e4rischer Qualit\u00e4t helfen Ihnen chinesische Fabriken, den High-End-Per\u00fcckenmarkt zu erobern!<\/p>\n<h2 id=\"-technical-parameters-\"><strong>Technische Parameter<\/strong><\/h2>\n<table>\n<thead>\n<tr>\n<th><strong>Projekt<\/strong><\/th>\n<th><strong>Spezifikationen<\/strong><\/th>\n<\/tr>\n<\/thead>\n<tbody>\n<tr>\n<td>Maximale Tragf\u00e4higkeit<\/td>\n<td>8kg (anpassbare erweiterte Version bis zu 12kg)<\/td>\n<\/tr>\n<tr>\n<td>Lamination Prozess<\/td>\n<td>Matte Folie\/Gl\u00e4nzende Folie\/Taktile Folie (Anti-Fingerprint)<\/td>\n<\/tr>\n<tr>\n<td>Hei\u00dfpr\u00e4gegenauigkeit<\/td>\n<td>0,3mm d\u00fcnne Linie Hei\u00dfpr\u00e4gung ohne Verschmieren<\/td>\n<\/tr>\n<tr>\n<td>Mindestbestellmenge<\/td>\n<td>500 St\u00fcck (Unterst\u00fctzung 50 St\u00fcck f\u00fcr Prototypen)<\/td>\n<\/tr>\n<tr>\n<td>Zyklus der Lieferung<\/td>\n<td>7-12 Tage (3 Tage f\u00fcr Eilbestellungen)<\/td>\n<\/tr>\n<\/tbody>\n<\/table>\n<p><strong>Entscheiden Sie sich f\u00fcr uns und geben Sie jeder Per\u00fccke einen \"Luxusmantel\", der ihrem Wert entspricht!<\/strong><\/p>","protected":false},"excerpt":{"rendered":"<p>1200GSM Graukarton + 157 beschichtetes Kunstdruckpapier Magnetverschlussbox, unsichtbarer Magnetverschluss zur Vermeidung von Abnutzung, filmbeschichtet, um Wasser und \u00d6l zu widerstehen, Farbband in voller Gr\u00f6\u00dfe f\u00fcr die Innenschale, professionelle Per\u00fcckenverpackungsl\u00f6sung<\/p>","protected":false},"featured_media":8280,"template":"","meta":[],"product_brand":[],"product_cat":[30,421,424],"product_tag":[643,644,642],"class_list":{"0":"post-8279","1":"product","2":"type-product","3":"status-publish","4":"has-post-thumbnail","6":"product_cat-by-industry","7":"product_cat-custom-hair-extension-boxes","8":"product_cat-magnetic-closure-boxes","9":"product_tag-custom-hair-extension-boxes","10":"product_tag-hair-extension-packaging-wholesale","11":"product_tag-luxury-hair-extension-packaging","13":"first","14":"instock","15":"shipping-taxable","16":"product-type-simple"},"_links":{"self":[{"href":"https:\/\/zojopackaging.com\/de\/wp-json\/wp\/v2\/product\/8279","targetHints":{"allow":["GET"]}}],"collection":[{"href":"https:\/\/zojopackaging.com\/de\/wp-json\/wp\/v2\/product"}],"about":[{"href":"https:\/\/zojopackaging.com\/de\/wp-json\/wp\/v2\/types\/product"}],"version-history":[{"count":1,"href":"https:\/\/zojopackaging.com\/de\/wp-json\/wp\/v2\/product\/8279\/revisions"}],"predecessor-version":[{"id":8286,"href":"https:\/\/zojopackaging.com\/de\/wp-json\/wp\/v2\/product\/8279\/revisions\/8286"}],"wp:featuredmedia":[{"embeddable":true,"href":"https:\/\/zojopackaging.com\/de\/wp-json\/wp\/v2\/media\/8280"}],"wp:attachment":[{"href":"https:\/\/zojopackaging.com\/de\/wp-json\/wp\/v2\/media?parent=8279"}],"wp:term":[{"taxonomy":"product_brand","embeddable":true,"href":"https:\/\/zojopackaging.com\/de\/wp-json\/wp\/v2\/product_brand?post=8279"},{"taxonomy":"product_cat","embeddable":true,"href":"https:\/\/zojopackaging.com\/de\/wp-json\/wp\/v2\/product_cat?post=8279"},{"taxonomy":"product_tag","embeddable":true,"href":"https:\/\/zojopackaging.com\/de\/wp-json\/wp\/v2\/product_tag?post=8279"}],"curies":[{"name":"wp","href":"https:\/\/api.w.org\/{rel}","templated":true}]}}