{"id":8318,"date":"2025-03-26T20:58:19","date_gmt":"2025-03-26T12:58:19","guid":{"rendered":"https:\/\/zojopackaging.com\/?post_type=product&#038;p=8318"},"modified":"2025-03-26T21:47:04","modified_gmt":"2025-03-26T13:47:04","slug":"custom-bakery-cupcake-cookie-packaging-box-manufacturer","status":"publish","type":"product","link":"https:\/\/zojopackaging.com\/de\/product\/custom-bakery-cupcake-cookie-packaging-box-manufacturer\/","title":{"rendered":"Benutzerdefinierte B\u00e4ckerei Cupcake Cookie Verpackung Box Hersteller"},"content":{"rendered":"<h1 id=\"-customized-solution-for-high-end-art-baking-packaging-box-\"><strong>Ma\u00dfgeschneiderte L\u00f6sung f\u00fcr High-End-Kunstbackverpackungen<\/strong><\/h1>\n<h2 id=\"-1-innovative-box-design-the-craft-aesthetics-of-book-shaped-magnetic-suction-box-\"><strong>1. Innovatives Box-Design: die handwerkliche \u00c4sthetik der Magnetverschluss-Box<\/strong><\/h2>\n<p>Das patentierte Design der magnetischen Verschlussboxen wird \u00fcbernommen, und das in den Magneten eingebettete Verschlusssystem wird verwendet, um das Erlebnis des \"Umbl\u00e4tterns\" beim \u00d6ffnen zu realisieren, und das Gef\u00fchl der \u00d6ffnungs- und Schlie\u00dfd\u00e4mpfung wird pr\u00e4zise im Bereich von 0,5 N-m gesteuert. Das Design des Schachtelk\u00f6rpers mit dem goldenen Schnitt in Verbindung mit der 45\u00b0-Schr\u00e4gfalzung macht die Verpackungsschachtel auch zu einem Kunstst\u00e4nder. Laut Labortests erreicht die Druckfestigkeit der Struktur 120 kg\/\u33a1, was 40% h\u00f6her ist als bei herk\u00f6mmlichen Schachteln.<\/p>\n<h2 id=\"-2-visual-experience-upgrade-macaron-color-double-sided-printing-system-\"><strong>2. Visuelles Erlebnis Upgrade: macaron Farbe doppelseitigen Druck-System<\/strong><\/h2>\n<p>Mit der deutschen Heidelberger 8-Farben-UV-Druckanlage werden beidseitiger Vollfarbdruck und lokaler UV-Lack\u00fcberlagerungsprozess realisiert, und der Farbwiedergabegrad \u0394E\u22641,2 (internationaler Standard \u0394E\u22643 ist qualifiziert). Die speziell entwickelte \"Macaron-Farbbibliothek mit niedriger S\u00e4ttigung\" enth\u00e4lt 12 heilende Hauptfarben und 24 \u00dcbergangsfarben. Der Test des visuellen Erm\u00fcdungsindexes zeigt, dass dieses Farbsystem die Blickdauer der Verbraucher um 30% verl\u00e4ngern kann. Die Oberfl\u00e4che besteht aus 157GSM gestrichenem Atr-Papier, das mit einer umweltfreundlichen, matten Folie \u00fcberzogen ist, und der Tr\u00fcbungswert wird im Bereich von 28-32GU kontrolliert, wodurch Textur und Druckklarheit perfekt ausgeglichen werden.<\/p>\n<h2 id=\"-three-military-grade-material-system-structural-protection-solution-\"><strong>3. Materialsystem in milit\u00e4rischer Qualit\u00e4t: L\u00f6sung f\u00fcr den strukturellen Schutz<\/strong><\/h2>\n<p>Das Basismaterial besteht aus einer Verbundstruktur aus lebensmittelechtem Graukarton 1200GSM (Dichte 0,85g\/cm\u00b3, Ringdruckindex \u226518kN\/m) und feuchtigkeitsbest\u00e4ndigem beschichtetem Papier. Es wurde durch den ISTA 3A Transporttest zertifiziert und kann Temperaturschwankungen von -20\u2103 bis 50\u2103 standhalten. Das Auskleidungssystem bietet drei Pufferl\u00f6sungen aus 3D-CNC-geformtem EPE\/EVA\/PETG und passt die exklusiven Kartenschlitze des Produkts durch FEA-Finite-Elemente-Analyse an. Der Falltest zeigt, dass die Schutzrate von Cupcakes 99,7% ist.<\/p>\n<h2 id=\"-fourth-flexible-intelligent-manufacturing-system-unlimited-customization-driven-by-mes-\"><strong>4. Flexibles intelligentes Fertigungssystem: unbegrenzte Anpassungsm\u00f6glichkeiten durch MES<\/strong><\/h2>\n<p>-\u00a0<strong>Flexibilit\u00e4t der Gr\u00f6\u00dfe<\/strong>: unterst\u00fctzt die Entwicklung aller Schachteltypen von 10 mm bis 600 mm, und das urspr\u00fcngliche parametrische Modellierungssystem kann innerhalb von 24 Stunden ein 3D-Proofing durchf\u00fchren.\u00a0<strong>Visualisierung der Produktion<\/strong>: Die Werkstatt setzt ein 5G+MES Smart Dashboard ein, Kunden k\u00f6nnen den Fortschritt von Auftr\u00e4gen in 12 Prozessen in Echtzeit verfolgen, und die Auslastung der Ger\u00e4te wird auf 92% erh\u00f6ht.\u00a0<strong>Gr\u00fcne intelligente Fertigung<\/strong>Ausgestattet mit einem photovoltaisch betriebenen intelligenten Schneidesystem erreicht die Materialausnutzung 98,5%, was 15% h\u00f6her ist als der Branchendurchschnitt<\/p>\n<h2 id=\"-five-source-factory-service-advantages-\"><strong>5. Vorteile des Werksdienstes der Quelle<\/strong><\/h2>\n<p>Als ein Kernunternehmen in Chinas Backverpackungsindustrie bieten wir: \u221a Kostenloser Design-Service: 10 professionelle Teams reagieren innerhalb von 48 Stunden, mit mehr als 2000 Design-F\u00e4llen pro Jahr \u221a Leiter-Preissystem: Genie\u00dfen Sie den Fabrikpreis f\u00fcr Bestellungen von 500 St\u00fcck, und die Kosten f\u00fcr Bestellungen von mehr als 5000 St\u00fcck sind um 18% reduziert \u221a Qualit\u00e4tsverpflichtung: ISO22000\/BRCGS-Doppelzertifizierung, 72-Stunden-Schnellpr\u00fcfung, 30 Tage ultralange R\u00fcckverfolgbarkeit der Qualit\u00e4t<\/p>\n<h2 id=\"-technical-parameter-comparison-table-\"><strong>Vergleichstabelle der technischen Parameter<\/strong><\/h2>\n<table>\n<thead>\n<tr>\n<th>Index<\/th>\n<th>Dieses Produkt<\/th>\n<th>Industriestandard<\/th>\n<th>Verbesserungsrate<\/th>\n<\/tr>\n<\/thead>\n<tbody>\n<tr>\n<td>Lieferzyklus<\/td>\n<td>7-12 Arbeitstage<\/td>\n<td>15-25 Arbeitstage<\/td>\n<td>40%<\/td>\n<\/tr>\n<tr>\n<td>Farbstabilit\u00e4t<\/td>\n<td>\u00b12% Farbunterschied<\/td>\n<td>\u00b15% Farbunterschied<\/td>\n<td>60%<\/td>\n<\/tr>\n<tr>\n<td>Druckfestigkeit<\/td>\n<td>120kg\/\u33a1<\/td>\n<td>85kg\/\u33a1<\/td>\n<td>41%<\/td>\n<\/tr>\n<tr>\n<td>Mindestbestellmenge<\/td>\n<td>100 St\u00fcck<\/td>\n<td>500 St\u00fcck<\/td>\n<td>80%<\/td>\n<\/tr>\n<\/tbody>\n<\/table>","protected":false},"excerpt":{"rendered":"<p>Hochwertiger Magnetverschluss-Verpackungskarton, beidseitiger Macaron-Farbdruck im Girly-Stil, klares Markenlogo, flexibler, kundenspezifischer Gr\u00f6\u00dfenstil, speziell entwickelt, um auff\u00e4llige Geschenkboxen f\u00fcr Kuchen und Kekse zu erstellen.<\/p>","protected":false},"featured_media":8319,"template":"","meta":[],"product_brand":[],"product_cat":[30,422,424,31],"product_tag":[653,652,651],"class_list":{"0":"post-8318","1":"product","2":"type-product","3":"status-publish","4":"has-post-thumbnail","6":"product_cat-by-industry","7":"product_cat-custom-gourmet-boxes-by-industry","8":"product_cat-magnetic-closure-boxes","9":"product_cat-paper-box-style","10":"product_tag-cookie-packaging-box","11":"product_tag-cupcake-box-manufacturer","12":"product_tag-custom-bakery-packaging","14":"first","15":"instock","16":"shipping-taxable","17":"product-type-simple"},"_links":{"self":[{"href":"https:\/\/zojopackaging.com\/de\/wp-json\/wp\/v2\/product\/8318","targetHints":{"allow":["GET"]}}],"collection":[{"href":"https:\/\/zojopackaging.com\/de\/wp-json\/wp\/v2\/product"}],"about":[{"href":"https:\/\/zojopackaging.com\/de\/wp-json\/wp\/v2\/types\/product"}],"version-history":[{"count":1,"href":"https:\/\/zojopackaging.com\/de\/wp-json\/wp\/v2\/product\/8318\/revisions"}],"predecessor-version":[{"id":8324,"href":"https:\/\/zojopackaging.com\/de\/wp-json\/wp\/v2\/product\/8318\/revisions\/8324"}],"wp:featuredmedia":[{"embeddable":true,"href":"https:\/\/zojopackaging.com\/de\/wp-json\/wp\/v2\/media\/8319"}],"wp:attachment":[{"href":"https:\/\/zojopackaging.com\/de\/wp-json\/wp\/v2\/media?parent=8318"}],"wp:term":[{"taxonomy":"product_brand","embeddable":true,"href":"https:\/\/zojopackaging.com\/de\/wp-json\/wp\/v2\/product_brand?post=8318"},{"taxonomy":"product_cat","embeddable":true,"href":"https:\/\/zojopackaging.com\/de\/wp-json\/wp\/v2\/product_cat?post=8318"},{"taxonomy":"product_tag","embeddable":true,"href":"https:\/\/zojopackaging.com\/de\/wp-json\/wp\/v2\/product_tag?post=8318"}],"curies":[{"name":"wp","href":"https:\/\/api.w.org\/{rel}","templated":true}]}}