{"id":8325,"date":"2025-03-26T21:47:14","date_gmt":"2025-03-26T13:47:14","guid":{"rendered":"https:\/\/zojopackaging.com\/?post_type=product&#038;p=8325"},"modified":"2025-03-26T22:26:07","modified_gmt":"2025-03-26T14:26:07","slug":"personalized-custom-wedding-keepsake-gift-boxes-wholesale","status":"publish","type":"product","link":"https:\/\/zojopackaging.com\/de\/product\/personalized-custom-wedding-keepsake-gift-boxes-wholesale\/","title":{"rendered":"Personalisierte benutzerdefinierte Hochzeit Keepsake Geschenk-Boxen Gro\u00dfhandel"},"content":{"rendered":"<h3 id=\"-1-high-end-material-the-cornerstone-of-solid-protection-and-brand-presentation-\"><strong>Personalisierte benutzerdefinierte Hochzeit Keepsake Geschenk-Boxen Gro\u00dfhandel<br \/>\n<\/strong><strong>1. Hochwertiges Material: der Grundstein f\u00fcr soliden Schutz und Markenpr\u00e4sentation<\/strong><\/h3>\n<ul>\n<li><strong>1200 GSM Graukarton + 157 GSM gestrichenes Kunstdruckpapier<\/strong>\u2705 Die Druckfestigkeit erreicht 10 kg und eignet sich f\u00fcr zerbrechliche Souvenirs wie Kristalltassen, individuelle Fotoalben, Duftkerzen usw.; \u2705 Die Papieroberfl\u00e4che ist glatt und die Wiederherstellungsrate des Pantone-Spot-Farbdrucks erreicht 98%, wodurch kundenspezifische Informationen wie Markenlogo, Name des Paares, Datum usw. pr\u00e4zise \u00fcbermittelt werden.<\/li>\n<\/ul>\n<h3 id=\"-second-the-box-shaped-design-of-the-top-and-bottom-lid-the-first-act-of-happiness-\"><strong>2. Die magnetische Verschlussbox von Deckel und Boden: der erste Akt des Gl\u00fccks<\/strong><\/h3>\n<ul>\n<li><strong>Eingebettete Struktur der Ober- und Unterlider<\/strong>: Es hat ein d\u00e4mpfendes Gef\u00fchl beim \u00d6ffnen und Schlie\u00dfen, das das \u00d6ffnen eines Schmuckk\u00e4stchens simuliert und die emotionale Assoziation von \"kostbaren Momenten\" verst\u00e4rkt;<\/li>\n<li><strong>Humanisiertes Upgrade des Ledergriffs<\/strong>: \u2705\u00a0<strong>Obere Schicht Rindsleder umweltfreundliches PU-Leder<\/strong>: Die Griffbreite ist 3cm, die die Kr\u00fcmmung der Handfl\u00e4che passt und wird nicht die Hand quetschen, wenn f\u00fcr eine lange Zeit angehoben; \u2705\u00a0<strong>Zierring aus Metall<\/strong>: Die vergoldete Schnalle aus Ros\u00e9gold verbindet die Box mit einer Tragf\u00e4higkeit von 15 kg und ist sowohl langlebig als auch exquisit.<\/li>\n<\/ul>\n<h3 id=\"-three-macaron-healing-color-system-the-secret-weapon-of-visual-stickiness-\"><strong>3. Macaron-Heilfarbensystem: die Geheimwaffe der visuellen Klebrigkeit<\/strong><\/h3>\n<ul>\n<li><strong>Farbanpassung bei weichem Licht mit geringer S\u00e4ttigung<\/strong>: Nebelblau, Nacktrosa, Vanillewei\u00df und andere Farben haben die SGS-Zertifizierung bestanden, langfristige Betrachtung ohne Erm\u00fcdung, geeignet f\u00fcr Wald, Koreanisch, Retro und andere Hochzeitsthemen;<\/li>\n<li><strong>Zweikanaliges Farbverfahren<\/strong>: \u2705\u00a0<strong>Matte Basis<\/strong>: Es wird umweltfreundliche Tinte auf Wasserbasis verwendet, die sich zart anf\u00fchlt und nicht reflektiert; \u2705\u00a0<strong>Partielle UV-Entlastung<\/strong>: Die Silhouette des Brautpaares und das Eheversprechen k\u00f6nnen auf den Deckel der Schachtel gepr\u00e4gt werden, und ein dreidimensionaler Licht- und Schatteneffekt kann unter der Lichtquelle dargestellt werden.<\/li>\n<\/ul>\n<h3 id=\"-four-environmentally-friendly-lining-high-definition-printing-a-balance-between-sustainability-and-aesthetics-\"><strong>4. Umweltfreundliches Futter und hochaufl\u00f6sender Druck: ein Gleichgewicht zwischen Nachhaltigkeit und \u00c4sthetik<\/strong><\/h3>\n<ol>\n<li><strong>Auskleidung mit Pflanzenfasern<\/strong>:<\/li>\n<li>Innenschale aus Zuckerrohr-Bagasse\/Bambuszellstoff, 100% abbaubar, die Rillentiefe und -kr\u00fcmmung werden entsprechend der Form des Souvenirs angepasst, und die erdbebensichere Leistung ist mit der von EVA vergleichbar;<\/li>\n<li>Optionale Beflockung\/Seidenumh\u00fcllung, um das Gef\u00fchl von Luxus beim Auspacken zu verst\u00e4rken.<\/li>\n<li><strong>Null-Farbunterschied-Druck-Garantie<\/strong>:<\/li>\n<li>Deutsche Heidelberger 8-Farben-Druckmaschine, minimale Druckgenauigkeit 0,1mm, Farbverlaufs-Block\u00fcbergang ohne Diskontinuit\u00e4t;<\/li>\n<li>Die Oberfl\u00e4che ist mit einer matten Folie\/taktilen Folie versehen, die Fingerabdr\u00fccke verhindert und kratzfest ist, so dass sie auch nach vielen Eins\u00e4tzen auf der Hochzeitsszene so hell und sauber wie neu bleibt.<\/li>\n<\/ol>\n<h3 id=\"-v-china-s-smart-manufacturing-strength-extremely-fast-response-and-ultimate-cost-effectiveness-\"><strong>5. Chinas St\u00e4rke in der intelligenten Fertigung: extrem schnelle Reaktion und h\u00f6chste Kosteneffizienz<\/strong><\/h3>\n<ul>\n<li><strong>10-min\u00fctiges genaues Angebot<\/strong>: Geben Sie Ihre Anforderungen (Gr\u00f6\u00dfe, Farbe, Verfahren) online ein, und das KI-System erstellt in Echtzeit ein Angebot mit einer Preissenkung von 40% im Vergleich zum Markt;<\/li>\n<li><strong>Vollautomatische Produktionslinie<\/strong>Intelligente Stanzmaschine + Lasergravuranlage mit einer t\u00e4glichen Produktionskapazit\u00e4t von 1 Million St\u00fcck, die eine 72-Stunden-Lieferung von Eilauftr\u00e4gen erm\u00f6glicht;<\/li>\n<li><strong>Dreifache Verteidigungslinie f\u00fcr die Qualit\u00e4tskontrolle<\/strong>Die Inspektion der Rohmaterialchargen, die Kontrolle des gesamten Produktionsprozesses und die Stichprobenkontrolle beim Versand des Endprodukts mit einer Fehlerquote von weniger als 0,3%.<\/li>\n<\/ul>\n<h3 id=\"-six-commercial-empowerment-highlights-\"><strong>6, Kommerzielle Erm\u00e4chtigung Highlights<\/strong><\/h3>\n<p>\u2705\u00a0<strong>Pr\u00e4mienerh\u00f6hung<\/strong>: Hochwertige Geschenkboxen erh\u00f6hen den Preis von Souvenir-Sets um 50%-150%, geeignet f\u00fcr gewinnbringende Szenarien wie Hochzeits- und Jubil\u00e4ums-Souvenirs; \u2705\u00a0<strong>Marke Impressum<\/strong>: Frischverm\u00e4hlte teilen ma\u00dfgeschneiderte Geschenkboxen als soziale W\u00e4hrung, die ihren eigenen Spaltverkehr mit sich bringt; \u2705\u00a0<strong>Segen zur Umweltzertifizierung<\/strong>: Die FSC+ISO14001-Zertifizierung erleichtert Marken den Zugang zum hochwertigen Hochzeitsmarkt in Europa und den Vereinigten Staaten.<\/p>\n<p><strong>Beginnen Sie jetzt mit der romantischen Anpassung!\u00a0<\/strong>Geben Sie die Gr\u00f6\u00dfe und das Design des Geschenks an, und Sie erhalten innerhalb von 10 Minuten 3D-Renderings und Kostenlisten. Mit Millionen von Produktionskapazit\u00e4ten und k\u00fcnstlerischer Handwerkskunst machen chinesische Fabriken jedes Hochzeitsdenkmal w\u00fcrdig f\u00fcr die ewige Sammlung!<\/p>\n<h3 id=\"-technical-parameters-\"><strong>Technische Parameter<\/strong><\/h3>\n<table>\n<thead>\n<tr>\n<th><strong>Projekt<\/strong><\/th>\n<th><strong>Spezifikationen<\/strong><\/th>\n<\/tr>\n<\/thead>\n<tbody>\n<tr>\n<td>Handle Load<\/td>\n<td>15kg (Rindsleder) \/ 10kg (PU)<\/td>\n<\/tr>\n<tr>\n<td>Druckaufl\u00f6sung<\/td>\n<td>300dpi (Muster), 600dpi (Text)<\/td>\n<\/tr>\n<tr>\n<td>Mindestbestellmenge<\/td>\n<td>300 St\u00fcck (Unterst\u00fctzung von 50 Proben)<\/td>\n<\/tr>\n<tr>\n<td>Anpassungs-Zyklus<\/td>\n<td>5 Tage f\u00fcr den Korrekturabzug + 7 Tage f\u00fcr Massenware (Unterst\u00fctzung von Eilzustellung)<\/td>\n<\/tr>\n<tr>\n<td>Umweltzertifizierung<\/td>\n<td>FSC, SGS, ISO14001<\/td>\n<\/tr>\n<\/tbody>\n<\/table>\n<hr \/>\n<p><strong>W\u00e4hlen Sie uns, lassen Sie die S\u00fc\u00dfe der Hochzeit von dem Moment an verbreiten Sie die Geschenk-Box zu \u00f6ffnen!<\/strong><\/p>","protected":false},"excerpt":{"rendered":"<p>Macaron-Farben mit geringer S\u00e4ttigung, kundenspezifische Souvenirs, Direktpreisgarantie ab Werk und genaue Lieferung innerhalb von 7-12 Tagen.<\/p>","protected":false},"featured_media":8293,"template":"","meta":[],"product_brand":[],"product_cat":[30,423,425,31],"product_tag":[656,655,654],"class_list":{"0":"post-8325","1":"product","2":"type-product","3":"status-publish","4":"has-post-thumbnail","6":"product_cat-by-industry","7":"product_cat-custom-presentation-boxes-by-industry","8":"product_cat-lid-and-base-gift-box","9":"product_cat-paper-box-style","10":"product_tag-custom-wedding-gift-boxes","11":"product_tag-keepsake-boxes-wholesale","12":"product_tag-wedding-gift-boxes","14":"first","15":"instock","16":"shipping-taxable","17":"product-type-simple"},"_links":{"self":[{"href":"https:\/\/zojopackaging.com\/de\/wp-json\/wp\/v2\/product\/8325","targetHints":{"allow":["GET"]}}],"collection":[{"href":"https:\/\/zojopackaging.com\/de\/wp-json\/wp\/v2\/product"}],"about":[{"href":"https:\/\/zojopackaging.com\/de\/wp-json\/wp\/v2\/types\/product"}],"version-history":[{"count":1,"href":"https:\/\/zojopackaging.com\/de\/wp-json\/wp\/v2\/product\/8325\/revisions"}],"predecessor-version":[{"id":8326,"href":"https:\/\/zojopackaging.com\/de\/wp-json\/wp\/v2\/product\/8325\/revisions\/8326"}],"wp:featuredmedia":[{"embeddable":true,"href":"https:\/\/zojopackaging.com\/de\/wp-json\/wp\/v2\/media\/8293"}],"wp:attachment":[{"href":"https:\/\/zojopackaging.com\/de\/wp-json\/wp\/v2\/media?parent=8325"}],"wp:term":[{"taxonomy":"product_brand","embeddable":true,"href":"https:\/\/zojopackaging.com\/de\/wp-json\/wp\/v2\/product_brand?post=8325"},{"taxonomy":"product_cat","embeddable":true,"href":"https:\/\/zojopackaging.com\/de\/wp-json\/wp\/v2\/product_cat?post=8325"},{"taxonomy":"product_tag","embeddable":true,"href":"https:\/\/zojopackaging.com\/de\/wp-json\/wp\/v2\/product_tag?post=8325"}],"curies":[{"name":"wp","href":"https:\/\/api.w.org\/{rel}","templated":true}]}}