{"id":8328,"date":"2025-03-27T09:28:32","date_gmt":"2025-03-27T01:28:32","guid":{"rendered":"https:\/\/zojopackaging.com\/?post_type=product&#038;p=8328"},"modified":"2025-03-27T10:44:18","modified_gmt":"2025-03-27T02:44:18","slug":"custom-boutique-garment-swimwear-underwear-box-wholesale","status":"publish","type":"product","link":"https:\/\/zojopackaging.com\/de\/product\/custom-boutique-garment-swimwear-underwear-box-wholesale\/","title":{"rendered":"Benutzerdefinierte Boutique Kleidungsst\u00fcck Bademode Unterw\u00e4sche Box Gro\u00dfhandel"},"content":{"rendered":"<h3 id=\"customized-boutique-clothing-swimwear-lingerie-box-wholesale-product-description\">Ma\u00dfgeschneiderte Boutique Kleidung Bademode Dessous Box Gro\u00dfhandel Produktbeschreibung<\/h3>\n<h4 id=\"-i-core-materials-and-craftsmanship-\"><strong>I. Kernmaterialien und Handwerkskunst<\/strong><\/h4>\n<ol>\n<li><strong>1200 GSM Graupappe + 157 GSM beschichtetes Kunstdruckpapier Verbundstruktur<\/strong><\/li>\n<li>Graukarton mit hohem Gewicht (z. B. der auf Seite 2 erw\u00e4hnte 1200 g schwere Graukarton der G\u00fcteklasse K5) und beschichtetes Papier werden verwendet, um die Steifigkeit und die Oberfl\u00e4chenstruktur des Drucks zu ber\u00fccksichtigen, und bieten eine hervorragende Druckbelastbarkeit, die f\u00fcr den Transport \u00fcber lange Strecken und die Lagerung von Stapeln geeignet ist.<\/li>\n<li>157 GSM beschichtetes Papier bietet eine empfindliche Druckoberfl\u00e4che, die die feinen Effekte von Markenlogos und Mustern darstellen kann und gleichzeitig die Wasser- und Feuchtigkeitsdichtigkeit erh\u00f6ht.<\/li>\n<\/ol>\n<h4 id=\"-ii-humanized-design-highlights-\"><strong>2. Humanisierte Design-Highlights<\/strong><\/h4>\n<ol>\n<li><strong>Schwarze und blaue Farbabstimmung zur Verringerung der visuellen Unruhe<\/strong><\/li>\n<li>Die Hauptfarbe ist eine Kombination aus tiefem Meeresblau und mattem Schwarz, die sich auf die Theorie der Farbpsychologie bezieht und einen ruhigen und professionellen visuellen Eindruck vermittelt, der die Nervosit\u00e4t der Verbraucher beim Auspacken mindert und das Vertrauen in die Marke st\u00e4rkt.<\/li>\n<li><strong>Magnetverschlussbox + magnetisch eingebettetes \u00d6ffnen und Schlie\u00dfen<\/strong><\/li>\n<li>Innovative buchf\u00f6rmige Faltstruktur mit eingebettetem Magnetverschluss (siehe den dreidimensionalen Formgebungsprozess der Weltbox auf Seite 2), einfach zu \u00f6ffnen und zu schlie\u00dfen und k\u00fcnstlerisch.<\/li>\n<li>Flache Verpackung nach dem Falten (\u00e4hnlich dem Logistikoptimierungskonzept der Flugzeugbox auf Seite 3), wodurch das Transportvolumen reduziert, die Raumausnutzung um 50% erh\u00f6ht und die Frachtkosten erheblich gesenkt werden.<\/li>\n<li><strong>Umweltfreundliches beschreibbares Futterpapier<\/strong><\/li>\n<li>Die Oberfl\u00e4che aus umweltfreundlichem Recyclingkarton kann mit Segensspr\u00fcchen oder Produktinformationen beschriftet werden (wie z. B. die Idee der individuellen Gestaltung des Bandzubeh\u00f6rs auf Seite 2), unterst\u00fctzt die Wiederverwendung und entspricht dem Trend der gr\u00fcnen Verpackung.<\/li>\n<\/ol>\n<h4 id=\"-three-flexible-customization-service-\"><strong>3. Flexibler Anpassungsservice<\/strong><\/h4>\n<ol>\n<li><strong>Mehrdimensionale Gr\u00f6\u00dfenanpassung<\/strong><\/li>\n<li>Unterst\u00fctzung von Anpassungen in voller Gr\u00f6\u00dfe (z. B. die flexiblen Spezifikationen von 23<em>16<\/em>7,5 cm in Web-Seite 3), die verschiedene Kategorien wie Unterw\u00e4sche, Bademode, Kleider usw. abdecken, um den Anforderungen an unabh\u00e4ngige Verpackungen oder Set-Kombinationen gerecht zu werden.<\/li>\n<li><strong>Individuelle Gestaltung des Markenfutters<\/strong><\/li>\n<li>Bieten Sie EVA-Schwamm, Seide, Flanell und andere Futter-Optionen (erweitern Sie den Zubeh\u00f6r-Anpassungs-Service auf Seite 2), genau zu fixieren das Produkt und verbessern das Gef\u00fchl der Auspackzeremonie, passen Sie die High-End-Marke Ton.<\/li>\n<\/ol>\n<h4 id=\"-fourth-factory-advantages-and-service-commitments-\"><strong>4. Werksvorteile und Leistungsversprechen<\/strong><\/h4>\n<ol>\n<li><strong>Garantie der Lieferkette aus einer Hand<\/strong><\/li>\n<li><strong>Kostenlose Proben<\/strong>: Unterst\u00fctzung des Proofings innerhalb von 3 Tagen (siehe den effizienten Service des \"Proofing-Zyklus 3 Tage\" auf Seite 3), um die Visualisierung der Gestaltungseffekte zu gew\u00e4hrleisten.<\/li>\n<li><strong>Preis und Lieferfrist<\/strong>: Die Produktion in gro\u00dfen Mengen senkt die Kosten (z. B. der Chargenvorteil von \"10 Yuan\/100.000 St\u00fcck\" auf Seite 1), regul\u00e4re Bestellungen werden innerhalb von 7 Tagen geliefert, und dringende Auftr\u00e4ge k\u00f6nnen innerhalb von 5 Tagen bearbeitet werden.<\/li>\n<li><strong>Sicherung der Qualit\u00e4t<\/strong>: Die Abdeckung des gesamten Druck-, Kaschier- und Stanzprozesses (Beschreibung der Verarbeitungsger\u00e4te auf Seite 3) verspricht eine vollst\u00e4ndige Risikokontrolle des Prozesses, wie z.B. Entsch\u00e4digung f\u00fcr Druckfehler und Entsch\u00e4digung f\u00fcr Lieferverz\u00f6gerungen.<\/li>\n<\/ol>\n<h4 id=\"-v-application-scenarios-and-competitiveness-\"><strong>5. Anwendungsszenarien und Wettbewerbsf\u00e4higkeit<\/strong><\/h4>\n<ul>\n<li><strong>Anwendbare Objekte<\/strong>: grenz\u00fcberschreitende Marken (z. B. kompatibel mit Amazon, unabh\u00e4ngigen Websites und anderen Plattformen auf Seite 2), physischer Einzelhandel und hochwertige Geschenkartikelm\u00e4rkte.<\/li>\n<li><strong>Zentrale Wettbewerbsf\u00e4higkeit<\/strong>: Durch Materialverbesserungen, strukturelle Optimierungen und tiefgreifende Anpassungen sorgen wir f\u00fcr ein ausgewogenes Verh\u00e4ltnis zwischen Kostenkontrolle und Benutzerfreundlichkeit, um die Marke zu st\u00e4rken.<\/li>\n<\/ul>","protected":false},"excerpt":{"rendered":"<p>Magnetverschluss-Box kann gefaltet werden, um 68% Versandkosten zu sparen, FSC-zertifiziertes beschreibbares Innenfutter, individuelle Anpassung der Kleidung in voller Gr\u00f6\u00dfe, 15-Tage-Lieferung<\/p>","protected":false},"featured_media":8329,"template":"","meta":[],"product_brand":[],"product_cat":[30,414,424,31],"product_tag":[657,658,659],"class_list":{"0":"post-8328","1":"product","2":"type-product","3":"status-publish","4":"has-post-thumbnail","6":"product_cat-by-industry","7":"product_cat-custom-apparel-boxes","8":"product_cat-magnetic-closure-boxes","9":"product_cat-paper-box-style","10":"product_tag-custom-garment-box","11":"product_tag-swimwear-box-wholesale","12":"product_tag-underwear-box-wholesale","14":"first","15":"instock","16":"shipping-taxable","17":"product-type-simple"},"_links":{"self":[{"href":"https:\/\/zojopackaging.com\/de\/wp-json\/wp\/v2\/product\/8328","targetHints":{"allow":["GET"]}}],"collection":[{"href":"https:\/\/zojopackaging.com\/de\/wp-json\/wp\/v2\/product"}],"about":[{"href":"https:\/\/zojopackaging.com\/de\/wp-json\/wp\/v2\/types\/product"}],"version-history":[{"count":3,"href":"https:\/\/zojopackaging.com\/de\/wp-json\/wp\/v2\/product\/8328\/revisions"}],"predecessor-version":[{"id":8337,"href":"https:\/\/zojopackaging.com\/de\/wp-json\/wp\/v2\/product\/8328\/revisions\/8337"}],"wp:featuredmedia":[{"embeddable":true,"href":"https:\/\/zojopackaging.com\/de\/wp-json\/wp\/v2\/media\/8329"}],"wp:attachment":[{"href":"https:\/\/zojopackaging.com\/de\/wp-json\/wp\/v2\/media?parent=8328"}],"wp:term":[{"taxonomy":"product_brand","embeddable":true,"href":"https:\/\/zojopackaging.com\/de\/wp-json\/wp\/v2\/product_brand?post=8328"},{"taxonomy":"product_cat","embeddable":true,"href":"https:\/\/zojopackaging.com\/de\/wp-json\/wp\/v2\/product_cat?post=8328"},{"taxonomy":"product_tag","embeddable":true,"href":"https:\/\/zojopackaging.com\/de\/wp-json\/wp\/v2\/product_tag?post=8328"}],"curies":[{"name":"wp","href":"https:\/\/api.w.org\/{rel}","templated":true}]}}