{"id":8338,"date":"2025-03-27T10:44:33","date_gmt":"2025-03-27T02:44:33","guid":{"rendered":"https:\/\/zojopackaging.com\/?post_type=product&#038;p=8338"},"modified":"2025-03-27T11:06:25","modified_gmt":"2025-03-27T03:06:25","slug":"oem-luxury-hair-tie-accessories-scrunchies-packaging-box","status":"publish","type":"product","link":"https:\/\/zojopackaging.com\/de\/product\/oem-luxury-hair-tie-accessories-scrunchies-packaging-box\/","title":{"rendered":"OEM Luxus Haargummi Zubeh\u00f6r Scrunchies Verpackung Box"},"content":{"rendered":"<h3 id=\"oem-luxury-headband-accessories-packaging-box-product-description\">OEM-Luxus-Stirnband Zubeh\u00f6r Verpackung Box Produktbeschreibung<\/h3>\n<h4 id=\"-i-core-materials-and-process-guarantee-\"><strong>I. Kernmaterialien und Prozessgarantie<\/strong><\/h4>\n<ol>\n<li><strong>1200 GSM Graupappe + 157 GSM beschichtetes Kunstdruckpapier Verbundstruktur<\/strong><\/li>\n<li>Durch die Verwendung von 1200 GSM hochdichter Graupappe und 157 GSM beschichtetem Kunstdruckpapier im Verbundverfahren bietet die Graupappe eine ausgezeichnete Druck- und Verschlei\u00dffestigkeit und kann mehr als 5 kg tragen, was den Anforderungen des Ferntransports und der Lagerhaltung entspricht.<\/li>\n<li>Die Oberfl\u00e4che des beschichteten Papiers ist mit einer gl\u00e4nzenden Folie beschichtet, um einen hochpr\u00e4zisen schwarzen Druck mit einer Schwarzs\u00e4ttigung von mehr als 98% zu erzielen, der keine Flecken oder Farbunterschiede aufweist und das Markenlogo und die Designdetails perfekt darstellt.<\/li>\n<\/ol>\n<h4 id=\"-ii-luxury-design-and-functional-innovation-\"><strong>2. Luxuri\u00f6ses Design und funktionale Innovation<\/strong><\/h4>\n<ol>\n<li><strong>Vollschwarzer Druck, der die \u00c4sthetik des Luxus interpretiert<\/strong><\/li>\n<li>Das gesamte Geh\u00e4use ist in mattem oder gl\u00e4nzendem Schwarz gehalten, kombiniert mit Goldfolie, Pr\u00e4gungen und anderen Verzierungen (individuell anpassbar) und vermittelt einen dezenten, luxuri\u00f6sen Markenton, der zur Produktpositionierung von High-End-Stirnbandzubeh\u00f6r passt.<\/li>\n<li><strong>Box mit Magnetverschluss, sch\u00f6n und praktisch zugleich<\/strong><\/li>\n<li>Das Design der Magnetverschlussbox ist auf eine eingebettete Magnetschnalle abgestimmt, die sich reibungslos \u00f6ffnen und schlie\u00dfen l\u00e4sst, ohne zu klemmen. Die magnetische Position ist im Inneren der Box verborgen, um externe Abnutzung zu vermeiden und die visuelle Integrit\u00e4t zu verbessern.<\/li>\n<li>Die Dicke nach dem Falten betr\u00e4gt nur 1 cm, und die flache Verpackung reduziert das Transportvolumen und spart mehr als 40% an Logistikkosten.<\/li>\n<\/ol>\n<h4 id=\"-three-full-dimensional-customization-service-\"><strong>3. Volldimensionaler Anpassungsservice<\/strong><\/h4>\n<ol>\n<li><strong>Flexible Anpassung der Gr\u00f6\u00dfe und des Kastentyps<\/strong><\/li>\n<li>Unterst\u00fctzt rechteckige, quadratische und andere Boxen, mit einer Gr\u00f6\u00dfe von 5x5x3cm bis 50x30x15cm (erweiterbar), geeignet f\u00fcr verschiedene Accessoires wie Stirnb\u00e4nder, Haarschmuck, Stirnb\u00e4nder, etc.<\/li>\n<li><strong>Exklusives Futterschutzsystem<\/strong><\/li>\n<li>Futtermaterialien wie EVA-Schwamm, Flanell, Beflockungspapier usw., offene und individuell angepasste Rillen entsprechend der Form des Produkts, Befestigung von Zubeh\u00f6r, um Ersch\u00fctterungen zu verhindern, und eine Transportschadenquote von weniger als 0,5%.<\/li>\n<li>Unterst\u00fctzung des Aufdrucks von Markenslogans oder -mustern, um das Erlebnis des Auspackens zu verbessern.<\/li>\n<li><strong>Hochpr\u00e4ziser Druck und Aufwertung des Markenlogos<\/strong><\/li>\n<li>Mit CMYK+Pantone Schmuckfarbendrucktechnologie, Farbunterschiedskontrolle \u0394E\u22641,5, LOGO Kantensch\u00e4rfe bis zu 300dpi, um hohe Markenlogoerkennung zu gew\u00e4hrleisten.<\/li>\n<\/ol>\n<h4 id=\"-fourth-factory-advantages-and-service-commitments-\"><strong>4. Werksvorteile und Leistungsversprechen<\/strong><\/h4>\n<ol>\n<li><strong>Gro\u00dfserienproduktion und extrem schnelle Lieferung<\/strong><\/li>\n<li><strong>Vollautomatische Produktionslinie<\/strong>Das Unternehmen ist mit integrierten Anlagen zum Stanzen, Laminieren und Hei\u00dfpr\u00e4gen ausgestattet und verf\u00fcgt \u00fcber eine t\u00e4gliche Produktionskapazit\u00e4t von 1.000.000 St\u00fcck, so dass auch Gro\u00dfauftr\u00e4ge und dringende Bestellungen reibungslos abgewickelt werden k\u00f6nnen.<\/li>\n<li><strong>Kostenlose Muster und Tiefpreisgarantie<\/strong>: Der Korrekturabzug erfolgt innerhalb von 3 Arbeitstagen, regul\u00e4re Auftr\u00e4ge werden innerhalb von 7 Tagen nach Best\u00e4tigung geliefert, dringende Auftr\u00e4ge k\u00f6nnen auf 5 Tage verk\u00fcrzt werden.<\/li>\n<li><strong>Verpflichtung zur Kostenwirksamkeit<\/strong>: Der Bestellpreis f\u00fcr 10.000 St\u00fcck ist so niedrig wie US$0,5\/St\u00fcck und unterst\u00fctzt verschiedene Handelsbedingungen wie FOB und EXW.<\/li>\n<\/ol>\n<h4 id=\"-v-application-scenarios-and-competitiveness-\"><strong>5. Anwendungsszenarien und Wettbewerbsf\u00e4higkeit<\/strong><\/h4>\n<ul>\n<li><strong>Anwendbare Felder<\/strong>Grenz\u00fcberschreitender E-Commerce (z. B. Amazon, Shopify, unabh\u00e4ngiger Sender), Luxuseinzelhandel, Verpackung von Haarschmuck mit Markenzeichen von Prominenten.<\/li>\n<li><strong>Wesentliche Vorteile<\/strong>: Durch die Aufwertung von Materialien, das \u00e4sthetische Design in Schwarz und die flexible Anpassung an Kundenw\u00fcnsche hilft es Marken, sich von \u00e4hnlichen Produkten abzuheben und den Premium-Bereich um 20%-30% zu vergr\u00f6\u00dfern.<\/li>\n<\/ul>","protected":false},"excerpt":{"rendered":"<p>All-black Luxus Magnetverschluss Box, magnetische Absaugung zu verhindern Verschlei\u00df. Ma\u00dfgeschneiderte Gr\u00f6\u00dfe Futter Design, geeignet f\u00fcr Haarband Zubeh\u00f6r Transportschutz<\/p>","protected":false},"featured_media":8339,"template":"","meta":[],"product_brand":[],"product_cat":[30,414,424,31],"product_tag":[660,662,661],"class_list":{"0":"post-8338","1":"product","2":"type-product","3":"status-publish","4":"has-post-thumbnail","6":"product_cat-by-industry","7":"product_cat-custom-apparel-boxes","8":"product_cat-magnetic-closure-boxes","9":"product_cat-paper-box-style","10":"product_tag-hair-tie-packaging","11":"product_tag-oem-scrunchies-packaging","12":"product_tag-tie-accessories-packaging","14":"first","15":"instock","16":"shipping-taxable","17":"product-type-simple"},"_links":{"self":[{"href":"https:\/\/zojopackaging.com\/de\/wp-json\/wp\/v2\/product\/8338","targetHints":{"allow":["GET"]}}],"collection":[{"href":"https:\/\/zojopackaging.com\/de\/wp-json\/wp\/v2\/product"}],"about":[{"href":"https:\/\/zojopackaging.com\/de\/wp-json\/wp\/v2\/types\/product"}],"version-history":[{"count":1,"href":"https:\/\/zojopackaging.com\/de\/wp-json\/wp\/v2\/product\/8338\/revisions"}],"predecessor-version":[{"id":8345,"href":"https:\/\/zojopackaging.com\/de\/wp-json\/wp\/v2\/product\/8338\/revisions\/8345"}],"wp:featuredmedia":[{"embeddable":true,"href":"https:\/\/zojopackaging.com\/de\/wp-json\/wp\/v2\/media\/8339"}],"wp:attachment":[{"href":"https:\/\/zojopackaging.com\/de\/wp-json\/wp\/v2\/media?parent=8338"}],"wp:term":[{"taxonomy":"product_brand","embeddable":true,"href":"https:\/\/zojopackaging.com\/de\/wp-json\/wp\/v2\/product_brand?post=8338"},{"taxonomy":"product_cat","embeddable":true,"href":"https:\/\/zojopackaging.com\/de\/wp-json\/wp\/v2\/product_cat?post=8338"},{"taxonomy":"product_tag","embeddable":true,"href":"https:\/\/zojopackaging.com\/de\/wp-json\/wp\/v2\/product_tag?post=8338"}],"curies":[{"name":"wp","href":"https:\/\/api.w.org\/{rel}","templated":true}]}}