{"id":8346,"date":"2025-03-27T11:06:35","date_gmt":"2025-03-27T03:06:35","guid":{"rendered":"https:\/\/zojopackaging.com\/?post_type=product&#038;p=8346"},"modified":"2025-03-27T11:33:11","modified_gmt":"2025-03-27T03:33:11","slug":"custom-magnetic-closure-jewelry-gift-rigid-boxes-wholesale","status":"publish","type":"product","link":"https:\/\/zojopackaging.com\/de\/product\/custom-magnetic-closure-jewelry-gift-rigid-boxes-wholesale\/","title":{"rendered":"Benutzerdefinierte Magnetverschluss Schmuck Geschenk Starre Boxen Gro\u00dfhandel"},"content":{"rendered":"<h3 id=\"customized-magnetic-closure-jewelry-gift-hard-box-wholesale-product-instructions\">Customized Magnetverschluss Schmuck Geschenk Rigid Box Gro\u00dfhandel<\/h3>\n<h4 id=\"-i-core-materials-and-environmental-certification-\"><strong>I. Kernmaterialien und Umweltzertifizierung<\/strong><\/h4>\n<ol>\n<li>1200 GSM Graukarton + 157 GSM gestrichenes Kunstdruckpapier Composite-Verfahren<\/li>\n<li>Durch die Verwendung von 1200 GSM Graukarton mit hoher Dichte als Hauptrahmen und die Laminierung mit 157 GSM beschichtetem Kunstdruckpapier erreicht der Kartonk\u00f6rper eine H\u00e4rte von Shaw D80 oder h\u00f6her, die Tragf\u00e4higkeit \u00fcbersteigt 8 kg und kann in 5 Schichten ohne Verformung gestapelt werden.<\/li>\n<li>Das Material hat die FSC-Forstzertifizierung und die RoHS-Umweltschutzstandards bestanden. Die Oberfl\u00e4che des beschichteten Papiers ist mit Tinte auf Wasserbasis bedruckt, und es gibt keine R\u00fcckst\u00e4nde von Benzol-L\u00f6sungsmitteln, was den Umweltschutzanforderungen der REACH-Verordnung der EU f\u00fcr Schmuckverpackungen entspricht.<\/li>\n<\/ol>\n<h4 id=\"-ii-double-sided-visual-system-design-\"><strong>2. Beidseitiges visuelles Systemdesign<\/strong><\/h4>\n<ol>\n<li>Umweltfreundliche, gr\u00fcne, doppelseitige Druckl\u00f6sung<\/li>\n<li>Die Hauptfarbe ist eine Farbverlaufskombination aus Morandi-Gr\u00fcn und hellem Grasgr\u00fcn mit einem Farbunterschied von \u0394E\u22641,2 (Pantone-Farbkartenkalibrierung), und der beidseitige Ganzseitendruck verringert den visuellen Kontrast. Nach Tests der Human Factors Engineering kann es den Blickerm\u00fcdungsindex des Verbrauchers um 37% reduzieren.<\/li>\n<li>Das Druckverfahren verwendet einen lokalen UV-Lack und eine matte Folie, die nicht nur den dreidimensionalen Glanz des Markenlogos hervorhebt, sondern durch die matte Textur auch das Konzept des Umweltschutzes vermittelt.<\/li>\n<\/ol>\n<h4 id=\"-three-branded-package-system-construction-\"><strong>3. Konstruktion eines Markenverpackungssystems<\/strong><\/h4>\n<ol>\n<li>Kombination aus Geschenkkarton und Geschenkt\u00fcte<\/li>\n<li>Entwickeln Sie ein abgestuftes Schachtelsystem (z. B. 1 St\u00fcck\/3 St\u00fcck\/5 St\u00fcck), das auf die gleiche Serie von Geschenkbeuteln aus Vliesstoff abgestimmt ist, und drucken Sie zus\u00e4tzliche Markengrafiken und Umweltschutzerkl\u00e4rungen auf den Beutelk\u00f6rper, um eine durchg\u00e4ngige Markendarstellung vom Auspacken bis zum Tragen zu gew\u00e4hrleisten.<\/li>\n<li>Unterst\u00fctzt die gleichzeitige Anpassung von Schachtel- und Beuteltypen, z. B. eine magnetische Flip-Top-Schachtel mit einer kuvertartigen Handtasche oder eine buchf\u00f6rmige Schachtel mit einer Kordeltasche, die sich f\u00fcr verschiedene Szenarien wie Hochzeiten und Gesch\u00e4fte eignet.<\/li>\n<\/ol>\n<h4 id=\"-four-high-recognition-detail-upgrade-\"><strong>4. Upgrade f\u00fcr hohe Erkennungsgenauigkeit<\/strong><\/h4>\n<ol>\n<li>Anpassbares Farbbandsystem<\/li>\n<li>Bietet 6 Arten von Bandmaterialien wie Satin, Schneegarn und recycelte Fasern, unterst\u00fctzt die freie Anpassung von Breiten von 3 mm bis 50 mm und kann Markennamen lasergravieren oder dunkle Muster pr\u00e4gen, was die Wiedererkennung durch 200% erh\u00f6ht.<\/li>\n<li>Das originelle Design der \"Bandpositionierungsschnalle\" sorgt daf\u00fcr, dass das Band nach dem Falten gerade bleibt, und l\u00f6st das Problem, dass sich das herk\u00f6mmliche Verpackungsband leicht l\u00f6sen kann.<\/li>\n<\/ol>\n<h4 id=\"-v-all-dimensional-protection-system-\"><strong>5. Alldimensionales Schutzsystem<\/strong><\/h4>\n<ol>\n<li>Antiseismisches Schwammauskleidungssystem<\/li>\n<li>Das Futter aus geteiltem EVA-Schwamm hat eine Dichte von 45D\u00b12, und die Rillen werden entsprechend der Kontur des Schmucks angepasst. Der Vibrationstest zeigt, dass es den Aufprall von G-Wert 0,5 widerstehen kann, und die Transportschadenrate ist weniger als 0,3%.<\/li>\n<li>Die Auskleidung ist doppellagig: Die obere Lage aus beflocktem Stoff ist kratzfest, die untere Lage aus Wabenkarton ist sto\u00dfd\u00e4mpfend und eignet sich f\u00fcr zerbrechlichen Schmuck und Edelmetallprodukte.<\/li>\n<\/ol>\n<h4 id=\"-sixth-factory-direct-supply-advantages-\"><strong>6. Fabrik direkt liefern Vorteile<\/strong><\/h4>\n<ol>\n<li><strong>St\u00e4rkung des Industrieclusters im Perlflussdelta<\/strong><\/li>\n<li>Indem wir uns auf industrielle Verpackungsg\u00fcrtel wie Dongguan und Yiwu st\u00fctzen (z. B. Dongguan Zhongkai Packaging auf Seite 3 und Yiwu Rongshan Packaging auf Seite 6), kann der gesamte Prozess von der Entwurfspr\u00fcfung bis zur Massenproduktion innerhalb von 72 Stunden abgewickelt werden, was 5 Arbeitstage k\u00fcrzer ist als der traditionelle Modus.<\/li>\n<li>Der Mindestbestellpreis f\u00fcr 10.000 St\u00fcck liegt bei nur 1,2 Yuan\/Set (einschlie\u00dflich Schachtelk\u00f6rper + Innenfutter + Band), was die grenz\u00fcberschreitenden Logistikdienste von DDP unterst\u00fctzt, und der Transportzyklus von T\u00fcr zu T\u00fcr in Nordamerika verk\u00fcrzt sich auf 12 Tage.<\/li>\n<\/ol>\n<h4 id=\"-vii-customized-service-process-\"><strong>7. Ma\u00dfgeschneiderter Serviceprozess<\/strong><\/h4>\n<ul>\n<li><strong>Zusammenarbeit bei der Gestaltung<\/strong>: Die Marke liefert Inspirationsbilder oder Schl\u00fcsselw\u00f6rter, und das Designteam erstellt innerhalb von 48 Stunden drei L\u00f6sungsvorschl\u00e4ge (einschlie\u00dflich 3D-Renderings).<\/li>\n<li><strong>Flexible Produktion<\/strong>: Vollautomatische Stanzmaschine + Magnetsaug-Montagelinie, mit einer t\u00e4glichen Produktionskapazit\u00e4t von 50.000 S\u00e4tzen, f\u00fcr flexible Auftr\u00e4ge von 500-100.000 St\u00fcck.<\/li>\n<li><strong>Normen f\u00fcr die Qualit\u00e4tskontrolle<\/strong>: ISO9001-Qualit\u00e4tszertifizierung, ausgestattet mit Spektralphotometer und Tropfenz\u00e4hler zur Gew\u00e4hrleistung der Chargenkonsistenz.<\/li>\n<\/ul>","protected":false},"excerpt":{"rendered":"<p>Das umweltfreundliche, beidseitig bedruckte, FSC-zertifizierte Recyclingpapier enth\u00e4lt ein LOGO-Band im Siebdruckverfahren, um die visuelle Erm\u00fcdung zu verringern, und unterst\u00fctzt die individuelle Gestaltung in voller Gr\u00f6\u00dfe.<\/p>","protected":false},"featured_media":8350,"template":"","meta":[],"product_brand":[],"product_cat":[30,415,424,31],"product_tag":[575,663,664],"class_list":{"0":"post-8346","1":"product","2":"type-product","3":"status-publish","4":"has-post-thumbnail","6":"product_cat-by-industry","7":"product_cat-custom-jewelry-boxes-by-industry","8":"product_cat-magnetic-closure-boxes","9":"product_cat-paper-box-style","10":"product_tag-jewelry-boxes-wholesale","11":"product_tag-jewelry-gift-boxes","12":"product_tag-jewelry-rigid-boxes","14":"first","15":"instock","16":"shipping-taxable","17":"product-type-simple"},"_links":{"self":[{"href":"https:\/\/zojopackaging.com\/de\/wp-json\/wp\/v2\/product\/8346","targetHints":{"allow":["GET"]}}],"collection":[{"href":"https:\/\/zojopackaging.com\/de\/wp-json\/wp\/v2\/product"}],"about":[{"href":"https:\/\/zojopackaging.com\/de\/wp-json\/wp\/v2\/types\/product"}],"version-history":[{"count":1,"href":"https:\/\/zojopackaging.com\/de\/wp-json\/wp\/v2\/product\/8346\/revisions"}],"predecessor-version":[{"id":8353,"href":"https:\/\/zojopackaging.com\/de\/wp-json\/wp\/v2\/product\/8346\/revisions\/8353"}],"wp:featuredmedia":[{"embeddable":true,"href":"https:\/\/zojopackaging.com\/de\/wp-json\/wp\/v2\/media\/8350"}],"wp:attachment":[{"href":"https:\/\/zojopackaging.com\/de\/wp-json\/wp\/v2\/media?parent=8346"}],"wp:term":[{"taxonomy":"product_brand","embeddable":true,"href":"https:\/\/zojopackaging.com\/de\/wp-json\/wp\/v2\/product_brand?post=8346"},{"taxonomy":"product_cat","embeddable":true,"href":"https:\/\/zojopackaging.com\/de\/wp-json\/wp\/v2\/product_cat?post=8346"},{"taxonomy":"product_tag","embeddable":true,"href":"https:\/\/zojopackaging.com\/de\/wp-json\/wp\/v2\/product_tag?post=8346"}],"curies":[{"name":"wp","href":"https:\/\/api.w.org\/{rel}","templated":true}]}}