{"id":8354,"date":"2025-03-27T11:34:12","date_gmt":"2025-03-27T03:34:12","guid":{"rendered":"https:\/\/zojopackaging.com\/?post_type=product&#038;p=8354"},"modified":"2025-03-27T12:08:41","modified_gmt":"2025-03-27T04:08:41","slug":"custom-lotion-foundation-cosmetic-makeup-set-box-wholesale","status":"publish","type":"product","link":"https:\/\/zojopackaging.com\/de\/product\/custom-lotion-foundation-cosmetic-makeup-set-box-wholesale\/","title":{"rendered":"Benutzerdefinierte Lotion Stiftung Kosmetik Makeup Set Box Gro\u00dfhandel"},"content":{"rendered":"<h3 id=\"customized-lotion-foundation-makeup-set-box-wholesale-product-instructions\">Ma\u00dfgeschneiderte Lotion Stiftung Make-up Set Box Gro\u00dfhandel<\/h3>\n<h4 id=\"-i-innovative-structural-design-and-functional-optimization-\"><strong>I. Innovative Strukturgestaltung und Funktionsoptimierung<\/strong><\/h4>\n<ol>\n<li><strong>Schubladen-Papierbox-System<\/strong><\/li>\n<li>Die Schublade hat eine geschichtete Struktur mit einem Gleitwiderstandskoeffizienten von \u22640,15N, und die Leichtg\u00e4ngigkeit beim \u00d6ffnen und Schlie\u00dfen ist um 60% erh\u00f6ht. Die Entnahme von Gegenst\u00e4nden kann mit einer Hand erfolgen, was sich perfekt f\u00fcr zylindrische Produkte wie Lotionflaschen und Foundation-Tiegel eignet.<\/li>\n<li>Im Inneren des Kastenk\u00f6rpers befindet sich eine rutschfeste Schnalle, die sich auch nach 5000 Schubladenpapiertests nicht verformt, eine Tragf\u00e4higkeit von 3 kg hat und zur Aufbewahrung mehrerer Schminkutensilien gestapelt werden kann.<\/li>\n<li><strong>Schutzsystem f\u00fcr matte Beschichtungen<\/strong><\/li>\n<li>Die Oberfl\u00e4che wird mit einem Mattfilmverfahren auf Wasserbasis beschichtet, um eine hydrophobe Schicht im Nanobereich zu bilden. Es wurde getestet, dass es dem Eindringen von Fl\u00fcssigkeiten wie Speise\u00f6l und Schwei\u00df widersteht und nach 12 Monaten Lagerung in einer Umgebung mit einer Luftfeuchtigkeit von 40\u2103\/75% nicht verblasst oder sich verzieht.<\/li>\n<li>In Kombination mit umweltfreundlicher Sojatinte hat es die von der SGS zertifizierten Sicherheitsstandards f\u00fcr Lebensmittel erf\u00fcllt und kann direkt mit der Au\u00dfenverpackung von Kosmetika in Kontakt kommen.<\/li>\n<\/ol>\n<h4 id=\"-second-brand-visual-system-construction-\"><strong>2. Konstruktion des Drand-Sichtsystems<\/strong><\/h4>\n<ol>\n<li><strong>Hochpr\u00e4ziser Druck zur Visualisierung von Inhaltsstoffen<\/strong><\/li>\n<li>Durch den Einsatz der Sechsfarben-Offsetdrucktechnik (CMYK+ Sonderfarben) wird der Farbunterschied auf \u0394E\u22641,0 kontrolliert, und das Molekularstrukturdiagramm und die Beschreibung der Wirksamkeit der Wirkstoffe (wie Hyalurons\u00e4ure und Niacinamid) werden direkt auf die Oberfl\u00e4che der Verpackung gedruckt, was das Vertrauen der Verbraucher um 45% erh\u00f6ht.<\/li>\n<li>Das originelle \"Transparent Window Ingredient Label\"-Design \u00f6ffnet ein transparentes Fenster an der Seite des Kartons, um gleichzeitig die tats\u00e4chlichen Produkt- und Inhaltsstoffdaten im Inneren anzuzeigen.<\/li>\n<li><strong>Kundenspezifisches Farbband-Kennzeichnungssystem<\/strong><\/li>\n<li>Wir bieten 8 verschiedene Bandmaterialien an, wie z. B. Satin, Schneegarn und Laserfolie, unterst\u00fctzen die Anpassung der Breite von 3 mm bis 30 mm und k\u00f6nnen Markenslogans lasergravieren oder f\u00e4lschungssichere dunkle Muster pr\u00e4gen.<\/li>\n<li>Innovative \"Farbband-Positionierungskartenschlitz\"-Struktur, um sicherzustellen, dass die Farbbandsteifigkeit nach dem Falten \u226590% ist, wodurch das Problem der leichten Faltenbildung bei herk\u00f6mmlichen Verpackungsb\u00e4ndern gel\u00f6st wird.<\/li>\n<\/ol>\n<h4 id=\"-three-full-dimensional-protection-and-customization-services-\"><strong>3. Volldimensionaler Schutz und Anpassungsdienste<\/strong><\/h4>\n<ol>\n<li><strong>EVA-Anti-Erdbeben-Auskleidungssystem<\/strong><\/li>\n<li>Verwenden Sie eine geteilte EVA-Auskleidung (Dichte 35D\u00b12) und passen Sie die Wabenpufferschicht an die Produktform an. Der Vibrationstest zeigt, dass es den Aufprall von G-Wert 0,7 widerstehen kann, und die Transportschadenrate ist weniger als 0,2%.<\/li>\n<li>Die Auskleidung besteht aus einer zweischichtigen Verbundstruktur: Die obere Schicht aus Flockstoff ist kratzfest (Reibungskoeffizient \u2264 0,3), die untere Schicht aus Silikon ist rutschfest und eignet sich f\u00fcr zerbrechliche Produkte wie z. B. Glasflaschen.<\/li>\n<li><strong>Flexible intelligente Fertigungsl\u00f6sung<\/strong><\/li>\n<li><strong>Flexible Gr\u00f6\u00dfenanpassung<\/strong>: Unterst\u00fctzt die Gr\u00f6\u00dfenanpassung von 5x5x3cm bis 30x20x15cm und deckt damit den Bedarf von einzelnen Lippenstiftsets bis hin zu zehnteiligen Make-up-Geschenkboxen.<\/li>\n<\/ol>\n<h4 id=\"-fourth-factory-direct-supply-service-guarantee-\"><strong>4. Fabrik direkt liefern Service-Garantie<\/strong><\/h4>\n<ol>\n<li><strong>Integrierte Bef\u00e4higung der Lieferkette<\/strong><\/li>\n<li><strong>Schnelle Antwort<\/strong>: Das Designteam erstellt innerhalb von 24 Stunden 3D-Renderings, schlie\u00dft den Korrekturabzug innerhalb von 72 Stunden ab, und der Zyklus der Massenproduktion verk\u00fcrzt sich auf 7 Arbeitstage.<\/li>\n<li><strong>System der Qualit\u00e4tskontrolle<\/strong>: ISO9001-Qualit\u00e4tszertifizierung bestanden.<\/li>\n<\/ol>","protected":false},"excerpt":{"rendered":"<p>1. Die Schublade Papier Box Design und Schiebe\u00f6ffnung machen es einfach f\u00fcr die Benutzer zu \u00f6ffnen und zu schlie\u00dfen, die der Benutzer die Betriebszeit reduzieren kann und verbessern die unboxing Erfahrung<br \/>\n2. Die Oberfl\u00e4che ist mit einer matten Folie \u00fcberzogen, die wasser- und \u00f6lfest ist, so dass Ihr Produkt auch nach l\u00e4ngerer Lagerung intakt bleibt.<br \/>\n3. Farbband-Accessoires verbessern die Sch\u00f6nheit und den Wiedererkennungswert der Marke und st\u00e4rken den Eindruck der Verbraucher von Ihrer Marke<br \/>\n4. EVA-Futter kann Puffer und widerstehen Schock w\u00e4hrend des Transports, zum Schutz Ihrer Produkte, so dass sie sicher in Ihre H\u00e4nde geliefert werden k\u00f6nnen.<\/p>","protected":false},"featured_media":8357,"template":"","meta":[],"product_brand":[],"product_cat":[30,390,31,426],"product_tag":[667,665,666],"class_list":{"0":"post-8354","1":"product","2":"type-product","3":"status-publish","4":"has-post-thumbnail","6":"product_cat-by-industry","7":"product_cat-custom-cosmetics-boxes","8":"product_cat-paper-box-style","9":"product_cat-paper-drawer-boxes","10":"product_tag-cosmetic-makeup-set-box","11":"product_tag-custom-lotion-box","12":"product_tag-foundation-box-wholesale","14":"first","15":"instock","16":"shipping-taxable","17":"product-type-simple"},"_links":{"self":[{"href":"https:\/\/zojopackaging.com\/de\/wp-json\/wp\/v2\/product\/8354","targetHints":{"allow":["GET"]}}],"collection":[{"href":"https:\/\/zojopackaging.com\/de\/wp-json\/wp\/v2\/product"}],"about":[{"href":"https:\/\/zojopackaging.com\/de\/wp-json\/wp\/v2\/types\/product"}],"version-history":[{"count":1,"href":"https:\/\/zojopackaging.com\/de\/wp-json\/wp\/v2\/product\/8354\/revisions"}],"predecessor-version":[{"id":8361,"href":"https:\/\/zojopackaging.com\/de\/wp-json\/wp\/v2\/product\/8354\/revisions\/8361"}],"wp:featuredmedia":[{"embeddable":true,"href":"https:\/\/zojopackaging.com\/de\/wp-json\/wp\/v2\/media\/8357"}],"wp:attachment":[{"href":"https:\/\/zojopackaging.com\/de\/wp-json\/wp\/v2\/media?parent=8354"}],"wp:term":[{"taxonomy":"product_brand","embeddable":true,"href":"https:\/\/zojopackaging.com\/de\/wp-json\/wp\/v2\/product_brand?post=8354"},{"taxonomy":"product_cat","embeddable":true,"href":"https:\/\/zojopackaging.com\/de\/wp-json\/wp\/v2\/product_cat?post=8354"},{"taxonomy":"product_tag","embeddable":true,"href":"https:\/\/zojopackaging.com\/de\/wp-json\/wp\/v2\/product_tag?post=8354"}],"curies":[{"name":"wp","href":"https:\/\/api.w.org\/{rel}","templated":true}]}}