{"id":8362,"date":"2025-03-27T12:10:51","date_gmt":"2025-03-27T04:10:51","guid":{"rendered":"https:\/\/zojopackaging.com\/?post_type=product&#038;p=8362"},"modified":"2025-03-27T13:49:20","modified_gmt":"2025-03-27T05:49:20","slug":"high-quality-custom-drawer-paper-jewellery-boxes-wholesale","status":"publish","type":"product","link":"https:\/\/zojopackaging.com\/de\/product\/high-quality-custom-drawer-paper-jewellery-boxes-wholesale\/","title":{"rendered":"Hohe Qualit\u00e4t benutzerdefinierte Schublade Papier Schmuckk\u00e4stchen Gro\u00dfhandel"},"content":{"rendered":"<h3 id=\"high-end-custom-drawer-type-jewelry-box-wholesale-product-instructions\">Hohe Qualit\u00e4t benutzerdefinierte Schublade Papier Schmuckk\u00e4stchen Gro\u00dfhandel<\/h3>\n<h4 id=\"-i-innovative-structure-and-material-technology-\"><strong>I. Innovative Struktur und Materialtechnologie<\/strong><\/h4>\n<ol>\n<li><strong>Schubladen-Papierschieber-Box-System<\/strong>\u00a0Er verf\u00fcgt \u00fcber eine geschichtete Auszugsstruktur mit einem Gleitwiderstandskoeffizienten von \u22640,15N und l\u00e4sst sich mit einer Hand problemlos \u00f6ffnen und schlie\u00dfen. Der Kastenk\u00f6rper ist mit einem Anti-Drop-Buckle-Design ausgestattet. Nach 5000 Auszugstests hat er sich nicht verformt, und die Tragf\u00e4higkeit erreicht 3 kg. Es ist geeignet f\u00fcr Ringe, Halsketten, Armb\u00e4nder und andere Schmuckst\u00fccke.<\/li>\n<li><strong>Verst\u00e4rkung des Materials<\/strong>: 1200 GSM Graukarton mit hoher Dichte und 157 GSM beschichtetes Kunstdruckpapier im Verbundverfahren, der Kartonk\u00f6rper erreicht die H\u00e4rte Shaw D85, hat die FSC-Forstzertifizierung und die RoHS-Umweltschutznormen bestanden und unterst\u00fctzt die Stapellagerung in 5 Schichten.<\/li>\n<li><strong>Hocheffiziente Spot-UV-H\u00e4rtungstechnologie<\/strong>\u00a0Der lokale UV-Lackprozess kann eine schnelle Aush\u00e4rtung von 3 Sekunden erreichen. In Kombination mit der vollautomatischen Laminieranlage wird die Trocknungseffizienz durch 70% erh\u00f6ht, und es unterst\u00fctzt kontinuierlichen Druck und Hei\u00dfpr\u00e4gung. Die Post-Prozess-Synchronisation Betrieb, die t\u00e4gliche Produktionskapazit\u00e4t \u00fcbersteigt 50.000 St\u00fcck.<\/li>\n<\/ol>\n<h4 id=\"-2-brand-identification-and-protection-system-\"><strong>2. System zur Identifizierung und zum Schutz der Marke<\/strong><\/h4>\n<ol>\n<li><strong>Kundenspezifisches visuelles System f\u00fcr B\u00e4nder<\/strong>\u00a0Bietet 8 Arten von Bandmaterialien wie Satin, Schneegarn, Laserfolie usw., unterst\u00fctzt die freie Anpassung von 3mm-50mm Breite, kann Markenlogo lasergravieren oder f\u00e4lschungssichere dunkle Muster pr\u00e4gen, originelles \"Bandpositionierungskartenschlitz\"-Design, und die Steifigkeitserhaltungsrate nach dem Falten ist \u226590%.<\/li>\n<li><strong>Anti-Erdbeben-Futter aus EVA-Beflockung<\/strong>\u00a0Split EVA Beflockung Futter (Dichte 45D\u00b12), ma\u00dfgeschneiderte Rillen nach dem Schmuck Kontur Form, kann die Schlagkraft von G-Wert 0,7 zu widerstehen, und der Transport Schadensquote ist weniger als 0,3%. Der Reibungskoeffizient der Oberfl\u00e4chenbeflockungsschicht ist \u22640,3, um Kratzer auf Edelmetallen und Edelsteinen zu vermeiden.<\/li>\n<\/ol>\n<h4 id=\"-iii-printing-technology-and-environmental-protection-adaptation-\"><strong>3. Anpassung der Drucktechnik und des Umweltschutzes<\/strong><\/h4>\n<ol>\n<li><strong>CMYK-Hochpr\u00e4zisionsdruck<\/strong>\u00a0Es wird eine Sechs-Farben-Offsetdrucktechnik (CMYK+Spot-Farbe) verwendet, und die Farbdifferenzkontrolle \u0394E\u22641.0 unterst\u00fctzt den Druck von Wirkstoff-Molekularstrukturdiagrammen und Gradienten-Design und ist mit umweltfreundlicher Sojatinte abgestimmt. Es hat die SGS-Sicherheitszertifizierung f\u00fcr Lebensmittel bestanden und kann direkt mit Schmuck in Ber\u00fchrung kommen.<\/li>\n<li><strong>Umweltfreundliche Tinte und abbaubarer Prozess<\/strong>\u00a0Der Anteil der Tinte auf Wasserbasis betr\u00e4gt mehr als 80%, die VOC-Emissionen liegen unter 50g\/L, was den REACH-Vorschriften der EU entspricht, und das Auskleidungsmaterial unterst\u00fctzt die biologische Abbaubarkeit, was dem Konzept der gr\u00fcnen Verpackung entspricht.<\/li>\n<\/ol>\n<h4 id=\"-iv-flexible-customization-and-production-guarantee-\"><strong>4. Flexible Anpassung und Produktionsgarantie<\/strong><\/h4>\n<ol>\n<li><strong>Unbegrenzter Anpassungsservice f\u00fcr Dimensionen<\/strong><\/li>\n<li><strong>Anpassung der Gr\u00f6\u00dfe<\/strong>: Es deckt alle Spezifikationen von 5x5x3cm bis 30x20x15cm ab und unterst\u00fctzt die gleichzeitige Entwicklung mehrerer Schachtelarten, wie z.B. Buchform, Flip-Cover, obere und untere Abdeckung;<\/li>\n<li><strong>Zusammenarbeit bei der Gestaltung<\/strong>: Die Marke stellt Inspirationsbilder oder Schl\u00fcsselw\u00f6rter zur Verf\u00fcgung, und das Designteam erstellt rund um die Uhr 3D-Renderings und unterst\u00fctzt die vollst\u00e4ndige Anpassung von LOGO, Mustern und Text.<\/li>\n<li><strong>\u00c4u\u00dferst schnelle Lieferung und Kostenvorteil<\/strong><\/li>\n<li><strong>Direkte Lieferung von der Ursprungsfabrik<\/strong>: Dank des industriellen Clusters im Perlflussdelta liegt der St\u00fcckpreis f\u00fcr 10.000 Bestellungen bei nur 1,2 Yuan\/Set, was eine Kostenersparnis von 30% im Vergleich zum traditionellen Modell bedeutet;<\/li>\n<li><strong>System zur \u00dcberpr\u00fcfung von Proben<\/strong>: Prototyping und Qualit\u00e4tskontrolle sind innerhalb von 3 Arbeitstagen abgeschlossen, und die Massenproduktion wird innerhalb von 5-7 Arbeitstagen nach der Best\u00e4tigung geliefert, und Eilauftr\u00e4ge k\u00f6nnen auf 72 Stunden verk\u00fcrzt werden.<\/li>\n<\/ol>\n<h4 id=\"-v-application-scenarios-and-competitiveness-\"><strong>5. Anwendungsszenarien und Wettbewerbsf\u00e4higkeit<\/strong><\/h4>\n<ul>\n<li><strong>Grundwert<\/strong>: Durch Schubladenbox-Innovation, Markenband-System und Anti-Erdbeben-Futter, helfen Schmuck Marken erh\u00f6hen ihre Pr\u00e4mie von 20%-30%;<\/li>\n<li><strong>Anwendbare Felder<\/strong>: grenz\u00fcberschreitender elektronischer Handel, Luxusschalter, individuelle Gestaltung von Hochzeitsschmuck.<\/li>\n<\/ul>","protected":false},"excerpt":{"rendered":"<p>1. Schublade Papier Box Design, Schiebe zu \u00f6ffnen macht es einfach f\u00fcr Benutzer zu \u00f6ffnen und zu schlie\u00dfen, die Verbesserung der Benutzer unboxing Erfahrung<br \/>\n2. Farbband-Accessoires Farbb\u00e4nder verbessern die Sch\u00f6nheit und den Wiedererkennungswert der Marke und st\u00e4rken den Eindruck der Verbraucher von Ihrer Marke<br \/>\n3. Spot-UV, vollst\u00e4ndig geh\u00e4rtet in wenigen Sekunden, stark verk\u00fcrzt die Trocknungszeit, unterst\u00fctzt kontinuierlichen Druck und Nachbearbeitung, erheblich verbessern die Produktionseffizienz<\/p>","protected":false},"featured_media":8365,"template":"","meta":[],"product_brand":[],"product_cat":[30,415,31,426],"product_tag":[669,668,670],"class_list":{"0":"post-8362","1":"product","2":"type-product","3":"status-publish","4":"has-post-thumbnail","6":"product_cat-by-industry","7":"product_cat-custom-jewelry-boxes-by-industry","8":"product_cat-paper-box-style","9":"product_cat-paper-drawer-boxes","10":"product_tag-custom-jewellery-boxes","11":"product_tag-jewellery-boxes-wholesale","12":"product_tag-jewellery-drawer-paper-boxes","14":"first","15":"instock","16":"shipping-taxable","17":"product-type-simple"},"_links":{"self":[{"href":"https:\/\/zojopackaging.com\/de\/wp-json\/wp\/v2\/product\/8362","targetHints":{"allow":["GET"]}}],"collection":[{"href":"https:\/\/zojopackaging.com\/de\/wp-json\/wp\/v2\/product"}],"about":[{"href":"https:\/\/zojopackaging.com\/de\/wp-json\/wp\/v2\/types\/product"}],"version-history":[{"count":1,"href":"https:\/\/zojopackaging.com\/de\/wp-json\/wp\/v2\/product\/8362\/revisions"}],"predecessor-version":[{"id":8369,"href":"https:\/\/zojopackaging.com\/de\/wp-json\/wp\/v2\/product\/8362\/revisions\/8369"}],"wp:featuredmedia":[{"embeddable":true,"href":"https:\/\/zojopackaging.com\/de\/wp-json\/wp\/v2\/media\/8365"}],"wp:attachment":[{"href":"https:\/\/zojopackaging.com\/de\/wp-json\/wp\/v2\/media?parent=8362"}],"wp:term":[{"taxonomy":"product_brand","embeddable":true,"href":"https:\/\/zojopackaging.com\/de\/wp-json\/wp\/v2\/product_brand?post=8362"},{"taxonomy":"product_cat","embeddable":true,"href":"https:\/\/zojopackaging.com\/de\/wp-json\/wp\/v2\/product_cat?post=8362"},{"taxonomy":"product_tag","embeddable":true,"href":"https:\/\/zojopackaging.com\/de\/wp-json\/wp\/v2\/product_tag?post=8362"}],"curies":[{"name":"wp","href":"https:\/\/api.w.org\/{rel}","templated":true}]}}