{"id":8370,"date":"2025-03-27T13:49:35","date_gmt":"2025-03-27T05:49:35","guid":{"rendered":"https:\/\/zojopackaging.com\/?post_type=product&#038;p=8370"},"modified":"2025-03-27T14:26:28","modified_gmt":"2025-03-27T06:26:28","slug":"custom-face-cleanser-skin-care-packaging-boxes-wholesale","status":"publish","type":"product","link":"https:\/\/zojopackaging.com\/de\/product\/custom-face-cleanser-skin-care-packaging-boxes-wholesale\/","title":{"rendered":"Custom Face Cleanser Hautpflege Verpackung Boxen Gro\u00dfhandel"},"content":{"rendered":"<h3 id=\"high-end-customized-cleanser-skin-care-product-box-with-lid-and-top-cover-wholesale-product-manual\">High-End kundenspezifische Reinigungsmittel Hautpflege Produkt-Box mit Deckel und Boden Gro\u00dfhandel<\/h3>\n<h4 id=\"-i-innovative-box-type-and-protection-system-\"><strong>1. Innovativer Kastentyp und Schutzsystem<\/strong><\/h4>\n<ol>\n<li><strong>Deckel und Bodenkasten <\/strong>\u00a0Pr\u00e4zise verschachtelte obere und untere Abdeckung mit einer Toleranz von \u00b10,3 mm, einem Widerstandskoeffizienten von \u22640,2 N beim \u00d6ffnen und Schlie\u00dfen und keiner Verformung nach 5000 \u00d6ffnungs- und Schlie\u00dftests. Anti-Kollisions-Kartenschlitze sind in der Box gesetzt, um die Kollisionsrate von Produkten w\u00e4hrend des Transports von 90% zu reduzieren.<\/li>\n<li><strong>Materialverst\u00e4rkung<\/strong>: 1200 GSM steifer Karton und 157 GSM beschichtetes Kunstdruckpapier im Verbundverfahren, die Kartonh\u00e4rte erreicht Shaw D85, die Oberfl\u00e4chengl\u00e4tte \u2265300 Sekunden (Bekk-Methode), und unterst\u00fctzt den pr\u00e4zisen Druck von Pantone-Sonderfarben und Farbverl\u00e4ufen.<\/li>\n<li><strong>Umweltfreundliches inneres Tr\u00e4gersystem aus Karton<\/strong>\u00a0FSC-zertifizierter 450-GSM-Recyclingkarton mit gestanztem Futter, das an die Form der Reinigungsmittelflasche angepasst ist, und abgeschr\u00e4gten Kanten zur Vermeidung von Kratzern. In Kombination mit der EVA-Beflockungsschicht (Reibungskoeffizient \u2264 0,3) wird ein doppelter D\u00e4mpfungsschutz erreicht, und der Vibrationstest zeigt, dass er dem Aufprall mit einem G-Wert von 0,6 standhalten kann.<\/li>\n<\/ol>\n<h4 id=\"-ii-visual-technology-and-brand-recognition-\"><strong>2. Visuelle Technologie und Markenerkennung<\/strong><\/h4>\n<ol>\n<li><strong>Modernisierung der Hei\u00dfpr\u00e4getechnik<\/strong>\u00a0Mit der Thermotransfer-Hei\u00dfpr\u00e4getechnik betr\u00e4gt die Dicke der Goldfolie 0,15 mm, die minimale Textaufl\u00f6sung 0,2 mm, kombiniert mit der Mattfolienabdeckungstechnologie betr\u00e4gt die Verschlei\u00dffestigkeit mehr als 500 Mal. Unterst\u00fctzung 3D gepr\u00e4gte Hei\u00dfpr\u00e4gung, die dreidimensionale Tiefe ist 0,5 mm, und die Marke LOGO taktile Erinnerung wird verbessert.<\/li>\n<li><strong>Umweltfreundliche Farbgebung<\/strong>\u00a0Mit Tinte auf Wasserbasis mit UV-H\u00e4rtungstechnologie, die Farbdifferenz Kontrolle \u0394E\u22641,0 (Spektralphotometer-Kalibrierung), VOC-Emissionen sind weniger als 50g \/ l, in \u00dcbereinstimmung mit EU-ReACH-Verordnungen. Unterst\u00fctzt den hochaufl\u00f6senden Druck von Molekularstrukturdiagrammen der Komponenten, verbessert das Vertrauen der Verbraucher durch 45%.<\/li>\n<\/ol>\n<h4 id=\"-three-flexible-intelligent-manufacturing-and-production-efficiency-\"><strong>3. Flexible intelligente Fertigung und Produktionseffizienz<\/strong><\/h4>\n<ol>\n<li><strong>Volldimensionaler Anpassungsservice<\/strong><\/li>\n<li><strong>Anpassung der Gr\u00f6\u00dfe<\/strong>: F\u00fcr Reinigungsmittel mit einem Fassungsverm\u00f6gen von 50 ml bis 200 ml, f\u00fcr zylindrische Flaschen, viereckige Flaschen, Schl\u00e4uche und andere Verpackungen mit mehreren Formen;<\/li>\n<li><strong>Entwicklung des Box-Typs<\/strong>: Wir bieten 12 Grundtypen von Schachteln an, wie z. B. buchf\u00f6rmige Schachteln, Schubladenschachteln, Schachteln in Sonderform, unterst\u00fctzen 3D-Modellierung und schnelles Proofing, und liefern physische Muster innerhalb von 72 Stunden.<\/li>\n<li><strong>MES Produktionsmanagementsystem<\/strong>\u00a0Die Werkstatt ist mit einem intelligenten Produktionsplanungsmodul ausgestattet, um eine Echtzeit-Synchronisation von Auftrags-, Planungs- und Produktionsdaten zu erreichen, die Zeit f\u00fcr den Werkzeugwechsel auf 15 Minuten zu verk\u00fcrzen und 30.000 St\u00fcck pro Tag zu \u00fcbertreffen. Durch die \u00dcberwachung der IoT-Ausr\u00fcstung konnte die Ausbeute der wichtigsten Prozesse auf 99,6% gesteigert werden.<\/li>\n<\/ol>\n<h4 id=\"-fourth-direct-supply-from-the-source-and-cost-advantage-\"><strong>4. Direkte Versorgung an der Quelle und Kostenvorteil<\/strong><\/h4>\n<ol>\n<li><strong>Qualit\u00e4tssicherungssystem<\/strong>\u00a0Zertifizierung nach ISO9001, ausgestattet mit Falltester (simulierter Transport aus 1,2 m H\u00f6he) und Kammer mit konstanter Temperatur und Luftfeuchtigkeit (40\u2103\/75%RH-Umwelttest), Chargenqualifikationsrate \u226599,8%.<\/li>\n<\/ol>\n<h4 id=\"-five-application-scenarios-and-competitiveness-\"><strong>5. Anwendungsszenarien und Wettbewerbsf\u00e4higkeit<\/strong><\/h4>\n<ul>\n<li><strong>Grundwert<\/strong>: Durch die sch\u00fctzende Struktur der oberen und unteren Abdeckung, das Hei\u00dfpr\u00e4geverfahren und die flexible Produktion wird die Markenpr\u00e4mie um 25%-40% erh\u00f6ht;<\/li>\n<li><strong>Anwendbare Kategorien<\/strong>: Reinigungscreme in der Flasche, Reinigungsmousse im Schlauch, Reinigungsgel in Reisegr\u00f6\u00dfe;<\/li>\n<li><strong>\u00dcberpr\u00fcfung des Marktes<\/strong>: Hat aufstrebende Marken wie UNNY und AOEO bedient, und die grenz\u00fcberschreitende E-Commerce-Wiederkaufrate \u00fcbersteigt 82%.<\/li>\n<\/ul>","protected":false},"excerpt":{"rendered":"<p>1. Der Schachteltyp mit Deckel und Boden nimmt die oberen und unteren Deckelstrukturen an, die effektiv verhindern k\u00f6nnen, dass die Gegenst\u00e4nde im Paket miteinander kollidieren und Sch\u00e4den an der Produktoberfl\u00e4che verursachen<br \/>\n2. Hergestellt aus 1200 GSM starrer Pappe und 157 GSM beschichtetem Kunstdruckpapier, die Oberfl\u00e4che ist glatt und leicht zu f\u00e4rben<br \/>\n3. Die Gold-Hei\u00dfpr\u00e4gefolie Prozess kann deutlich kleine Texte, geeignet f\u00fcr High-End-Marken anzeigen<br \/>\n4. Der Karton fixiert und sch\u00fctzt die Artikel vor Besch\u00e4digung w\u00e4hrend des Transports, und das innere Fach ist umweltfreundlich und sch\u00f6n<\/p>","protected":false},"featured_media":8371,"template":"","meta":[],"product_brand":[],"product_cat":[30,390,425,31],"product_tag":[673,671,672],"class_list":{"0":"post-8370","1":"product","2":"type-product","3":"status-publish","4":"has-post-thumbnail","6":"product_cat-by-industry","7":"product_cat-custom-cosmetics-boxes","8":"product_cat-lid-and-base-gift-box","9":"product_cat-paper-box-style","10":"product_tag-face-cleanser-boxes-wholesale","11":"product_tag-face-cleanser-packaging","12":"product_tag-skin-care-packaging","14":"first","15":"instock","16":"shipping-taxable","17":"product-type-simple"},"_links":{"self":[{"href":"https:\/\/zojopackaging.com\/de\/wp-json\/wp\/v2\/product\/8370","targetHints":{"allow":["GET"]}}],"collection":[{"href":"https:\/\/zojopackaging.com\/de\/wp-json\/wp\/v2\/product"}],"about":[{"href":"https:\/\/zojopackaging.com\/de\/wp-json\/wp\/v2\/types\/product"}],"version-history":[{"count":1,"href":"https:\/\/zojopackaging.com\/de\/wp-json\/wp\/v2\/product\/8370\/revisions"}],"predecessor-version":[{"id":8377,"href":"https:\/\/zojopackaging.com\/de\/wp-json\/wp\/v2\/product\/8370\/revisions\/8377"}],"wp:featuredmedia":[{"embeddable":true,"href":"https:\/\/zojopackaging.com\/de\/wp-json\/wp\/v2\/media\/8371"}],"wp:attachment":[{"href":"https:\/\/zojopackaging.com\/de\/wp-json\/wp\/v2\/media?parent=8370"}],"wp:term":[{"taxonomy":"product_brand","embeddable":true,"href":"https:\/\/zojopackaging.com\/de\/wp-json\/wp\/v2\/product_brand?post=8370"},{"taxonomy":"product_cat","embeddable":true,"href":"https:\/\/zojopackaging.com\/de\/wp-json\/wp\/v2\/product_cat?post=8370"},{"taxonomy":"product_tag","embeddable":true,"href":"https:\/\/zojopackaging.com\/de\/wp-json\/wp\/v2\/product_tag?post=8370"}],"curies":[{"name":"wp","href":"https:\/\/api.w.org\/{rel}","templated":true}]}}