{"id":8378,"date":"2025-03-27T14:27:37","date_gmt":"2025-03-27T06:27:37","guid":{"rendered":"https:\/\/zojopackaging.com\/?post_type=product&#038;p=8378"},"modified":"2025-03-27T15:36:16","modified_gmt":"2025-03-27T07:36:16","slug":"custom-wrist-watch-packaging-gift-boxes-supplier-wholesale","status":"publish","type":"product","link":"https:\/\/zojopackaging.com\/de\/product\/custom-wrist-watch-packaging-gift-boxes-supplier-wholesale\/","title":{"rendered":"Benutzerdefinierte Armbanduhr Verpackung Geschenk-Boxen Lieferanten Gro\u00dfhandel"},"content":{"rendered":"<h3 id=\"high-end-customized-watch-magnetic-pull-out-packaging-box-wholesale-product-manual\">Hochwertige kundenspezifische Uhr Magnetverschluss Verpackung Box Gro\u00dfhandel<\/h3>\n<h4 id=\"-i-innovative-design-of-magnetic-pull-out-box-\"><strong>1. Innovatives Design der magnetischen Schublade Papierkasten<\/strong><\/h4>\n<ol>\n<li><strong>Magnetische Verschlussstruktur<\/strong> Der Geh\u00e4usek\u00f6rper ist mit einem versteckten Magnetverschluss ausgestattet, und die magnetische Anziehungskraft wird im Bereich von 0,8-1,2N gesteuert, wodurch ein versiegelter Verschluss ohne freiliegendes Metall erreicht wird. Nach 5000 \u00d6ffnungs- und Schlie\u00dftests ist der Magnet nicht abgefallen oder entmagnetisiert, und die Lebensdauer wurde im Vergleich zum herk\u00f6mmlichen Magnetsaugkasten um 40% erh\u00f6ht.<\/li>\n<li><strong>Optimierung der gleitenden D\u00e4mpfung<\/strong>: Die F\u00fchrungsschiene besteht aus Polycarbonat, und der Gleitwiderstandskoeffizient ist \u22640,15N. Sie l\u00e4sst sich mit einer Hand leichtg\u00e4ngig ziehen, und das \u00d6ffnungs- und Schlie\u00dfverhalten ist vergleichbar mit dem einer hochwertigen Verpackung f\u00fcr elektronische Produkte.<\/li>\n<li><strong>PVC-Panoramafenster Design<\/strong>\u00a0Ein 0,2 mm dickes, transparentes PVC-Fenster (Lichtdurchl\u00e4ssigkeit \u226592%) ist auf der Oberseite des Schachtelk\u00f6rpers angebracht, das einen speziell geformten Ausschnitt (z. B. wellenf\u00f6rmig oder sternf\u00f6rmig) unterst\u00fctzt, und die Details der Uhr k\u00f6nnen in 360\u00b0 betrachtet werden, ohne die Schachtel zu \u00f6ffnen. Tests zeigen, dass dieses Design die Entscheidungszeit von Kunden in Offline-L\u00e4den um 28% verk\u00fcrzt.<\/li>\n<\/ol>\n<h4 id=\"-second-sensory-experience-and-brand-recognition-\"><strong>2. Sensorische Erfahrung und Wiedererkennung der Marke<\/strong><\/h4>\n<ol>\n<li><strong>Vollst\u00e4ndig rosa Dekompressionsdesign<\/strong>\u00a0Verwenden Sie Pantone 13-1404 TCX (weiches, mattes Pulver), um die gesamte Box zu bedecken, mit einem Farbunterschied von \u0394E\u22640,5, der von der Farbpsychologie \u00fcberpr\u00fcft wurde, um den Angstindex des Benutzers um 15% zu reduzieren. Die Oberfl\u00e4che ist mit einer matten Touch-Folie mit einem Reibungskoeffizienten von 0,3-0,5 versehen, die sowohl gegen Fingerabdr\u00fccke als auch f\u00fcr die Haut geeignet ist.<\/li>\n<li><strong>Dreidimensionales St\u00fctzfuttersystem<\/strong>\u00a0Verwenden Sie 45D Dichte EVA-Schaum Kissen Futter (Schaumstoff-Verh\u00e4ltnis 8:1), geformt nach der Kr\u00fcmmung der Uhr, und die St\u00fctzkraft erreicht 5kg\/cm\u00b2. Die Oberfl\u00e4che der Auskleidung ist mit Mikrofaserflanell (Reibungskoeffizient \u22640,2), die das Edelmetallgeh\u00e4use vor Kratzern zu verhindern, und zur gleichen Zeit widerstehen die Transport Auswirkungen von G-Wert 0,7 durch Vibrationstest komponiert.<\/li>\n<li><strong>System zur Erkennung von Markenb\u00e4ndern<\/strong>\u00a0Bietet 3mm-30mm breites Satinband, unterst\u00fctzt Lasergravur Marke LOGO (minimale Linienbreite 0,1mm) oder Hei\u00dfpr\u00e4gung dunkles Muster. Die einzigartige \"magnetische Farbbandhalter\" Design sorgt daf\u00fcr, dass das Band Steifigkeit Retentionsrate \u226585% ist, und es f\u00e4llt nat\u00fcrlich, wenn gezogen, um die Marke visuellen Fokus zu bilden.<\/li>\n<\/ol>\n<h4 id=\"-three-environmentally-friendly-materials-and-flexible-intelligent-manufacturing-\"><strong>3. Umweltfreundliche Materialien und flexible intelligente Fertigung<\/strong><\/h4>\n<ol>\n<li><strong>Nachhaltiges Materialsystem<\/strong>\u00a0Der Kartonk\u00f6rper besteht aus FSC-zertifizierter 1200-GSM-Graupappe und 157-GSM-beschichtetem Papier mit einer H\u00e4rte von Shaw D85 und hat den ISTA-3A-Transporttest bestanden. F\u00fcr den Druck wird UV-Tinte auf Wasserbasis verwendet (VOC-Emissionen &lt;50g\/L), die die EU-Zertifizierungen REACH und RoHS erf\u00fcllt.<\/li>\n<li><strong>Unbegrenzter Anpassungsservice<\/strong><\/li>\n<li><strong>Anpassung der Gr\u00f6\u00dfe<\/strong>: F\u00fcr Uhrendurchmesser von 20mm-80mm, f\u00fcr die Entwicklung von quadratischen, tonnenf\u00f6rmigen und speziell geformten Uhrenboxen<\/li>\n<li><strong>Funktionserweiterung<\/strong>: Kann NFC-Chip, Temperatur- und Feuchtigkeitsanzeige und andere intelligente Module integrieren<\/li>\n<li><strong>Schnelle Antwort<\/strong>: 3D-Modellierungsvorschau, Lieferung von Mustern innerhalb von 72 Stunden und Verk\u00fcrzung des Massenproduktionszyklus auf 7-10 Tage<\/li>\n<\/ol>\n<h4 id=\"-fourth-application-scenarios-and-competitiveness-\"><strong>4. Anwendungsszenarien und Wettbewerbsf\u00e4higkeit<\/strong><\/h4>\n<ul>\n<li><strong>Grundwert<\/strong>: Durch die innovative Struktur der magnetischen Saug-und Pull-out, Dekompression rosa Design und dreidimensionale Display-System, helfen Uhrenmarken erh\u00f6hen ihre Pr\u00e4mie von 30%-50%<\/li>\n<li><strong>Anwendbare Kategorien<\/strong>: Mechanische Uhren, intelligente Uhren, Schmuckuhren<\/li>\n<li><strong>\u00dcberpr\u00fcfung des Marktes<\/strong>: Hat Marken wie Tianwang Watch und Seagull Watch bedient, und die grenz\u00fcberschreitende E-Commerce-Wiederkaufsrate hat 89% erreicht<\/li>\n<\/ul>","protected":false},"excerpt":{"rendered":"<p>1. Der einzigartige Magnetverschluss Schublade Papier Box Design ist neu und einzigartig. Es hat die Vorteile der Magnet eingebettet Design externe Abnutzung zu vermeiden, und die Schiebe\u00f6ffnung macht es bequem f\u00fcr Benutzer zu \u00f6ffnen und zu schlie\u00dfen, die Verbesserung der unboxing Erfahrung.<br \/>\n2. Das PVC-Fenster erm\u00f6glicht es den Kunden, die Produkte im Inneren intuitiver zu sehen, ohne die Artikel zu ber\u00fchren, was die Kommunikationskosten senken kann.<br \/>\n3. Die Box K\u00f6rper ist in rosa entworfen, um Angst zu reduzieren und eine entspannende Atmosph\u00e4re zu schaffen.<br \/>\n4. Die Kissen Futter hat starke Unterst\u00fctzung und kann Ihre Uhr Produkte in drei Dimensionen anzuzeigen.<\/p>","protected":false},"featured_media":8379,"template":"","meta":[],"product_brand":[],"product_cat":[30,413,424,31],"product_tag":[675,676,674],"class_list":{"0":"post-8378","1":"product","2":"type-product","3":"status-publish","4":"has-post-thumbnail","6":"product_cat-by-industry","7":"product_cat-consumer-electronics-boxes","8":"product_cat-magnetic-closure-boxes","9":"product_cat-paper-box-style","10":"product_tag-watch-gift-boxes","11":"product_tag-watch-packaging-wholesale","12":"product_tag-wrist-watch-packaging","14":"first","15":"instock","16":"shipping-taxable","17":"product-type-simple"},"_links":{"self":[{"href":"https:\/\/zojopackaging.com\/de\/wp-json\/wp\/v2\/product\/8378","targetHints":{"allow":["GET"]}}],"collection":[{"href":"https:\/\/zojopackaging.com\/de\/wp-json\/wp\/v2\/product"}],"about":[{"href":"https:\/\/zojopackaging.com\/de\/wp-json\/wp\/v2\/types\/product"}],"version-history":[{"count":1,"href":"https:\/\/zojopackaging.com\/de\/wp-json\/wp\/v2\/product\/8378\/revisions"}],"predecessor-version":[{"id":8385,"href":"https:\/\/zojopackaging.com\/de\/wp-json\/wp\/v2\/product\/8378\/revisions\/8385"}],"wp:featuredmedia":[{"embeddable":true,"href":"https:\/\/zojopackaging.com\/de\/wp-json\/wp\/v2\/media\/8379"}],"wp:attachment":[{"href":"https:\/\/zojopackaging.com\/de\/wp-json\/wp\/v2\/media?parent=8378"}],"wp:term":[{"taxonomy":"product_brand","embeddable":true,"href":"https:\/\/zojopackaging.com\/de\/wp-json\/wp\/v2\/product_brand?post=8378"},{"taxonomy":"product_cat","embeddable":true,"href":"https:\/\/zojopackaging.com\/de\/wp-json\/wp\/v2\/product_cat?post=8378"},{"taxonomy":"product_tag","embeddable":true,"href":"https:\/\/zojopackaging.com\/de\/wp-json\/wp\/v2\/product_tag?post=8378"}],"curies":[{"name":"wp","href":"https:\/\/api.w.org\/{rel}","templated":true}]}}