{"id":8386,"date":"2025-03-27T15:36:36","date_gmt":"2025-03-27T07:36:36","guid":{"rendered":"https:\/\/zojopackaging.com\/?post_type=product&#038;p=8386"},"modified":"2025-03-27T16:01:14","modified_gmt":"2025-03-27T08:01:14","slug":"custom-food-supplements-gift-packaging-boxes-wholesale","status":"publish","type":"product","link":"https:\/\/zojopackaging.com\/de\/product\/custom-food-supplements-gift-packaging-boxes-wholesale\/","title":{"rendered":"Benutzerdefinierte Nahrungserg\u00e4nzungsmittel Geschenkverpackung Boxen Gro\u00dfhandel"},"content":{"rendered":"<h3 id=\"high-end-customized-food-supplement-gift-packaging-box-wholesale-products\">Hochwertige kundengebundene Nahrungserg\u00e4nzungsmittel Geschenkverpackungen Gro\u00dfhandel Produkte<\/h3>\n<h4 id=\"-i-box-structure-and-protection-system-\"><strong>I. Kastenstruktur und Schutzsystem<\/strong><\/h4>\n<ol>\n<li><strong>Doppeltes Schutzsystem aus Deckel und Bodenabdeckung<\/strong> Durch die pr\u00e4zise verschachtelte Deckel- und Bodenstruktur wird die Toleranz auf \u00b10,3 mm kontrolliert, und der Schachtelk\u00f6rper bildet im geschlossenen Zustand einen 360\u00b0-Vollumh\u00fcllungsschutz. Nach dem ISTA 3A-Transporttest kann sie der Aufprallkraft von G-Wert 0,7 widerstehen, und die Druckfestigkeit ist um 50% im Vergleich zum traditionellen Schachteltyp erh\u00f6ht.<\/li>\n<li><strong>Materialverst\u00e4rkung<\/strong>: 157g C2S gestrichenes Kunstdruckpapier+1200g Hartkarton Verbundprozess, Oberfl\u00e4chengl\u00e4tte \u2265300 Sekunden, Druck Farbunterschied \u0394E\u22641.0, Unterst\u00fctzung Pantone Sonderfarbe und Molekularstrukturdiagramm genaue Wiederherstellung.<\/li>\n<li><strong>Intelligente, erdbebensichere EVA-Auskleidung<\/strong>\u00a0Nehmen Sie 45D Dichte EVA-Schaum Futter (Schaumstoff-Verh\u00e4ltnis 8:1), nach der Erg\u00e4nzung Flasche Typ Form benutzerdefinierte Nut, Schlagabsorptionsrate \u226585%. Die Oberfl\u00e4che ist mit Mikrofaserflanell zusammengesetzt, um zu verhindern, dass Glasflaschen zerkratzt werden, und hat den 1,2m Falltest bestanden.<\/li>\n<\/ol>\n<h4 id=\"-second-sensory-design-and-production-efficiency-\"><strong>2. Sensorische Gestaltung und Produktionseffizienz<\/strong><\/h4>\n<ol>\n<li><strong>Dopamin-Rosa-Dekompressionssystem<\/strong>\u00a0Die gesamte Schachtel ist mit Pantone 13-1404 TCX (Soft Mist Powder) \u00fcberzogen, das laut Farbpsychologie den Angstindex des Benutzers um 18% reduziert. Die Oberfl\u00e4che ist mit einer matten Touch-Folie versehen, um die Doppelfunktion von Anti-Fingerabdruck und hautfreundlicher Textur zu erreichen, mit einem Reibungskoeffizienten von 0,3-0,5, und das Auspackerlebnis ist vergleichbar mit einer hochwertigen Kosmetikverpackung.<\/li>\n<li><strong>MES intelligentes Produktionsmanagement<\/strong>\u00a0Die Werkstatt ist mit IoT-Ger\u00e4ten ausgestattet und mit dem MES-System verbunden, um eine Echtzeit-Visualisierung von Auftragsplanung, Werkzeugwechsel und Qualit\u00e4tspr\u00fcfungsdaten zu realisieren. Die Zeit f\u00fcr den Werkzeugwechsel wird auf 15 Minuten verk\u00fcrzt, die Ausbeute der wichtigsten Prozesse wird auf 99,6% erh\u00f6ht und die Lieferverz\u00f6gerung wird auf 0,3% reduziert.<\/li>\n<\/ol>\n<h4 id=\"-three-flexible-customization-and-production-capacity-guarantee-\"><strong>3. Flexible Anpassung und Produktionskapazit\u00e4t garantieren<\/strong><\/h4>\n<ol>\n<li><strong>Volldimensionaler Anpassungsservice<\/strong><\/li>\n<li><strong>Anpassung der Gr\u00f6\u00dfe<\/strong>: Abgedeckt werden 5ml-500ml Supplement-Spezifikationen, die verschiedene Verpackungsformen wie Tropfflaschen, Kapselflaschen, Weichkapseln, etc. unterst\u00fctzen;<\/li>\n<li><strong>Entwicklung des Box-Typs<\/strong>: Wir bieten 12 Grundtypen von Schachteln an, wie z. B. buchf\u00f6rmige Schachteln, Schubladenschachteln, speziell geformte Schachteln usw., unterst\u00fctzen die 3D-Modellierung und die 72-Stunden-Lieferung von Mustern.<\/li>\n<li><strong>Automatisiertes intelligentes Fertigungssystem<\/strong>\u00a0Ausgestattet mit vollautomatischen Stanzmaschinen (Genauigkeit \u00b10,1 mm) und Sechs-Farben-Offsetdruck-Verkettungslinien betr\u00e4gt die t\u00e4gliche Produktionskapazit\u00e4t mehr als 1.000.000 St\u00fcck. Das Unternehmen hat die ISO22000- und FSC-Doppelzertifizierung bestanden, die Qualifikationsrate der Chargen betr\u00e4gt \u226599,8%.<\/li>\n<\/ol>\n<h4 id=\"-four-market-competitiveness-and-cost-advantages-\"><strong>4. Wettbewerbsf\u00e4higkeit auf dem Markt und Kostenvorteile<\/strong><\/h4>\n<ol>\n<li><strong>Modell der direkten Lieferung ab Werk<\/strong>\u00a0Dank der Lieferkette des Pearl River Delta Industrial Cluster (Dongguan\/Guangzhou) liegt der St\u00fcckpreis f\u00fcr 10.000 Bestellungen bei nur 0,8 Yuan\/Set, was die Kosten im Vergleich zum traditionellen Modell um 40% reduziert. Unterst\u00fctzung der grenz\u00fcberschreitenden DDP-Logistik, und der T\u00fcr-zu-T\u00fcr-Transportzyklus in Europa und den Vereinigten Staaten wird auf 7 Tage verk\u00fcrzt.<\/li>\n<li><strong>Schneller Reaktionsmechanismus<\/strong><\/li>\n<li><strong>Schnelles Angebot<\/strong>: AI intelligentes Angebotssystem Feedback Kostenanalyse innerhalb von 1 Stunde;<\/li>\n<li><strong>Kostenlose Probe<\/strong>: Abschluss des Proofings innerhalb von 3 Arbeitstagen und Unterst\u00fctzung der Qualit\u00e4tskontrolle.<\/li>\n<\/ol>\n<h4 id=\"-v-application-scenarios-and-verification-data-\"><strong>5. Anwendungsszenarien und Pr\u00fcfdaten<\/strong><\/h4>\n<ul>\n<li><strong>Grundwert<\/strong>: Durch den Schutz der oberen und unteren Abdeckung, das pinke Dopamin-Design und das intelligente Produktionssystem k\u00f6nnen Lebensmittelmarken ihre Pr\u00e4mie um 25%-35% erh\u00f6hen;<\/li>\n<li><strong>Anwendbare Kategorien<\/strong>: Vitamin-Gummis, probiotische Kapseln, Kollagen in fl\u00fcssiger Form;<\/li>\n<\/ul>","protected":false},"excerpt":{"rendered":"<p>1. Der Kastentyp mit Deckel und Boden bildet eine doppelte Schutzstruktur, um Quetschungen w\u00e4hrend des Transports und der Lagerung wirksam zu verhindern<br \/>\n2. Hergestellt aus 157g C2S beschichtetem Kunstdruckpapier + 1200g fester Pappe, der Oberfl\u00e4chendruck ist klar und hat keinen Farbunterschied<br \/>\n3. Die Box K\u00f6rper ist in voller rosa entworfen, um Dopamin-Sekretion zu f\u00f6rdern und Angst zu lindern<br \/>\n4. Die EVA ma\u00dfgeschneiderte Futter effektiv zerstreut externen Aufprall Kraft, absorbiert Vibrationen, und sch\u00fctzt das Produkt vor Sch\u00e4den w\u00e4hrend des Transports<br \/>\n5. Ma\u00dfgeschneiderte Gr\u00f6\u00dfe und Box-Design, um verschiedene Serien von Nahrungserg\u00e4nzungsprodukten anzupassen<\/p>","protected":false},"featured_media":8387,"template":"","meta":[],"product_brand":[],"product_cat":[30,422,425,31],"product_tag":[677,678,679],"class_list":{"0":"post-8386","1":"product","2":"type-product","3":"status-publish","4":"has-post-thumbnail","6":"product_cat-by-industry","7":"product_cat-custom-gourmet-boxes-by-industry","8":"product_cat-lid-and-base-gift-box","9":"product_cat-paper-box-style","10":"product_tag-food-packaging-boxes","11":"product_tag-supplements-boxes-wholesale","12":"product_tag-supplements-gift-boxes","14":"first","15":"instock","16":"shipping-taxable","17":"product-type-simple"},"_links":{"self":[{"href":"https:\/\/zojopackaging.com\/de\/wp-json\/wp\/v2\/product\/8386","targetHints":{"allow":["GET"]}}],"collection":[{"href":"https:\/\/zojopackaging.com\/de\/wp-json\/wp\/v2\/product"}],"about":[{"href":"https:\/\/zojopackaging.com\/de\/wp-json\/wp\/v2\/types\/product"}],"version-history":[{"count":1,"href":"https:\/\/zojopackaging.com\/de\/wp-json\/wp\/v2\/product\/8386\/revisions"}],"predecessor-version":[{"id":8393,"href":"https:\/\/zojopackaging.com\/de\/wp-json\/wp\/v2\/product\/8386\/revisions\/8393"}],"wp:featuredmedia":[{"embeddable":true,"href":"https:\/\/zojopackaging.com\/de\/wp-json\/wp\/v2\/media\/8387"}],"wp:attachment":[{"href":"https:\/\/zojopackaging.com\/de\/wp-json\/wp\/v2\/media?parent=8386"}],"wp:term":[{"taxonomy":"product_brand","embeddable":true,"href":"https:\/\/zojopackaging.com\/de\/wp-json\/wp\/v2\/product_brand?post=8386"},{"taxonomy":"product_cat","embeddable":true,"href":"https:\/\/zojopackaging.com\/de\/wp-json\/wp\/v2\/product_cat?post=8386"},{"taxonomy":"product_tag","embeddable":true,"href":"https:\/\/zojopackaging.com\/de\/wp-json\/wp\/v2\/product_tag?post=8386"}],"curies":[{"name":"wp","href":"https:\/\/api.w.org\/{rel}","templated":true}]}}