{"id":8394,"date":"2025-03-27T16:04:37","date_gmt":"2025-03-27T08:04:37","guid":{"rendered":"https:\/\/zojopackaging.com\/?post_type=product&#038;p=8394"},"modified":"2025-03-27T16:26:19","modified_gmt":"2025-03-27T08:26:19","slug":"custom-luxury-adult-sex-toys-packaging-boxes-manufacturer","status":"publish","type":"product","link":"https:\/\/zojopackaging.com\/de\/product\/custom-luxury-adult-sex-toys-packaging-boxes-manufacturer\/","title":{"rendered":"Benutzerdefinierte Luxus Adult Sex Toys Verpackung Boxen Hersteller"},"content":{"rendered":"<h3 id=\"high-end-customized-luxury-adult-sex-toy-packaging-box-product-manual\">Hochwertige kundenindividuelle Luxus-Verpackungsbox f\u00fcr Sexspielzeug<\/h3>\n<h4 id=\"-i-magnetic-box-system-and-visual-aesthetics-\"><strong>I. Magnetisches Verschlusssystem und visuelle \u00c4sthetik<\/strong><\/h4>\n<ol>\n<li><strong>Unsichtbare magnetische Verschlusstechnik<\/strong>\u00a0Durch das eingebettete Design von Neodym-Eisen-Bor-Magneten wird die magnetische Anziehungskraft im Bereich von 1,0-1,5N pr\u00e4zise gesteuert und eine minimalistische geschlossene Struktur ohne freiliegendes Metall realisiert. Nach 5000 \u00d6ffnungs- und Schlie\u00dftests hat der Magnet kein Verschiebungs- oder Entmagnetisierungsph\u00e4nomen, und die Lebensdauer ist um 45% im Vergleich zu einem herk\u00f6mmlichen Magnetsaugkasten erh\u00f6ht.<\/li>\n<li><strong>Optimierung der gleitenden D\u00e4mpfung<\/strong>: Die F\u00fchrungsschiene besteht aus Polycarbonat, und der Gleitwiderstandskoeffizient ist \u22640,15N. Sie l\u00e4sst sich problemlos mit einer Hand \u00f6ffnen, und das Bedienerlebnis ist mit dem einer Luxusverpackung vergleichbar.<\/li>\n<li><strong>Ganz in Schwarz gehaltene Luxus-Designsprache<\/strong>\u00a0Pantone Black 7 C deckt den gesamten Karton ab, die Oberfl\u00e4che ist mit einem matten Touch-Film (Reibungskoeffizient 0,3-0,5) beschichtet, kombiniert mit dem Hei\u00dfpr\u00e4geverfahren mit wei\u00dfer Tinte, die Mindestgenauigkeit des Hei\u00dfpr\u00e4getextes betr\u00e4gt 0,2 mm. Farbpsychologischen Untersuchungen zufolge kann eine schwarze Verpackung die Wahrnehmung der Produkte durch die Verbraucher um 35% erh\u00f6hen.<\/li>\n<\/ol>\n<h4 id=\"-2-environmentally-friendly-materials-and-intelligent-protection-\"><strong>2. Umweltfreundliche Materialien und intelligenter Schutz<\/strong><\/h4>\n<ol>\n<li><strong>Nachhaltiges Materialsystem<\/strong> Der Kartonk\u00f6rper besteht aus FSC-zertifiziertem 157g C2S gestrichenem Kunstdruckpapier und 1200g festem Karton mit einer H\u00e4rte von Shaw D85 und hat den ISTA 3A Transporttest bestanden. F\u00fcr den Druck wird UV-Tinte auf Wasserbasis (VOC-Emission &lt;50g\/L) verwendet, die der EU-ReACH- und RoHS-Doppelzertifizierung entspricht.<\/li>\n<li><strong>Intelligentes erdbebensicheres Auskleidungssystem<\/strong>\u00a0Bieten Sie eine 45D dichte EVA-Schaumstoffauskleidung, eine PS-Blisterschale, eine aus recycelten Fasern geformte Schale und andere L\u00f6sungen an:<\/li>\n<li><strong>EVA-Schaumstoffschicht<\/strong>: nach der Produktkontur geformt, Schlagabsorptionsgrad \u226585%, Oberfl\u00e4che Mikrofaserflanellverbundstoff (Reibungskoeffizient \u22640,2);<\/li>\n<li><strong>Blisterschale<\/strong>: unterst\u00fctzt 0,5 mm dickes PVC transparentes Fenster, Lichtdurchl\u00e4ssigkeit \u226592%, kann durch Produkt Details sehen.<\/li>\n<\/ol>\n<h4 id=\"-three-flexible-intelligent-manufacturing-and-global-services-\"><strong>3. Flexible intelligente Fertigung und globale Dienstleistungen<\/strong><\/h4>\n<ol>\n<li><strong>Unbegrenzte Anpassungsm\u00f6glichkeiten<\/strong><\/li>\n<li><strong>Anpassung der Gr\u00f6\u00dfe<\/strong>: Wir decken das gesamte Spektrum der Spezifikationen von 10 cm bis 50 cm ab und unterst\u00fctzen die Entwicklung von 12 Arten von Schachteln, wie z. B. Schachteln in Sonderform, Schubladenboxen und buchf\u00f6rmige Schachteln;<\/li>\n<li><strong>Druckverfahren<\/strong>: Wir bieten 20 L\u00f6sungen f\u00fcr die Oberfl\u00e4chenbehandlung, wie z. B. 3D-Hei\u00dfpr\u00e4gung (dreidimensionale Tiefe 0,5 mm), lokale UV-Lackierung und Laserfolienlaminierung.<\/li>\n<li><strong>Shenzhen Intelligentes Fertigungssystem<\/strong>\u00a0Die Werkstatt nutzt die Vorteile des Industrieclusters im Perlflussdelta und ist mit einem MES-Managementsystem ausgestattet, das die Visualisierung des gesamten Produktionsprozesses erm\u00f6glicht:<\/li>\n<li><strong>Garantie der Qualit\u00e4tskontrolle<\/strong>: Bestanden ISO9001-Zertifizierung, ausgestattet mit einem 1,2m Falltester und einer Kammer mit konstanter Temperatur und Luftfeuchtigkeit, mit einer Chargenqualifikationsrate von \u226599,8%;<\/li>\n<li><strong>Produktivit\u00e4tsvorteil<\/strong>: Vollautomatische Stanzmaschine (Genauigkeit \u00b10,1 mm) und Sechsfarben-Offsetdruck-Verkettungslinie mit einer t\u00e4glichen Produktionskapazit\u00e4t von \u00fcber 50.000 St\u00fcck.<\/li>\n<\/ol>\n<h4 id=\"-fourth-application-scenarios-and-market-verification-\"><strong>4, Anwendungsszenarien und Markt\u00fcberpr\u00fcfung<\/strong><\/h4>\n<ul>\n<li><strong>Grundwert<\/strong>: Durch magnetisches minimalistisches Design, schwarzes \u00e4sthetisches System und flexibles Produktionssystem, helfen Sie erwachsenen Marken ihre Pr\u00e4mie um 40%-60% zu erh\u00f6hen;<\/li>\n<li><strong>Anwendbare Kategorien<\/strong>: intelligente Sexspielzeuge, Sexpuppen aus Silikon, hochwertige Kondom-Geschenkboxen;<\/li>\n<li><strong>Erfolgreiche F\u00e4lle<\/strong>: Hat Durex's Hauptlieferant Dingfu Plastic, grenz\u00fcberschreitenden E-Commerce Chunmeng Fertigprodukte und andere Marken, mit einer R\u00fcckkaufquote von 89% serviert.<\/li>\n<\/ul>","protected":false},"excerpt":{"rendered":"<p>1. Magnetverschluss-Verpackungsbox, Magnet eingebettet Design, um externe Abnutzung zu vermeiden, visuelle Einfachheit, k\u00f6nnen die Eigenschaften des Produkts in einem gr\u00f6\u00dferen Ausma\u00df hervorheben<br \/>\n2. Das Geh\u00e4use ist ganz in Schwarz gehalten, was das Symbol f\u00fcr Luxus und Modernit\u00e4t perfekt kombiniert<br \/>\n3. Hergestellt aus 157g C2S gestrichenem Kunstdruckpapier + 1200g fester Pappe, nachhaltige und umweltfreundliche Materialien, um die Umwelt vor Verschmutzung zu sch\u00fctzen<br \/>\n4. Passen Sie das passende Produktfutter f\u00fcr Sie an, je nach Produkt und Marktpositionierung Ihrer Marke<\/p>","protected":false},"featured_media":8395,"template":"","meta":[],"product_brand":[],"product_cat":[30,413,424,31],"product_tag":[682,680,681],"class_list":{"0":"post-8394","1":"product","2":"type-product","3":"status-publish","4":"has-post-thumbnail","6":"product_cat-by-industry","7":"product_cat-consumer-electronics-boxes","8":"product_cat-magnetic-closure-boxes","9":"product_cat-paper-box-style","10":"product_tag-adult-sex-toy-packaging","11":"product_tag-custom-sex-toy-boxes","12":"product_tag-sex-toys-packaging","14":"first","15":"instock","16":"shipping-taxable","17":"product-type-simple"},"_links":{"self":[{"href":"https:\/\/zojopackaging.com\/de\/wp-json\/wp\/v2\/product\/8394","targetHints":{"allow":["GET"]}}],"collection":[{"href":"https:\/\/zojopackaging.com\/de\/wp-json\/wp\/v2\/product"}],"about":[{"href":"https:\/\/zojopackaging.com\/de\/wp-json\/wp\/v2\/types\/product"}],"version-history":[{"count":1,"href":"https:\/\/zojopackaging.com\/de\/wp-json\/wp\/v2\/product\/8394\/revisions"}],"predecessor-version":[{"id":8400,"href":"https:\/\/zojopackaging.com\/de\/wp-json\/wp\/v2\/product\/8394\/revisions\/8400"}],"wp:featuredmedia":[{"embeddable":true,"href":"https:\/\/zojopackaging.com\/de\/wp-json\/wp\/v2\/media\/8395"}],"wp:attachment":[{"href":"https:\/\/zojopackaging.com\/de\/wp-json\/wp\/v2\/media?parent=8394"}],"wp:term":[{"taxonomy":"product_brand","embeddable":true,"href":"https:\/\/zojopackaging.com\/de\/wp-json\/wp\/v2\/product_brand?post=8394"},{"taxonomy":"product_cat","embeddable":true,"href":"https:\/\/zojopackaging.com\/de\/wp-json\/wp\/v2\/product_cat?post=8394"},{"taxonomy":"product_tag","embeddable":true,"href":"https:\/\/zojopackaging.com\/de\/wp-json\/wp\/v2\/product_tag?post=8394"}],"curies":[{"name":"wp","href":"https:\/\/api.w.org\/{rel}","templated":true}]}}