{"id":8401,"date":"2025-03-27T16:26:34","date_gmt":"2025-03-27T08:26:34","guid":{"rendered":"https:\/\/zojopackaging.com\/?post_type=product&#038;p=8401"},"modified":"2025-03-27T17:04:04","modified_gmt":"2025-03-27T09:04:04","slug":"oem-custom-drawer-mini-fragrance-perfume-gift-paper-box","status":"publish","type":"product","link":"https:\/\/zojopackaging.com\/de\/product\/oem-custom-drawer-mini-fragrance-perfume-gift-paper-box\/","title":{"rendered":"OEM benutzerdefinierte Schublade Mini-Duft Parf\u00fcm Geschenk Papierkasten"},"content":{"rendered":"<h3 id=\"oem-customized-drawer-style-mini-perfume-gift-box\">OEM kundengebundene Schublade Papier Mini Parf\u00fcm Geschenk Box<\/h3>\n<h4 id=\"-i-innovative-box-type-and-user-experience-\"><strong>I. Innovativer Boxentyp und Benutzererfahrung<\/strong><\/h4>\n<ol>\n<li><strong>Schubladenbox-Typ-System<\/strong>\u00a0Nimmt Pr\u00e4zisionsschiene ausziehen Struktur, Schiebewiderstand Koeffizient \u22640.15N, und kann ge\u00f6ffnet und geschlossen werden reibungslos mit einer Hand. Anti-Drop-Schnalle ist im Inneren der Box K\u00f6rper gesetzt, die keine Verformung nach 5000 Auszugstests hat, und die Tragf\u00e4higkeit ist 2kg, geeignet f\u00fcr 1ml-50ml Parf\u00fcmflaschen.<\/li>\n<li><strong>Verst\u00e4rkung des Materials<\/strong>: 1200 GSM Graupappe mit hoher Dichte und 157 GSM beschichtetes Papier im Verbundverfahren, die H\u00e4rte erreicht Shaw D80, hat den ISTA 3A Transporttest bestanden und kann 5 Lagen ohne Verformung gestapelt werden.<\/li>\n<li><strong>Dopamin Farbe Visuelles System<\/strong>\u00a0Die gesamte Schachtel ist mit den j\u00e4hrlichen Pantone-Farben bedeckt (z. B. 13-0755 TCX cremegelb, 16-1546 TPX korallenrosa), und die Farbdifferenzkontrolle ist \u0394E\u22640,8. Farbpsychologisch best\u00e4tigt, kann das Macron-Farbsystem den Genussindex des Benutzers um 25% erh\u00f6hen. Die Oberfl\u00e4che ist mit einem matten Touch-Film (Reibungskoeffizient 0,3-0,5) beschichtet, der Fingerabdr\u00fccke verhindert und hautfreundlich ist.<\/li>\n<\/ol>\n<h4 id=\"-second-protection-system-and-brand-recognition-\"><strong>2. Schutzsystem und Markenbekanntheit<\/strong><\/h4>\n<ol>\n<li><strong>Intelligente, erdbebensichere EVA-Auskleidung<\/strong>\u00a0Durch die Verwendung von EVA-Schaumstoff mit einer Dichte von 45D wird die Rille an die Kontur des Parf\u00fcmflakons angepasst, und die Aufprallabsorptionsrate betr\u00e4gt \u226585%. Die Oberfl\u00e4che ist mit Mikrofaserflanell (Reibungskoeffizient \u22640,2) beschichtet, und der Transportschaden liegt nach einem Falltest aus 1,2 m H\u00f6he bei weniger als 0,3%.<\/li>\n<li><strong>Gut erkennbares Farbbandsystem<\/strong>\u00a0Bietet 6 Arten von Bandmaterialien wie Satin, Schneegarn und Laserfolie und unterst\u00fctzt die freie Anpassung von 3mm-30mm Breite. Das originelle Design des \"magnetischen Bandfinders\" erm\u00f6glicht die Lasergravur des Markenlogos (Mindestlinienbreite 0,1 mm). Wenn man daran zieht, f\u00e4llt das Band nat\u00fcrlich und bildet einen visuellen Fokus, und die Markenerkennung wird um 200% erh\u00f6ht.<\/li>\n<\/ol>\n<h4 id=\"-iii-printing-technology-and-flexible-intelligent-manufacturing-\"><strong>3. Drucktechnik und flexible intelligente Fertigung<\/strong><\/h4>\n<ol>\n<li><strong>CMYK-Hochpr\u00e4zisionsdruck<\/strong>\u00a0Sechs-Farben-Offsetdruck (CMYK+Spot-Farbe), Farbunterschiedskontrolle \u0394E\u22641.0, unterst\u00fctzt hochaufl\u00f6senden Druck von Molekularstrukturdiagrammen und k\u00fcnstlerischen Mustern von Parf\u00fcm-Inhaltsstoffen. Mit umweltfreundlicher Sojatinte, die die von SGS zertifizierten Sicherheitsstandards f\u00fcr Lebensmittel erf\u00fcllt, kann sie direkt mit dem Produkt in Kontakt kommen.<\/li>\n<li><strong>Unbegrenzte kundenspezifische Abmessungen<\/strong><\/li>\n<li><strong>Anpassung der Gr\u00f6\u00dfe<\/strong>: Wir decken das gesamte Spektrum der Spezifikationen von 5 ml bis 100 ml ab und unterst\u00fctzen die Entwicklung von zylindrischen Flaschen, viereckigen Flaschen und Flaschen mit besonderen Formen (z. B. herzf\u00f6rmig und rautenf\u00f6rmig);<\/li>\n<li><strong>Oberfl\u00e4chentechnik<\/strong>: Bieten Sie 15 Prozessoptionen wie 3D-Pr\u00e4gung, Hei\u00dfpr\u00e4gung (dreidimensionale Tiefe 0,5 mm), lokale UV-Lackierung und Laserfolienkaschierung;<\/li>\n<li><strong>Extreme Reaktion<\/strong>: Die 3D-Modellierung ist innerhalb von 24 Stunden verf\u00fcgbar, physische Muster werden innerhalb von 72 Stunden geliefert, und der Zyklus der Massenproduktion verk\u00fcrzt sich auf 7 Arbeitstage.<\/li>\n<\/ol>\n<h4 id=\"-fourth-shenzhen-smart-manufacturing-and-cost-advantages-\"><strong>4. Shenzhen: Intelligente Fertigung und Kostenvorteile<\/strong><\/h4>\n<ol>\n<li><strong>Direktes Versorgungssystem von der Ursprungsfabrik<\/strong><\/li>\n<li><strong>Kapazit\u00e4tsgarantie<\/strong>: Die t\u00e4gliche Produktionskapazit\u00e4t \u00fcbersteigt 80.000 St\u00fcck und erm\u00f6glicht flexible Bestellungen von 50-100.000 St\u00fcck;<\/li>\n<li><strong>Preisvorteil<\/strong>: Der St\u00fcckpreis von 10.000 St\u00fcck betr\u00e4gt nur 1,2 Yuan\/Set, was eine Kostenersparnis von 40% im Vergleich zum traditionellen Modell bedeutet.<\/li>\n<\/ol>\n<h4 id=\"-five-market-competitiveness-and-verification-data-\"><strong>5. Wettbewerbsf\u00e4higkeit auf dem Markt und \u00dcberpr\u00fcfungsdaten<\/strong><\/h4>\n<ul>\n<li><strong>Grundwert<\/strong>: Durch die Innovation der ausziehbaren Schachtel, des Dopamin-Farbdesigns und der flexiblen Produktion hilft sie Parf\u00fcmmarken, ihr Premium um 30%-50% zu steigern;<\/li>\n<li><strong>Anwendbare Kategorien<\/strong>: EDP leichtes Parf\u00fcm, EDT leichtes Parf\u00fcm, festes Parf\u00fcm, Rollenparf\u00fcm;<\/li>\n<li><strong>Erfolgreiche F\u00e4lle<\/strong>: Hat Marken wie Jo Malone OEM und Bing Xili bedient, und die grenz\u00fcberschreitende E-Commerce-Wiederkaufsrate \u00fcbersteigt 85%.<\/li>\n<\/ul>","protected":false},"excerpt":{"rendered":"<p>1. Die Schublade Papier Box Design gleitet offen, so dass es einfach f\u00fcr die Benutzer zu \u00f6ffnen und zu schlie\u00dfen, die Verringerung der Benutzer die Bedienung Zeit<br \/>\n2. Mit Zubeh\u00f6r Band, ist es einfach zu zeichnen und Markenerkennung zu verbessern<br \/>\n3. EVA-Futter kann d\u00e4mpfen und widerstehen Schock w\u00e4hrend des Transports, das Produkt vor Sch\u00e4den zu sch\u00fctzen<\/p>","protected":false},"featured_media":8407,"template":"","meta":[],"product_brand":[],"product_cat":[30,417,31,426],"product_tag":[683,685,684],"class_list":{"0":"post-8401","1":"product","2":"type-product","3":"status-publish","4":"has-post-thumbnail","6":"product_cat-by-industry","7":"product_cat-custom-perfume-boxes-by-industry","8":"product_cat-paper-box-style","9":"product_cat-paper-drawer-boxes","10":"product_tag-mini-fragrance-box","11":"product_tag-oem-perfume-packaging","12":"product_tag-perfume-gift-paper-box","14":"first","15":"instock","16":"shipping-taxable","17":"product-type-simple"},"_links":{"self":[{"href":"https:\/\/zojopackaging.com\/de\/wp-json\/wp\/v2\/product\/8401","targetHints":{"allow":["GET"]}}],"collection":[{"href":"https:\/\/zojopackaging.com\/de\/wp-json\/wp\/v2\/product"}],"about":[{"href":"https:\/\/zojopackaging.com\/de\/wp-json\/wp\/v2\/types\/product"}],"version-history":[{"count":1,"href":"https:\/\/zojopackaging.com\/de\/wp-json\/wp\/v2\/product\/8401\/revisions"}],"predecessor-version":[{"id":8408,"href":"https:\/\/zojopackaging.com\/de\/wp-json\/wp\/v2\/product\/8401\/revisions\/8408"}],"wp:featuredmedia":[{"embeddable":true,"href":"https:\/\/zojopackaging.com\/de\/wp-json\/wp\/v2\/media\/8407"}],"wp:attachment":[{"href":"https:\/\/zojopackaging.com\/de\/wp-json\/wp\/v2\/media?parent=8401"}],"wp:term":[{"taxonomy":"product_brand","embeddable":true,"href":"https:\/\/zojopackaging.com\/de\/wp-json\/wp\/v2\/product_brand?post=8401"},{"taxonomy":"product_cat","embeddable":true,"href":"https:\/\/zojopackaging.com\/de\/wp-json\/wp\/v2\/product_cat?post=8401"},{"taxonomy":"product_tag","embeddable":true,"href":"https:\/\/zojopackaging.com\/de\/wp-json\/wp\/v2\/product_tag?post=8401"}],"curies":[{"name":"wp","href":"https:\/\/api.w.org\/{rel}","templated":true}]}}