{"id":8490,"date":"2025-03-28T17:50:25","date_gmt":"2025-03-28T09:50:25","guid":{"rendered":"https:\/\/zojopackaging.com\/?post_type=product&#038;p=8490"},"modified":"2025-03-28T17:55:33","modified_gmt":"2025-03-28T09:55:33","slug":"luxury-custom-nail-polish-packaging-gift-boxes-wholesale","status":"publish","type":"product","link":"https:\/\/zojopackaging.com\/de\/product\/luxury-custom-nail-polish-packaging-gift-boxes-wholesale\/","title":{"rendered":"Luxus benutzerdefinierte Nagellack Verpackung Geschenk-Boxen Gro\u00dfhandel"},"content":{"rendered":"<h3 id=\"-luxury-customized-nail-polish-packaging-gift-box-wholesale-product-description-\"><strong>Luxuri\u00f6se kundenspezifische Nagellackverpackung Geschenkbox Gro\u00dfhandel<\/strong><\/h3>\n<h4 id=\"-i-magnetic-embedded-packaging-box-design-a-double-breakthrough-of-convenience-and-aesthetics-\"><strong>I. Magnetischer Verschluss Verpackungsdesign: Ein doppelter Durchbruch in Sachen Bequemlichkeit und \u00c4sthetik<\/strong><\/h4>\n<ol>\n<li><strong>Magnetverschluss Struktur<\/strong>: Mit einem versteckten magnetischen \u00d6ffnungs- und Verschlusssystem ist der Magnet vollst\u00e4ndig in das Geh\u00e4use und die Abdeckplatte eingebettet, um Abnutzungs- oder Oxidationsprobleme zu vermeiden, die durch die Exposition herk\u00f6mmlicher Magnete verursacht werden, und die Lebensdauer zu verl\u00e4ngern. Das \"Klick\"-Ger\u00e4usch beim Schlie\u00dfen des Kastendeckels vermittelt ein Gef\u00fchl von Ritual, und die Leichtg\u00e4ngigkeit des \u00d6ffnens und Schlie\u00dfens wird durch 300% verbessert, und die Benutzer k\u00f6nnen es mit einer Hand bedienen.<\/li>\n<li><strong>Kreislaufwirtschaft und umweltfreundliche Eigenschaften<\/strong>: Die magnetische Struktur erm\u00f6glicht unbegrenztes \u00d6ffnen und Schlie\u00dfen ohne Besch\u00e4digung. Durch die austauschbare Auskleidung kann die Verpackungsbox in eine Schmuckschachtel, eine Aufbewahrungsbox f\u00fcr Schreibwaren usw. umgewandelt werden, wodurch das Konzept \"Verpackung ist das Produkt\" f\u00fcr den Verbraucher aufgewertet wird.<\/li>\n<\/ol>\n<h4 id=\"-ii-environmentally-friendly-material-system-sustainable-development-from-raw-materials-to-process-\"><strong>2. Umweltfreundliches Materialsystem: nachhaltige Entwicklung von den Rohstoffen bis zum Prozess<\/strong><\/h4>\n<ol>\n<li><strong>Schema der Materialkombination<\/strong>:<\/li>\n<li><strong>\u00c4u\u00dfere Schicht<\/strong>: 157g C2S gestrichenes Kunstdruckpapier (beidseitig gestrichenes Papier), mit Seidenglanz und hoher Farbwiedergabe<\/li>\n<li><strong>Innere Schicht<\/strong>: 1200g Hartpappe (hochfester Graukarton), Druckfestigkeit von 15kg\/cm\u00b2<\/li>\n<li><strong>Zertifizierungsstandard<\/strong>: FSC-Forstzertifizierung, bedruckt mit umweltfreundlicher Tinte auf Wasserbasis, in \u00dcbereinstimmung mit der EU-Umweltrichtlinie REACH<\/li>\n<li><strong>Visuelles Umweltschutz-Logo<\/strong>:<\/li>\n<li>Der Kartonk\u00f6rper verwendet als Hauptfarbe Pantone PANTONE 17-5936 TPG (\u00f6kologisches Gr\u00fcn), das von 87% der Verbraucher weltweit als Umweltschutzsymbol anerkannt wurde.<\/li>\n<li>Die Unterseite der Schachtel ist mit einem abbaubaren Logo und einem QR-Code f\u00fcr den CO2-Fu\u00dfabdruck bedruckt, der gescannt werden kann, um die Umweltschutzdaten des gesamten Lebenszyklus der Verpackung zu ermitteln.<\/li>\n<\/ol>\n<h4 id=\"-iii-eva-anti-seismic-lining-system-a-scientific-solution-for-transportation-safety-\"><strong>3. EVA-Antiseismik-Auskleidung: eine wissenschaftliche L\u00f6sung f\u00fcr die Verkehrssicherheit<\/strong><\/h4>\n<ol>\n<li><strong>Leistung der Pufferung<\/strong>:<\/li>\n<li>Ma\u00dfgeschneiderte 3mm EVA-Schaumstoffeinlage mit hoher Dichte, Sto\u00dfd\u00e4mpfung \u226585%<\/li>\n<li>Die pr\u00e4zise geformte Rillenstruktur kann 6-12 Nagellackflaschen fixieren, um Kollisionen und Verschiebungen beim Transport zu verhindern<\/li>\n<li><strong>Aufwertung der Umwelt<\/strong>:<\/li>\n<li>Optionales biologisch abbaubares EVA-Material auf Maisst\u00e4rkebasis, nat\u00fcrliche Zersetzungsrate \u00fcbersteigt 90% innerhalb von 180 Tagen<\/li>\n<li>Die Oberfl\u00e4che des Innenfutters ist mit einem beflockten Stoff \u00fcberzogen, um das visuelle Gef\u00fchl von Luxus und den taktilen Komfort beim Auspacken zu verbessern.<\/li>\n<\/ol>\n<h4 id=\"-fourth-full-dimensional-customization-service-seamless-connection-from-concept-to-finished-product-\"><strong>4. Volldimensionaler Anpassungsservice: nahtlose Verbindung vom Konzept zum fertigen Produkt<\/strong><\/h4>\n<ol>\n<li><strong>Strukturelle Innovation<\/strong>:<\/li>\n<li>Unterst\u00fctzt 27 Arten von Schachtelanpassungen, wie z.B. Schubladen, buchf\u00f6rmige Schachteln und Deckel, mit einer speziellen Schnittgenauigkeit von \u00b10,3 mm<\/li>\n<li><strong>Visuelle Systemanpassung<\/strong>:<\/li>\n<li>Verwendung einer deutschen 7-Farben-Offsetdruckmaschine von Heidelberg, Farbunterschied \u0394E\u22641,5 (internationaler Standard \u0394E\u22643)<\/li>\n<li>Unterst\u00fctzt 12 Oberfl\u00e4chenverfahren wie Hei\u00dfpr\u00e4gung\/UV\/Pr\u00e4gung, und die Haftung der Metalltextur beim Hei\u00dfpr\u00e4gen erreicht die Stufe 5B (ASTM D3359 Standard)<\/li>\n<\/ol>\n<h3 id=\"-v-china-s-smart-manufacturing-advantages-flexible-production-capacity-of-the-source-factory-\"><strong>5. Chinas Vorteile der intelligenten Fertigung: flexible Produktionskapazit\u00e4t der Ausgangsfabrik<\/strong><\/h3>\n<ol>\n<li><strong>Garantie der Produktionskapazit\u00e4t<\/strong>:<\/li>\n<li>12 vollautomatische Produktionslinien mit einer t\u00e4glichen Produktionskapazit\u00e4t von mehr als 100.000 Kartons, die eine ultraschnelle 48-Stunden-G\u00e4rung erm\u00f6glichen<\/li>\n<li>1000+SKU-Datenbank mit intelligentem Abgleich zur Reduzierung der Kosten f\u00fcr die Entwicklung neuer Kunden<\/li>\n<li><strong>System der Qualit\u00e4tskontrolle<\/strong>:<\/li>\n<li>Umsetzung der Druckqualit\u00e4tsnormen GB\/T 7705-2023, 36 Qualit\u00e4tspr\u00fcfungsverfahren w\u00e4hrend des gesamten Prozesses<\/li>\n<li>Ausgestattet mit einem X-Rite-Spektralphotometer zur Farb\u00fcberwachung in Echtzeit, um die Konsistenz der Chargen zu gew\u00e4hrleisten<\/li>\n<\/ol>\n<p><strong>Wert der Zusammenarbeit<\/strong>\u00a0Als ein Kernunternehmen im chinesischen Verpackungsindustrieg\u00fcrtel nutzen wir den Gedanken der \"Verpackung als Medium\", um Marken durch drei innovative Module zu helfen, Folgendes zu erreichen: magnetisches \u00d6ffnen und Schlie\u00dfen, umweltfreundliche Materialien und erdbebensichere Auskleidung:<\/p>\n<ul>\n<li><strong>Produktpr\u00e4mie<\/strong>: Die Verpackungskosten belaufen sich auf \u226415%, und der Endpreis kann um 40-60% erh\u00f6ht werden.<\/li>\n<li><strong>Benutzerbindung<\/strong>92% der Verbraucher sind bereit, wiederverwendbare Verpackungen aufzubewahren (Daten der Nielsen-Umfrage 2024)<\/li>\n<li><strong>ESG-Wert<\/strong>: Reduzierung der Kohlendioxidemissionen um 3,2 Tonnen pro 100.000 Kartons und Unterst\u00fctzung der Marken beim Erreichen ihrer Klimaneutralit\u00e4tsziele<\/li>\n<\/ul>","protected":false},"excerpt":{"rendered":"<p>1. Magnetverschluss-Verpackungsbox, Magnet eingebettet Design, um externe Abnutzung zu vermeiden, leicht zu \u00f6ffnen und zu schlie\u00dfen, umweltfreundlich und wiederverwendbar<br \/>\n2. 157g C2S gestrichenes Kunstdruckpapier + 1200g Hartkarton, Verpackungsschachtel f\u00fcr nachhaltige Entwicklung<br \/>\n3. Die gr\u00fcne Umweltschutzfarbe des Kastenk\u00f6rpers ist universell als Umweltschutzsymbol, das schnell Marken und nachhaltige Entwicklung etablieren kann<br \/>\n4. EVA-Futter kann Schock w\u00e4hrend des Transports zu puffern und sch\u00fctzen Nagellack Verpackung vor Sch\u00e4den<br \/>\n5. Die Box-Typ, Material, Farbe und Gr\u00f6\u00dfe k\u00f6nnen angepasst werden, um Ihre Nagellack Verpackung Geschenkbox passen<\/p>","protected":false},"featured_media":8491,"template":"","meta":[],"product_brand":[],"product_cat":[30,390,424,31],"product_tag":[837,838,839],"class_list":{"0":"post-8490","1":"product","2":"type-product","3":"status-publish","4":"has-post-thumbnail","6":"product_cat-by-industry","7":"product_cat-custom-cosmetics-boxes","8":"product_cat-magnetic-closure-boxes","9":"product_cat-paper-box-style","10":"product_tag-custom-nail-polish-packaging","11":"product_tag-luxury-nail-polish-boxes","12":"product_tag-nail-polish-gift-boxes-wholesale","14":"first","15":"instock","16":"shipping-taxable","17":"product-type-simple"},"_links":{"self":[{"href":"https:\/\/zojopackaging.com\/de\/wp-json\/wp\/v2\/product\/8490","targetHints":{"allow":["GET"]}}],"collection":[{"href":"https:\/\/zojopackaging.com\/de\/wp-json\/wp\/v2\/product"}],"about":[{"href":"https:\/\/zojopackaging.com\/de\/wp-json\/wp\/v2\/types\/product"}],"version-history":[{"count":2,"href":"https:\/\/zojopackaging.com\/de\/wp-json\/wp\/v2\/product\/8490\/revisions"}],"predecessor-version":[{"id":8493,"href":"https:\/\/zojopackaging.com\/de\/wp-json\/wp\/v2\/product\/8490\/revisions\/8493"}],"wp:featuredmedia":[{"embeddable":true,"href":"https:\/\/zojopackaging.com\/de\/wp-json\/wp\/v2\/media\/8491"}],"wp:attachment":[{"href":"https:\/\/zojopackaging.com\/de\/wp-json\/wp\/v2\/media?parent=8490"}],"wp:term":[{"taxonomy":"product_brand","embeddable":true,"href":"https:\/\/zojopackaging.com\/de\/wp-json\/wp\/v2\/product_brand?post=8490"},{"taxonomy":"product_cat","embeddable":true,"href":"https:\/\/zojopackaging.com\/de\/wp-json\/wp\/v2\/product_cat?post=8490"},{"taxonomy":"product_tag","embeddable":true,"href":"https:\/\/zojopackaging.com\/de\/wp-json\/wp\/v2\/product_tag?post=8490"}],"curies":[{"name":"wp","href":"https:\/\/api.w.org\/{rel}","templated":true}]}}