{"id":8494,"date":"2025-03-28T17:55:43","date_gmt":"2025-03-28T09:55:43","guid":{"rendered":"https:\/\/zojopackaging.com\/?post_type=product&#038;p=8494"},"modified":"2025-03-28T21:44:01","modified_gmt":"2025-03-28T13:44:01","slug":"custom-printed-presentation-boxes-wholesale-with-logo","status":"publish","type":"product","link":"https:\/\/zojopackaging.com\/de\/product\/custom-printed-presentation-boxes-wholesale-with-logo\/","title":{"rendered":"Individuell bedruckte Pr\u00e4sentationsboxen Gro\u00dfhandel mit Logo"},"content":{"rendered":"<h3 id=\"custom-printed-display-box-wholesale-with-logo-product-description\">Individuell bedruckte Display Box Gro\u00dfhandel mit Logo<\/h3>\n<h4 id=\"-i-environmentally-friendly-material-system-dual-guarantee-of-sustainability-and-quality-\"><strong>I. Umweltfreundliches Materialsystem: doppelte Garantie f\u00fcr Nachhaltigkeit und Qualit\u00e4t<\/strong><\/h4>\n<ol>\n<li><strong>157g C2S gestrichenes Papier + 1200g hochfester Graukarton Kombination<\/strong>:<\/li>\n<li><strong>\u00c4u\u00dfere Schicht<\/strong>: 157g doppelseitig gestrichenes Papier (C2S gestrichenes Kunstdruckpapier) wird verwendet, die Oberfl\u00e4che f\u00fchlt sich seidig an, die Farbwiedergabe ist so hoch wie 98%, und es unterst\u00fctzt den hochaufl\u00f6senden Druck von Markenlogos und komplexen Mustern.<\/li>\n<li><strong>Innere Schicht<\/strong>: 1200g hochfester Graukarton (Hartpappe) sorgt f\u00fcr eine sehr hohe Druckfestigkeit (\u226515kg\/cm\u00b2), so dass sich der Karton beim Transport und Stapeln nicht verformt.<\/li>\n<li><strong>Umweltzertifizierung<\/strong>: Das Material ist FSC-zertifiziert, und f\u00fcr den Druck wird umweltfreundliche Tinte auf Wasserbasis verwendet, die der REACH-Richtlinie der EU entspricht, wobei sowohl das Markenimage als auch die Erfordernisse der nachhaltigen Entwicklung ber\u00fccksichtigt werden.<\/li>\n<li><strong>Visuelles Umweltschutz-Logo<\/strong>: Die Hauptfarbe der Box kann aus Pantone Classic Blue ausgew\u00e4hlt werden. Diese Farbe reduziert nachweislich die visuelle Erm\u00fcdung und schafft eine entspannte und heilsame Markenatmosph\u00e4re. Gleichzeitig wird sie durch ein abbaubares Logo und einen QR-Code f\u00fcr den CO2-Fu\u00dfabdruck erg\u00e4nzt, um die Verbreitung von Umweltschutzkonzepten zu st\u00e4rken.<\/li>\n<\/ol>\n<h4 id=\"-second-the-design-of-the-top-and-bottom-lid-box-type-the-perfect-combination-of-ritual-sense-and-functionality-\"><strong>2. Das Design der oberen und unteren Deckel Box Typ: die perfekte Kombination von Ritual Sinn und Funktionalit\u00e4t<\/strong><\/h4>\n<ol>\n<li><strong>Optimierung der Ober- und Unterlidstruktur<\/strong>:<\/li>\n<li>Der obere und untere Deckel wird mit einer Genauigkeit von \u00b10,5 mm geschlossen. Beim \u00d6ffnen und Schlie\u00dfen hilft die magnetische Ansaugung bei der Positionierung. Der 40% kann mit einer Hand bedient werden, und das Auspacken geht leichter von der Hand.<\/li>\n<li>Der Rand der Schachtel hat ein abgerundetes, kratzfestes Design, kombiniert mit einem 3 mm dicken Kartenschlitz, um die Fixierung und den Pr\u00e4sentationseffekt von handgefertigten Produkten zu verbessern.<\/li>\n<li><strong>Kundenspezifische Erweiterung<\/strong>: Es unterst\u00fctzt 27 Arten von Schachteln, wie z.B. Schubladen, buchf\u00f6rmige Schachteln und spezielle Formschnitte. Die Genauigkeit der speziell geformten Struktur liegt bei \u00b10,3 mm, die sich an die Gr\u00f6\u00dfen- und Formanforderungen verschiedener handgefertigter Produkte wie Schmuck, Keramik und Textilien anpassen l\u00e4sst.<\/li>\n<\/ol>\n<h4 id=\"-iii-eva-anti-seismic-lining-system-all-round-protection-solution-\"><strong>3. EVA-Antiseismik-Auskleidung: Rundum-Schutzl\u00f6sung<\/strong><\/h4>\n<ol>\n<li><strong>Ma\u00dfgeschneiderte Pufferauskleidung<\/strong>:<\/li>\n<li>Die Verwendung von 3 mm hochdichtem EVA-Schaumstoff sorgt f\u00fcr eine Sto\u00dfd\u00e4mpfung von \u226585%, und die pr\u00e4zise Formrille kann zerbrechliche Gegenst\u00e4nde fixieren, um Zusammenst\u00f6\u00dfe und Verschiebungen w\u00e4hrend des Transports zu vermeiden.<\/li>\n<li>Die Oberfl\u00e4che des Futters kann beflockt oder mit einer matten Folie \u00fcberzogen werden, die zart und rutschfest ist und die Oberfl\u00e4che der handgefertigten Produkte vor Kratzern sch\u00fctzt.<\/li>\n<li><strong>Aufwertung der Umwelt<\/strong>: Biologisch abbaubares EVA-Material auf Maisst\u00e4rkebasis mit einer nat\u00fcrlichen Zersetzungsrate von \u00fcber 90% innerhalb von 180 Tagen, was dem Umweltschutzgedanken der Marke entspricht.<\/li>\n<\/ol>\n<h4 id=\"-iv-high-precision-printing-and-craftsmanship-luxurious-presentation-of-brand-vision-\"><strong>4. Hochpr\u00e4zisionsdruck und Handwerkskunst: luxuri\u00f6se Pr\u00e4sentation der Markenvision<\/strong><\/h4>\n<ol>\n<li><strong>Null-Farbunterschied-Drucktechnologie<\/strong>:<\/li>\n<li>Durch den Einsatz der deutschen 7-Farben-Offsetdruckmaschine von Heidelberg und die Kontrolle des Farbunterschieds \u0394E\u22641,5 (internationaler Standard \u0394E\u22643) wird sichergestellt, dass das Markenlogo und der Musterdruck klar und scharf sind.<\/li>\n<li>Unterst\u00fctzt den Druck von Sonderfarben und Farbverl\u00e4ufen, und die Farbs\u00e4ttigung erreicht 98%, was den Pantone-Farbkarten entspricht.<\/li>\n<li><strong>Hei\u00dfpr\u00e4getechnik sorgt f\u00fcr mehr Textur<\/strong>:<\/li>\n<li>F\u00fcr die partielle Hei\u00dfpr\u00e4gung wird eine 24-kar\u00e4tige Goldfolie mit einem Haftverm\u00f6gen von 5B (ASTM D3359) verwendet, die verschiedene Texturen wie Reliefs und Zuckerguss aufweisen kann, was der Verpackung einen Hauch von Luxus und Sammlerwert verleiht.<\/li>\n<li>Die Verschlei\u00dffestigkeit des Hei\u00dfpr\u00e4gebereichs wird durch 50% erh\u00f6ht und verblasst auch nach langem Gebrauch nicht, was das hochwertige Image der Marke st\u00e4rkt.<\/li>\n<\/ol>\n<h4 id=\"-v-direct-supply-from-china-s-source-factory-flexible-production-and-efficient-response-\"><strong>5. Direkte Lieferung aus Chinas Ursprungsfabrik: flexible Produktion und effiziente Reaktion<\/strong><\/h4>\n<ol>\n<li><strong>Qualit\u00e4tskontrollsystem garantiert<\/strong>:<\/li>\n<li>Umsetzung der Qualit\u00e4tsstandards GB\/T 7705-2023 f\u00fcr Druckerzeugnisse, 36 Qualit\u00e4tskontrollverfahren w\u00e4hrend des gesamten Prozesses und Ausstattung mit einem X-Rite-Spektralphotometer zur \u00dcberwachung der Farbkonsistenz in Echtzeit.<\/li>\n<li>Unterst\u00fctzung der Inspektion durch Dritte und Verfolgung der Logistik, um Transparenz und Kontrolle von der Produktion bis zur Lieferung zu gew\u00e4hrleisten.<\/li>\n<\/ol>\n<p><strong>Zusammenarbeit Wert<\/strong>\u00a0Durch die vier Kernmodule umweltfreundliche Materialien, Deckelstruktur, individuelle Auskleidung und Hei\u00dfpr\u00e4getechnik kann die Marke ihre Ziele erreichen:<\/p>\n<ul>\n<li><strong>Produktpr\u00e4mie<\/strong>: Die Verpackungskosten betragen \u226412%, und der Endverkaufspreis kann um 30-50% erh\u00f6ht werden;<\/li>\n<li><strong>Verbesserung der Benutzerfreundlichkeit<\/strong>92% der Nutzer haben Markenerinnerungspunkte f\u00fcr hochwertige Verpackungen;<\/li>\n<li><strong>\u00d6kologischer Wert<\/strong>: Reduzierung von 2,8 Tonnen Kohlenstoffemissionen pro 100.000 Kartons, was dem Unternehmen hilft, seine ESG-Ziele zu erreichen.<\/li>\n<\/ul>","protected":false},"excerpt":{"rendered":"<p>1. 157g C2S gestrichenes Kunstdruckpapier + 1200g Hartkarton, umweltfreundliche und nachhaltige Materialien<br \/>\n2. Deckel- und Bodenkarton, mit oberer und unterer Deckelstruktur, um dem Kunden das Auspacken zu erleichtern<br \/>\n3. Unbegrenzte Anpassung der Box Art, Material, Farbe und Gr\u00f6\u00dfe, um Ihre handgefertigte Geschenk-Box passen<\/p>","protected":false},"featured_media":8496,"template":"","meta":[],"product_brand":[],"product_cat":[30,423,425,31],"product_tag":[857,859,858],"class_list":{"0":"post-8494","1":"product","2":"type-product","3":"status-publish","4":"has-post-thumbnail","6":"product_cat-by-industry","7":"product_cat-custom-presentation-boxes-by-industry","8":"product_cat-lid-and-base-gift-box","9":"product_cat-paper-box-style","10":"product_tag-custom-presentation-boxes","11":"product_tag-presentation-boxes","12":"product_tag-presentation-boxes-wholesale","14":"first","15":"instock","16":"shipping-taxable","17":"product-type-simple"},"_links":{"self":[{"href":"https:\/\/zojopackaging.com\/de\/wp-json\/wp\/v2\/product\/8494","targetHints":{"allow":["GET"]}}],"collection":[{"href":"https:\/\/zojopackaging.com\/de\/wp-json\/wp\/v2\/product"}],"about":[{"href":"https:\/\/zojopackaging.com\/de\/wp-json\/wp\/v2\/types\/product"}],"version-history":[{"count":1,"href":"https:\/\/zojopackaging.com\/de\/wp-json\/wp\/v2\/product\/8494\/revisions"}],"predecessor-version":[{"id":8508,"href":"https:\/\/zojopackaging.com\/de\/wp-json\/wp\/v2\/product\/8494\/revisions\/8508"}],"wp:featuredmedia":[{"embeddable":true,"href":"https:\/\/zojopackaging.com\/de\/wp-json\/wp\/v2\/media\/8496"}],"wp:attachment":[{"href":"https:\/\/zojopackaging.com\/de\/wp-json\/wp\/v2\/media?parent=8494"}],"wp:term":[{"taxonomy":"product_brand","embeddable":true,"href":"https:\/\/zojopackaging.com\/de\/wp-json\/wp\/v2\/product_brand?post=8494"},{"taxonomy":"product_cat","embeddable":true,"href":"https:\/\/zojopackaging.com\/de\/wp-json\/wp\/v2\/product_cat?post=8494"},{"taxonomy":"product_tag","embeddable":true,"href":"https:\/\/zojopackaging.com\/de\/wp-json\/wp\/v2\/product_tag?post=8494"}],"curies":[{"name":"wp","href":"https:\/\/api.w.org\/{rel}","templated":true}]}}