{"id":8509,"date":"2025-03-28T21:44:24","date_gmt":"2025-03-28T13:44:24","guid":{"rendered":"https:\/\/zojopackaging.com\/?post_type=product&#038;p=8509"},"modified":"2025-03-29T10:02:44","modified_gmt":"2025-03-29T02:02:44","slug":"custom-luxury-medal-gold-coin-gift-packaging-boxes-wholesale","status":"publish","type":"product","link":"https:\/\/zojopackaging.com\/de\/product\/custom-luxury-medal-gold-coin-gift-packaging-boxes-wholesale\/","title":{"rendered":"Benutzerdefinierte Luxus-Medaille Goldm\u00fcnze Geschenk Verpackung Boxen Gro\u00dfhandel"},"content":{"rendered":"<h3 id=\"-customized-luxury-medal-gold-coin-gift-packaging-box-wholesale-\"><strong>Customized Luxus Medaille Goldm\u00fcnze Geschenk Verpackung Box Gro\u00dfhandel<\/strong><\/h3>\n<h4 id=\"-1-top-and-bottom-cover-box-type-full-wrapping-structure-ultimate-protection-\"><strong>1. Deckel und Boden-Box-Typ: Vollumh\u00fcllung Struktur, ultimativen Schutz<\/strong><\/h4>\n<p>Bei der klassischen Deckel- und Bodenschachtel sind der obere Deckel und die Bodenschachtel pr\u00e4zise ineinander verschachtelt, um eine vollst\u00e4ndige Umh\u00fcllungsstruktur zu bilden, die effektiv staubdicht und extrusionssicher ist und das Risiko einer Verformung oder eines Auslaufens durch \u00e4u\u00dfere Kr\u00e4fte w\u00e4hrend des Transports oder der Lagerung vermeidet. Der Schachteltyp ist vom hochwertigen Boutique-Verpackungskonzept inspiriert, das nicht nur funktionale Anforderungen erf\u00fcllt, sondern dem Produkt auch ein Gef\u00fchl von W\u00fcrde verleiht. So kann beispielsweise die obere Abdeckung den Raum f\u00fcr die \u00d6ffnung reservieren, und die untere Abdeckung nutzt die Verst\u00e4rkungsstruktur der Innenkante, um die Stabilit\u00e4t der Schachtel zu gew\u00e4hrleisten, wenn sie geschlossen ist. Dar\u00fcber hinaus unterst\u00fctzt es kundenspezifische schr\u00e4ge \u00d6ffnungen, freiliegende Taille oder speziell geformte Schachteln (z. B. sechseckig, rund), um den Anforderungen von Kunstausstellungen gerecht zu werden.<\/p>\n<h4 id=\"-second-unlimited-customization-comprehensive-adaptation-of-materials-sizes-and-processes-\"><strong>2. Unbegrenzte Individualisierung: umfassende Anpassung von Materialien, Gr\u00f6\u00dfen und Verfahren<\/strong><\/h4>\n<ol>\n<li><strong>Flexible Materialauswahl<\/strong><\/li>\n<li><strong>Grundlegendes Material<\/strong>: 120g Soft-Touch-Papier (zarte Ber\u00fchrung) + 1200g Pappe (hochdichte Pappe), die sowohl umweltfreundlich als auch belastbar ist, was dem Trend zu nachhaltigen Verpackungen entspricht.<\/li>\n<li><strong>Pr\u00e4zise Abstimmung von Gr\u00f6\u00dfe und Farbe<\/strong>\u00a0Unterst\u00fctzt die Gr\u00f6\u00dfenanpassung im Millimeterbereich und passt sich so den speziellen Spezifikationen verschiedener Medaillen, Goldm\u00fcnzen oder Kunstwerke an. Das rote, kontrastreiche Schachteldesign kann die Attraktivit\u00e4t von Einzelhandelsregalen erheblich steigern, und mit dem matten Laminierungsverfahren k\u00f6nnen Reflexionen vermieden werden, die den visuellen Fokus st\u00f6ren.<\/li>\n<li><strong>Druckverfahren und Oberfl\u00e4chenbehandlung<\/strong><\/li>\n<li><strong>Hochaufl\u00f6sender Druck<\/strong>: Mit CNC-Gravur und Offsetdruck-Technologie, um sicherzustellen, dass das Muster und Text sind klar und ohne Geisterbilder, unterst\u00fctzt Hei\u00dfpr\u00e4gung, UV-Pr\u00e4gung, Siebdruck und andere Prozesse, genau wieder das Markenlogo.<\/li>\n<li><strong>Matte Filmbeschichtung<\/strong>: Die Oberfl\u00e4che ist mit einer matten Folie \u00fcberzogen, die wasser- und \u00f6lbest\u00e4ndig ist und die Lebensdauer der Verpackung verl\u00e4ngert, w\u00e4hrend die zarte Struktur des Touchpapiers erhalten bleibt.<\/li>\n<\/ol>\n<h4 id=\"-iii-eva-customized-lining-shock-resistant-cushioning-and-brand-value-added-\"><strong>3. EVA ma\u00dfgeschneiderte Futter: sto\u00dffest D\u00e4mpfung und Marke Wert hinzugef\u00fcgt<\/strong><\/h4>\n<ol>\n<li><strong>Schutz des Kerns<\/strong>: EVA-Futter ist Standard in der Box, die die Medaille \/ M\u00fcnze Umriss durch pr\u00e4zise Form\u00f6ffnung passt, um sto\u00dffeste Polsterung Schutz zu bieten und Produktsch\u00e4den durch Transport St\u00f6\u00dfe verursacht zu vermeiden.<\/li>\n<li><strong>Anpassung der Marke<\/strong>: Unterst\u00fctzt die Aufr\u00fcstung mit Samtschwamm, Beflockung oder abbaubarem umweltfreundlichem Futter. Die Oberfl\u00e4che des Innenfutters kann mit Markenslogans oder erz\u00e4hlenden Mustern bedruckt werden, um das Gef\u00fchl der Auspackzeremonie und die Erinnerungspunkte des Kunden zu verbessern.<\/li>\n<\/ol>\n<h4 id=\"-iv-advantages-of-china-s-source-factory-one-stop-service-guarantee-\"><strong>4. Vorteile der chinesischen Ausgangsfabrik: Garantie f\u00fcr Service aus einer Hand<\/strong><\/h4>\n<p>Als Chinas f\u00fchrender Hersteller von Verpackungskartons integrieren wir die gesamte Kette von Design, Proofing und Produktion, um eine effiziente Reaktion zu gew\u00e4hrleisten:<\/p>\n<ol>\n<li><strong>Schnelles Proofing<\/strong>: 3D-Modellierung und physische Muster sind parallel, und ein strenger Farbkalibrierungsprozess vermeidet Farbunterschiede, um die Konsistenz von Designentw\u00fcrfen und fertigen Produkten zu gew\u00e4hrleisten.<\/li>\n<li><strong>Massenproduktion<\/strong>: Dank automatisierter Produktionslinien und flexibler Versorgungsketten ist das Unternehmen in der Lage, Mindestbestellmengen von 500 St\u00fcck und 72-Stunden-Expresslieferungen zu erf\u00fcllen, um den dringenden Bedarf der Gro\u00dfhandelskunden zu decken.<\/li>\n<li><strong>Engagement f\u00fcr die Umwelt<\/strong>: Wir verwenden FSC-zertifiziertes Papier und Tinte auf Wasserbasis, erf\u00fcllen Exportstandards und unterst\u00fctzen Marken bei der Wahrnehmung ihrer sozialen Verantwortung.<\/li>\n<\/ol>\n<h4 id=\"-v-application-scenarios-and-successful-cases-\"><strong>5. Anwendungsszenarien und erfolgreiche F\u00e4lle<\/strong><\/h4>\n<ul>\n<li><strong>Auszeichnungen f\u00fcr Unternehmen<\/strong>: F\u00fcr ein bekanntes Technologieunternehmen wurde eine sechseckige, mattschwarze Schachtel mit integrierter magnetischer \u00d6ffnungs- und Verschlussstruktur und einem silbernen LOGO f\u00fcr die j\u00e4hrliche Verleihung einer Mitarbeitermedaille hergestellt.<\/li>\n<li><strong>Kunstsammlung<\/strong>: Ma\u00dfgeschneiderte runde Acryl-Deckelschachtel f\u00fcr eine M\u00fcnzausstellung, mit einem transparenten Deckel, der die Details der Goldm\u00fcnze intuitiv anzeigt, und einem mit der Sammlungsnummer bedruckten Boden aus Samt.<\/li>\n<li><strong>Display f\u00fcr den Einzelhandel<\/strong>: Die rote Geschenkschachtel ist mit einem goldenen G\u00fcrtelsiegel versehen, das dazu beigetragen hat, dass die limitierte Goldm\u00fcnzenserie einer Luxusmarke bereits am ersten Tag ihrer Einf\u00fchrung ausverkauft war.<\/li>\n<\/ul>","protected":false},"excerpt":{"rendered":"<p>1. Der Deckel und der Boden der Schachtel sind fest verschachtelt, um eine vollst\u00e4ndig umh\u00fcllte Struktur zu bilden, die effektiv Staub und Extrusion verhindert und den Inhalt vor dem Auslaufen sch\u00fctzt<br \/>\n2. Der Schachteltyp, das Material, die Farbe, die Gr\u00f6\u00dfe und der Oberfl\u00e4chendruckprozess k\u00f6nnen an Ihre Medaille, Goldm\u00fcnze, Geschenk und Kunstverpackung angepasst werden.<br \/>\n3. Wir sind die Quelle Verpackung Box Fabrik in China, vor allem in verschiedenen Geschenk-Boxen, Farbe Boxen, Karte Boxen, zylindrische Papier Dosen, Tag Handtaschen und andere Papier-Verpackungsprodukte engagiert<\/p>","protected":false},"featured_media":8511,"template":"","meta":[],"product_brand":[],"product_cat":[30,423,425,31],"product_tag":[871,872,873],"class_list":{"0":"post-8509","1":"product","2":"type-product","3":"status-publish","4":"has-post-thumbnail","6":"product_cat-by-industry","7":"product_cat-custom-presentation-boxes-by-industry","8":"product_cat-lid-and-base-gift-box","9":"product_cat-paper-box-style","10":"product_tag-custom-medal-packaging-boxes","11":"product_tag-gold-coin-boxes-wholesale","12":"product_tag-medal-gold-coin-packaging","14":"first","15":"instock","16":"shipping-taxable","17":"product-type-simple"},"_links":{"self":[{"href":"https:\/\/zojopackaging.com\/de\/wp-json\/wp\/v2\/product\/8509","targetHints":{"allow":["GET"]}}],"collection":[{"href":"https:\/\/zojopackaging.com\/de\/wp-json\/wp\/v2\/product"}],"about":[{"href":"https:\/\/zojopackaging.com\/de\/wp-json\/wp\/v2\/types\/product"}],"version-history":[{"count":2,"href":"https:\/\/zojopackaging.com\/de\/wp-json\/wp\/v2\/product\/8509\/revisions"}],"predecessor-version":[{"id":8523,"href":"https:\/\/zojopackaging.com\/de\/wp-json\/wp\/v2\/product\/8509\/revisions\/8523"}],"wp:featuredmedia":[{"embeddable":true,"href":"https:\/\/zojopackaging.com\/de\/wp-json\/wp\/v2\/media\/8511"}],"wp:attachment":[{"href":"https:\/\/zojopackaging.com\/de\/wp-json\/wp\/v2\/media?parent=8509"}],"wp:term":[{"taxonomy":"product_brand","embeddable":true,"href":"https:\/\/zojopackaging.com\/de\/wp-json\/wp\/v2\/product_brand?post=8509"},{"taxonomy":"product_cat","embeddable":true,"href":"https:\/\/zojopackaging.com\/de\/wp-json\/wp\/v2\/product_cat?post=8509"},{"taxonomy":"product_tag","embeddable":true,"href":"https:\/\/zojopackaging.com\/de\/wp-json\/wp\/v2\/product_tag?post=8509"}],"curies":[{"name":"wp","href":"https:\/\/api.w.org\/{rel}","templated":true}]}}