{"id":8540,"date":"2025-03-29T10:52:04","date_gmt":"2025-03-29T02:52:04","guid":{"rendered":"https:\/\/zojopackaging.com\/?post_type=product&#038;p=8540"},"modified":"2025-03-29T11:18:18","modified_gmt":"2025-03-29T03:18:18","slug":"custom-cannabis-concentrate-telescopic-packaging-wholesale","status":"publish","type":"product","link":"https:\/\/zojopackaging.com\/de\/product\/custom-cannabis-concentrate-telescopic-packaging-wholesale\/","title":{"rendered":"Kundenspezifische Cannabiskonzentrat-Teleskopverpackungen Gro\u00dfhandel"},"content":{"rendered":"<h2 id=\"product-description-of-cannabis-concentrate-telescopic-packaging-wholesale\">Kundenspezifische Cannabiskonzentrat-Teleskopverpackungen Gro\u00dfhandel<\/h2>\n<h3 id=\"-1-environmentally-friendly-and-sustainable-material-system-industrial-grade-protection-and-green-certification-\"><strong>1. Umweltfreundliches und nachhaltiges Materialsystem: Schutz in Industriequalit\u00e4t und gr\u00fcne Zertifizierung<\/strong><\/h3>\n<p>annehmen.\u00a0<strong>157g C2S gestrichenes Kunstdruckpapier + 1000g Hartfaserplatte<\/strong>\u00a0Verbundstruktur, um einen doppelten Durchbruch in Sachen Umweltschutz und Funktion zu erzielen:<\/p>\n<ul>\n<li><strong>Materialeigenschaften<\/strong>: Die Oberfl\u00e4chengl\u00e4tte von C2S-beschichtetem Papier erreicht den Druckstandard (\u226585% Glanz), gibt Farben mit hoher S\u00e4ttigung genau wieder; die Druckfestigkeit der Hartpappe erreicht das 1,5-fache des Industriestandards, was f\u00fcr das Gewicht und die Form von Cannabiskonzentraten (wie Dab-Wachs, Live-Harz) geeignet ist.<\/li>\n<li><strong>Umweltzertifizierung<\/strong>: FSC-Forstwirtschaftszertifizierung und ISO 14001-Umweltmanagementsystem. Die Recyclingf\u00e4higkeit des Materials betr\u00e4gt mehr als 95%, was den gesetzlichen Anforderungen des europ\u00e4ischen und amerikanischen Marktes f\u00fcr nachhaltige Verpackungen entspricht.<\/li>\n<\/ul>\n<h3 id=\"-second-magnetic-embedded-structure-minimalist-aesthetics-and-functional-innovation-\"><strong>2. Magnetische Verschlussstruktur: minimalistische \u00c4sthetik und funktionelle Innovation<\/strong><\/h3>\n<ol>\n<li><strong>Magnetische Verriegelungstechnik<\/strong><\/li>\n<li><strong>Versteckte Magnetkonstruktion<\/strong>: Der Magnet ist im Inneren der Box eingebettet, um externen Verschlei\u00df zu vermeiden (wie der traditionelle NdFeB-Magnetring ist leicht zu oxidieren). Das Ferrit-Magnetmaterial wird durch den Spritzgussprozess mit der Pappe kombiniert, um eine vertikale Saugkraft \u2265 3N\/cm\u00b2 zu erreichen, und die Lebensdauer beim \u00d6ffnen und Schlie\u00dfen \u00fcbersteigt 5000 Mal.<\/li>\n<li><strong>Strukturelle Optimierung<\/strong>: Geeignet f\u00fcr obere und untere Abdeckungen und Clamshell-Boxen, unterst\u00fctzt magnetische Clamshells (High-End-Positionierung) oder schubladenartige Magnetschienen (bequemer Zugang), und die Toleranzkontrolle im Millimeterbereich gew\u00e4hrleistet die Dichtheit des Verschlusses.<\/li>\n<li><strong>Visueller Minimalismus<\/strong><\/li>\n<li>Der Magnetverschluss ohne Schrauben und freiliegende Schnallen in Kombination mit der matten\/gl\u00e4nzenden Folienoberfl\u00e4chenbehandlung verst\u00e4rkt den Eindruck von Technologie und High-End-Positionierung.<\/li>\n<\/ol>\n<h3 id=\"-iii-spot-uv-process-high-precision-printing-and-second-level-curing-\"><strong>3. Spot-UV-Verfahren: Hochpr\u00e4zisionsdruck und Aush\u00e4rtung auf zweiter Ebene<\/strong><\/h3>\n<ol>\n<li><strong>Dynamische Drucktechnik<\/strong><\/li>\n<li><strong>Partielle UV-Pr\u00e4gung<\/strong>: 3D-Pr\u00e4geeffekt von LOGO und Cannabisblatt-Textur wird durch CNC-Offsetdrucktechnologie erreicht, UV-H\u00e4rtungszeit \u22645 Sekunden, und die Effizienz wird um 90% im Vergleich zur traditionellen thermischen Trocknung erh\u00f6ht.<\/li>\n<li><strong>Farbmanagement<\/strong>: Unterst\u00fctzt Pantone-Schmuckfarbe + Vier-Farben-Verlauf Druck, Farbunterschied Kontrolle \u22643%, zum Beispiel, fluoreszierende gr\u00fcn (Pantone 802C) kann Regalanzeige Erkennungsrate von 40% erh\u00f6hen.<\/li>\n<li><strong>Oberfl\u00e4chenschutzsystem<\/strong><\/li>\n<li>Gl\u00e4nzende Filmbeschichtung (Kratzschutz) + wasserdichte Nanobeschichtung (Auslaufschutz), angepasst an die Eigenschaften von Cannabiskonzentraten, die leicht von Temperatur und Feuchtigkeit beeinflusst werden.<\/li>\n<\/ol>\n<h3 id=\"-iv-full-dimensional-customization-solution-precise-adaptation-from-box-type-to-lining-\"><strong>4. Volldimensionale Anpassungsl\u00f6sung: pr\u00e4zise Anpassung vom Schachteltyp an die Auskleidung<\/strong><\/h3>\n<ol>\n<li><strong>Innovation in Form einer Box<\/strong><\/li>\n<li><strong>Basis-Box-Typ<\/strong>: Teleskopische Schachtel (geeignet f\u00fcr mehrere Konzentratspezifikationen), sechseckige magnetische Schachtel (Retro-Stil), transparente Fensterschachtel (intuitive Anzeige der Produktstruktur).<\/li>\n<li><strong>Funktionale Integration<\/strong>: Das Hakendesign optimiert die vertikale Auslage in Superm\u00e4rkten oder integriert NFC-Chips, um die R\u00fcckverfolgbarkeit von F\u00e4lschungen zu gew\u00e4hrleisten.<\/li>\n<li><strong>Auskleidungssystem<\/strong><\/li>\n<li><strong>EVA-Antiseismik-Auskleidung<\/strong>: Die Pr\u00e4zisionsform\u00f6ffnung passt sich der Kontur des Konzentrats an (z. B. Gl\u00e4ser, Silikonbeh\u00e4lter), die D\u00e4mpfungsleistung erreicht den ASTM D4169-Standard und unterst\u00fctzt die Aufr\u00fcstung mit einer Beflockungsauskleidung (antistatisch) oder einer abbaubaren Wabenpapierauskleidung (Umweltpositionierung).<\/li>\n<\/ol>\n<h3 id=\"-v-advantages-of-china-s-source-factory-compliance-cost-and-agile-delivery-\"><strong>5. Vorteile der chinesischen Ausgangsfabrik: Konformit\u00e4t, Kosten und schnelle Lieferung<\/strong><\/h3>\n<p>Als Fabrik im industriellen Kerng\u00fcrtel des Perlflussdeltas bieten wir:<\/p>\n<ol>\n<li><strong>Garantie der Einhaltung<\/strong><\/li>\n<li>FSC-zertifizierte Papierrohstoffe + Qualit\u00e4tskontrollsystem nach ISO 9001, Bereitstellung von SGS-Pr\u00fcfberichten und Exportkonformit\u00e4tsdokumenten.<\/li>\n<li><strong>Ultimative Kostenleistung<\/strong><\/li>\n<li>Die j\u00e4hrliche Produktionskapazit\u00e4t betr\u00e4gt mehr als 5.000 Tonnen, und durch die Gro\u00dfbeschaffung sind die Kosten 15%-20% niedriger als der durchschnittliche Marktpreis, so dass eine Mindestbestellmenge von 1.000 St\u00fcck m\u00f6glich ist.<\/li>\n<li><strong>Agile Reaktion<\/strong><\/li>\n<li>Bereitstellung von 3D-Renderings + physischen Musterkartons innerhalb von 48 Stunden, Massenproduktion innerhalb von 72 Stunden, Unterst\u00fctzung des grenz\u00fcberschreitenden FOB\/DDP-Versands.<\/li>\n<\/ol>\n<p><strong>Anwendungsszenarien und erfolgreiche F\u00e4lle<\/strong><\/p>\n<ul>\n<li><strong>Grenz\u00fcberschreitender elektronischer Gesch\u00e4ftsverkehr - hei\u00df begehrte Produkte<\/strong>: Ma\u00dfgeschneiderte fluoreszierende gr\u00fcne magnetische Klappboxen f\u00fcr eine nordamerikanische Marke, mit EVA-Vibrationsschutzauskleidung, Amazon's gleiche Kategorie Wiederkaufsrate stieg um 35%.<\/li>\n<li><strong>Medizinischer High-End-Markt<\/strong>: Mattschwarze magnetische Boxen + teilweise UV-Hei\u00dfpr\u00e4gung Prozess, helfen eine europ\u00e4ische medizinische Marihuana Marke Terminal Pr\u00e4mie von 50%.<\/li>\n<li><strong>Umweltschutzkonzept Linie<\/strong>: Abbaubares Papier mit Wabenstruktur und Sojatinte, B Corp-zertifiziertes Unternehmen, Gro\u00dfeinkauf.<\/li>\n<\/ul>","protected":false},"excerpt":{"rendered":"<p>1. 157g gestrichenes C2S-Kunstdruckpapier + 1000g Hartkarton, umweltfreundliche und nachhaltige Materialien<br \/>\n2. Magnetverschluss-Box, Magnet eingebettet Design zu vermeiden externen Verschlei\u00df, optisch einfacher<br \/>\n3. Spot-UV, vollst\u00e4ndig ausgeh\u00e4rtet in wenigen Sekunden, hocheffiziente Produktion<br \/>\n4. Unbegrenzte Anpassung der Box Art, Material, Farbe, Gr\u00f6\u00dfe, Oberfl\u00e4che Druckverfahren, um Ihr Konzentrat, Live-Resion, Dab Wachs Verpackung passen<\/p>","protected":false},"featured_media":8543,"template":"","meta":[],"product_brand":[],"product_cat":[30,420,424,31],"product_tag":[880,750,881],"class_list":{"0":"post-8540","1":"product","2":"type-product","3":"status-publish","4":"has-post-thumbnail","6":"product_cat-by-industry","7":"product_cat-custom-cannabis-boxes","8":"product_cat-magnetic-closure-boxes","9":"product_cat-paper-box-style","10":"product_tag-cannabis-packaging-wholesale","11":"product_tag-concentrate-packaging","12":"product_tag-concentrate-telescopic-packaging","14":"first","15":"instock","16":"shipping-taxable","17":"product-type-simple"},"_links":{"self":[{"href":"https:\/\/zojopackaging.com\/de\/wp-json\/wp\/v2\/product\/8540","targetHints":{"allow":["GET"]}}],"collection":[{"href":"https:\/\/zojopackaging.com\/de\/wp-json\/wp\/v2\/product"}],"about":[{"href":"https:\/\/zojopackaging.com\/de\/wp-json\/wp\/v2\/types\/product"}],"version-history":[{"count":1,"href":"https:\/\/zojopackaging.com\/de\/wp-json\/wp\/v2\/product\/8540\/revisions"}],"predecessor-version":[{"id":8547,"href":"https:\/\/zojopackaging.com\/de\/wp-json\/wp\/v2\/product\/8540\/revisions\/8547"}],"wp:featuredmedia":[{"embeddable":true,"href":"https:\/\/zojopackaging.com\/de\/wp-json\/wp\/v2\/media\/8543"}],"wp:attachment":[{"href":"https:\/\/zojopackaging.com\/de\/wp-json\/wp\/v2\/media?parent=8540"}],"wp:term":[{"taxonomy":"product_brand","embeddable":true,"href":"https:\/\/zojopackaging.com\/de\/wp-json\/wp\/v2\/product_brand?post=8540"},{"taxonomy":"product_cat","embeddable":true,"href":"https:\/\/zojopackaging.com\/de\/wp-json\/wp\/v2\/product_cat?post=8540"},{"taxonomy":"product_tag","embeddable":true,"href":"https:\/\/zojopackaging.com\/de\/wp-json\/wp\/v2\/product_tag?post=8540"}],"curies":[{"name":"wp","href":"https:\/\/api.w.org\/{rel}","templated":true}]}}