{"id":8548,"date":"2025-03-29T11:18:27","date_gmt":"2025-03-29T03:18:27","guid":{"rendered":"https:\/\/zojopackaging.com\/?post_type=product&#038;p=8548"},"modified":"2025-03-29T11:36:38","modified_gmt":"2025-03-29T03:36:38","slug":"custom-vitamin-nutritional-dietary-supplement-packaging-box","status":"publish","type":"product","link":"https:\/\/zojopackaging.com\/de\/product\/custom-vitamin-nutritional-dietary-supplement-packaging-box\/","title":{"rendered":"Individuelle Vitamin-Nahrungserg\u00e4nzungs-Verpackungsbox"},"content":{"rendered":"<h2 id=\"product-description-of-vitamin-nutrition-dietary-supplement-packaging-box-\">Kundenspezifische Vitamin-Nahrungserg\u00e4nzungs-Verpackungsbox<\/h2>\n<h3 id=\"-1-fsc-certified-environmentally-friendly-material-system-industrial-grade-protection-and-green-commitment-\"><strong>1. FSC-zertifiziertes, umweltfreundliches Materialsystem: Schutz in Industriequalit\u00e4t und gr\u00fcnes Engagement<\/strong><\/h3>\n<p>annehmen.\u00a0<strong>157g C2S gestrichenes Kunstdruckpapier + 1200g Hartfaserplatte<\/strong>\u00a0Verbundstruktur, um einen doppelten Durchbruch in Bezug auf Umweltschutz und Funktion zu erzielen:<\/p>\n<ul>\n<li><strong>Materialeigenschaften<\/strong>: Die Oberfl\u00e4chengl\u00e4tte des gestrichenen C2S-Papiers erreicht den Druckstandard (\u226590% Glanz) und gibt Farben mit hoher S\u00e4ttigung genau wieder; die Druckfestigkeit der 1200g-Hartfaserplatte erreicht das 1,8-fache des Industriestandards und kann dem Stapeldruck beim Transport standhalten (&gt;50kg\/m\u00b2), geeignet f\u00fcr Flaschen, Beutel mit Vitaminen und andere Produktformen.<\/li>\n<li><strong>Umweltzertifizierung<\/strong>: FSC-zertifizierte Forstwirtschaft, Recyclingf\u00e4higkeit von mehr als 95%, was den Anforderungen des europ\u00e4ischen und amerikanischen Marktes f\u00fcr nachhaltige Verpackungen entspricht.<\/li>\n<\/ul>\n<h3 id=\"-second-the-box-design-of-the-top-and-bottom-cover-full-protection-and-ritual-experience-\"><strong>2. Das Box-Design der oberen und unteren Abdeckung: voller Schutz und rituelle Erfahrung<\/strong><\/h3>\n<ol>\n<li><strong>Zweischichtige Schutzstruktur<\/strong><\/li>\n<li><strong>Pr\u00e4zises Nesting-Verfahren<\/strong>: Die obere Abdeckung und der untere Karton werden mit Millimetertoleranz kontrolliert, und nach dem Verschlie\u00dfen wird eine vollst\u00e4ndig umh\u00fcllte Struktur gebildet, die die Staub- und Feuchtigkeitsbest\u00e4ndigkeit um 40% verbessert und sich f\u00fcr grenz\u00fcberschreitende Transporte und Lagerungsanforderungen eignet.<\/li>\n<li><strong>Ergonomische Optimierung<\/strong>: Unterst\u00fctzt magnetische Flip-Cover (High-End-Positionierung) oder schubladenartige Gleitschienen (bequemer Zugriff), mit einer Lebensdauer von mehr als 5.000 Mal beim \u00d6ffnen und Schlie\u00dfen, was den h\u00e4ufigen Einsatzszenarien entspricht.<\/li>\n<li><strong>Visuelle und funktionale Integration<\/strong><\/li>\n<li><strong>Der Schachteltyp des oberen und unteren Deckels<\/strong>\u00a0kann mit einem transparenten Acrylfenster (Lichtdurchl\u00e4ssigkeit \u2265 90%) versehen werden, das das Flaschenetikett oder die Kapselfarbe intuitiv anzeigen und das Vertrauen der Verbraucher st\u00e4rken kann.<\/li>\n<\/ol>\n<h3 id=\"-three-emboss-hot-stamping-silver-process-luxurious-texture-and-brand-recognition-\"><strong>3. Pr\u00e4gung + Hei\u00dfpr\u00e4gung Silber Prozess: luxuri\u00f6se Textur und Marke Anerkennung<\/strong><\/h3>\n<ol>\n<li><strong>Dreidimensionales Reliefverfahren (Emboss)<\/strong><\/li>\n<li>Durch CNC-Gravur-Technologie zu erreichen 3D-Relief-Effekte wie Marke LOGO, Vitamin molekulare Struktur, etc., mit zarten Touch und 60% Erh\u00f6hung der Verschlei\u00dffestigkeit, im Einklang mit der Positionierung von High-End-Gesundheitsprodukte.<\/li>\n<li><strong>Hei\u00dfpr\u00e4gung Silber Prozessbef\u00e4higung<\/strong><\/li>\n<li>Mit Spiegel Silberfolie Hei\u00dfpr\u00e4getechnik, Farbunterschied Kontrolle \u22643%, Pantone spezielle Farbe passenden Marke VI-System, wie Silber-Grau-Gradient kann das \"Gef\u00fchl der Technologie\", Gold Hei\u00dfpr\u00e4gung ist geeignet f\u00fcr das Konzept der \"nat\u00fcrlichen organischen\".<\/li>\n<li><strong>Oberfl\u00e4chenschutzsystem<\/strong><\/li>\n<li>Gl\u00e4nzende Folienbeschichtung (kratzfest) in Kombination mit einer wasserfesten Nanobeschichtung zur Verl\u00e4ngerung der Lebensdauer der Verpackung, geeignet f\u00fcr pulverf\u00f6rmige Produkte, die leicht von Feuchtigkeit angegriffen werden.<\/li>\n<\/ol>\n<h3 id=\"-fourth-full-dimensional-customization-solution-precise-adaptation-from-box-type-to-lining-\"><strong>4. Volldimensionale Anpassungsl\u00f6sung: pr\u00e4zise Anpassung vom Schachteltyp an die Auskleidung<\/strong><\/h3>\n<ol>\n<li><strong>Kastenf\u00f6rmige Innovationsmatrix<\/strong><\/li>\n<li><strong>Basis-Box-Typ<\/strong>: obere und untere Abdeckung, buchf\u00f6rmige Klappe, sechseckiger magnetischer Saugkasten, St\u00fctzhaken-Design zur Optimierung der Ausnutzung der vertikalen Ausstellungsfl\u00e4che in Superm\u00e4rkten.<\/li>\n<li><strong>Sonderformen der Entwicklung<\/strong>: bionische Kapselkonturbox, faltbare Reisepackung, millimetergenaue Gr\u00f6\u00dfe, geeignet f\u00fcr Einzelflaschen- bis Mehrflaschen-Kombiset.<\/li>\n<li><strong>Druckprozess-Matrix<\/strong><\/li>\n<li>Unterst\u00fctzt UV-Teilrelief, Siebdruck fluoreszierenden Slogan, NFC-Chip-Implantation (Anti-F\u00e4lschung R\u00fcckverfolgbarkeit), und sogar kundenspezifische QR-Code-Link zu Ern\u00e4hrungsberater Service-Seite.<\/li>\n<li><strong>Liner-System-Upgrade<\/strong><\/li>\n<li><strong>Schutz des Kerns<\/strong>: EVA-Pr\u00e4zisionsformauskleidung, D\u00e4mpfungsleistung entspricht ASTM D4169 Standard, geeignet f\u00fcr Glasflaschen oder zerbrechliche Weichkapseln.<\/li>\n<li><strong>Wertsch\u00f6pfung der Marke<\/strong>: Beflocktes Innenfutter (antistatisch), bedruckt mit Illustrationen der Markengeschichte, oder abbaubares Wabenpapier mit Sojabohnen-Tintendruck, im Einklang mit dem Konzept des Umweltschutzes.<\/li>\n<\/ol>\n<h3 id=\"-v-advantages-of-china-s-source-factory-extreme-cost-effectiveness-and-agile-service-\"><strong>5. Vorteile der chinesischen Ausgangsfabrik: extreme Kosteneffizienz und flexibler Service<\/strong><\/h3>\n<p>Als Fabrik im industriellen Kerng\u00fcrtel des Perlflussdeltas integrieren wir die Ressourcen der gesamten Kette:<\/p>\n<ol>\n<li><strong>Start zum Nulltarif<\/strong><\/li>\n<li><strong>Kostenloses Proofing<\/strong>: 3D-Renderings und physische Musterkartons werden innerhalb von 48 Stunden zur Verf\u00fcgung gestellt, und die AR-Fernpr\u00fcfung wird unterst\u00fctzt.<\/li>\n<li><strong>Freie Gestaltung<\/strong>: Ein professionelles Team bietet VI-Fusionsl\u00f6sungen an, z. B. blaue und wei\u00dfe Farbverl\u00e4ufe, um die visuelle Erm\u00fcdung zu verringern, oder Macaron-Farben, um ein heilendes Gef\u00fchl zu erzeugen.<\/li>\n<li><strong>Kostenvorteil<\/strong><\/li>\n<li>Die j\u00e4hrliche Produktionskapazit\u00e4t \u00fcbersteigt 8.000 Tonnen, und durch die Gro\u00dfbeschaffung liegt der Preis 15%-20% unter dem durchschnittlichen Marktpreis, was eine Mindestbestellmenge von 1.000 St\u00fcck erm\u00f6glicht.<\/li>\n<li><strong>Agile Lieferung<\/strong><\/li>\n<li>Schnelle 72-Stunden-Massenproduktion, Unterst\u00fctzung von grenz\u00fcberschreitenden Sendungen (FOB\/DDP) und Bereitstellung von SGS-Pr\u00fcfberichten und Exportkonformit\u00e4tsdokumenten.<\/li>\n<\/ol>\n<p><strong>Anwendungsszenarien und erfolgreiche F\u00e4lle<\/strong><\/p>\n<ul>\n<li><strong>Grenz\u00fcberschreitender elektronischer Gesch\u00e4ftsverkehr - hei\u00df begehrte Produkte<\/strong>: Kundenspezifische versilberte sechseckige magnetische Saugdosen f\u00fcr eine nordamerikanische Marke, mit Beflockung, Amazon's Wiederkaufsrate stieg um 35%.<\/li>\n<li><strong>Exklusiv f\u00fcr High-End-Kliniken<\/strong>: Gepr\u00e4gte Schachtel + biologisch abbaubares Innenfutter, die den europ\u00e4ischen Bio-Vitaminmarken zu einer 50%-Endverbraucherpr\u00e4mie verhilft.<\/li>\n<li><strong>Abonnementdienst<\/strong>: In den oberen und unteren Deckel sind NFC-Chips eingelassen. Sie k\u00f6nnen den Code scannen, um direkt einen personalisierten Ern\u00e4hrungsplan zu erhalten, und Gro\u00dfeink\u00e4ufe bei individuellen Marken wie HandLove t\u00e4tigen.<\/li>\n<\/ul>","protected":false},"excerpt":{"rendered":"<p>1. 157g C2S gestrichenes Kunstdruckpapier + 1200g Hartkarton FSC-zertifiziertes Material<br \/>\n2. Bei der Deckel- und Bodenschachtel werden der obere Deckel und die untere Schachtel eng ineinander verschachtelt, um eine vollst\u00e4ndig umh\u00fcllte Struktur zu bilden, und die doppelte Schicht sch\u00fctzt Ihr Produkt vor Besch\u00e4digungen<br \/>\n3. Die Pr\u00e4getechnik verleiht der Verpackung ein Gef\u00fchl von Luxus und hochwertiger visueller Pr\u00e4sentation<br \/>\n4. Silber Hei\u00dfpr\u00e4gefolie Technologie hat hervorragende visuelle Ausdruck und kann den Luxus der Box hervorheben<\/p>","protected":false},"featured_media":8550,"template":"","meta":[],"product_brand":[],"product_cat":[30,422,425,31],"product_tag":[882,883,884],"class_list":{"0":"post-8548","1":"product","2":"type-product","3":"status-publish","4":"has-post-thumbnail","6":"product_cat-by-industry","7":"product_cat-custom-gourmet-boxes-by-industry","8":"product_cat-lid-and-base-gift-box","9":"product_cat-paper-box-style","10":"product_tag-custom-vitamin-packaging","11":"product_tag-nutritional-packaging-box","12":"product_tag-supplement-packaging-box","14":"first","15":"instock","16":"shipping-taxable","17":"product-type-simple"},"_links":{"self":[{"href":"https:\/\/zojopackaging.com\/de\/wp-json\/wp\/v2\/product\/8548","targetHints":{"allow":["GET"]}}],"collection":[{"href":"https:\/\/zojopackaging.com\/de\/wp-json\/wp\/v2\/product"}],"about":[{"href":"https:\/\/zojopackaging.com\/de\/wp-json\/wp\/v2\/types\/product"}],"version-history":[{"count":1,"href":"https:\/\/zojopackaging.com\/de\/wp-json\/wp\/v2\/product\/8548\/revisions"}],"predecessor-version":[{"id":8554,"href":"https:\/\/zojopackaging.com\/de\/wp-json\/wp\/v2\/product\/8548\/revisions\/8554"}],"wp:featuredmedia":[{"embeddable":true,"href":"https:\/\/zojopackaging.com\/de\/wp-json\/wp\/v2\/media\/8550"}],"wp:attachment":[{"href":"https:\/\/zojopackaging.com\/de\/wp-json\/wp\/v2\/media?parent=8548"}],"wp:term":[{"taxonomy":"product_brand","embeddable":true,"href":"https:\/\/zojopackaging.com\/de\/wp-json\/wp\/v2\/product_brand?post=8548"},{"taxonomy":"product_cat","embeddable":true,"href":"https:\/\/zojopackaging.com\/de\/wp-json\/wp\/v2\/product_cat?post=8548"},{"taxonomy":"product_tag","embeddable":true,"href":"https:\/\/zojopackaging.com\/de\/wp-json\/wp\/v2\/product_tag?post=8548"}],"curies":[{"name":"wp","href":"https:\/\/api.w.org\/{rel}","templated":true}]}}